{"id":3806,"date":"2015-12-15T07:37:48","date_gmt":"2015-12-15T07:37:48","guid":{"rendered":"http:\/\/consulting.stylemixthemes.com\/?page_id=11"},"modified":"2025-07-01T10:30:26","modified_gmt":"2025-07-01T03:30:26","slug":"contact","status":"publish","type":"page","link":"https:\/\/truonglegal.com\/vi\/contact\/","title":{"rendered":"Li\u00ean h\u1ec7"},"content":{"rendered":"<div class=\"wpb-content-wrapper\"><p>[vc_row css=&#8221;.vc_custom_1459507872760{margin-bottom: 101px !important;}&#8221;][vc_column][vc_custom_heading text=&#8221;V\u0103n ph\u00f2ng Houston&#8221; use_theme_fonts=&#8221;yes&#8221; css=&#8221;&#8221;][vc_row_inner css=&#8221;.vc_custom_1452504967583{margin-bottom: 33px !important;}&#8221;][vc_column_inner width=&#8221;1\/3&#8243; offset=&#8221;vc_hidden-md vc_hidden-sm vc_hidden-xs&#8221;][vc_single_image image=&#8221;7738&#8243; img_size=&#8221;330&#215;350&#8243; css=&#8221;&#8221;][\/vc_column_inner][vc_column_inner offset=&#8221;vc_col-lg-4&#8243;][vc_gmaps link=&#8221;#E-8_JTNDaWZyYW1lJTIwc3JjJTNEJTIyaHR0cHMlM0ElMkYlMkZ3d3cuZ29vZ2xlLmNvbSUyRm1hcHMlMkZlbWJlZCUzRnBiJTNEJTIxMW0xOCUyMTFtMTIlMjExbTMlMjExZDM0NjQuNTI0MDA4Mzk2NzAzJTIxMmQtOTUuNTczNTczOTI0MTc3NDclMjEzZDI5LjczMzU0NDI3NTA4MTU5NSUyMTJtMyUyMTFmMCUyMTJmMCUyMTNmMCUyMTNtMiUyMTFpMTAyNCUyMTJpNzY4JTIxNGYxMy4xJTIxM20zJTIxMW0yJTIxMXMweDg2NDBkY2NmNmQxNTU1NTUlMjUzQTB4NzFkNGEzNzBjOTU3NjliMiUyMTJzMjgyNSUyNTIwV2lsY3Jlc3QlMjUyMERyJTI1MjAlMjUyMzU1OSUyNTJDJTI1MjBIb3VzdG9uJTI1MkMlMjUyMFRYJTI1MjA3NzA0MiUyNTJDJTI1MjBVU0ElMjE1ZTAlMjEzbTIlMjExc2VuJTIxMnMlMjE0djE3Mzg4OTI0MzY5NzQlMjE1bTIlMjExc2VuJTIxMnMlMjIlMjB3aWR0aCUzRCUyMjMzMCUyMiUyMGhlaWdodCUzRCUyMjMzMCUyMiUyMHN0eWxlJTNEJTIyYm9yZGVyJTNBMCUzQiUyMiUyMGFsbG93ZnVsbHNjcmVlbiUzRCUyMiUyMiUyMGxvYWRpbmclM0QlMjJsYXp5JTIyJTIwcmVmZXJyZXJwb2xpY3klM0QlMjJuby1yZWZlcnJlci13aGVuLWRvd25ncmFkZSUyMiUzRSUzQyUyRmlmcmFtZSUzRQ==&#8221; size=&#8221;330px&#8221; css=&#8221;&#8221;][stm_spacing lg_spacing=&#8221;0&#8243; md_spacing=&#8221;10&#8243; sm_spacing=&#8221;20&#8243; xs_spacing=&#8221;10&#8243;][\/vc_column_inner][vc_column_inner offset=&#8221;vc_col-lg-4&#8243;][stm_contacts_widget class=&#8221;overlay_4 color_white&#8221; address=&#8221;2825 Wilcrest Dr, Suite 559<br \/>\nHouston, TX 77042, USA.&#8221; email=&#8221;info@truonglegal.com&#8221; css=&#8221;.vc_custom_1746536934391{padding-top: 46px !important;padding-right: 30px !important;padding-bottom: 80px !important;padding-left: 30px !important;background-position: center !important;background-repeat: no-repeat !important;background-size: contain !important;}&#8221; phone=&#8221;+(1) 713 561 5595&#8243; title=&#8221;Li\u00ean h\u1ec7&#8221;][\/vc_column_inner][\/vc_row_inner][vc_custom_heading text=&#8221;V\u0103n ph\u00f2ng Vi\u1ec7t Nam&#8221; use_theme_fonts=&#8221;yes&#8221; css=&#8221;&#8221;][vc_row_inner css=&#8221;.vc_custom_1452504967583{margin-bottom: 33px !important;}&#8221;][vc_column_inner width=&#8221;1\/3&#8243; offset=&#8221;vc_hidden-md vc_hidden-sm vc_hidden-xs&#8221;][vc_single_image image=&#8221;8144&#8243; img_size=&#8221;350&#215;330&#8243; css=&#8221;&#8221;][\/vc_column_inner][vc_column_inner offset=&#8221;vc_col-lg-4 vc_col-md-6&#8243;][vc_gmaps link=&#8221;#E-8_JTNDaWZyYW1lJTIwc3JjJTNEJTIyaHR0cHMlM0ElMkYlMkZ3d3cuZ29vZ2xlLmNvbSUyRm1hcHMlMkZlbWJlZCUzRnBiJTNEJTIxMW0xOCUyMTFtMTIlMjExbTMlMjExZDM5MTkuMzU0MTI4NDUzOTIzMyUyMTJkMTA2LjcwMzExNjQzNjIyMzIlMjEzZDEwLjc4NDE2NTkwOTAwODczJTIxMm0zJTIxMWYwJTIxMmYwJTIxM2YwJTIxM20yJTIxMWkxMDI0JTIxMmk3NjglMjE0ZjEzLjElMjEzbTMlMjExbTIlMjExczB4MzE3NTJmNDk1YmE3ZTQ3YiUyNTNBMHg4NzYzMDZlYTg4MmQyMDQwJTIxMnpWbVpqSUZSdmQyVnlMQ0F5T1NCVXc3UnVJTVNRNGJ1cFl5QlVhT0c2cjI1bkxDQkM0YnFfYmlCT1oyakRxU3dnVVhYaHVxMXVJREVzSUVqaHU1TWdRMmpEclNCTmFXNW9MQ0JXYVdWMGJtRnQlMjE1ZTAlMjEzbTIlMjExc2VuJTIxMnMlMjE0djE3NDI0NDkxNDc5MDIlMjE1bTIlMjExc2VuJTIxMnMlMjIlMjB3aWR0aCUzRCUyMjYwMCUyMiUyMGhlaWdodCUzRCUyMjMzMCUyMiUyMHN0eWxlJTNEJTIyYm9yZGVyJTNBMCUzQiUyMiUyMGFsbG93ZnVsbHNjcmVlbiUzRCUyMiUyMiUyMGxvYWRpbmclM0QlMjJsYXp5JTIyJTIwcmVmZXJyZXJwb2xpY3klM0QlMjJuby1yZWZlcnJlci13aGVuLWRvd25ncmFkZSUyMiUzRSUzQyUyRmlmcmFtZSUzRQ==&#8221; size=&#8221;330px&#8221; css=&#8221;&#8221;][\/vc_column_inner][vc_column_inner offset=&#8221;vc_col-lg-4 vc_col-md-6&#8243;][stm_contacts_widget class=&#8221;overlay_4 color_white&#8221; title=&#8221;Li\u00ean h\u1ec7&#8221; address=&#8221;VFC Building<br \/>\nL\u1ea7u 4, 29 T\u00f4n \u0110\u1ee9c Th\u1eafng<br \/>\nPh\u01b0\u1eddng S\u00e0i G\u00f2n, TP. HCM, VN.&#8221; email=&#8221;info@truonglegal.com&#8221; css=&#8221;.vc_custom_1751340616428{padding-top: 46px !important;padding-right: 30px !important;padding-bottom: 59px !important;padding-left: 30px !important;background-position: center !important;background-repeat: no-repeat !important;background-size: cover !important;}&#8221; phone=&#8221;+(84) 988 792 023&#8243;][\/vc_column_inner][\/vc_row_inner][\/vc_column][\/vc_row][vc_row full_width=&#8221;stretch_row&#8221; gap=&#8221;10&#8243;][vc_column offset=&#8221;vc_col-lg-12 vc_col-md-12&#8243;][vc_custom_heading text=&#8221;G\u1eedi l\u1eddi nh\u1eafn&#8221; font_container=&#8221;tag:h2|text_align:left|color:%23383838&#8243; use_theme_fonts=&#8221;yes&#8221; css=&#8221;&#8221;]\n<div class=\"wpcf7 no-js\" id=\"wpcf7-f1475-o1\" lang=\"en-US\" dir=\"ltr\" data-wpcf7-id=\"1475\">\n<div class=\"screen-reader-response\"><p role=\"status\" aria-live=\"polite\" aria-atomic=\"true\"><\/p> <ul><\/ul><\/div>\n<form action=\"\/vi\/wp-json\/wp\/v2\/pages\/3806#wpcf7-f1475-o1\" method=\"post\" class=\"wpcf7-form init\" aria-label=\"Contact form\" novalidate=\"novalidate\" data-status=\"init\">\n<fieldset class=\"hidden-fields-container\"><input type=\"hidden\" name=\"_wpcf7\" value=\"1475\" \/><input type=\"hidden\" name=\"_wpcf7_version\" value=\"6.1.4\" \/><input type=\"hidden\" name=\"_wpcf7_locale\" value=\"en_US\" \/><input type=\"hidden\" name=\"_wpcf7_unit_tag\" value=\"wpcf7-f1475-o1\" \/><input type=\"hidden\" name=\"_wpcf7_container_post\" value=\"0\" \/><input type=\"hidden\" name=\"_wpcf7_posted_data_hash\" value=\"\" \/>\n<\/fieldset>\n<div class=\"request_callback\">\n    <div class=\"row\">\n        <div class=\"col-lg-12 col-md-12 col-sm-12 col-xs-12\">\n            <div class=\"input-group\">\n                <span class=\"wpcf7-form-control-wrap\" data-name=\"message\"><textarea cols=\"40\" rows=\"10\" maxlength=\"2000\" class=\"wpcf7-form-control wpcf7-textarea wpcf7-validates-as-required\" aria-required=\"true\" aria-invalid=\"false\" placeholder=\"Your Message *\" name=\"message\"><\/textarea><\/span>\n            <\/div>\n        <\/div>\n        <div class=\"col-lg-4 col-md-4 col-sm-4 col-xs-12\">\n            <div class=\"input-group\">\n                <span class=\"wpcf7-form-control-wrap\" data-name=\"text-name\"><input size=\"40\" maxlength=\"400\" class=\"wpcf7-form-control wpcf7-text wpcf7-validates-as-required\" aria-required=\"true\" aria-invalid=\"false\" placeholder=\"First name *\" value=\"\" type=\"text\" name=\"text-name\" \/><\/span>\n            <\/div>\n        <\/div>\n        <div class=\"col-lg-4 col-md-4 col-sm-4 col-xs-12\">\n            <div class=\"input-group\">\n                <span class=\"wpcf7-form-control-wrap\" data-name=\"email\"><input size=\"40\" maxlength=\"400\" class=\"wpcf7-form-control wpcf7-email wpcf7-validates-as-required wpcf7-text wpcf7-validates-as-email\" aria-required=\"true\" aria-invalid=\"false\" placeholder=\"E-mail *\" value=\"\" type=\"email\" name=\"email\" \/><\/span>\n            <\/div>\n        <\/div>\n        <div class=\"col-lg-4 col-md-4 col-sm-4 col-xs-12\">\n            <div class=\"input-group\">\n                <span class=\"wpcf7-form-control-wrap\" data-name=\"subject\"><input size=\"40\" maxlength=\"400\" class=\"wpcf7-form-control wpcf7-text wpcf7-validates-as-required\" aria-required=\"true\" aria-invalid=\"false\" placeholder=\"Subject *\" value=\"\" type=\"text\" name=\"subject\" \/><\/span>\n            <\/div>\n        <\/div>\n        <div class=\"col-lg-12 col-md-12 col-sm-12 col-xs-12\">\n            <div class=\"input-group\">\n                <button type=\"submit\" class=\"button size-lg icon_right\">submit <i class=\"fa fa-chevron-right\"><\/i><\/button>\n            <\/div>\n        <\/div>\n    <\/div>\n<\/div><div class=\"wpcf7-response-output\" aria-hidden=\"true\"><\/div>\n<\/form>\n<\/div>\n[\/vc_column][\/vc_row][vc_row full_width=&#8221;stretch_row&#8221; css=&#8221;.vc_custom_1459505959648{margin-bottom: -60px !important;}&#8221; el_class=&#8221;third_bg_color&#8221;][vc_column][vc_cta h2=&#8221;C\u1ea7n H\u1ed7 Tr\u1ee3 Ph\u00e1p L\u00fd? Li\u00ean H\u1ec7 V\u1edbi V\u0103n ph\u00f2ng Lu\u1eadt s\u01b0 Tr\u01b0\u01a1ng ngay h\u00f4m nay.&#8221; h2_font_container=&#8221;tag:h2|font_size:20px|text_align:left|color:%23902926|line_height:24px&#8221; h2_use_theme_fonts=&#8221;yes&#8221; shape=&#8221;square&#8221; style=&#8221;flat&#8221; add_button=&#8221;right&#8221; btn_title=&#8221;Li\u00ean h\u1ec7 ngay&#8221; btn_style=&#8221;flat&#8221; btn_color=&#8221;theme_style_1&#8243; btn_size=&#8221;lg&#8221; btn_align=&#8221;right&#8221; btn_i_align=&#8221;right&#8221; btn_i_icon_fontawesome=&#8221;stm-lnr-arrow-right&#8221; css=&#8221;.vc_custom_1746536998273{margin-bottom: 0px !important;}&#8221; use_custom_fonts_h2=&#8221;true&#8221; btn_add_icon=&#8221;true&#8221; btn_link=&#8221;url:%23||&#8221; el_class=&#8221;third_bg_color&#8221;][\/vc_cta][\/vc_column][\/vc_row]<\/p>\n<\/div>","protected":false},"excerpt":{"rendered":"<p>[vc_row css=&#8221;.vc_custom_1459507872760{margin-bottom: 101px !important;}&#8221;][vc_column][vc_custom_heading text=&#8221;V\u0103n ph\u00f2ng Houston&#8221; use_theme_fonts=&#8221;yes&#8221; css=&#8221;&#8221;][vc_row_inner css=&#8221;.vc_custom_1452504967583{margin-bottom: 33px !important;}&#8221;][vc_column_inner width=&#8221;1\/3&#8243; offset=&#8221;vc_hidden-md vc_hidden-sm vc_hidden-xs&#8221;][vc_single_image image=&#8221;7738&#8243; img_size=&#8221;330&#215;350&#8243; css=&#8221;&#8221;][\/vc_column_inner][vc_column_inner offset=&#8221;vc_col-lg-4&#8243;][vc_gmaps link=&#8221;#E-8_JTNDaWZyYW1lJTIwc3JjJTNEJTIyaHR0cHMlM0ElMkYlMkZ3d3cuZ29vZ2xlLmNvbSUyRm1hcHMlMkZlbWJlZCUzRnBiJTNEJTIxMW0xOCUyMTFtMTIlMjExbTMlMjExZDM0NjQuNTI0MDA4Mzk2NzAzJTIxMmQtOTUuNTczNTczOTI0MTc3NDclMjEzZDI5LjczMzU0NDI3NTA4MTU5NSUyMTJtMyUyMTFmMCUyMTJmMCUyMTNmMCUyMTNtMiUyMTFpMTAyNCUyMTJpNzY4JTIxNGYxMy4xJTIxM20zJTIxMW0yJTIxMXMweDg2NDBkY2NmNmQxNTU1NTUlMjUzQTB4NzFkNGEzNzBjOTU3NjliMiUyMTJzMjgyNSUyNTIwV2lsY3Jlc3QlMjUyMERyJTI1MjAlMjUyMzU1OSUyNTJDJTI1MjBIb3VzdG9uJTI1MkMlMjUyMFRYJTI1MjA3NzA0MiUyNTJDJTI1MjBVU0ElMjE1ZTAlMjEzbTIlMjExc2VuJTIxMnMlMjE0djE3Mzg4OTI0MzY5NzQlMjE1bTIlMjExc2VuJTIxMnMlMjIlMjB3aWR0aCUzRCUyMjMzMCUyMiUyMGhlaWdodCUzRCUyMjMzMCUyMiUyMHN0eWxlJTNEJTIyYm9yZGVyJTNBMCUzQiUyMiUyMGFsbG93ZnVsbHNjcmVlbiUzRCUyMiUyMiUyMGxvYWRpbmclM0QlMjJsYXp5JTIyJTIwcmVmZXJyZXJwb2xpY3klM0QlMjJuby1yZWZlcnJlci13aGVuLWRvd25ncmFkZSUyMiUzRSUzQyUyRmlmcmFtZSUzRQ==&#8221; size=&#8221;330px&#8221; css=&#8221;&#8221;][stm_spacing lg_spacing=&#8221;0&#8243; md_spacing=&#8221;10&#8243; sm_spacing=&#8221;20&#8243; xs_spacing=&#8221;10&#8243;][\/vc_column_inner][vc_column_inner offset=&#8221;vc_col-lg-4&#8243;][stm_contacts_widget class=&#8221;overlay_4 color_white&#8221; address=&#8221;2825 Wilcrest Dr, Suite 559 Houston, TX 77042, USA.&#8221; email=&#8221;info@truonglegal.com&#8221; css=&#8221;.vc_custom_1746536934391{padding-top: 46px !important;padding-right: 30px !important;padding-bottom: 80px !important;padding-left: 30px !important;background-position: center !important;background-repeat: no-repeat !important;background-size: contain !important;}&#8221;<\/p>\n","protected":false},"author":1,"featured_media":0,"parent":0,"menu_order":0,"comment_status":"closed","ping_status":"closed","template":"","meta":{"footnotes":""},"class_list":["post-3806","page","type-page","status-publish","hentry"],"yoast_head":"<!-- This site is optimized with the Yoast SEO Premium plugin v24.2 (Yoast SEO v24.2) - https:\/\/yoast.com\/wordpress\/plugins\/seo\/ -->\n<title>Li\u00ean h\u1ec7 - Truong Law Firm, PLLC<\/title>\n<meta name=\"robots\" content=\"index, follow, max-snippet:-1, max-image-preview:large, max-video-preview:-1\" \/>\n<link rel=\"canonical\" href=\"https:\/\/truonglegal.com\/vi\/contact\/\" \/>\n<meta property=\"og:locale\" content=\"vi_VN\" \/>\n<meta property=\"og:type\" content=\"article\" \/>\n<meta property=\"og:title\" content=\"Li\u00ean h\u1ec7\" \/>\n<meta property=\"og:description\" content=\"[vc_row css=&#8221;.vc_custom_1459507872760{margin-bottom: 101px !important;}&#8221;][vc_column][vc_custom_heading text=&#8221;V\u0103n ph\u00f2ng Houston&#8221; use_theme_fonts=&#8221;yes&#8221; css=&#8221;&#8221;][vc_row_inner css=&#8221;.vc_custom_1452504967583{margin-bottom: 33px !important;}&#8221;][vc_column_inner width=&#8221;1\/3&#8243; offset=&#8221;vc_hidden-md vc_hidden-sm vc_hidden-xs&#8221;][vc_single_image image=&#8221;7738&#8243; img_size=&#8221;330&#215;350&#8243; css=&#8221;&#8221;][\/vc_column_inner][vc_column_inner offset=&#8221;vc_col-lg-4&#8243;][vc_gmaps link=&#8221;#E-8_JTNDaWZyYW1lJTIwc3JjJTNEJTIyaHR0cHMlM0ElMkYlMkZ3d3cuZ29vZ2xlLmNvbSUyRm1hcHMlMkZlbWJlZCUzRnBiJTNEJTIxMW0xOCUyMTFtMTIlMjExbTMlMjExZDM0NjQuNTI0MDA4Mzk2NzAzJTIxMmQtOTUuNTczNTczOTI0MTc3NDclMjEzZDI5LjczMzU0NDI3NTA4MTU5NSUyMTJtMyUyMTFmMCUyMTJmMCUyMTNmMCUyMTNtMiUyMTFpMTAyNCUyMTJpNzY4JTIxNGYxMy4xJTIxM20zJTIxMW0yJTIxMXMweDg2NDBkY2NmNmQxNTU1NTUlMjUzQTB4NzFkNGEzNzBjOTU3NjliMiUyMTJzMjgyNSUyNTIwV2lsY3Jlc3QlMjUyMERyJTI1MjAlMjUyMzU1OSUyNTJDJTI1MjBIb3VzdG9uJTI1MkMlMjUyMFRYJTI1MjA3NzA0MiUyNTJDJTI1MjBVU0ElMjE1ZTAlMjEzbTIlMjExc2VuJTIxMnMlMjE0djE3Mzg4OTI0MzY5NzQlMjE1bTIlMjExc2VuJTIxMnMlMjIlMjB3aWR0aCUzRCUyMjMzMCUyMiUyMGhlaWdodCUzRCUyMjMzMCUyMiUyMHN0eWxlJTNEJTIyYm9yZGVyJTNBMCUzQiUyMiUyMGFsbG93ZnVsbHNjcmVlbiUzRCUyMiUyMiUyMGxvYWRpbmclM0QlMjJsYXp5JTIyJTIwcmVmZXJyZXJwb2xpY3klM0QlMjJuby1yZWZlcnJlci13aGVuLWRvd25ncmFkZSUyMiUzRSUzQyUyRmlmcmFtZSUzRQ==&#8221; size=&#8221;330px&#8221; css=&#8221;&#8221;][stm_spacing lg_spacing=&#8221;0&#8243; md_spacing=&#8221;10&#8243; sm_spacing=&#8221;20&#8243; xs_spacing=&#8221;10&#8243;][\/vc_column_inner][vc_column_inner offset=&#8221;vc_col-lg-4&#8243;][stm_contacts_widget class=&#8221;overlay_4 color_white&#8221; address=&#8221;2825 Wilcrest Dr, Suite 559 Houston, TX 77042, USA.&#8221; email=&#8221;info@truonglegal.com&#8221; css=&#8221;.vc_custom_1746536934391{padding-top: 46px !important;padding-right: 30px !important;padding-bottom: 80px !important;padding-left: 30px !important;background-position: center !important;background-repeat: no-repeat !important;background-size: contain !important;}&#8221;\" \/>\n<meta property=\"og:url\" content=\"https:\/\/truonglegal.com\/vi\/contact\/\" \/>\n<meta property=\"og:site_name\" content=\"Truong Law Firm, PLLC\" \/>\n<meta property=\"article:modified_time\" content=\"2025-07-01T03:30:26+00:00\" \/>\n<meta name=\"twitter:card\" content=\"summary_large_image\" \/>\n<meta name=\"twitter:label1\" content=\"\u01af\u1edbc t\u00ednh th\u1eddi gian \u0111\u1ecdc\" \/>\n\t<meta name=\"twitter:data1\" content=\"2 ph\u00fat\" \/>\n<script type=\"application\/ld+json\" class=\"yoast-schema-graph\">{\"@context\":\"https:\/\/schema.org\",\"@graph\":[{\"@type\":\"WebPage\",\"@id\":\"https:\/\/truonglegal.com\/vi\/contact\/\",\"url\":\"https:\/\/truonglegal.com\/vi\/contact\/\",\"name\":\"Li\u00ean h\u1ec7 - Truong Law Firm, PLLC\",\"isPartOf\":{\"@id\":\"https:\/\/truonglegal.com\/vi\/#website\"},\"datePublished\":\"2015-12-15T07:37:48+00:00\",\"dateModified\":\"2025-07-01T03:30:26+00:00\",\"breadcrumb\":{\"@id\":\"https:\/\/truonglegal.com\/vi\/contact\/#breadcrumb\"},\"inLanguage\":\"vi\",\"potentialAction\":[{\"@type\":\"ReadAction\",\"target\":[\"https:\/\/truonglegal.com\/vi\/contact\/\"]}]},{\"@type\":\"BreadcrumbList\",\"@id\":\"https:\/\/truonglegal.com\/vi\/contact\/#breadcrumb\",\"itemListElement\":[{\"@type\":\"ListItem\",\"position\":1,\"name\":\"Home\",\"item\":\"https:\/\/truonglegal.com\/vi\/\"},{\"@type\":\"ListItem\",\"position\":2,\"name\":\"Li\u00ean h\u1ec7\"}]},{\"@type\":\"WebSite\",\"@id\":\"https:\/\/truonglegal.com\/vi\/#website\",\"url\":\"https:\/\/truonglegal.com\/vi\/\",\"name\":\"Truong Law Firm, PLLC\",\"description\":\"\",\"potentialAction\":[{\"@type\":\"SearchAction\",\"target\":{\"@type\":\"EntryPoint\",\"urlTemplate\":\"https:\/\/truonglegal.com\/vi\/?s={search_term_string}\"},\"query-input\":{\"@type\":\"PropertyValueSpecification\",\"valueRequired\":true,\"valueName\":\"search_term_string\"}}],\"inLanguage\":\"vi\"}]}<\/script>\n<!-- \/ Yoast SEO Premium plugin. -->","yoast_head_json":{"title":"Li\u00ean h\u1ec7 - Truong Law Firm, PLLC","robots":{"index":"index","follow":"follow","max-snippet":"max-snippet:-1","max-image-preview":"max-image-preview:large","max-video-preview":"max-video-preview:-1"},"canonical":"https:\/\/truonglegal.com\/vi\/contact\/","og_locale":"vi_VN","og_type":"article","og_title":"Li\u00ean h\u1ec7","og_description":"[vc_row css=&#8221;.vc_custom_1459507872760{margin-bottom: 101px !important;}&#8221;][vc_column][vc_custom_heading text=&#8221;V\u0103n ph\u00f2ng Houston&#8221; use_theme_fonts=&#8221;yes&#8221; css=&#8221;&#8221;][vc_row_inner css=&#8221;.vc_custom_1452504967583{margin-bottom: 33px !important;}&#8221;][vc_column_inner width=&#8221;1\/3&#8243; offset=&#8221;vc_hidden-md vc_hidden-sm vc_hidden-xs&#8221;][vc_single_image image=&#8221;7738&#8243; img_size=&#8221;330&#215;350&#8243; css=&#8221;&#8221;][\/vc_column_inner][vc_column_inner offset=&#8221;vc_col-lg-4&#8243;][vc_gmaps link=&#8221;#E-8_JTNDaWZyYW1lJTIwc3JjJTNEJTIyaHR0cHMlM0ElMkYlMkZ3d3cuZ29vZ2xlLmNvbSUyRm1hcHMlMkZlbWJlZCUzRnBiJTNEJTIxMW0xOCUyMTFtMTIlMjExbTMlMjExZDM0NjQuNTI0MDA4Mzk2NzAzJTIxMmQtOTUuNTczNTczOTI0MTc3NDclMjEzZDI5LjczMzU0NDI3NTA4MTU5NSUyMTJtMyUyMTFmMCUyMTJmMCUyMTNmMCUyMTNtMiUyMTFpMTAyNCUyMTJpNzY4JTIxNGYxMy4xJTIxM20zJTIxMW0yJTIxMXMweDg2NDBkY2NmNmQxNTU1NTUlMjUzQTB4NzFkNGEzNzBjOTU3NjliMiUyMTJzMjgyNSUyNTIwV2lsY3Jlc3QlMjUyMERyJTI1MjAlMjUyMzU1OSUyNTJDJTI1MjBIb3VzdG9uJTI1MkMlMjUyMFRYJTI1MjA3NzA0MiUyNTJDJTI1MjBVU0ElMjE1ZTAlMjEzbTIlMjExc2VuJTIxMnMlMjE0djE3Mzg4OTI0MzY5NzQlMjE1bTIlMjExc2VuJTIxMnMlMjIlMjB3aWR0aCUzRCUyMjMzMCUyMiUyMGhlaWdodCUzRCUyMjMzMCUyMiUyMHN0eWxlJTNEJTIyYm9yZGVyJTNBMCUzQiUyMiUyMGFsbG93ZnVsbHNjcmVlbiUzRCUyMiUyMiUyMGxvYWRpbmclM0QlMjJsYXp5JTIyJTIwcmVmZXJyZXJwb2xpY3klM0QlMjJuby1yZWZlcnJlci13aGVuLWRvd25ncmFkZSUyMiUzRSUzQyUyRmlmcmFtZSUzRQ==&#8221; size=&#8221;330px&#8221; css=&#8221;&#8221;][stm_spacing lg_spacing=&#8221;0&#8243; md_spacing=&#8221;10&#8243; sm_spacing=&#8221;20&#8243; xs_spacing=&#8221;10&#8243;][\/vc_column_inner][vc_column_inner offset=&#8221;vc_col-lg-4&#8243;][stm_contacts_widget class=&#8221;overlay_4 color_white&#8221; address=&#8221;2825 Wilcrest Dr, Suite 559 Houston, TX 77042, USA.&#8221; email=&#8221;info@truonglegal.com&#8221; css=&#8221;.vc_custom_1746536934391{padding-top: 46px !important;padding-right: 30px !important;padding-bottom: 80px !important;padding-left: 30px !important;background-position: center !important;background-repeat: no-repeat !important;background-size: contain !important;}&#8221;","og_url":"https:\/\/truonglegal.com\/vi\/contact\/","og_site_name":"Truong Law Firm, PLLC","article_modified_time":"2025-07-01T03:30:26+00:00","twitter_card":"summary_large_image","twitter_misc":{"\u01af\u1edbc t\u00ednh th\u1eddi gian \u0111\u1ecdc":"2 ph\u00fat"},"schema":{"@context":"https:\/\/schema.org","@graph":[{"@type":"WebPage","@id":"https:\/\/truonglegal.com\/vi\/contact\/","url":"https:\/\/truonglegal.com\/vi\/contact\/","name":"Li\u00ean h\u1ec7 - Truong Law Firm, PLLC","isPartOf":{"@id":"https:\/\/truonglegal.com\/vi\/#website"},"datePublished":"2015-12-15T07:37:48+00:00","dateModified":"2025-07-01T03:30:26+00:00","breadcrumb":{"@id":"https:\/\/truonglegal.com\/vi\/contact\/#breadcrumb"},"inLanguage":"vi","potentialAction":[{"@type":"ReadAction","target":["https:\/\/truonglegal.com\/vi\/contact\/"]}]},{"@type":"BreadcrumbList","@id":"https:\/\/truonglegal.com\/vi\/contact\/#breadcrumb","itemListElement":[{"@type":"ListItem","position":1,"name":"Home","item":"https:\/\/truonglegal.com\/vi\/"},{"@type":"ListItem","position":2,"name":"Li\u00ean h\u1ec7"}]},{"@type":"WebSite","@id":"https:\/\/truonglegal.com\/vi\/#website","url":"https:\/\/truonglegal.com\/vi\/","name":"Truong Law Firm, PLLC","description":"","potentialAction":[{"@type":"SearchAction","target":{"@type":"EntryPoint","urlTemplate":"https:\/\/truonglegal.com\/vi\/?s={search_term_string}"},"query-input":{"@type":"PropertyValueSpecification","valueRequired":true,"valueName":"search_term_string"}}],"inLanguage":"vi"}]}},"_links":{"self":[{"href":"https:\/\/truonglegal.com\/vi\/wp-json\/wp\/v2\/pages\/3806","targetHints":{"allow":["GET"]}}],"collection":[{"href":"https:\/\/truonglegal.com\/vi\/wp-json\/wp\/v2\/pages"}],"about":[{"href":"https:\/\/truonglegal.com\/vi\/wp-json\/wp\/v2\/types\/page"}],"author":[{"embeddable":true,"href":"https:\/\/truonglegal.com\/vi\/wp-json\/wp\/v2\/users\/1"}],"replies":[{"embeddable":true,"href":"https:\/\/truonglegal.com\/vi\/wp-json\/wp\/v2\/comments?post=3806"}],"version-history":[{"count":2,"href":"https:\/\/truonglegal.com\/vi\/wp-json\/wp\/v2\/pages\/3806\/revisions"}],"predecessor-version":[{"id":8903,"href":"https:\/\/truonglegal.com\/vi\/wp-json\/wp\/v2\/pages\/3806\/revisions\/8903"}],"wp:attachment":[{"href":"https:\/\/truonglegal.com\/vi\/wp-json\/wp\/v2\/media?parent=3806"}],"curies":[{"name":"wp","href":"https:\/\/api.w.org\/{rel}","templated":true}]}}