{"id":3808,"date":"2015-12-15T07:37:33","date_gmt":"2015-12-15T07:37:33","guid":{"rendered":"http:\/\/consulting.stylemixthemes.com\/?page_id=9"},"modified":"2025-10-10T12:54:40","modified_gmt":"2025-10-10T05:54:40","slug":"ve-chung-toi","status":"publish","type":"page","link":"https:\/\/truonglegal.com\/vi\/ve-chung-toi\/","title":{"rendered":"V\u1ec1 ch\u00fang t\u00f4i"},"content":{"rendered":"<div class=\"wpb-content-wrapper\"><p>[vc_row css=&#8221;.vc_custom_1451991003825{margin-bottom: 100px !important;}&#8221;][vc_column offset=&#8221;vc_col-lg-9 vc_col-md-9&#8243;][vc_single_image image=&#8221;9081&#8243; img_size=&#8221;full&#8221; css=&#8221;&#8221;][stm_company_history title=&#8221;ABC&#8221;][stm_company_history_item description=&#8221;John Q. Tr\u01b0\u01a1ng l\u00e0 m\u1ed9t lu\u1eadt s\u01b0 c\u00f3 kinh nghi\u1ec7m v\u00e0 t\u1eadn t\u00e2m cao, chuy\u00ean v\u1ec1 lu\u1eadt di tr\u00fa v\u00e0 b\u1ea5t \u0111\u1ed9ng s\u1ea3n Hoa K\u1ef3. \u00d4ng John c\u00f3 b\u1eb1ng Ti\u1ebfn s\u0129 Lu\u1eadt (Juris Doctor) t\u1eeb Tr\u01b0\u1eddng Lu\u1eadt Thurgood Marshall v\u00e0 c\u00f3 h\u01a1n m\u1ed9t th\u1eadp k\u1ef7 kinh nghi\u1ec7m gi\u00fap kh\u00e1ch h\u00e0ng gi\u1ea3i quy\u1ebft nh\u1eefng ph\u1ee9c t\u1ea1p trong c\u1ea3 v\u1ea5n \u0111\u1ec1 di tr\u00fa v\u00e0 b\u1ea5t \u0111\u1ed9ng s\u1ea3n. Qua nhi\u1ec1u n\u0103m, c\u00f4ng ty c\u1ee7a \u00f4ng \u0111\u00e3 ph\u00e1t tri\u1ec3n \u0111\u00e1ng k\u1ec3, kh\u1eb3ng \u0111\u1ecbnh v\u1ecb th\u1ebf l\u00e0 m\u1ed9t \u0111\u1ed1i t\u00e1c ph\u00e1p l\u00fd \u0111\u00e1ng tin c\u1eady cho c\u00e1c c\u00e1 nh\u00e2n v\u00e0 doanh nghi\u1ec7p \u0111ang t\u00ecm ki\u1ebfm l\u1eddi khuy\u00ean v\u00e0 s\u1ef1 \u0111\u1ea1i di\u1ec7n chuy\u00ean nghi\u1ec7p trong c\u00e1c l\u0129nh v\u1ef1c n\u00e0y.&#8221; title=&#8221;V\u0103n ph\u00f2ng Lu\u1eadt s\u01b0 Tr\u01b0\u01a1ng, PLLC \u0111\u01b0\u1ee3c th\u00e0nh l\u1eadp.&#8221; year=&#8221;2018&#8243;][stm_company_history_item title=&#8221;N\u1ec1n t\u1ea3ng chuy\u00ean m\u00f4n s\u00e2u r\u1ed9ng&#8221; description=&#8221;N\u1ec1n t\u1ea3ng chuy\u00ean m\u00f4n s\u00e2u r\u1ed9ng c\u1ee7a John bao g\u1ed3m th\u1eddi gian l\u00e0m vi\u1ec7c t\u1ea1i Ernst &amp; Young, m\u1ed9t trong nh\u1eefng c\u00f4ng ty d\u1ecbch v\u1ee5 chuy\u00ean nghi\u1ec7p h\u00e0ng \u0111\u1ea7u th\u1ebf gi\u1edbi, n\u01a1i \u00f4ng h\u1ed7 tr\u1ee3 b\u00e1o c\u00e1o t\u00e0i ch\u00ednh cho c\u00e1c t\u1eadp \u0111o\u00e0n \u0111a qu\u1ed1c gia ni\u00eam y\u1ebft c\u00f4ng khai. B\u00ean c\u1ea1nh \u0111\u00f3, John t\u1eebng ph\u1ee5c v\u1ee5 trong Qu\u00e2n \u0111\u1ed9i Hoa K\u1ef3 v\u00e0 \u0111\u01b0\u1ee3c trao t\u1eb7ng Huy ch\u01b0\u01a1ng Th\u00e0nh t\u00edch L\u1ee5c qu\u00e2n v\u00ec s\u1ef1 ph\u1ee5c v\u1ee5 g\u01b0\u01a1ng m\u1eabu c\u1ee7a m\u00ecnh. Nh\u1eefng kinh nghi\u1ec7m \u0111a d\u1ea1ng n\u00e0y \u0111\u00e3 trang b\u1ecb cho John m\u1ed9t g\u00f3c nh\u00ecn \u0111\u1ed9c \u0111\u00e1o v\u00e0 s\u1ef1 hi\u1ec3u bi\u1ebft s\u00e2u s\u1eafc v\u1ec1 c\u1ea3 kh\u00eda c\u1ea1nh ph\u00e1p l\u00fd v\u00e0 th\u1ef1c ti\u1ec5n c\u1ee7a v\u1ea5n \u0111\u1ec1 di tr\u00fa.&#8221; year=&#8221;Hi\u1ec7n t\u1ea1i&#8221;][\/stm_company_history][stm_spacing lg_spacing=&#8221;50&#8243; md_spacing=&#8221;50&#8243; sm_spacing=&#8221;50&#8243; xs_spacing=&#8221;50&#8243;][vc_column_text css=&#8221;.vc_custom_1746534196174{margin-bottom: 34px !important;}&#8221;]<\/p>\n<blockquote>\n<p>T\u1ea1i V\u0103n ph\u00f2ng <strong>Lu\u1eadt s\u01b0 Tr\u01b0\u01a1ng, PLLC<\/strong>, ch\u00fang t\u00f4i hi\u1ec3u r\u00f5 s\u1ef1 ph\u1ee9c t\u1ea1p c\u1ee7a m\u00f4i tr\u01b0\u1eddng ph\u00e1p l\u00fd v\u00e0 cam k\u1ebft h\u01b0\u1edbng d\u1eabn b\u1ea1n v\u01b0\u1ee3t qua n\u00f3 m\u1ed9t c\u00e1ch t\u1ef1 tin v\u00e0 chuy\u00ean nghi\u1ec7p. D\u00f9 b\u1ea1n l\u00e0 doanh nghi\u1ec7p, t\u1eadp \u0111o\u00e0n hay c\u00e1 nh\u00e2n, ch\u00fang t\u00f4i lu\u00f4n s\u1eb5n s\u00e0ng cung c\u1ea5p s\u1ef1 h\u1ed7 tr\u1ee3 ph\u00e1p l\u00fd to\u00e0n di\u1ec7n m\u00e0 b\u1ea1n c\u1ea7n \u0111\u1ec3 th\u00e0nh c\u00f4ng.<\/p>\n<\/blockquote>\n<p>[\/vc_column_text][vc_row_inner][vc_column_inner width=&#8221;1\/2&#8243;][vc_custom_heading text=&#8221;Cam K\u1ebft C\u1ee7a Ch\u00fang T\u00f4i&#8221; font_container=&#8221;tag:h4|text_align:left|color:%23222222&#8243; use_theme_fonts=&#8221;yes&#8221; css=&#8221;.vc_custom_1746534235265{margin-bottom: 15px !important;}&#8221; el_class=&#8221;no_stripe&#8221;][vc_column_text css=&#8221;&#8221;]Ch\u00fang t\u00f4i t\u1eadn t\u00e2m cung c\u1ea5p d\u1ecbch v\u1ee5 v\u01b0\u1ee3t tr\u1ed9i, v\u01b0\u1ee3t qu\u00e1 s\u1ef1 mong \u0111\u1ee3i c\u1ee7a b\u1ea1n. Cam k\u1ebft c\u1ee7a ch\u00fang t\u00f4i bao g\u1ed3m:<\/p>\n<ul>\n<li><strong>Ph\u1ea3n H\u1ed3i Nhanh Ch\u00f3ng:<\/strong> Ch\u00fang t\u00f4i \u01b0u ti\u00ean c\u00e1c y\u00eau c\u1ea7u v\u00e0 m\u1ed1i quan t\u00e2m c\u1ee7a b\u1ea1n b\u1eb1ng s\u1ef1 quan t\u00e2m k\u1ecbp th\u1eddi.<\/li>\n<li><strong>Qu\u1ea3n L\u00fd Ch\u1ee7 \u0110\u1ed9ng:<\/strong> Ch\u00fang t\u00f4i \u00e1p d\u1ee5ng c\u00e1ch ti\u1ebfp c\u1eadn ti\u00ean phong \u0111\u1ec3 x\u1eed l\u00fd c\u00e1c v\u1ea5n \u0111\u1ec1 ph\u00e1p l\u00fd c\u1ee7a b\u1ea1n m\u1ed9t c\u00e1ch hi\u1ec7u qu\u1ea3.<\/li>\n<li><strong>Giao Ti\u1ebfp R\u00f5 R\u00e0ng:<\/strong> Ch\u00fang t\u00f4i th\u00f4ng b\u00e1o cho b\u1ea1n t\u1eebng b\u01b0\u1edbc trong qu\u00e1 tr\u00ecnh v\u1edbi nh\u1eefng c\u1eadp nh\u1eadt nh\u1ea5t qu\u00e1n.<\/li>\n<li><strong>H\u01b0\u1edbng \u0110\u1ebfn K\u1ebft Qu\u1ea3:<\/strong> Ch\u00fang t\u00f4i theo \u0111u\u1ed5i m\u1ee5c ti\u00eau c\u1ee7a b\u1ea1n v\u1edbi s\u1ef1 t\u1eadn t\u00e2m kh\u00f4ng lay chuy\u1ec3n v\u00e0 c\u00e1c chi\u1ebfn l\u01b0\u1ee3c \u0111\u1ed5i m\u1edbi.<\/li>\n<\/ul>\n<p>Th\u00e0nh c\u00f4ng c\u1ee7a b\u1ea1n l\u00e0 \u01b0u ti\u00ean c\u1ee7a ch\u00fang t\u00f4i, v\u00e0 ch\u00fang t\u00f4i cam k\u1ebft h\u1ed7 tr\u1ee3 b\u1ea1n tr\u00ean m\u1ecdi ch\u1eb7ng \u0111\u01b0\u1eddng.[\/vc_column_text][\/vc_column_inner][vc_column_inner width=&#8221;1\/2&#8243;][vc_single_image image=&#8221;9078&#8243; img_size=&#8221;642&#215;659&#8243; css=&#8221;&#8221;][\/vc_column_inner][\/vc_row_inner][\/vc_column][vc_column offset=&#8221;vc_col-lg-3 vc_col-md-3&#8243;][stm_sidebar sidebar=&#8221;311&#8243;][\/vc_column][vc_column][\/vc_column][vc_column][\/vc_column][vc_column][\/vc_column][\/vc_row][vc_row full_width=&#8221;stretch_row&#8221; css=&#8221;.vc_custom_1459505959648{margin-bottom: -60px !important;}&#8221; el_class=&#8221;third_bg_color&#8221;][vc_column][vc_cta h2=&#8221;C\u1ea7n H\u1ed7 Tr\u1ee3 Ph\u00e1p L\u00fd? Li\u00ean H\u1ec7 V\u1edbi V\u0103n Ph\u00f2ng Lu\u1eadt S\u01b0 Tr\u01b0\u01a1ng Ngay H\u00f4m Nay.&#8221; h2_font_container=&#8221;tag:h2|font_size:20px|text_align:left|color:%23902926|line_height:24px&#8221; h2_use_theme_fonts=&#8221;yes&#8221; shape=&#8221;square&#8221; style=&#8221;flat&#8221; add_button=&#8221;right&#8221; btn_title=&#8221;Li\u00ean h\u1ec7 ngay&#8221; btn_style=&#8221;flat&#8221; btn_color=&#8221;theme_style_1&#8243; btn_size=&#8221;lg&#8221; btn_align=&#8221;right&#8221; btn_i_align=&#8221;right&#8221; btn_i_icon_fontawesome=&#8221;stm-amsterdam-arrow&#8221; css=&#8221;.vc_custom_1746531408683{margin-bottom: 0px !important;}&#8221; use_custom_fonts_h2=&#8221;true&#8221; btn_add_icon=&#8221;true&#8221; btn_link=&#8221;url:https%3A%2F%2Ftruonglegal.com%2Fvi%2Fcontact%2F|title:Contact&#8221; el_class=&#8221;third_bg_color&#8221;][\/vc_cta][\/vc_column][\/vc_row]<\/p>\n<\/div>","protected":false},"excerpt":{"rendered":"<p>[vc_row css=&#8221;.vc_custom_1451991003825{margin-bottom: 100px !important;}&#8221;][vc_column offset=&#8221;vc_col-lg-9 vc_col-md-9&#8243;][vc_single_image image=&#8221;9081&#8243; img_size=&#8221;full&#8221; css=&#8221;&#8221;][stm_company_history title=&#8221;ABC&#8221;][stm_company_history_item description=&#8221;John Q. Tr\u01b0\u01a1ng l\u00e0 m\u1ed9t lu\u1eadt s\u01b0 c\u00f3 kinh nghi\u1ec7m v\u00e0 t\u1eadn t\u00e2m cao, chuy\u00ean v\u1ec1 lu\u1eadt di tr\u00fa v\u00e0 b\u1ea5t \u0111\u1ed9ng s\u1ea3n Hoa K\u1ef3. \u00d4ng John c\u00f3 b\u1eb1ng Ti\u1ebfn s\u0129 Lu\u1eadt (Juris Doctor) t\u1eeb Tr\u01b0\u1eddng Lu\u1eadt Thurgood Marshall v\u00e0 c\u00f3 h\u01a1n m\u1ed9t th\u1eadp k\u1ef7<\/p>\n","protected":false},"author":1,"featured_media":0,"parent":0,"menu_order":0,"comment_status":"closed","ping_status":"closed","template":"","meta":{"footnotes":""},"class_list":["post-3808","page","type-page","status-publish","hentry"],"yoast_head":"<!-- This site is optimized with the Yoast SEO Premium plugin v24.2 (Yoast SEO v24.2) - https:\/\/yoast.com\/wordpress\/plugins\/seo\/ -->\n<title>V\u1ec1 ch\u00fang t\u00f4i - Truong Law Firm, PLLC<\/title>\n<meta name=\"robots\" content=\"index, follow, max-snippet:-1, max-image-preview:large, max-video-preview:-1\" \/>\n<link rel=\"canonical\" href=\"https:\/\/truonglegal.com\/vi\/ve-chung-toi\/\" \/>\n<meta property=\"og:locale\" content=\"vi_VN\" \/>\n<meta property=\"og:type\" content=\"article\" \/>\n<meta property=\"og:title\" content=\"V\u1ec1 ch\u00fang t\u00f4i\" \/>\n<meta property=\"og:description\" content=\"[vc_row css=&#8221;.vc_custom_1451991003825{margin-bottom: 100px !important;}&#8221;][vc_column offset=&#8221;vc_col-lg-9 vc_col-md-9&#8243;][vc_single_image image=&#8221;9081&#8243; img_size=&#8221;full&#8221; css=&#8221;&#8221;][stm_company_history title=&#8221;ABC&#8221;][stm_company_history_item description=&#8221;John Q. Tr\u01b0\u01a1ng l\u00e0 m\u1ed9t lu\u1eadt s\u01b0 c\u00f3 kinh nghi\u1ec7m v\u00e0 t\u1eadn t\u00e2m cao, chuy\u00ean v\u1ec1 lu\u1eadt di tr\u00fa v\u00e0 b\u1ea5t \u0111\u1ed9ng s\u1ea3n Hoa K\u1ef3. \u00d4ng John c\u00f3 b\u1eb1ng Ti\u1ebfn s\u0129 Lu\u1eadt (Juris Doctor) t\u1eeb Tr\u01b0\u1eddng Lu\u1eadt Thurgood Marshall v\u00e0 c\u00f3 h\u01a1n m\u1ed9t th\u1eadp k\u1ef7\" \/>\n<meta property=\"og:url\" content=\"https:\/\/truonglegal.com\/vi\/ve-chung-toi\/\" \/>\n<meta property=\"og:site_name\" content=\"Truong Law Firm, PLLC\" \/>\n<meta property=\"article:modified_time\" content=\"2025-10-10T05:54:40+00:00\" \/>\n<meta name=\"twitter:card\" content=\"summary_large_image\" \/>\n<meta name=\"twitter:label1\" content=\"\u01af\u1edbc t\u00ednh th\u1eddi gian \u0111\u1ecdc\" \/>\n\t<meta name=\"twitter:data1\" content=\"3 ph\u00fat\" \/>\n<script type=\"application\/ld+json\" class=\"yoast-schema-graph\">{\"@context\":\"https:\/\/schema.org\",\"@graph\":[{\"@type\":\"WebPage\",\"@id\":\"https:\/\/truonglegal.com\/vi\/ve-chung-toi\/\",\"url\":\"https:\/\/truonglegal.com\/vi\/ve-chung-toi\/\",\"name\":\"V\u1ec1 ch\u00fang t\u00f4i - Truong Law Firm, PLLC\",\"isPartOf\":{\"@id\":\"https:\/\/truonglegal.com\/vi\/#website\"},\"datePublished\":\"2015-12-15T07:37:33+00:00\",\"dateModified\":\"2025-10-10T05:54:40+00:00\",\"breadcrumb\":{\"@id\":\"https:\/\/truonglegal.com\/vi\/ve-chung-toi\/#breadcrumb\"},\"inLanguage\":\"vi\",\"potentialAction\":[{\"@type\":\"ReadAction\",\"target\":[\"https:\/\/truonglegal.com\/vi\/ve-chung-toi\/\"]}]},{\"@type\":\"BreadcrumbList\",\"@id\":\"https:\/\/truonglegal.com\/vi\/ve-chung-toi\/#breadcrumb\",\"itemListElement\":[{\"@type\":\"ListItem\",\"position\":1,\"name\":\"Home\",\"item\":\"https:\/\/truonglegal.com\/vi\/\"},{\"@type\":\"ListItem\",\"position\":2,\"name\":\"V\u1ec1 ch\u00fang t\u00f4i\"}]},{\"@type\":\"WebSite\",\"@id\":\"https:\/\/truonglegal.com\/vi\/#website\",\"url\":\"https:\/\/truonglegal.com\/vi\/\",\"name\":\"Truong Law Firm, PLLC\",\"description\":\"\",\"potentialAction\":[{\"@type\":\"SearchAction\",\"target\":{\"@type\":\"EntryPoint\",\"urlTemplate\":\"https:\/\/truonglegal.com\/vi\/?s={search_term_string}\"},\"query-input\":{\"@type\":\"PropertyValueSpecification\",\"valueRequired\":true,\"valueName\":\"search_term_string\"}}],\"inLanguage\":\"vi\"}]}<\/script>\n<!-- \/ Yoast SEO Premium plugin. -->","yoast_head_json":{"title":"V\u1ec1 ch\u00fang t\u00f4i - Truong Law Firm, PLLC","robots":{"index":"index","follow":"follow","max-snippet":"max-snippet:-1","max-image-preview":"max-image-preview:large","max-video-preview":"max-video-preview:-1"},"canonical":"https:\/\/truonglegal.com\/vi\/ve-chung-toi\/","og_locale":"vi_VN","og_type":"article","og_title":"V\u1ec1 ch\u00fang t\u00f4i","og_description":"[vc_row css=&#8221;.vc_custom_1451991003825{margin-bottom: 100px !important;}&#8221;][vc_column offset=&#8221;vc_col-lg-9 vc_col-md-9&#8243;][vc_single_image image=&#8221;9081&#8243; img_size=&#8221;full&#8221; css=&#8221;&#8221;][stm_company_history title=&#8221;ABC&#8221;][stm_company_history_item description=&#8221;John Q. Tr\u01b0\u01a1ng l\u00e0 m\u1ed9t lu\u1eadt s\u01b0 c\u00f3 kinh nghi\u1ec7m v\u00e0 t\u1eadn t\u00e2m cao, chuy\u00ean v\u1ec1 lu\u1eadt di tr\u00fa v\u00e0 b\u1ea5t \u0111\u1ed9ng s\u1ea3n Hoa K\u1ef3. \u00d4ng John c\u00f3 b\u1eb1ng Ti\u1ebfn s\u0129 Lu\u1eadt (Juris Doctor) t\u1eeb Tr\u01b0\u1eddng Lu\u1eadt Thurgood Marshall v\u00e0 c\u00f3 h\u01a1n m\u1ed9t th\u1eadp k\u1ef7","og_url":"https:\/\/truonglegal.com\/vi\/ve-chung-toi\/","og_site_name":"Truong Law Firm, PLLC","article_modified_time":"2025-10-10T05:54:40+00:00","twitter_card":"summary_large_image","twitter_misc":{"\u01af\u1edbc t\u00ednh th\u1eddi gian \u0111\u1ecdc":"3 ph\u00fat"},"schema":{"@context":"https:\/\/schema.org","@graph":[{"@type":"WebPage","@id":"https:\/\/truonglegal.com\/vi\/ve-chung-toi\/","url":"https:\/\/truonglegal.com\/vi\/ve-chung-toi\/","name":"V\u1ec1 ch\u00fang t\u00f4i - Truong Law Firm, PLLC","isPartOf":{"@id":"https:\/\/truonglegal.com\/vi\/#website"},"datePublished":"2015-12-15T07:37:33+00:00","dateModified":"2025-10-10T05:54:40+00:00","breadcrumb":{"@id":"https:\/\/truonglegal.com\/vi\/ve-chung-toi\/#breadcrumb"},"inLanguage":"vi","potentialAction":[{"@type":"ReadAction","target":["https:\/\/truonglegal.com\/vi\/ve-chung-toi\/"]}]},{"@type":"BreadcrumbList","@id":"https:\/\/truonglegal.com\/vi\/ve-chung-toi\/#breadcrumb","itemListElement":[{"@type":"ListItem","position":1,"name":"Home","item":"https:\/\/truonglegal.com\/vi\/"},{"@type":"ListItem","position":2,"name":"V\u1ec1 ch\u00fang t\u00f4i"}]},{"@type":"WebSite","@id":"https:\/\/truonglegal.com\/vi\/#website","url":"https:\/\/truonglegal.com\/vi\/","name":"Truong Law Firm, PLLC","description":"","potentialAction":[{"@type":"SearchAction","target":{"@type":"EntryPoint","urlTemplate":"https:\/\/truonglegal.com\/vi\/?s={search_term_string}"},"query-input":{"@type":"PropertyValueSpecification","valueRequired":true,"valueName":"search_term_string"}}],"inLanguage":"vi"}]}},"_links":{"self":[{"href":"https:\/\/truonglegal.com\/vi\/wp-json\/wp\/v2\/pages\/3808","targetHints":{"allow":["GET"]}}],"collection":[{"href":"https:\/\/truonglegal.com\/vi\/wp-json\/wp\/v2\/pages"}],"about":[{"href":"https:\/\/truonglegal.com\/vi\/wp-json\/wp\/v2\/types\/page"}],"author":[{"embeddable":true,"href":"https:\/\/truonglegal.com\/vi\/wp-json\/wp\/v2\/users\/1"}],"replies":[{"embeddable":true,"href":"https:\/\/truonglegal.com\/vi\/wp-json\/wp\/v2\/comments?post=3808"}],"version-history":[{"count":5,"href":"https:\/\/truonglegal.com\/vi\/wp-json\/wp\/v2\/pages\/3808\/revisions"}],"predecessor-version":[{"id":9082,"href":"https:\/\/truonglegal.com\/vi\/wp-json\/wp\/v2\/pages\/3808\/revisions\/9082"}],"wp:attachment":[{"href":"https:\/\/truonglegal.com\/vi\/wp-json\/wp\/v2\/media?parent=3808"}],"curies":[{"name":"wp","href":"https:\/\/api.w.org\/{rel}","templated":true}]}}