{"id":408,"date":"2016-01-07T09:31:53","date_gmt":"2016-01-07T09:31:53","guid":{"rendered":"http:\/\/consulting.stylemixthemes.com\/?page_id=408"},"modified":"2025-05-08T12:18:39","modified_gmt":"2025-05-08T05:18:39","slug":"su-menh-tam-nhin-gia-tri-cot-loi","status":"publish","type":"page","link":"https:\/\/truonglegal.com\/vi\/su-menh-tam-nhin-gia-tri-cot-loi\/","title":{"rendered":"S\u1ee9 M\u1ec7nh, T\u1ea7m Nh\u00ecn, Gi\u00e1 Tr\u1ecb C\u1ed1t L\u00f5i"},"content":{"rendered":"<div class=\"wpb-content-wrapper\"><p>[vc_row css=&#8221;.vc_custom_1459506339266{margin-bottom: 100px !important;}&#8221;][vc_column offset=&#8221;vc_col-lg-9 vc_col-md-9&#8243;][vc_single_image image=&#8221;7219&#8243; img_size=&#8221;full&#8221; alignment=&#8221;center&#8221; css=&#8221;&#8221;][vc_column_text css=&#8221;.vc_custom_1746680871274{margin-bottom: 52px !important;}&#8221;]T\u1ea1i C\u00f4ng ty Lu\u1eadt Truong, PLLC, tri\u1ebft l\u00fd kinh doanh c\u1ee7a ch\u00fang t\u00f4i t\u1eadp trung v\u00e0o ni\u1ec1m tin r\u1eb1ng s\u1ef1 \u0111\u1ea1i di\u1ec7n ph\u00e1p l\u00fd hi\u1ec7u qu\u1ea3 ph\u1ea3i v\u1eeba to\u00e0n di\u1ec7n v\u1eeba th\u1ea5u c\u1ea3m. Ch\u00fang t\u00f4i hi\u1ec3u r\u1eb1ng c\u00e1c v\u1ea5n \u0111\u1ec1 v\u1ec1 di tr\u00fa c\u00f3 th\u1ec3 ph\u1ee9c t\u1ea1p v\u00e0 g\u00e2y nhi\u1ec1u c\u1ea3m x\u00fac, v\u00e0 ch\u00fang t\u00f4i cam k\u1ebft h\u01b0\u1edbng d\u1eabn kh\u00e1ch h\u00e0ng v\u01b0\u1ee3t qua nh\u1eefng quy tr\u00ecnh n\u00e0y b\u1eb1ng s\u1ef1 \u0111\u1ed3ng c\u1ea3m v\u00e0 chuy\u00ean m\u00f4n.[\/vc_column_text][vc_tta_accordion shape=&#8221;square&#8221; c_position=&#8221;right&#8221; active_section=&#8221;1&#8243; css=&#8221;.vc_custom_1453467174989{margin-bottom: 60px !important;}&#8221;][vc_tta_section title=&#8221;S\u1ee9 m\u1ec7nh&#8221; tab_id=&#8221;1452160548343-003e17f2-760d&#8221;][vc_column_text css=&#8221;&#8221;]S\u1ee9 m\u1ec7nh c\u1ee7a ch\u00fang t\u00f4i t\u1ea1i C\u00f4ng ty Lu\u1eadt Truong, PLLC l\u00e0 cung c\u1ea5p c\u00e1c d\u1ecbch v\u1ee5 ph\u00e1p l\u00fd \u0111\u1eb7c bi\u1ec7t, t\u1eadp trung v\u00e0o hi\u1ec7u qu\u1ea3, t\u00ednh ch\u00ednh tr\u1ef1c v\u00e0 s\u1ef1 h\u00e0i l\u00f2ng c\u1ee7a kh\u00e1ch h\u00e0ng. Ch\u00fang t\u00f4i t\u1eadn t\u00e2m gi\u00fap kh\u00e1ch h\u00e0ng \u0111\u1ea1t \u0111\u01b0\u1ee3c c\u00e1c m\u1ee5c ti\u00eau v\u1ec1 di tr\u00fa c\u1ee7a h\u1ecd b\u1eb1ng c\u00e1ch \u0111\u01b0a ra c\u00e1c gi\u1ea3i ph\u00e1p s\u00e1ng t\u1ea1o v\u00e0 thi\u1ebft th\u1ef1c. Cam k\u1ebft h\u01b0\u1edbng t\u1edbi s\u1ef1 xu\u1ea5t s\u1eafc th\u00fac \u0111\u1ea9y ch\u00fang t\u00f4i n\u1ed7 l\u1ef1c h\u01a1n n\u1eefa \u0111\u1ec3 \u0111\u00e1p \u1ee9ng nhu c\u1ea7u c\u1ee7a kh\u00e1ch h\u00e0ng, \u0111\u1ea3m b\u1ea3o h\u1ecd nh\u1eadn \u0111\u01b0\u1ee3c s\u1ef1 \u0111\u1ea1i di\u1ec7n ph\u00e1p l\u00fd ch\u1ea5t l\u01b0\u1ee3ng cao nh\u1ea5t v\u1edbi chi ph\u00ed h\u1ee3p l\u00fd.[\/vc_column_text][\/vc_tta_section][vc_tta_section title=&#8221;T\u1ea7m nh\u00ecn&#8221; tab_id=&#8221;1452160738660-5468e659-6776&#8243;][vc_column_text css=&#8221;&#8221;]T\u1ea7m nh\u00ecn c\u1ee7a ch\u00fang t\u00f4i l\u00e0 \u0111\u01b0\u1ee3c c\u00f4ng nh\u1eadn l\u00e0 m\u1ed9t h\u00e3ng lu\u1eadt h\u00e0ng \u0111\u1ea7u trong l\u0129nh v\u1ef1c lu\u1eadt di tr\u00fa Hoa K\u1ef3, n\u1ed5i ti\u1ebfng v\u1edbi s\u1ef1 t\u1eadn t\u00e2m ki\u00ean \u0111\u1ecbnh \u0111\u1ed1i v\u1edbi kh\u00e1ch h\u00e0ng v\u00e0 kh\u1ea3 n\u0103ng mang l\u1ea1i k\u1ebft qu\u1ea3. Ch\u00fang t\u00f4i h\u01b0\u1edbng \u0111\u1ebfn vi\u1ec7c thi\u1ebft l\u1eadp ti\u00eau chu\u1ea9n xu\u1ea5t s\u1eafc trong d\u1ecbch v\u1ee5 ph\u00e1p l\u00fd, kh\u00f4ng ng\u1eebng c\u1ea3i thi\u1ec7n v\u00e0 th\u00edch \u1ee9ng \u0111\u1ec3 \u0111\u00e1p \u1ee9ng c\u00e1c nhu c\u1ea7u ng\u00e0y c\u00e0ng thay \u0111\u1ed5i c\u1ee7a kh\u00e1ch h\u00e0ng. B\u1eb1ng c\u00e1ch nu\u00f4i d\u01b0\u1ee1ng m\u1ed9t v\u0103n h\u00f3a \u0111\u1ed5i m\u1edbi v\u00e0 h\u1ecdc h\u1ecfi li\u00ean t\u1ee5c, ch\u00fang t\u00f4i n\u1ed7 l\u1ef1c duy tr\u00ec v\u1ecb th\u1ebf ti\u00ean phong trong ng\u00e0nh lu\u1eadt, mang \u0111\u1ebfn cho kh\u00e1ch h\u00e0ng nh\u1eefng k\u1ebft qu\u1ea3 t\u1ed1t nh\u1ea5t c\u00f3 th\u1ec3.[\/vc_column_text][\/vc_tta_section][vc_tta_section title=&#8221;Gi\u00e1 tr\u1ecb c\u1ed1t l\u00f5i&#8221; tab_id=&#8221;1452160747001-6a933eea-21de&#8221;][vc_column_text css=&#8221;&#8221;]- T\u00ednh ch\u00ednh tr\u1ef1c: Ch\u00fang t\u00f4i duy tr\u00ec c\u00e1c ti\u00eau chu\u1ea9n cao nh\u1ea5t v\u1ec1 t\u00ednh trung th\u1ef1c v\u00e0 \u0111\u1ea1o \u0111\u1ee9c trong m\u1ecdi giao d\u1ecbch. Kh\u00e1ch h\u00e0ng tin t\u01b0\u1edfng ch\u00fang t\u00f4i s\u1ebd cung c\u1ea5p l\u1eddi khuy\u00ean ph\u00e1p l\u00fd minh b\u1ea1ch v\u00e0 \u0111\u00e1ng tin c\u1eady, v\u00e0 ch\u00fang t\u00f4i cam k\u1ebft duy tr\u00ec s\u1ef1 tin t\u01b0\u1edfng \u0111\u00f3.<\/p>\n<p>&#8211; S\u1ef1 xu\u1ea5t s\u1eafc: Ch\u00fang t\u00f4i t\u1eadn t\u00e2m cung c\u1ea5p c\u00e1c d\u1ecbch v\u1ee5 ph\u00e1p l\u00fd \u0111\u1eb7c bi\u1ec7t. \u0110\u1ed9i ng\u0169 c\u1ee7a ch\u00fang t\u00f4i kh\u00f4ng ng\u1eebng n\u1ed7 l\u1ef1c \u0111\u1ec3 \u0111\u1ea1t \u0111\u01b0\u1ee3c s\u1ef1 xu\u1ea5t s\u1eafc, \u0111\u1ea3m b\u1ea3o r\u1eb1ng kh\u00e1ch h\u00e0ng c\u1ee7a ch\u00fang t\u00f4i nh\u1eadn \u0111\u01b0\u1ee3c s\u1ef1 \u0111\u1ea1i di\u1ec7n v\u00e0 h\u1ed7 tr\u1ee3 t\u1ed1t nh\u1ea5t c\u00f3 th\u1ec3.<\/p>\n<p>&#8211; C\u00e1ch ti\u1ebfp c\u1eadn l\u1ea5y kh\u00e1ch h\u00e0ng l\u00e0m trung t\u00e2m: Kh\u00e1ch h\u00e0ng l\u00e0 tr\u1ecdng t\u00e2m c\u1ee7a m\u1ecdi vi\u1ec7c ch\u00fang t\u00f4i l\u00e0m. Ch\u00fang t\u00f4i \u01b0u ti\u00ean nhu c\u1ea7u c\u1ee7a h\u1ecd v\u00e0 l\u00e0m vi\u1ec7c si\u00eang n\u0103ng \u0111\u1ec3 \u0111\u00e1p \u1ee9ng k\u1ef3 v\u1ecdng c\u1ee7a h\u1ecd, cung c\u1ea5p c\u00e1c d\u1ecbch v\u1ee5 ph\u00e1p l\u00fd \u0111\u01b0\u1ee3c c\u00e1 nh\u00e2n h\u00f3a v\u00e0 ph\u1ea3n h\u1ed3i nhanh ch\u00f3ng.<\/p>\n<p>&#8211; \u0110\u1ed5i m\u1edbi: Ch\u00fang t\u00f4i khuy\u1ebfn kh\u00edch t\u01b0 duy \u0111\u1ed5i m\u1edbi v\u00e0 gi\u1ea3i quy\u1ebft v\u1ea5n \u0111\u1ec1 m\u1ed9t c\u00e1ch s\u00e1ng t\u1ea1o. B\u1eb1ng c\u00e1ch \u0111i \u0111\u1ea7u trong c\u00e1c xu h\u01b0\u1edbng c\u1ee7a ng\u00e0nh v\u00e0 \u00e1p d\u1ee5ng c\u00e1c c\u00f4ng ngh\u1ec7 m\u1edbi, ch\u00fang t\u00f4i cung c\u1ea5p cho kh\u00e1ch h\u00e0ng c\u00e1c gi\u1ea3i ph\u00e1p ph\u00e1p l\u00fd ti\u00ean ti\u1ebfn.<\/p>\n<p>&#8211; S\u1ef1 tham gia c\u1ee7a c\u1ed9ng \u0111\u1ed3ng: Ch\u00fang t\u00f4i tin v\u00e0o vi\u1ec7c c\u1ed1ng hi\u1ebfn cho c\u1ed9ng \u0111\u1ed3ng. C\u00f4ng ty c\u1ee7a ch\u00fang t\u00f4i t\u00edch c\u1ef1c tham gia v\u00e0o c\u00e1c ho\u1ea1t \u0111\u1ed9ng ph\u00e1p l\u00fd t\u00ecnh nguy\u1ec7n (pro bono), cung c\u1ea5p h\u1ed7 tr\u1ee3 ph\u00e1p l\u00fd cho nh\u1eefng c\u00e1 nh\u00e2n c\u00f3 ho\u00e0n c\u1ea3nh kh\u00f3 kh\u0103n v\u00e0 h\u1ed7 tr\u1ee3 c\u00e1c s\u00e1ng ki\u1ebfn x\u00e3 h\u1ed9i kh\u00e1c nhau.[\/vc_column_text][\/vc_tta_section][\/vc_tta_accordion][vc_column_text css=&#8221;.vc_custom_1746681028407{margin-top: 45px !important;}&#8221;]<\/p>\n<h2>Kh\u00e1ch h\u00e0ng l\u00e0 trung t\u00e2m<\/h2>\n<p>Ch\u00fang t\u00f4i \u0111\u1eb7c bi\u1ec7t ch\u00fa tr\u1ecdng v\u00e0o vi\u1ec7c th\u1ea5u hi\u1ec3u ho\u00e0n c\u1ea3nh v\u00e0 m\u1ee5c ti\u00eau ri\u00eang bi\u1ec7t c\u1ee7a kh\u00e1ch h\u00e0ng. C\u00e1ch ti\u1ebfp c\u1eadn t\u1eadp trung v\u00e0o kh\u00e1ch h\u00e0ng c\u1ee7a ch\u00fang t\u00f4i bao g\u1ed3m:[\/vc_column_text][vc_row_inner css=&#8221;.vc_custom_1455886085190{margin-bottom: 10px !important;}&#8221;][vc_column_inner width=&#8221;1\/2&#8243;][stm_icon_box hide_title_line=&#8221;hide_title_line&#8221; enable_hexagon=&#8221;enable&#8221; enable_hexagon_animation=&#8221;enable&#8221; icon=&#8221;stm-cart&#8221; style=&#8221;icon_left&#8221; icon_size=&#8221;21&#8243; icon_width=&#8221;78&#8243; title=&#8221;Ph\u1ea3n h\u1ed3i nhanh ch\u00f3ng&#8221;]Ch\u00fang t\u00f4i nh\u1eadn th\u1ee9c \u0111\u01b0\u1ee3c t\u1ea7m quan tr\u1ecdng c\u1ee7a vi\u1ec7c giao ti\u1ebfp k\u1ecbp th\u1eddi v\u00e0 c\u1ed1 g\u1eafng ph\u1ea3n h\u1ed3i nhanh ch\u00f3ng c\u00e1c nhu c\u1ea7u v\u00e0 th\u1eafc m\u1eafc c\u1ee7a kh\u00e1ch h\u00e0ng.[\/stm_icon_box][\/vc_column_inner][vc_column_inner width=&#8221;1\/2&#8243;][stm_icon_box hide_title_line=&#8221;hide_title_line&#8221; enable_hexagon=&#8221;enable&#8221; enable_hexagon_animation=&#8221;enable&#8221; icon=&#8221;stm-home&#8221; style=&#8221;icon_left&#8221; icon_size=&#8221;23&#8243; icon_width=&#8221;78&#8243; title=&#8221;Qu\u1ea3n l\u00fd ch\u1ee7 \u0111\u1ed9ng&#8221;]Ch\u00fang t\u00f4i ch\u1ee7 \u0111\u1ed9ng trong vi\u1ec7c qu\u1ea3n l\u00fd c\u00e1c v\u1ea5n \u0111\u1ec1 ph\u00e1p l\u00fd c\u1ee7a kh\u00e1ch h\u00e0ng, d\u1ef1 \u0111o\u00e1n nh\u1eefng th\u00e1ch th\u1ee9c ti\u1ec1m \u1ea9n v\u00e0 gi\u1ea3i quy\u1ebft ch\u00fang tr\u01b0\u1edbc khi ch\u00fang tr\u1edf th\u00e0nh v\u1ea5n \u0111\u1ec1.[\/stm_icon_box][\/vc_column_inner][\/vc_row_inner][vc_row_inner css=&#8221;.vc_custom_1455886085190{margin-bottom: 10px !important;}&#8221;][vc_column_inner width=&#8221;1\/2&#8243;][stm_icon_box hide_title_line=&#8221;hide_title_line&#8221; enable_hexagon=&#8221;enable&#8221; enable_hexagon_animation=&#8221;enable&#8221; icon=&#8221;stm-cart&#8221; style=&#8221;icon_left&#8221; icon_size=&#8221;21&#8243; icon_width=&#8221;78&#8243; title=&#8221;Giao ti\u1ebfp r\u00f5 r\u00e0ng&#8221;]Ch\u00fang t\u00f4i duy tr\u00ec giao ti\u1ebfp c\u1edfi m\u1edf v\u00e0 minh b\u1ea1ch v\u1edbi kh\u00e1ch h\u00e0ng, lu\u00f4n c\u1eadp nh\u1eadt cho h\u1ecd v\u1ec1 t\u00ecnh tr\u1ea1ng v\u1ee5 vi\u1ec7c v\u00e0 c\u00e1c chi\u1ebfn l\u01b0\u1ee3c m\u00e0 ch\u00fang t\u00f4i \u0111ang \u00e1p d\u1ee5ng.[\/stm_icon_box][\/vc_column_inner][\/vc_row_inner][vc_column_text css=&#8221;.vc_custom_1746681208719{margin-top: 45px !important;}&#8221;]<\/p>\n<h2>Gi\u1ea3i ph\u00e1p s\u00e1ng t\u1ea1o<\/h2>\n<p>Cam k\u1ebft \u0111\u1ed5i m\u1edbi c\u1ee7a ch\u00fang t\u00f4i c\u00f3 ngh\u0129a l\u00e0 ch\u00fang t\u00f4i kh\u00f4ng ng\u1eebng t\u00ecm ki\u1ebfm nh\u1eefng c\u00e1ch th\u1ee9c m\u1edbi v\u00e0 t\u1ed1t h\u01a1n \u0111\u1ec3 ph\u1ee5c v\u1ee5 kh\u00e1ch h\u00e0ng. Cho d\u00f9 \u0111\u00f3 l\u00e0 th\u00f4ng qua vi\u1ec7c \u00e1p d\u1ee5ng c\u00e1c c\u00f4ng ngh\u1ec7 ph\u00e1p l\u00fd ti\u00ean ti\u1ebfn hay ph\u00e1t tri\u1ec3n c\u00e1c chi\u1ebfn l\u01b0\u1ee3c ph\u00e1p l\u00fd s\u00e1ng t\u1ea1o, ch\u00fang t\u00f4i \u0111\u1ec1u h\u01b0\u1edbng \u0111\u1ebfn vi\u1ec7c cung c\u1ea5p c\u00e1c gi\u1ea3i ph\u00e1p v\u1eeba hi\u1ec7u qu\u1ea3 v\u1eeba t\u1ed1i \u01b0u.[\/vc_column_text][vc_column_text css=&#8221;.vc_custom_1746681250503{margin-top: 45px !important;}&#8221;]<\/p>\n<h2>D\u1ecbch v\u1ee5 to\u00e0n di\u1ec7n<\/h2>\n<p>C\u00f4ng ty Lu\u1eadt Truong, PLLC cung c\u1ea5p m\u1ed9t lo\u1ea1t c\u00e1c d\u1ecbch v\u1ee5 li\u00ean quan \u0111\u1ebfn di tr\u00fa, bao g\u1ed3m:[\/vc_column_text][vc_row_inner css=&#8221;.vc_custom_1455886085190{margin-bottom: 10px !important;}&#8221;][vc_column_inner width=&#8221;1\/2&#8243;][stm_icon_box hide_title_line=&#8221;hide_title_line&#8221; enable_hexagon=&#8221;enable&#8221; enable_hexagon_animation=&#8221;enable&#8221; icon=&#8221;stm-cart&#8221; style=&#8221;icon_left&#8221; icon_size=&#8221;21&#8243; icon_width=&#8221;78&#8243; title=&#8221;B\u1ea3o l\u00e3nh \u0111o\u00e0n t\u1ee5 gia \u0111\u00ecnh&#8221;]Gi\u00fap kh\u00e1ch h\u00e0ng \u0111o\u00e0n t\u1ee5 v\u1edbi nh\u1eefng ng\u01b0\u1eddi th\u00e2n y\u00eau th\u00f4ng qua c\u00e1c ch\u01b0\u01a1ng tr\u00ecnh b\u1ea3o l\u00e3nh kh\u00e1c nhau.[\/stm_icon_box][\/vc_column_inner][vc_column_inner width=&#8221;1\/2&#8243;][stm_icon_box hide_title_line=&#8221;hide_title_line&#8221; enable_hexagon=&#8221;enable&#8221; enable_hexagon_animation=&#8221;enable&#8221; icon=&#8221;stm-home&#8221; style=&#8221;icon_left&#8221; icon_size=&#8221;23&#8243; icon_width=&#8221;78&#8243; title=&#8221;Th\u1ecb th\u1ef1c du l\u1ecbch v\u00e0 du h\u1ecdc&#8221;]H\u01b0\u1edbng d\u1eabn kh\u00e1ch h\u00e0ng trong qu\u00e1 tr\u00ecnh xin th\u1ecb th\u1ef1c du l\u1ecbch v\u00e0 du h\u1ecdc \u0111\u1ec3 kh\u00e1m ph\u00e1 ho\u1eb7c h\u1ecdc t\u1eadp t\u1ea1i Hoa K\u1ef3.[\/stm_icon_box][\/vc_column_inner][\/vc_row_inner][vc_row_inner css=&#8221;.vc_custom_1455886085190{margin-bottom: 10px !important;}&#8221;][vc_column_inner width=&#8221;1\/2&#8243;][stm_icon_box hide_title_line=&#8221;hide_title_line&#8221; enable_hexagon=&#8221;enable&#8221; enable_hexagon_animation=&#8221;enable&#8221; icon=&#8221;stm-cart&#8221; style=&#8221;icon_left&#8221; icon_size=&#8221;21&#8243; icon_width=&#8221;78&#8243; title=&#8221;Ch\u01b0\u01a1ng tr\u00ecnh \u0110\u1ea7u t\u01b0 \u0110\u1ecbnh c\u01b0 EB-5&#8243;]T\u01b0 v\u1ea5n cho c\u00e1c nh\u00e0 \u0111\u1ea7u t\u01b0 qu\u1ed1c t\u1ebf v\u1ec1 ch\u01b0\u01a1ng tr\u00ecnh EB-5, ch\u01b0\u01a1ng tr\u00ecnh cung c\u1ea5p con \u0111\u01b0\u1eddng l\u1ea5y th\u1ebb xanh th\u00f4ng qua \u0111\u1ea7u t\u01b0.<\/p>\n<p>&nbsp;[\/stm_icon_box][\/vc_column_inner][vc_column_inner width=&#8221;1\/2&#8243;][stm_icon_box hide_title_line=&#8221;hide_title_line&#8221; enable_hexagon=&#8221;enable&#8221; enable_hexagon_animation=&#8221;enable&#8221; icon=&#8221;stm-home&#8221; style=&#8221;icon_left&#8221; icon_size=&#8221;23&#8243; icon_width=&#8221;78&#8243; title=&#8221;Nh\u00e0 \u0111i\u1ec1u h\u00e0nh ho\u1eb7c qu\u1ea3n l\u00fd thuy\u00ean chuy\u1ec3n n\u1ed9i b\u1ed9 c\u00f4ng ty (L-1A)&#8221;]H\u1ed7 tr\u1ee3 c\u00e1c nh\u00e0 qu\u1ea3n l\u00fd ho\u1eb7c \u0111i\u1ec1u h\u00e0nh n\u01b0\u1edbc ngo\u00e0i chuy\u1ec3n \u0111\u1ebfn v\u0103n ph\u00f2ng t\u1ea1i Hoa K\u1ef3 c\u1ee7a c\u00f4ng ty h\u1ecd.[\/stm_icon_box][\/vc_column_inner][\/vc_row_inner][vc_row_inner css=&#8221;.vc_custom_1455886085190{margin-bottom: 10px !important;}&#8221;][vc_column_inner width=&#8221;1\/2&#8243;][stm_icon_box hide_title_line=&#8221;hide_title_line&#8221; enable_hexagon=&#8221;enable&#8221; enable_hexagon_animation=&#8221;enable&#8221; icon=&#8221;stm-cart&#8221; style=&#8221;icon_left&#8221; icon_size=&#8221;21&#8243; icon_width=&#8221;78&#8243; title=&#8221;Giao d\u1ecbch b\u1ea5t \u0111\u1ed9ng s\u1ea3n&#8221;]Cung c\u1ea5p h\u1ed7 tr\u1ee3 ph\u00e1p l\u00fd to\u00e0n di\u1ec7n cho c\u00e1c giao d\u1ecbch b\u1ea5t \u0111\u1ed9ng s\u1ea3n d\u00e2n c\u01b0 v\u00e0 th\u01b0\u01a1ng m\u1ea1i.[\/stm_icon_box][\/vc_column_inner][\/vc_row_inner][vc_row_inner css=&#8221;.vc_custom_1453463400247{margin-bottom: 30px !important;}&#8221;][vc_column_inner][vc_column_text css=&#8221;&#8221;]<\/p>\n<h2>S\u1ef1 tham gia c\u1ee7a c\u1ed9ng \u0111\u1ed3ng<\/h2>\n<p>[\/vc_column_text][vc_column_text css=&#8221;&#8221;]Ch\u00fang t\u00f4i h\u1ebft l\u00f2ng cam k\u1ebft t\u1ea1o ra t\u00e1c \u0111\u1ed9ng t\u00edch c\u1ef1c \u0111\u1ebfn c\u1ed9ng \u0111\u1ed3ng c\u1ee7a m\u00ecnh. C\u00f4ng vi\u1ec7c t\u00ecnh nguy\u1ec7n v\u00e0 s\u1ef1 tham gia v\u00e0o c\u00e1c s\u00e1ng ki\u1ebfn x\u00e3 h\u1ed9i c\u1ee7a ch\u00fang t\u00f4i ph\u1ea3n \u00e1nh ni\u1ec1m tin r\u1eb1ng m\u1ecdi ng\u01b0\u1eddi \u0111\u1ec1u x\u1ee9ng \u0111\u00e1ng \u0111\u01b0\u1ee3c ti\u1ebfp c\u1eadn v\u1edbi c\u00e1c d\u1ecbch v\u1ee5 ph\u00e1p l\u00fd ch\u1ea5t l\u01b0\u1ee3ng, b\u1ea5t k\u1ec3 t\u00ecnh h\u00ecnh t\u00e0i ch\u00ednh c\u1ee7a h\u1ecd. B\u1eb1ng c\u00e1ch cung c\u1ea5p h\u1ed7 tr\u1ee3 ph\u00e1p l\u00fd mi\u1ec5n ph\u00ed cho nh\u1eefng c\u00e1 nh\u00e2n c\u00f3 ho\u00e0n c\u1ea3nh kh\u00f3 kh\u0103n, ch\u00fang t\u00f4i n\u1ed7 l\u1ef1c t\u1ea1o ra s\u1ef1 kh\u00e1c bi\u1ec7t c\u00f3 \u00fd ngh\u0129a trong cu\u1ed9c s\u1ed1ng c\u1ee7a nh\u1eefng ng\u01b0\u1eddi m\u00e0 ch\u00fang t\u00f4i ph\u1ee5c v\u1ee5.[\/vc_column_text][vc_single_image image=&#8221;7234&#8243; img_size=&#8221;full&#8221; css=&#8221;&#8221;][stm_spacing lg_spacing=&#8221;0&#8243; md_spacing=&#8221;0&#8243; sm_spacing=&#8221;0&#8243; xs_spacing=&#8221;30&#8243;][vc_column_text css=&#8221;&#8221;]T\u1ea1i C\u00f4ng ty Lu\u1eadt Truong, PLLC, ch\u00fang t\u00f4i t\u1eadn t\u00e2m cung c\u1ea5p c\u00e1c d\u1ecbch v\u1ee5 ph\u00e1p l\u00fd \u0111\u1eb7c bi\u1ec7t, \u0111\u00e1p \u1ee9ng c\u00e1c ti\u00eau chu\u1ea9n cao nh\u1ea5t v\u1ec1 ch\u1ea5t l\u01b0\u1ee3ng v\u00e0 t\u00ednh ch\u00ednh tr\u1ef1c. Cam k\u1ebft c\u1ee7a ch\u00fang t\u00f4i \u0111\u1ed1i v\u1edbi kh\u00e1ch h\u00e0ng, c\u00e1ch ti\u1ebfp c\u1eadn \u0111\u1ed5i m\u1edbi v\u00e0 s\u1ef1 tham gia c\u1ee7a ch\u00fang t\u00f4i v\u00e0o c\u1ed9ng \u0111\u1ed3ng \u0111\u00e3 t\u1ea1o n\u00ean s\u1ef1 kh\u00e1c bi\u1ec7t, gi\u00fap ch\u00fang t\u00f4i tr\u1edf th\u00e0nh m\u1ed9t h\u00e3ng lu\u1eadt h\u00e0ng \u0111\u1ea7u trong l\u0129nh v\u1ef1c lu\u1eadt di tr\u00fa Hoa K\u1ef3. Ch\u00fang t\u00f4i m\u1eddi b\u1ea1n tr\u1ea3i nghi\u1ec7m s\u1ef1 kh\u00e1c bi\u1ec7t khi l\u00e0m vi\u1ec7c v\u1edbi m\u1ed9t \u0111\u1ed9i ng\u0169 th\u1ef1c s\u1ef1 quan t\u00e2m \u0111\u1ebfn th\u00e0nh c\u00f4ng c\u1ee7a b\u1ea1n. H\u00e3y li\u00ean h\u1ec7 v\u1edbi ch\u00fang t\u00f4i ngay h\u00f4m nay \u0111\u1ec3 t\u00ecm hi\u1ec3u th\u00eam v\u1ec1 c\u00e1ch ch\u00fang t\u00f4i c\u00f3 th\u1ec3 h\u1ed7 tr\u1ee3 b\u1ea1n \u0111\u1ea1t \u0111\u01b0\u1ee3c c\u00e1c m\u1ee5c ti\u00eau v\u1ec1 di tr\u00fa c\u1ee7a m\u00ecnh.[\/vc_column_text][\/vc_column_inner][\/vc_row_inner][\/vc_column][vc_column offset=&#8221;vc_col-lg-3 vc_col-md-3&#8243;][stm_sidebar sidebar=&#8221;311&#8243;][\/vc_column][\/vc_row][vc_row full_width=&#8221;stretch_row&#8221; css=&#8221;.vc_custom_1459505959648{margin-bottom: -60px !important;}&#8221; el_class=&#8221;third_bg_color&#8221;][vc_column][vc_cta h2=&#8221;C\u1ea7n H\u1ed7 Tr\u1ee3 Ph\u00e1p L\u00fd? Li\u00ean H\u1ec7 V\u1edbi V\u0103n Ph\u00f2ng Lu\u1eadt S\u01b0 Tr\u01b0\u01a1ng Ngay H\u00f4m Nay.&#8221; h2_font_container=&#8221;tag:h2|font_size:20px|text_align:left|color:%23902926|line_height:24px&#8221; h2_use_theme_fonts=&#8221;yes&#8221; shape=&#8221;square&#8221; style=&#8221;flat&#8221; add_button=&#8221;right&#8221; btn_title=&#8221;Li\u00ean h\u1ec7 ngay&#8221; btn_style=&#8221;flat&#8221; btn_color=&#8221;theme_style_1&#8243; btn_size=&#8221;lg&#8221; btn_align=&#8221;right&#8221; btn_i_align=&#8221;right&#8221; btn_i_icon_fontawesome=&#8221;stm-amsterdam-arrow&#8221; css=&#8221;.vc_custom_1746531485651{margin-bottom: 0px !important;}&#8221; use_custom_fonts_h2=&#8221;true&#8221; btn_add_icon=&#8221;true&#8221; btn_link=&#8221;url:%23||&#8221; el_class=&#8221;third_bg_color&#8221;][\/vc_cta][\/vc_column][\/vc_row]<\/p>\n<\/div>","protected":false},"excerpt":{"rendered":"<p>[vc_row css=&#8221;.vc_custom_1459506339266{margin-bottom: 100px !important;}&#8221;][vc_column offset=&#8221;vc_col-lg-9 vc_col-md-9&#8243;][vc_single_image image=&#8221;7219&#8243; img_size=&#8221;full&#8221; alignment=&#8221;center&#8221; css=&#8221;&#8221;][vc_column_text css=&#8221;.vc_custom_1746680871274{margin-bottom: 52px !important;}&#8221;]T\u1ea1i C\u00f4ng ty Lu\u1eadt Truong, PLLC, tri\u1ebft l\u00fd kinh doanh c\u1ee7a ch\u00fang t\u00f4i t\u1eadp trung v\u00e0o ni\u1ec1m tin r\u1eb1ng s\u1ef1 \u0111\u1ea1i di\u1ec7n ph\u00e1p l\u00fd hi\u1ec7u qu\u1ea3 ph\u1ea3i v\u1eeba to\u00e0n di\u1ec7n v\u1eeba th\u1ea5u c\u1ea3m. Ch\u00fang t\u00f4i hi\u1ec3u r\u1eb1ng c\u00e1c v\u1ea5n \u0111\u1ec1 v\u1ec1 di tr\u00fa<\/p>\n","protected":false},"author":1,"featured_media":0,"parent":0,"menu_order":0,"comment_status":"closed","ping_status":"closed","template":"","meta":{"footnotes":""},"class_list":["post-408","page","type-page","status-publish","hentry"],"yoast_head":"<!-- This site is optimized with the Yoast SEO Premium plugin v24.2 (Yoast SEO v24.2) - https:\/\/yoast.com\/wordpress\/plugins\/seo\/ -->\n<title>S\u1ee9 M\u1ec7nh, T\u1ea7m Nh\u00ecn, Gi\u00e1 Tr\u1ecb C\u1ed1t L\u00f5i - Truong Law Firm, PLLC<\/title>\n<meta name=\"robots\" content=\"index, follow, max-snippet:-1, max-image-preview:large, max-video-preview:-1\" \/>\n<link rel=\"canonical\" href=\"https:\/\/truonglegal.com\/vi\/su-menh-tam-nhin-gia-tri-cot-loi\/\" \/>\n<meta property=\"og:locale\" content=\"vi_VN\" \/>\n<meta property=\"og:type\" content=\"article\" \/>\n<meta property=\"og:title\" content=\"S\u1ee9 M\u1ec7nh, T\u1ea7m Nh\u00ecn, Gi\u00e1 Tr\u1ecb C\u1ed1t L\u00f5i\" \/>\n<meta property=\"og:description\" content=\"[vc_row css=&#8221;.vc_custom_1459506339266{margin-bottom: 100px !important;}&#8221;][vc_column offset=&#8221;vc_col-lg-9 vc_col-md-9&#8243;][vc_single_image image=&#8221;7219&#8243; img_size=&#8221;full&#8221; alignment=&#8221;center&#8221; css=&#8221;&#8221;][vc_column_text css=&#8221;.vc_custom_1746680871274{margin-bottom: 52px !important;}&#8221;]T\u1ea1i C\u00f4ng ty Lu\u1eadt Truong, PLLC, tri\u1ebft l\u00fd kinh doanh c\u1ee7a ch\u00fang t\u00f4i t\u1eadp trung v\u00e0o ni\u1ec1m tin r\u1eb1ng s\u1ef1 \u0111\u1ea1i di\u1ec7n ph\u00e1p l\u00fd hi\u1ec7u qu\u1ea3 ph\u1ea3i v\u1eeba to\u00e0n di\u1ec7n v\u1eeba th\u1ea5u c\u1ea3m. Ch\u00fang t\u00f4i hi\u1ec3u r\u1eb1ng c\u00e1c v\u1ea5n \u0111\u1ec1 v\u1ec1 di tr\u00fa\" \/>\n<meta property=\"og:url\" content=\"https:\/\/truonglegal.com\/vi\/su-menh-tam-nhin-gia-tri-cot-loi\/\" \/>\n<meta property=\"og:site_name\" content=\"Truong Law Firm, PLLC\" \/>\n<meta property=\"article:modified_time\" content=\"2025-05-08T05:18:39+00:00\" \/>\n<meta name=\"twitter:card\" content=\"summary_large_image\" \/>\n<meta name=\"twitter:label1\" content=\"\u01af\u1edbc t\u00ednh th\u1eddi gian \u0111\u1ecdc\" \/>\n\t<meta name=\"twitter:data1\" content=\"5 ph\u00fat\" \/>\n<script type=\"application\/ld+json\" class=\"yoast-schema-graph\">{\"@context\":\"https:\/\/schema.org\",\"@graph\":[{\"@type\":\"WebPage\",\"@id\":\"https:\/\/truonglegal.com\/vi\/su-menh-tam-nhin-gia-tri-cot-loi\/\",\"url\":\"https:\/\/truonglegal.com\/vi\/su-menh-tam-nhin-gia-tri-cot-loi\/\",\"name\":\"S\u1ee9 M\u1ec7nh, T\u1ea7m Nh\u00ecn, Gi\u00e1 Tr\u1ecb C\u1ed1t L\u00f5i - Truong Law Firm, PLLC\",\"isPartOf\":{\"@id\":\"https:\/\/truonglegal.com\/vi\/#website\"},\"datePublished\":\"2016-01-07T09:31:53+00:00\",\"dateModified\":\"2025-05-08T05:18:39+00:00\",\"breadcrumb\":{\"@id\":\"https:\/\/truonglegal.com\/vi\/su-menh-tam-nhin-gia-tri-cot-loi\/#breadcrumb\"},\"inLanguage\":\"vi\",\"potentialAction\":[{\"@type\":\"ReadAction\",\"target\":[\"https:\/\/truonglegal.com\/vi\/su-menh-tam-nhin-gia-tri-cot-loi\/\"]}]},{\"@type\":\"BreadcrumbList\",\"@id\":\"https:\/\/truonglegal.com\/vi\/su-menh-tam-nhin-gia-tri-cot-loi\/#breadcrumb\",\"itemListElement\":[{\"@type\":\"ListItem\",\"position\":1,\"name\":\"Home\",\"item\":\"https:\/\/truonglegal.com\/vi\/\"},{\"@type\":\"ListItem\",\"position\":2,\"name\":\"S\u1ee9 M\u1ec7nh, T\u1ea7m Nh\u00ecn, Gi\u00e1 Tr\u1ecb C\u1ed1t L\u00f5i\"}]},{\"@type\":\"WebSite\",\"@id\":\"https:\/\/truonglegal.com\/vi\/#website\",\"url\":\"https:\/\/truonglegal.com\/vi\/\",\"name\":\"Truong Law Firm, PLLC\",\"description\":\"\",\"potentialAction\":[{\"@type\":\"SearchAction\",\"target\":{\"@type\":\"EntryPoint\",\"urlTemplate\":\"https:\/\/truonglegal.com\/vi\/?s={search_term_string}\"},\"query-input\":{\"@type\":\"PropertyValueSpecification\",\"valueRequired\":true,\"valueName\":\"search_term_string\"}}],\"inLanguage\":\"vi\"}]}<\/script>\n<!-- \/ Yoast SEO Premium plugin. -->","yoast_head_json":{"title":"S\u1ee9 M\u1ec7nh, T\u1ea7m Nh\u00ecn, Gi\u00e1 Tr\u1ecb C\u1ed1t L\u00f5i - Truong Law Firm, PLLC","robots":{"index":"index","follow":"follow","max-snippet":"max-snippet:-1","max-image-preview":"max-image-preview:large","max-video-preview":"max-video-preview:-1"},"canonical":"https:\/\/truonglegal.com\/vi\/su-menh-tam-nhin-gia-tri-cot-loi\/","og_locale":"vi_VN","og_type":"article","og_title":"S\u1ee9 M\u1ec7nh, T\u1ea7m Nh\u00ecn, Gi\u00e1 Tr\u1ecb C\u1ed1t L\u00f5i","og_description":"[vc_row css=&#8221;.vc_custom_1459506339266{margin-bottom: 100px !important;}&#8221;][vc_column offset=&#8221;vc_col-lg-9 vc_col-md-9&#8243;][vc_single_image image=&#8221;7219&#8243; img_size=&#8221;full&#8221; alignment=&#8221;center&#8221; css=&#8221;&#8221;][vc_column_text css=&#8221;.vc_custom_1746680871274{margin-bottom: 52px !important;}&#8221;]T\u1ea1i C\u00f4ng ty Lu\u1eadt Truong, PLLC, tri\u1ebft l\u00fd kinh doanh c\u1ee7a ch\u00fang t\u00f4i t\u1eadp trung v\u00e0o ni\u1ec1m tin r\u1eb1ng s\u1ef1 \u0111\u1ea1i di\u1ec7n ph\u00e1p l\u00fd hi\u1ec7u qu\u1ea3 ph\u1ea3i v\u1eeba to\u00e0n di\u1ec7n v\u1eeba th\u1ea5u c\u1ea3m. Ch\u00fang t\u00f4i hi\u1ec3u r\u1eb1ng c\u00e1c v\u1ea5n \u0111\u1ec1 v\u1ec1 di tr\u00fa","og_url":"https:\/\/truonglegal.com\/vi\/su-menh-tam-nhin-gia-tri-cot-loi\/","og_site_name":"Truong Law Firm, PLLC","article_modified_time":"2025-05-08T05:18:39+00:00","twitter_card":"summary_large_image","twitter_misc":{"\u01af\u1edbc t\u00ednh th\u1eddi gian \u0111\u1ecdc":"5 ph\u00fat"},"schema":{"@context":"https:\/\/schema.org","@graph":[{"@type":"WebPage","@id":"https:\/\/truonglegal.com\/vi\/su-menh-tam-nhin-gia-tri-cot-loi\/","url":"https:\/\/truonglegal.com\/vi\/su-menh-tam-nhin-gia-tri-cot-loi\/","name":"S\u1ee9 M\u1ec7nh, T\u1ea7m Nh\u00ecn, Gi\u00e1 Tr\u1ecb C\u1ed1t L\u00f5i - Truong Law Firm, PLLC","isPartOf":{"@id":"https:\/\/truonglegal.com\/vi\/#website"},"datePublished":"2016-01-07T09:31:53+00:00","dateModified":"2025-05-08T05:18:39+00:00","breadcrumb":{"@id":"https:\/\/truonglegal.com\/vi\/su-menh-tam-nhin-gia-tri-cot-loi\/#breadcrumb"},"inLanguage":"vi","potentialAction":[{"@type":"ReadAction","target":["https:\/\/truonglegal.com\/vi\/su-menh-tam-nhin-gia-tri-cot-loi\/"]}]},{"@type":"BreadcrumbList","@id":"https:\/\/truonglegal.com\/vi\/su-menh-tam-nhin-gia-tri-cot-loi\/#breadcrumb","itemListElement":[{"@type":"ListItem","position":1,"name":"Home","item":"https:\/\/truonglegal.com\/vi\/"},{"@type":"ListItem","position":2,"name":"S\u1ee9 M\u1ec7nh, T\u1ea7m Nh\u00ecn, Gi\u00e1 Tr\u1ecb C\u1ed1t L\u00f5i"}]},{"@type":"WebSite","@id":"https:\/\/truonglegal.com\/vi\/#website","url":"https:\/\/truonglegal.com\/vi\/","name":"Truong Law Firm, PLLC","description":"","potentialAction":[{"@type":"SearchAction","target":{"@type":"EntryPoint","urlTemplate":"https:\/\/truonglegal.com\/vi\/?s={search_term_string}"},"query-input":{"@type":"PropertyValueSpecification","valueRequired":true,"valueName":"search_term_string"}}],"inLanguage":"vi"}]}},"_links":{"self":[{"href":"https:\/\/truonglegal.com\/vi\/wp-json\/wp\/v2\/pages\/408","targetHints":{"allow":["GET"]}}],"collection":[{"href":"https:\/\/truonglegal.com\/vi\/wp-json\/wp\/v2\/pages"}],"about":[{"href":"https:\/\/truonglegal.com\/vi\/wp-json\/wp\/v2\/types\/page"}],"author":[{"embeddable":true,"href":"https:\/\/truonglegal.com\/vi\/wp-json\/wp\/v2\/users\/1"}],"replies":[{"embeddable":true,"href":"https:\/\/truonglegal.com\/vi\/wp-json\/wp\/v2\/comments?post=408"}],"version-history":[{"count":0,"href":"https:\/\/truonglegal.com\/vi\/wp-json\/wp\/v2\/pages\/408\/revisions"}],"wp:attachment":[{"href":"https:\/\/truonglegal.com\/vi\/wp-json\/wp\/v2\/media?parent=408"}],"curies":[{"name":"wp","href":"https:\/\/api.w.org\/{rel}","templated":true}]}}