{"id":462,"date":"2016-01-08T11:28:46","date_gmt":"2016-01-08T11:28:46","guid":{"rendered":"http:\/\/consulting.stylemixthemes.com\/?page_id=462"},"modified":"2025-10-06T12:00:04","modified_gmt":"2025-10-06T05:00:04","slug":"doi-ngu","status":"publish","type":"page","link":"https:\/\/truonglegal.com\/vi\/doi-ngu\/","title":{"rendered":"\u0110\u1ed9i Ng\u0169"},"content":{"rendered":"<div class=\"wpb-content-wrapper\"><p>[vc_row css=&#8221;.vc_custom_1459506565899{margin-bottom: 100px !important;}&#8221;][vc_column offset=&#8221;vc_col-lg-9 vc_col-md-9&#8243;][vc_column_text css=&#8221;&#8221;]M\u1ed7i th\u00e0nh vi\u00ean c\u1ee7a \u0111\u1ed9i ng\u0169 C\u00f4ng ty Lu\u1eadt Truong \u0111\u1ec1u \u0111\u00f3ng m\u1ed9t vai tr\u00f2 quan tr\u1ecdng trong vi\u1ec7c cung c\u1ea5p c\u00e1c d\u1ecbch v\u1ee5 ph\u00e1p l\u00fd ch\u1ea5t l\u01b0\u1ee3ng cao v\u00e0 \u0111\u1ea3m b\u1ea3o s\u1ef1 h\u00e0i l\u00f2ng c\u1ee7a kh\u00e1ch h\u00e0ng. Chuy\u00ean m\u00f4n v\u00e0 s\u1ef1 t\u1eadn t\u00e2m t\u1eadp th\u1ec3 c\u1ee7a h\u1ecd l\u00e0m cho c\u00f4ng ty tr\u1edf th\u00e0nh m\u1ed9t \u0111\u1ed1i t\u00e1c \u0111\u00e1ng tin c\u1eady cho c\u00e1c c\u00e1 nh\u00e2n v\u00e0 doanh nghi\u1ec7p \u0111ang gi\u1ea3i quy\u1ebft nh\u1eefng ph\u1ee9c t\u1ea1p c\u1ee7a lu\u1eadt di tr\u00fa.[\/vc_column_text][vc_custom_heading text=&#8221;Immigration Team&#8221; font_container=&#8221;tag:h4|text_align:left&#8221; css=&#8221;&#8221;][vc_row_inner equal_height=&#8221;yes&#8221; css=&#8221;.vc_custom_1738983344678{margin-bottom: -5px !important;}&#8221; el_class=&#8221;row_member_list staff_list grid cols_3 img_default&#8221;][vc_column_inner width=&#8221;1\/3&#8243;][vc_single_image image=&#8221;9062&#8243; img_size=&#8221;full&#8221; add_caption=&#8221;yes&#8221; css=&#8221;.vc_custom_1759726293614{margin-bottom: 5px !important;}&#8221;][vc_column_text css=&#8221;&#8221;]<strong>Chanh Bui<\/strong><br \/>\nVietnam Office Manager\/Case Manager[\/vc_column_text][vc_empty_space height=&#8221;6px&#8221;][vc_single_image image=&#8221;9065&#8243; img_size=&#8221;full&#8221; css=&#8221;.vc_custom_1759726363850{margin-bottom: 5px !important;}&#8221;][vc_column_text css=&#8221;&#8221;]<strong>Lam Nhat Nguyen<\/strong><br \/>\nClient Support Specialist[\/vc_column_text][vc_empty_space height=&#8221;6px&#8221;][vc_single_image image=&#8221;9068&#8243; img_size=&#8221;full&#8221; css=&#8221;.vc_custom_1759726405953{margin-bottom: 5px !important;}&#8221;][vc_column_text css=&#8221;&#8221;]<strong>Thuy Lai Nguyen<\/strong><br \/>\nSenior Case Manager[\/vc_column_text][vc_empty_space][\/vc_column_inner][vc_column_inner width=&#8221;1\/3&#8243;][vc_single_image image=&#8221;9063&#8243; img_size=&#8221;full&#8221; css=&#8221;.vc_custom_1759726307913{margin-bottom: 5px !important;}&#8221;][vc_column_text css=&#8221;&#8221;]<strong>Lam Huynh<\/strong><br \/>\nCase Manager[\/vc_column_text][vc_empty_space][vc_single_image image=&#8221;9066&#8243; img_size=&#8221;full&#8221; css=&#8221;.vc_custom_1759726377896{margin-bottom: 5px !important;}&#8221;][vc_column_text css=&#8221;&#8221;]<strong>Nhi Nguyen Lam<\/strong><br \/>\nMarketing Manager[\/vc_column_text][vc_empty_space][\/vc_column_inner][vc_column_inner width=&#8221;1\/3&#8243;][vc_single_image image=&#8221;9064&#8243; img_size=&#8221;full&#8221; css=&#8221;.vc_custom_1759726331738{margin-bottom: 5px !important;}&#8221;][vc_column_text css=&#8221;&#8221;]<strong>Dung Nguyen<\/strong><br \/>\nCase Manager[\/vc_column_text][vc_empty_space][vc_single_image image=&#8221;9067&#8243; img_size=&#8221;full&#8221; css=&#8221;.vc_custom_1759726390643{margin-bottom: 5px !important;}&#8221;][vc_column_text css=&#8221;&#8221;]<strong>Quynh Le<\/strong><br \/>\nLegal Assistant\/Intake Specialist[\/vc_column_text][vc_empty_space][\/vc_column_inner][\/vc_row_inner][vc_custom_heading text=&#8221;Title Team&#8221; font_container=&#8221;tag:h4|text_align:left&#8221; css=&#8221;&#8221;][vc_row_inner equal_height=&#8221;yes&#8221; css=&#8221;.vc_custom_1738983344678{margin-bottom: -5px !important;}&#8221; el_class=&#8221;row_member_list staff_list grid cols_3 img_default&#8221;][vc_column_inner width=&#8221;1\/3&#8243;][vc_single_image image=&#8221;9073&#8243; img_size=&#8221;full&#8221; add_caption=&#8221;yes&#8221; css=&#8221;.vc_custom_1759726558189{margin-bottom: 5px !important;}&#8221;][vc_column_text css=&#8221;&#8221;]<strong>Kayla Tran<\/strong><br \/>\nUS Office Manager\/Senior Escrow Officer[\/vc_column_text][vc_empty_space height=&#8221;6px&#8221;][vc_single_image image=&#8221;9070&#8243; img_size=&#8221;full&#8221; css=&#8221;.vc_custom_1759726595998{margin-bottom: 5px !important;}&#8221;][vc_column_text css=&#8221;&#8221;]<strong>Ellen Nguyen<\/strong><br \/>\nFunder\/Post-Closing Specialist<br \/>\n[\/vc_column_text][vc_empty_space height=&#8221;6px&#8221;][vc_single_image image=&#8221;9075&#8243; img_size=&#8221;full&#8221; css=&#8221;.vc_custom_1759726634514{margin-bottom: 5px !important;}&#8221;][vc_column_text css=&#8221;&#8221;]<strong>Nora Ngoc Pham<\/strong><br \/>\nEscrow Officer[\/vc_column_text][vc_empty_space][\/vc_column_inner][vc_column_inner width=&#8221;1\/3&#8243;][vc_single_image image=&#8221;9076&#8243; img_size=&#8221;full&#8221; css=&#8221;.vc_custom_1759726568853{margin-bottom: 5px !important;}&#8221;][vc_column_text css=&#8221;&#8221;]<strong>Patty Yu<\/strong><br \/>\nBusiness Development Manager<\/p>\n<p>[\/vc_column_text][vc_empty_space][vc_single_image image=&#8221;9074&#8243; img_size=&#8221;full&#8221; css=&#8221;.vc_custom_1759726606923{margin-bottom: 5px !important;}&#8221;][vc_column_text css=&#8221;&#8221;]<strong>Leah Zoba<\/strong><br \/>\nEscrow Processor[\/vc_column_text][vc_empty_space][\/vc_column_inner][vc_column_inner width=&#8221;1\/3&#8243;][vc_single_image image=&#8221;9071&#8243; img_size=&#8221;full&#8221; css=&#8221;.vc_custom_1759726584119{margin-bottom: 5px !important;}&#8221;][vc_column_text css=&#8221;&#8221;]<strong>Grace Nguyen<\/strong><br \/>\nLegal Assistant[\/vc_column_text][vc_empty_space][vc_single_image image=&#8221;9072&#8243; img_size=&#8221;full&#8221; css=&#8221;.vc_custom_1759726622409{margin-bottom: 5px !important;}&#8221;][vc_column_text css=&#8221;&#8221;]<strong>Jessica An Tran<\/strong><br \/>\nEscrow Processor[\/vc_column_text][vc_empty_space][\/vc_column_inner][\/vc_row_inner][vc_row_inner][vc_column_inner][stm_spacing sm_spacing=&#8221;60&#8243; xs_spacing=&#8221;60&#8243;][\/vc_column_inner][\/vc_row_inner][\/vc_column][vc_column offset=&#8221;vc_col-lg-3 vc_col-md-3&#8243;][stm_sidebar sidebar=&#8221;311&#8243;][\/vc_column][\/vc_row][vc_row full_width=&#8221;stretch_row&#8221; css=&#8221;.vc_custom_1459505959648{margin-bottom: -60px !important;}&#8221; el_class=&#8221;third_bg_color&#8221;][vc_column][vc_cta h2=&#8221;C\u1ea7n H\u1ed7 Tr\u1ee3 Ph\u00e1p L\u00fd? Li\u00ean H\u1ec7 V\u1edbi V\u0103n Ph\u00f2ng Lu\u1eadt S\u01b0 Tr\u01b0\u01a1ng Ngay H\u00f4m Nay.&#8221; h2_font_container=&#8221;tag:h2|font_size:20px|text_align:left|color:%23902926|line_height:24px&#8221; h2_use_theme_fonts=&#8221;yes&#8221; shape=&#8221;square&#8221; style=&#8221;flat&#8221; add_button=&#8221;right&#8221; btn_title=&#8221;Li\u00ean h\u1ec7 ngay&#8221; btn_style=&#8221;flat&#8221; btn_color=&#8221;theme_style_1&#8243; btn_size=&#8221;lg&#8221; btn_align=&#8221;right&#8221; btn_i_align=&#8221;right&#8221; btn_i_icon_fontawesome=&#8221;stm-amsterdam-arrow&#8221; css=&#8221;.vc_custom_1746681607582{margin-bottom: 0px !important;}&#8221; use_custom_fonts_h2=&#8221;true&#8221; btn_add_icon=&#8221;true&#8221; btn_link=&#8221;url:%23||&#8221; el_class=&#8221;third_bg_color&#8221;][\/vc_cta][\/vc_column][\/vc_row]<\/p>\n<\/div>","protected":false},"excerpt":{"rendered":"<p>[vc_row css=&#8221;.vc_custom_1459506565899{margin-bottom: 100px !important;}&#8221;][vc_column offset=&#8221;vc_col-lg-9 vc_col-md-9&#8243;][vc_column_text css=&#8221;&#8221;]M\u1ed7i th\u00e0nh vi\u00ean c\u1ee7a \u0111\u1ed9i ng\u0169 C\u00f4ng ty Lu\u1eadt Truong \u0111\u1ec1u \u0111\u00f3ng m\u1ed9t vai tr\u00f2 quan tr\u1ecdng trong vi\u1ec7c cung c\u1ea5p c\u00e1c d\u1ecbch v\u1ee5 ph\u00e1p l\u00fd ch\u1ea5t l\u01b0\u1ee3ng cao v\u00e0 \u0111\u1ea3m b\u1ea3o s\u1ef1 h\u00e0i l\u00f2ng c\u1ee7a kh\u00e1ch h\u00e0ng. Chuy\u00ean m\u00f4n v\u00e0 s\u1ef1 t\u1eadn t\u00e2m t\u1eadp th\u1ec3 c\u1ee7a h\u1ecd l\u00e0m<\/p>\n","protected":false},"author":1,"featured_media":0,"parent":0,"menu_order":0,"comment_status":"closed","ping_status":"closed","template":"","meta":{"footnotes":""},"class_list":["post-462","page","type-page","status-publish","hentry"],"yoast_head":"<!-- This site is optimized with the Yoast SEO Premium plugin v24.2 (Yoast SEO v24.2) - https:\/\/yoast.com\/wordpress\/plugins\/seo\/ -->\n<title>\u0110\u1ed9i Ng\u0169 - Truong Law Firm, PLLC<\/title>\n<meta name=\"robots\" content=\"index, follow, max-snippet:-1, max-image-preview:large, max-video-preview:-1\" \/>\n<link rel=\"canonical\" href=\"https:\/\/truonglegal.com\/vi\/doi-ngu\/\" \/>\n<meta property=\"og:locale\" content=\"vi_VN\" \/>\n<meta property=\"og:type\" content=\"article\" \/>\n<meta property=\"og:title\" content=\"\u0110\u1ed9i Ng\u0169\" \/>\n<meta property=\"og:description\" content=\"[vc_row css=&#8221;.vc_custom_1459506565899{margin-bottom: 100px !important;}&#8221;][vc_column offset=&#8221;vc_col-lg-9 vc_col-md-9&#8243;][vc_column_text css=&#8221;&#8221;]M\u1ed7i th\u00e0nh vi\u00ean c\u1ee7a \u0111\u1ed9i ng\u0169 C\u00f4ng ty Lu\u1eadt Truong \u0111\u1ec1u \u0111\u00f3ng m\u1ed9t vai tr\u00f2 quan tr\u1ecdng trong vi\u1ec7c cung c\u1ea5p c\u00e1c d\u1ecbch v\u1ee5 ph\u00e1p l\u00fd ch\u1ea5t l\u01b0\u1ee3ng cao v\u00e0 \u0111\u1ea3m b\u1ea3o s\u1ef1 h\u00e0i l\u00f2ng c\u1ee7a kh\u00e1ch h\u00e0ng. Chuy\u00ean m\u00f4n v\u00e0 s\u1ef1 t\u1eadn t\u00e2m t\u1eadp th\u1ec3 c\u1ee7a h\u1ecd l\u00e0m\" \/>\n<meta property=\"og:url\" content=\"https:\/\/truonglegal.com\/vi\/doi-ngu\/\" \/>\n<meta property=\"og:site_name\" content=\"Truong Law Firm, PLLC\" \/>\n<meta property=\"article:modified_time\" content=\"2025-10-06T05:00:04+00:00\" \/>\n<meta name=\"twitter:card\" content=\"summary_large_image\" \/>\n<meta name=\"twitter:label1\" content=\"\u01af\u1edbc t\u00ednh th\u1eddi gian \u0111\u1ecdc\" \/>\n\t<meta name=\"twitter:data1\" content=\"5 ph\u00fat\" \/>\n<script type=\"application\/ld+json\" class=\"yoast-schema-graph\">{\"@context\":\"https:\/\/schema.org\",\"@graph\":[{\"@type\":\"WebPage\",\"@id\":\"https:\/\/truonglegal.com\/vi\/doi-ngu\/\",\"url\":\"https:\/\/truonglegal.com\/vi\/doi-ngu\/\",\"name\":\"\u0110\u1ed9i Ng\u0169 - Truong Law Firm, PLLC\",\"isPartOf\":{\"@id\":\"https:\/\/truonglegal.com\/vi\/#website\"},\"datePublished\":\"2016-01-08T11:28:46+00:00\",\"dateModified\":\"2025-10-06T05:00:04+00:00\",\"breadcrumb\":{\"@id\":\"https:\/\/truonglegal.com\/vi\/doi-ngu\/#breadcrumb\"},\"inLanguage\":\"vi\",\"potentialAction\":[{\"@type\":\"ReadAction\",\"target\":[\"https:\/\/truonglegal.com\/vi\/doi-ngu\/\"]}]},{\"@type\":\"BreadcrumbList\",\"@id\":\"https:\/\/truonglegal.com\/vi\/doi-ngu\/#breadcrumb\",\"itemListElement\":[{\"@type\":\"ListItem\",\"position\":1,\"name\":\"Home\",\"item\":\"https:\/\/truonglegal.com\/vi\/\"},{\"@type\":\"ListItem\",\"position\":2,\"name\":\"\u0110\u1ed9i Ng\u0169\"}]},{\"@type\":\"WebSite\",\"@id\":\"https:\/\/truonglegal.com\/vi\/#website\",\"url\":\"https:\/\/truonglegal.com\/vi\/\",\"name\":\"Truong Law Firm, PLLC\",\"description\":\"\",\"potentialAction\":[{\"@type\":\"SearchAction\",\"target\":{\"@type\":\"EntryPoint\",\"urlTemplate\":\"https:\/\/truonglegal.com\/vi\/?s={search_term_string}\"},\"query-input\":{\"@type\":\"PropertyValueSpecification\",\"valueRequired\":true,\"valueName\":\"search_term_string\"}}],\"inLanguage\":\"vi\"}]}<\/script>\n<!-- \/ Yoast SEO Premium plugin. -->","yoast_head_json":{"title":"\u0110\u1ed9i Ng\u0169 - Truong Law Firm, PLLC","robots":{"index":"index","follow":"follow","max-snippet":"max-snippet:-1","max-image-preview":"max-image-preview:large","max-video-preview":"max-video-preview:-1"},"canonical":"https:\/\/truonglegal.com\/vi\/doi-ngu\/","og_locale":"vi_VN","og_type":"article","og_title":"\u0110\u1ed9i Ng\u0169","og_description":"[vc_row css=&#8221;.vc_custom_1459506565899{margin-bottom: 100px !important;}&#8221;][vc_column offset=&#8221;vc_col-lg-9 vc_col-md-9&#8243;][vc_column_text css=&#8221;&#8221;]M\u1ed7i th\u00e0nh vi\u00ean c\u1ee7a \u0111\u1ed9i ng\u0169 C\u00f4ng ty Lu\u1eadt Truong \u0111\u1ec1u \u0111\u00f3ng m\u1ed9t vai tr\u00f2 quan tr\u1ecdng trong vi\u1ec7c cung c\u1ea5p c\u00e1c d\u1ecbch v\u1ee5 ph\u00e1p l\u00fd ch\u1ea5t l\u01b0\u1ee3ng cao v\u00e0 \u0111\u1ea3m b\u1ea3o s\u1ef1 h\u00e0i l\u00f2ng c\u1ee7a kh\u00e1ch h\u00e0ng. Chuy\u00ean m\u00f4n v\u00e0 s\u1ef1 t\u1eadn t\u00e2m t\u1eadp th\u1ec3 c\u1ee7a h\u1ecd l\u00e0m","og_url":"https:\/\/truonglegal.com\/vi\/doi-ngu\/","og_site_name":"Truong Law Firm, PLLC","article_modified_time":"2025-10-06T05:00:04+00:00","twitter_card":"summary_large_image","twitter_misc":{"\u01af\u1edbc t\u00ednh th\u1eddi gian \u0111\u1ecdc":"5 ph\u00fat"},"schema":{"@context":"https:\/\/schema.org","@graph":[{"@type":"WebPage","@id":"https:\/\/truonglegal.com\/vi\/doi-ngu\/","url":"https:\/\/truonglegal.com\/vi\/doi-ngu\/","name":"\u0110\u1ed9i Ng\u0169 - Truong Law Firm, PLLC","isPartOf":{"@id":"https:\/\/truonglegal.com\/vi\/#website"},"datePublished":"2016-01-08T11:28:46+00:00","dateModified":"2025-10-06T05:00:04+00:00","breadcrumb":{"@id":"https:\/\/truonglegal.com\/vi\/doi-ngu\/#breadcrumb"},"inLanguage":"vi","potentialAction":[{"@type":"ReadAction","target":["https:\/\/truonglegal.com\/vi\/doi-ngu\/"]}]},{"@type":"BreadcrumbList","@id":"https:\/\/truonglegal.com\/vi\/doi-ngu\/#breadcrumb","itemListElement":[{"@type":"ListItem","position":1,"name":"Home","item":"https:\/\/truonglegal.com\/vi\/"},{"@type":"ListItem","position":2,"name":"\u0110\u1ed9i Ng\u0169"}]},{"@type":"WebSite","@id":"https:\/\/truonglegal.com\/vi\/#website","url":"https:\/\/truonglegal.com\/vi\/","name":"Truong Law Firm, PLLC","description":"","potentialAction":[{"@type":"SearchAction","target":{"@type":"EntryPoint","urlTemplate":"https:\/\/truonglegal.com\/vi\/?s={search_term_string}"},"query-input":{"@type":"PropertyValueSpecification","valueRequired":true,"valueName":"search_term_string"}}],"inLanguage":"vi"}]}},"_links":{"self":[{"href":"https:\/\/truonglegal.com\/vi\/wp-json\/wp\/v2\/pages\/462","targetHints":{"allow":["GET"]}}],"collection":[{"href":"https:\/\/truonglegal.com\/vi\/wp-json\/wp\/v2\/pages"}],"about":[{"href":"https:\/\/truonglegal.com\/vi\/wp-json\/wp\/v2\/types\/page"}],"author":[{"embeddable":true,"href":"https:\/\/truonglegal.com\/vi\/wp-json\/wp\/v2\/users\/1"}],"replies":[{"embeddable":true,"href":"https:\/\/truonglegal.com\/vi\/wp-json\/wp\/v2\/comments?post=462"}],"version-history":[{"count":6,"href":"https:\/\/truonglegal.com\/vi\/wp-json\/wp\/v2\/pages\/462\/revisions"}],"predecessor-version":[{"id":9077,"href":"https:\/\/truonglegal.com\/vi\/wp-json\/wp\/v2\/pages\/462\/revisions\/9077"}],"wp:attachment":[{"href":"https:\/\/truonglegal.com\/vi\/wp-json\/wp\/v2\/media?parent=462"}],"curies":[{"name":"wp","href":"https:\/\/api.w.org\/{rel}","templated":true}]}}