{"id":6168,"date":"2019-11-21T12:03:42","date_gmt":"2019-11-21T12:03:42","guid":{"rendered":"http:\/\/consulting.stylemixthemes.com\/demo\/?page_id=6168"},"modified":"2025-05-09T09:58:15","modified_gmt":"2025-05-09T02:58:15","slug":"faq","status":"publish","type":"page","link":"https:\/\/truonglegal.com\/vi\/faq\/","title":{"rendered":"FAQ"},"content":{"rendered":"<div class=\"wpb-content-wrapper\"><p>[vc_row][vc_column offset=&#8221;vc_col-lg-8 vc_col-md-8&#8243;][vc_custom_heading text=&#8221;C\u00e2u h\u1ecfi chung&#8221; font_container=&#8221;tag:h5|text_align:left|color:%23002e5b&#8221; use_theme_fonts=&#8221;yes&#8221; css=&#8221;.vc_custom_1746757574537{border-bottom-width: -20px !important;}&#8221;][vc_tta_accordion shape=&#8221;round&#8221; c_position=&#8221;right&#8221; active_section=&#8221;1&#8243;][vc_tta_section title=&#8221;L\u00e0m th\u1ebf n\u00e0o \u0111\u1ec3 t\u00f4i b\u1eaft \u0111\u1ea7u quy tr\u00ecnh n\u1ed9p \u0111\u01a1n?&#8221; tab_id=&#8221;1736245103381-12322a34-0a83&#8243;][vc_column_text css=&#8221;&#8221;]\u0110\u1ec3 b\u1eaft \u0111\u1ea7u quy tr\u00ecnh n\u1ed9p \u0111\u01a1n, b\u1ea1n c\u1ea7n li\u00ean h\u1ec7 v\u1edbi ch\u00fang t\u00f4i v\u00e0 \u0111i\u1ec1n v\u00e0o H\u1ed3 s\u01a1 Ti\u1ebfp nh\u1eadn \u0111\u01b0\u1ee3c cung c\u1ea5p. Sau khi n\u1ed9p, nh\u00f3m c\u1ee7a ch\u00fang t\u00f4i s\u1ebd xem x\u00e9t v\u00e0 ti\u1ebfn h\u00e0nh c\u00e1c b\u01b0\u1edbc ti\u1ebfp theo.[\/vc_column_text][\/vc_tta_section][vc_tta_section title=&#8221;Nh\u1eefng t\u00e0i li\u1ec7u n\u00e0o \u0111\u01b0\u1ee3c y\u00eau c\u1ea7u cho vi\u1ec7c n\u1ed9p \u0111\u01a1n?&#8221; tab_id=&#8221;1574338209493-2bde497c-9fb4&#8243;][vc_column_text css=&#8221;&#8221;]Th\u00f4ng th\u01b0\u1eddng, b\u1ea1n s\u1ebd c\u1ea7n cung c\u1ea5p c\u00e1c gi\u1ea5y t\u1edd t\u00f9y th\u00e2n, b\u1eb1ng ch\u1ee9ng c\u01b0 tr\u00fa v\u00e0 b\u1ea5t k\u1ef3 ch\u1ee9ng ch\u1ec9 ho\u1eb7c b\u1ea3ng \u0111i\u1ec3m li\u00ean quan n\u00e0o. C\u00e1c y\u00eau c\u1ea7u c\u1ee5 th\u1ec3 c\u00f3 th\u1ec3 kh\u00e1c nhau t\u00f9y thu\u1ed9c v\u00e0o lo\u1ea1i \u0111\u01a1n \u0111\u0103ng k\u00fd.[\/vc_column_text][\/vc_tta_section][vc_tta_section title=&#8221;M\u1ea5t bao l\u00e2u \u0111\u1ec3 x\u1eed l\u00fd \u0111\u01a1n \u0111\u0103ng k\u00fd c\u1ee7a t\u00f4i?&#8221; tab_id=&#8221;1574338208492-e38519b2-252c&#8221;][vc_column_text css=&#8221;&#8221;]Th\u1eddi gian x\u1eed l\u00fd kh\u00e1c nhau t\u00f9y thu\u1ed9c v\u00e0o \u0111\u1ed9 ph\u1ee9c t\u1ea1p c\u1ee7a h\u1ed3 s\u01a1 c\u1ee7a b\u1ea1n. Th\u00f4ng th\u01b0\u1eddng, m\u1ea5t kho\u1ea3ng 2-4 tu\u1ea7n. Ch\u00fang t\u00f4i s\u1ebd th\u00f4ng b\u00e1o cho b\u1ea1n ngay khi c\u00f3 quy\u1ebft \u0111\u1ecbnh.[\/vc_column_text][\/vc_tta_section][vc_tta_section title=&#8221;T\u00f4i c\u00f3 th\u1ec3 theo d\u00f5i tr\u1ea1ng th\u00e1i \u0111\u01a1n \u0111\u0103ng k\u00fd c\u1ee7a m\u00ecnh tr\u1ef1c tuy\u1ebfn kh\u00f4ng?&#8221; tab_id=&#8221;1574338207987-d1d0ac2b-e38b&#8221;][vc_column_text css=&#8221;&#8221;]C\u00f3, b\u1ea1n c\u00f3 th\u1ec3 theo d\u00f5i tr\u1ea1ng th\u00e1i \u0111\u01a1n \u0111\u0103ng k\u00fd c\u1ee7a m\u00ecnh th\u00f4ng qua c\u1ed5ng th\u00f4ng tin tr\u1ef1c tuy\u1ebfn b\u1eb1ng s\u1ed1 \u0111\u01a1n \u0111\u0103ng k\u00fd duy nh\u1ea5t \u0111\u01b0\u1ee3c cung c\u1ea5p cho b\u1ea1n t\u1ea1i th\u1eddi \u0111i\u1ec3m n\u1ed9p.[\/vc_column_text][\/vc_tta_section][\/vc_tta_accordion][vc_custom_heading text=&#8221;Thanh to\u00e1n v\u00e0 Ph\u00ed&#8221; font_container=&#8221;tag:h5|text_align:left|color:%23002e5b&#8221; use_theme_fonts=&#8221;yes&#8221; css=&#8221;.vc_custom_1746758945199{border-bottom-width: -20px !important;}&#8221;][vc_tta_accordion shape=&#8221;round&#8221; c_position=&#8221;right&#8221; active_section=&#8221;1&#8243;][vc_tta_section title=&#8221;C\u00e1c ph\u01b0\u01a1ng th\u1ee9c thanh to\u00e1n hi\u1ec7n c\u00f3 l\u00e0 g\u00ec?&#8221; tab_id=&#8221;1736245111890-bf96ddbe-dbeb&#8221;][vc_column_text css=&#8221;&#8221;]Ch\u00fang t\u00f4i ch\u1ea5p nh\u1eadn nhi\u1ec1u ph\u01b0\u01a1ng th\u1ee9c thanh to\u00e1n kh\u00e1c nhau bao g\u1ed3m th\u1ebb t\u00edn d\u1ee5ng\/th\u1ebb ghi n\u1ee3, chuy\u1ec3n kho\u1ea3n ng\u00e2n h\u00e0ng v\u00e0 c\u00e1c d\u1ecbch v\u1ee5 thanh to\u00e1n tr\u1ef1c tuy\u1ebfn nh\u01b0 Zelle. Vui l\u00f2ng tham kh\u1ea3o trang t\u00f9y ch\u1ecdn thanh to\u00e1n c\u1ee7a ch\u00fang t\u00f4i \u0111\u1ec3 bi\u1ebft th\u00f4ng tin chi ti\u1ebft.[\/vc_column_text][\/vc_tta_section][vc_tta_section title=&#8221;C\u00f3 b\u1ea5t k\u1ef3 kho\u1ea3n ph\u00ed b\u1ed5 sung n\u00e0o ngo\u00e0i ph\u00ed \u0111\u0103ng k\u00fd kh\u00f4ng?&#8221; tab_id=&#8221;1736245111905-362ad360-c42d&#8221;][vc_column_text css=&#8221;&#8221;]C\u00e1c kho\u1ea3n ph\u00ed b\u1ed5 sung c\u00f3 th\u1ec3 \u00e1p d\u1ee5ng cho vi\u1ec7c x\u1eed l\u00fd nhanh, ch\u1ee9ng nh\u1eadn t\u00e0i li\u1ec7u v\u00e0 v\u1eadn chuy\u1ec3n. T\u1ea5t c\u1ea3 c\u00e1c kho\u1ea3n ph\u00ed \u00e1p d\u1ee5ng s\u1ebd \u0111\u01b0\u1ee3c n\u00eau r\u00f5 trong qu\u00e1 tr\u00ecnh \u0111\u0103ng k\u00fd.[\/vc_column_text][\/vc_tta_section][vc_tta_section title=&#8221;T\u00f4i c\u00f3 th\u1ec3 \u0111\u01b0\u1ee3c ho\u00e0n ti\u1ec1n n\u1ebfu \u0111\u01a1n \u0111\u0103ng k\u00fd c\u1ee7a t\u00f4i b\u1ecb t\u1eeb ch\u1ed1i kh\u00f4ng?&#8221; tab_id=&#8221;1736245111918-7a243bff-eb0d&#8221;][vc_column_text css=&#8221;&#8221;]Ph\u00ed \u0111\u0103ng k\u00fd th\u01b0\u1eddng kh\u00f4ng \u0111\u01b0\u1ee3c ho\u00e0n l\u1ea1i. Tuy nhi\u00ean, n\u1ebfu c\u00f3 l\u1ed7i t\u1eeb ph\u00eda ch\u00fang t\u00f4i, ch\u00fang t\u00f4i s\u1ebd xem x\u00e9t tr\u01b0\u1eddng h\u1ee3p v\u00e0 c\u00f3 th\u1ec3 ho\u00e0n ti\u1ec1n theo quy\u1ebft \u0111\u1ecbnh c\u1ee7a m\u00ecnh.[\/vc_column_text][\/vc_tta_section][\/vc_tta_accordion][vc_custom_heading text=&#8221;C\u00e1c t\u00ecnh hu\u1ed1ng c\u1ee5 th\u1ec3&#8221; font_container=&#8221;tag:h5|text_align:left|color:%23002e5b&#8221; use_theme_fonts=&#8221;yes&#8221; css=&#8221;.vc_custom_1746759176753{margin-top: 40px !important;border-bottom-width: -20px !important;}&#8221;][vc_tta_accordion shape=&#8221;round&#8221; c_position=&#8221;right&#8221; active_section=&#8221;1&#8243;][vc_tta_section title=&#8221;T\u00f4i n\u00ean l\u00e0m g\u00ec n\u1ebfu t\u00f4i m\u1eafc l\u1ed7i trong \u0111\u01a1n \u0111\u0103ng k\u00fd c\u1ee7a m\u00ecnh?&#8221; tab_id=&#8221;1736245239880-d7528aa1-441d&#8221;][vc_column_text css=&#8221;&#8221;]N\u1ebfu b\u1ea1n nh\u1eadn th\u1ea5y l\u1ed7i trong \u0111\u01a1n \u0111\u0103ng k\u00fd c\u1ee7a m\u00ecnh, vui l\u00f2ng li\u00ean h\u1ec7 ngay v\u1edbi b\u1ed9 ph\u1eadn h\u1ed7 tr\u1ee3 c\u1ee7a ch\u00fang t\u00f4i. Ch\u00fang t\u00f4i s\u1ebd h\u1ed7 tr\u1ee3 b\u1ea1n s\u1eeda th\u00f4ng tin tr\u01b0\u1edbc khi qu\u00e1 tr\u00ecnh x\u1eed l\u00fd b\u1eaft \u0111\u1ea7u.[\/vc_column_text][\/vc_tta_section][vc_tta_section title=&#8221;L\u00e0m th\u1ebf n\u00e0o \u0111\u1ec3 t\u00f4i kh\u00e1ng c\u00e1o m\u1ed9t \u0111\u01a1n \u0111\u0103ng k\u00fd b\u1ecb t\u1eeb ch\u1ed1i?&#8221; tab_id=&#8221;1736245239896-63e7bcc2-459f&#8221;][vc_column_text css=&#8221;&#8221;]N\u1ebfu \u0111\u01a1n \u0111\u0103ng k\u00fd c\u1ee7a b\u1ea1n b\u1ecb t\u1eeb ch\u1ed1i, b\u1ea1n s\u1ebd nh\u1eadn \u0111\u01b0\u1ee3c th\u00f4ng b\u00e1o gi\u1ea3i th\u00edch l\u00fd do t\u1eeb ch\u1ed1i. B\u1ea1n c\u00f3 th\u1ec3 g\u1eedi \u0111\u01a1n kh\u00e1ng c\u00e1o trong v\u00f2ng 30 ng\u00e0y k\u1ec3 t\u1eeb ng\u00e0y nh\u1eadn \u0111\u01b0\u1ee3c th\u00f4ng b\u00e1o t\u1eeb ch\u1ed1i. H\u01b0\u1edbng d\u1eabn chi ti\u1ebft v\u1ec1 c\u00e1ch kh\u00e1ng c\u00e1o s\u1ebd \u0111\u01b0\u1ee3c cung c\u1ea5p trong th\u00f4ng b\u00e1o t\u1eeb ch\u1ed1i.[\/vc_column_text][\/vc_tta_section][vc_tta_section title=&#8221;T\u00f4i c\u00f3 th\u1ec3 \u0111\u0103ng k\u00fd nhi\u1ec1u d\u1ecbch v\u1ee5 c\u00f9ng m\u1ed9t l\u00fac kh\u00f4ng?&#8221; tab_id=&#8221;1736245239911-1e08b6f0-3f0d&#8221;][vc_column_text css=&#8221;&#8221;]C\u00f3, b\u1ea1n c\u00f3 th\u1ec3 \u0111\u0103ng k\u00fd nhi\u1ec1u d\u1ecbch v\u1ee5 \u0111\u1ed3ng th\u1eddi. M\u1ed7i d\u1ecbch v\u1ee5 s\u1ebd c\u00f3 m\u1eabu \u0111\u01a1n \u0111\u0103ng k\u00fd v\u00e0 c\u00e1c y\u00eau c\u1ea7u ri\u00eang, c\u1ea7n \u0111\u01b0\u1ee3c ho\u00e0n th\u00e0nh ri\u00eang bi\u1ec7t.[\/vc_column_text][\/vc_tta_section][\/vc_tta_accordion][vc_custom_heading text=&#8221;Li\u00ean h\u1ec7 v\u00e0 H\u1ed7 tr\u1ee3&#8221; font_container=&#8221;tag:h5|text_align:left|color:%23002e5b&#8221; use_theme_fonts=&#8221;yes&#8221; css=&#8221;.vc_custom_1746759449353{margin-top: 40px !important;border-bottom-width: -20px !important;}&#8221;][vc_tta_accordion shape=&#8221;round&#8221; c_position=&#8221;right&#8221; active_section=&#8221;1&#8243;][vc_tta_section title=&#8221;L\u00e0m c\u00e1ch n\u00e0o \u0111\u1ec3 t\u00f4i li\u00ean h\u1ec7 v\u1edbi b\u1ed9 ph\u1eadn h\u1ed7 tr\u1ee3 kh\u00e1ch h\u00e0ng?&#8221; tab_id=&#8221;1736245302580-2f3deba4-f786&#8243;][vc_column_text css=&#8221;&#8221;]B\u1ea1n c\u00f3 th\u1ec3 li\u00ean h\u1ec7 v\u1edbi b\u1ed9 ph\u1eadn h\u1ed7 tr\u1ee3 kh\u00e1ch h\u00e0ng c\u1ee7a ch\u00fang t\u00f4i qua email t\u1ea1i info@turonglegal.com ho\u1eb7c g\u1ecdi cho ch\u00fang t\u00f4i theo s\u1ed1 \u0111i\u1ec7n tho\u1ea1i t\u1ea1i Hoa K\u1ef3: + (1) 713 561 5595 \/ \u0110i\u1ec7n tho\u1ea1i Vi\u1ec7t Nam: (+84) 988 792 023. Gi\u1edd l\u00e0m vi\u1ec7c h\u1ed7 tr\u1ee3 c\u1ee7a ch\u00fang t\u00f4i l\u00e0 t\u1eeb Th\u1ee9 Hai \u0111\u1ebfn Th\u1ee9 S\u00e1u, 9 gi\u1edd s\u00e1ng \u0111\u1ebfn 5 gi\u1edd chi\u1ec1u.[\/vc_column_text][\/vc_tta_section][vc_tta_section title=&#8221;T\u00f4i c\u00f3 th\u1ec3 t\u00ecm th\u00eam th\u00f4ng tin v\u1ec1 c\u00e1c d\u1ecbch v\u1ee5 \u0111\u01b0\u1ee3c cung c\u1ea5p \u1edf \u0111\u00e2u?&#8221; tab_id=&#8221;1736245302598-bbf51ee2-bc56&#8243;][vc_column_text css=&#8221;&#8221;]Th\u00f4ng tin chi ti\u1ebft v\u1ec1 t\u1ea5t c\u1ea3 c\u00e1c d\u1ecbch v\u1ee5 c\u1ee7a ch\u00fang t\u00f4i c\u00f3 s\u1eb5n tr\u00ean trang web c\u1ee7a ch\u00fang t\u00f4i trong ph\u1ea7n &#8216;D\u1ecbch v\u1ee5&#8217;. Ngo\u00e0i ra, blog v\u00e0 c\u01a1 s\u1edf ki\u1ebfn th\u1ee9c c\u1ee7a ch\u00fang t\u00f4i ch\u1ee9a c\u00e1c b\u00e0i vi\u1ebft v\u00e0 h\u01b0\u1edbng d\u1eabn v\u1ec1 nhi\u1ec1u ch\u1ee7 \u0111\u1ec1 li\u00ean quan \u0111\u1ebfn d\u1ecbch v\u1ee5 c\u1ee7a ch\u00fang t\u00f4i.[\/vc_column_text][\/vc_tta_section][\/vc_tta_accordion][\/vc_column][vc_column css=&#8221;.vc_custom_1576238094836{padding-right: 30px !important;padding-left: 30px !important;}&#8221; offset=&#8221;vc_col-lg-4 vc_col-md-4&#8243;][stm_sidebar sidebar=&#8221;7327&#8243;][\/vc_column][\/vc_row]<\/p>\n<\/div>","protected":false},"excerpt":{"rendered":"<p>[vc_row][vc_column offset=&#8221;vc_col-lg-8 vc_col-md-8&#8243;][vc_custom_heading text=&#8221;C\u00e2u h\u1ecfi chung&#8221; font_container=&#8221;tag:h5|text_align:left|color:%23002e5b&#8221; use_theme_fonts=&#8221;yes&#8221; css=&#8221;.vc_custom_1746757574537{border-bottom-width: -20px !important;}&#8221;][vc_tta_accordion shape=&#8221;round&#8221; c_position=&#8221;right&#8221; active_section=&#8221;1&#8243;][vc_tta_section title=&#8221;L\u00e0m th\u1ebf n\u00e0o \u0111\u1ec3 t\u00f4i b\u1eaft \u0111\u1ea7u quy tr\u00ecnh n\u1ed9p \u0111\u01a1n?&#8221; tab_id=&#8221;1736245103381-12322a34-0a83&#8243;][vc_column_text css=&#8221;&#8221;]\u0110\u1ec3 b\u1eaft \u0111\u1ea7u quy tr\u00ecnh n\u1ed9p \u0111\u01a1n, b\u1ea1n c\u1ea7n li\u00ean h\u1ec7 v\u1edbi ch\u00fang t\u00f4i v\u00e0 \u0111i\u1ec1n v\u00e0o H\u1ed3 s\u01a1 Ti\u1ebfp nh\u1eadn \u0111\u01b0\u1ee3c cung c\u1ea5p. Sau khi n\u1ed9p, nh\u00f3m c\u1ee7a<\/p>\n","protected":false},"author":1,"featured_media":0,"parent":0,"menu_order":0,"comment_status":"closed","ping_status":"closed","template":"","meta":{"footnotes":""},"class_list":["post-6168","page","type-page","status-publish","hentry"],"yoast_head":"<!-- This site is optimized with the Yoast SEO Premium plugin v24.2 (Yoast SEO v24.2) - https:\/\/yoast.com\/wordpress\/plugins\/seo\/ -->\n<title>FAQ - Truong Law Firm, PLLC<\/title>\n<meta name=\"robots\" content=\"index, follow, max-snippet:-1, max-image-preview:large, max-video-preview:-1\" \/>\n<link rel=\"canonical\" href=\"https:\/\/truonglegal.com\/vi\/faq\/\" \/>\n<meta property=\"og:locale\" content=\"vi_VN\" \/>\n<meta property=\"og:type\" content=\"article\" \/>\n<meta property=\"og:title\" content=\"FAQ\" \/>\n<meta property=\"og:description\" content=\"[vc_row][vc_column offset=&#8221;vc_col-lg-8 vc_col-md-8&#8243;][vc_custom_heading text=&#8221;C\u00e2u h\u1ecfi chung&#8221; font_container=&#8221;tag:h5|text_align:left|color:%23002e5b&#8221; use_theme_fonts=&#8221;yes&#8221; css=&#8221;.vc_custom_1746757574537{border-bottom-width: -20px !important;}&#8221;][vc_tta_accordion shape=&#8221;round&#8221; c_position=&#8221;right&#8221; active_section=&#8221;1&#8243;][vc_tta_section title=&#8221;L\u00e0m th\u1ebf n\u00e0o \u0111\u1ec3 t\u00f4i b\u1eaft \u0111\u1ea7u quy tr\u00ecnh n\u1ed9p \u0111\u01a1n?&#8221; tab_id=&#8221;1736245103381-12322a34-0a83&#8243;][vc_column_text css=&#8221;&#8221;]\u0110\u1ec3 b\u1eaft \u0111\u1ea7u quy tr\u00ecnh n\u1ed9p \u0111\u01a1n, b\u1ea1n c\u1ea7n li\u00ean h\u1ec7 v\u1edbi ch\u00fang t\u00f4i v\u00e0 \u0111i\u1ec1n v\u00e0o H\u1ed3 s\u01a1 Ti\u1ebfp nh\u1eadn \u0111\u01b0\u1ee3c cung c\u1ea5p. Sau khi n\u1ed9p, nh\u00f3m c\u1ee7a\" \/>\n<meta property=\"og:url\" content=\"https:\/\/truonglegal.com\/vi\/faq\/\" \/>\n<meta property=\"og:site_name\" content=\"Truong Law Firm, PLLC\" \/>\n<meta property=\"article:modified_time\" content=\"2025-05-09T02:58:15+00:00\" \/>\n<meta name=\"twitter:card\" content=\"summary_large_image\" \/>\n<meta name=\"twitter:label1\" content=\"\u01af\u1edbc t\u00ednh th\u1eddi gian \u0111\u1ecdc\" \/>\n\t<meta name=\"twitter:data1\" content=\"3 ph\u00fat\" \/>\n<script type=\"application\/ld+json\" class=\"yoast-schema-graph\">{\"@context\":\"https:\/\/schema.org\",\"@graph\":[{\"@type\":\"WebPage\",\"@id\":\"https:\/\/truonglegal.com\/vi\/faq\/\",\"url\":\"https:\/\/truonglegal.com\/vi\/faq\/\",\"name\":\"FAQ - Truong Law Firm, PLLC\",\"isPartOf\":{\"@id\":\"https:\/\/truonglegal.com\/vi\/#website\"},\"datePublished\":\"2019-11-21T12:03:42+00:00\",\"dateModified\":\"2025-05-09T02:58:15+00:00\",\"breadcrumb\":{\"@id\":\"https:\/\/truonglegal.com\/vi\/faq\/#breadcrumb\"},\"inLanguage\":\"vi\",\"potentialAction\":[{\"@type\":\"ReadAction\",\"target\":[\"https:\/\/truonglegal.com\/vi\/faq\/\"]}]},{\"@type\":\"BreadcrumbList\",\"@id\":\"https:\/\/truonglegal.com\/vi\/faq\/#breadcrumb\",\"itemListElement\":[{\"@type\":\"ListItem\",\"position\":1,\"name\":\"Home\",\"item\":\"https:\/\/truonglegal.com\/vi\/\"},{\"@type\":\"ListItem\",\"position\":2,\"name\":\"FAQ\"}]},{\"@type\":\"WebSite\",\"@id\":\"https:\/\/truonglegal.com\/vi\/#website\",\"url\":\"https:\/\/truonglegal.com\/vi\/\",\"name\":\"Truong Law Firm, PLLC\",\"description\":\"\",\"potentialAction\":[{\"@type\":\"SearchAction\",\"target\":{\"@type\":\"EntryPoint\",\"urlTemplate\":\"https:\/\/truonglegal.com\/vi\/?s={search_term_string}\"},\"query-input\":{\"@type\":\"PropertyValueSpecification\",\"valueRequired\":true,\"valueName\":\"search_term_string\"}}],\"inLanguage\":\"vi\"}]}<\/script>\n<!-- \/ Yoast SEO Premium plugin. -->","yoast_head_json":{"title":"FAQ - Truong Law Firm, PLLC","robots":{"index":"index","follow":"follow","max-snippet":"max-snippet:-1","max-image-preview":"max-image-preview:large","max-video-preview":"max-video-preview:-1"},"canonical":"https:\/\/truonglegal.com\/vi\/faq\/","og_locale":"vi_VN","og_type":"article","og_title":"FAQ","og_description":"[vc_row][vc_column offset=&#8221;vc_col-lg-8 vc_col-md-8&#8243;][vc_custom_heading text=&#8221;C\u00e2u h\u1ecfi chung&#8221; font_container=&#8221;tag:h5|text_align:left|color:%23002e5b&#8221; use_theme_fonts=&#8221;yes&#8221; css=&#8221;.vc_custom_1746757574537{border-bottom-width: -20px !important;}&#8221;][vc_tta_accordion shape=&#8221;round&#8221; c_position=&#8221;right&#8221; active_section=&#8221;1&#8243;][vc_tta_section title=&#8221;L\u00e0m th\u1ebf n\u00e0o \u0111\u1ec3 t\u00f4i b\u1eaft \u0111\u1ea7u quy tr\u00ecnh n\u1ed9p \u0111\u01a1n?&#8221; tab_id=&#8221;1736245103381-12322a34-0a83&#8243;][vc_column_text css=&#8221;&#8221;]\u0110\u1ec3 b\u1eaft \u0111\u1ea7u quy tr\u00ecnh n\u1ed9p \u0111\u01a1n, b\u1ea1n c\u1ea7n li\u00ean h\u1ec7 v\u1edbi ch\u00fang t\u00f4i v\u00e0 \u0111i\u1ec1n v\u00e0o H\u1ed3 s\u01a1 Ti\u1ebfp nh\u1eadn \u0111\u01b0\u1ee3c cung c\u1ea5p. Sau khi n\u1ed9p, nh\u00f3m c\u1ee7a","og_url":"https:\/\/truonglegal.com\/vi\/faq\/","og_site_name":"Truong Law Firm, PLLC","article_modified_time":"2025-05-09T02:58:15+00:00","twitter_card":"summary_large_image","twitter_misc":{"\u01af\u1edbc t\u00ednh th\u1eddi gian \u0111\u1ecdc":"3 ph\u00fat"},"schema":{"@context":"https:\/\/schema.org","@graph":[{"@type":"WebPage","@id":"https:\/\/truonglegal.com\/vi\/faq\/","url":"https:\/\/truonglegal.com\/vi\/faq\/","name":"FAQ - Truong Law Firm, PLLC","isPartOf":{"@id":"https:\/\/truonglegal.com\/vi\/#website"},"datePublished":"2019-11-21T12:03:42+00:00","dateModified":"2025-05-09T02:58:15+00:00","breadcrumb":{"@id":"https:\/\/truonglegal.com\/vi\/faq\/#breadcrumb"},"inLanguage":"vi","potentialAction":[{"@type":"ReadAction","target":["https:\/\/truonglegal.com\/vi\/faq\/"]}]},{"@type":"BreadcrumbList","@id":"https:\/\/truonglegal.com\/vi\/faq\/#breadcrumb","itemListElement":[{"@type":"ListItem","position":1,"name":"Home","item":"https:\/\/truonglegal.com\/vi\/"},{"@type":"ListItem","position":2,"name":"FAQ"}]},{"@type":"WebSite","@id":"https:\/\/truonglegal.com\/vi\/#website","url":"https:\/\/truonglegal.com\/vi\/","name":"Truong Law Firm, PLLC","description":"","potentialAction":[{"@type":"SearchAction","target":{"@type":"EntryPoint","urlTemplate":"https:\/\/truonglegal.com\/vi\/?s={search_term_string}"},"query-input":{"@type":"PropertyValueSpecification","valueRequired":true,"valueName":"search_term_string"}}],"inLanguage":"vi"}]}},"_links":{"self":[{"href":"https:\/\/truonglegal.com\/vi\/wp-json\/wp\/v2\/pages\/6168","targetHints":{"allow":["GET"]}}],"collection":[{"href":"https:\/\/truonglegal.com\/vi\/wp-json\/wp\/v2\/pages"}],"about":[{"href":"https:\/\/truonglegal.com\/vi\/wp-json\/wp\/v2\/types\/page"}],"author":[{"embeddable":true,"href":"https:\/\/truonglegal.com\/vi\/wp-json\/wp\/v2\/users\/1"}],"replies":[{"embeddable":true,"href":"https:\/\/truonglegal.com\/vi\/wp-json\/wp\/v2\/comments?post=6168"}],"version-history":[{"count":0,"href":"https:\/\/truonglegal.com\/vi\/wp-json\/wp\/v2\/pages\/6168\/revisions"}],"wp:attachment":[{"href":"https:\/\/truonglegal.com\/vi\/wp-json\/wp\/v2\/media?parent=6168"}],"curies":[{"name":"wp","href":"https:\/\/api.w.org\/{rel}","templated":true}]}}