{"id":7339,"date":"2025-01-07T11:01:30","date_gmt":"2025-01-07T11:01:30","guid":{"rendered":"https:\/\/truonglegal.com\/vi\/?page_id=7339"},"modified":"2025-05-09T10:20:06","modified_gmt":"2025-05-09T03:20:06","slug":"thi-thuc-eb5-l1-faqs","status":"publish","type":"page","link":"https:\/\/truonglegal.com\/vi\/faq\/thi-thuc-eb5-l1-faqs\/","title":{"rendered":"Th\u1ecb th\u1ef1c \u0110\u1ea7u t\u01b0 EB5 v\u00e0 L1 FAQs"},"content":{"rendered":"<div class=\"wpb-content-wrapper\"><p>[vc_row][vc_column offset=&#8221;vc_col-lg-8 vc_col-md-8&#8243;][vc_custom_heading text=&#8221;Th\u1ecb th\u1ef1c \u0110\u1ea7u t\u01b0: EB5 v\u00e0 L1&#8243; font_container=&#8221;tag:h5|text_align:left|color:%23002e5b&#8221; use_theme_fonts=&#8221;yes&#8221; css=&#8221;.vc_custom_1746760681161{border-bottom-width: -20px !important;}&#8221;][vc_tta_accordion shape=&#8221;round&#8221; c_position=&#8221;right&#8221; active_section=&#8221;1&#8243;][vc_tta_section title=&#8221;Th\u1ecb th\u1ef1c EB5 l\u00e0 g\u00ec?&#8221; tab_id=&#8221;1736245103381-12322a34-0a83&#8243;][vc_column_text css=&#8221;&#8221;]Th\u1ecb th\u1ef1c EB5 cho ph\u00e9p c\u00e1c nh\u00e0 \u0111\u1ea7u t\u01b0 c\u00f3 \u0111\u01b0\u1ee3c th\u1ebb xanh b\u1eb1ng c\u00e1ch \u0111\u1ea7u t\u01b0 v\u00e0o m\u1ed9t doanh nghi\u1ec7p Hoa K\u1ef3 v\u00e0 t\u1ea1o vi\u1ec7c l\u00e0m.[\/vc_column_text][\/vc_tta_section][vc_tta_section title=&#8221;M\u1ed9t ng\u01b0\u1eddi c\u00f3 th\u1ec3 ch\u1ee9ng minh ngu\u1ed3n ti\u1ec1n cho th\u1ecb th\u1ef1c EB5 nh\u01b0 th\u1ebf n\u00e0o?&#8221; tab_id=&#8221;1574338209493-2bde497c-9fb4&#8243;][vc_column_text css=&#8221;&#8221;]C\u00e1c b\u1eb1ng ch\u1ee9ng nh\u01b0 t\u1edd khai thu\u1ebf, h\u1ed3 s\u01a1 kinh doanh v\u00e0 sao k\u00ea ng\u00e2n h\u00e0ng c\u00f3 th\u1ec3 \u0111\u01b0\u1ee3c s\u1eed d\u1ee5ng \u0111\u1ec3 ch\u1ee9ng minh ngu\u1ed3n ti\u1ec1n.[\/vc_column_text][\/vc_tta_section][vc_tta_section title=&#8221;Quy tr\u00ecnh n\u1ed9p \u0111\u01a1n xin th\u1ecb th\u1ef1c EB5 l\u00e0 g\u00ec?&#8221; tab_id=&#8221;1574338208492-e38519b2-252c&#8221;][vc_column_text css=&#8221;&#8221;]Quy tr\u00ecnh bao g\u1ed3m vi\u1ec7c ch\u1ecdn m\u1ed9t d\u1ef1 \u00e1n, \u0111\u1ea7u t\u01b0 s\u1ed1 ti\u1ec1n y\u00eau c\u1ea7u, n\u1ed9p M\u1eabu I-526 v\u00e0 tr\u1ea3i qua qu\u00e1 tr\u00ecnh x\u1eed l\u00fd l\u00e3nh s\u1ef1 ho\u1eb7c \u0111i\u1ec1u ch\u1ec9nh t\u00ecnh tr\u1ea1ng.[\/vc_column_text][\/vc_tta_section][vc_tta_section title=&#8221;C\u00e1c c\u00e2u h\u1ecfi th\u01b0\u1eddng g\u1eb7p v\u1ec1 th\u1ecb th\u1ef1c \u0111\u1ea7u t\u01b0 EB5 v\u00e0 L1 l\u00e0 g\u00ec?&#8221; tab_id=&#8221;1574338207987-d1d0ac2b-e38b&#8221;][vc_column_text css=&#8221;&#8221;]C\u00e1c c\u00e2u h\u1ecfi th\u01b0\u1eddng g\u1eb7p bao g\u1ed3m s\u1ef1 kh\u00e1c bi\u1ec7t gi\u1eefa th\u1ecb th\u1ef1c EB5 v\u00e0 L1, s\u1ed1 ti\u1ec1n \u0111\u1ea7u t\u01b0, y\u00eau c\u1ea7u t\u1ea1o vi\u1ec7c l\u00e0m v\u00e0 th\u1eddi gian x\u1eed l\u00fd.[\/vc_column_text][\/vc_tta_section][\/vc_tta_accordion][\/vc_column][vc_column css=&#8221;.vc_custom_1576238094836{padding-right: 30px !important;padding-left: 30px !important;}&#8221; offset=&#8221;vc_col-lg-4 vc_col-md-4&#8243;][stm_sidebar sidebar=&#8221;7327&#8243;][\/vc_column][\/vc_row]<\/p>\n<\/div>","protected":false},"excerpt":{"rendered":"<p>[vc_row][vc_column offset=&#8221;vc_col-lg-8 vc_col-md-8&#8243;][vc_custom_heading text=&#8221;Th\u1ecb th\u1ef1c \u0110\u1ea7u t\u01b0: EB5 v\u00e0 L1&#8243; font_container=&#8221;tag:h5|text_align:left|color:%23002e5b&#8221; use_theme_fonts=&#8221;yes&#8221; css=&#8221;.vc_custom_1746760681161{border-bottom-width: -20px !important;}&#8221;][vc_tta_accordion shape=&#8221;round&#8221; c_position=&#8221;right&#8221; active_section=&#8221;1&#8243;][vc_tta_section title=&#8221;Th\u1ecb th\u1ef1c EB5 l\u00e0 g\u00ec?&#8221; tab_id=&#8221;1736245103381-12322a34-0a83&#8243;][vc_column_text css=&#8221;&#8221;]Th\u1ecb th\u1ef1c EB5 cho ph\u00e9p c\u00e1c nh\u00e0 \u0111\u1ea7u t\u01b0 c\u00f3 \u0111\u01b0\u1ee3c th\u1ebb xanh b\u1eb1ng c\u00e1ch \u0111\u1ea7u t\u01b0 v\u00e0o m\u1ed9t doanh nghi\u1ec7p Hoa K\u1ef3 v\u00e0 t\u1ea1o vi\u1ec7c l\u00e0m.[\/vc_column_text][\/vc_tta_section][vc_tta_section title=&#8221;M\u1ed9t ng\u01b0\u1eddi c\u00f3 th\u1ec3<\/p>\n","protected":false},"author":1,"featured_media":0,"parent":6168,"menu_order":0,"comment_status":"closed","ping_status":"closed","template":"","meta":{"footnotes":""},"class_list":["post-7339","page","type-page","status-publish","hentry"],"yoast_head":"<!-- This site is optimized with the Yoast SEO Premium plugin v24.2 (Yoast SEO v24.2) - https:\/\/yoast.com\/wordpress\/plugins\/seo\/ -->\n<title>Th\u1ecb th\u1ef1c \u0110\u1ea7u t\u01b0 EB5 v\u00e0 L1 FAQs - Truong Law Firm, PLLC<\/title>\n<meta name=\"robots\" content=\"index, follow, max-snippet:-1, max-image-preview:large, max-video-preview:-1\" \/>\n<link rel=\"canonical\" href=\"https:\/\/truonglegal.com\/vi\/faq\/thi-thuc-eb5-l1-faqs\/\" \/>\n<meta property=\"og:locale\" content=\"vi_VN\" \/>\n<meta property=\"og:type\" content=\"article\" \/>\n<meta property=\"og:title\" content=\"Th\u1ecb th\u1ef1c \u0110\u1ea7u t\u01b0 EB5 v\u00e0 L1 FAQs\" \/>\n<meta property=\"og:description\" content=\"[vc_row][vc_column offset=&#8221;vc_col-lg-8 vc_col-md-8&#8243;][vc_custom_heading text=&#8221;Th\u1ecb th\u1ef1c \u0110\u1ea7u t\u01b0: EB5 v\u00e0 L1&#8243; font_container=&#8221;tag:h5|text_align:left|color:%23002e5b&#8221; use_theme_fonts=&#8221;yes&#8221; css=&#8221;.vc_custom_1746760681161{border-bottom-width: -20px !important;}&#8221;][vc_tta_accordion shape=&#8221;round&#8221; c_position=&#8221;right&#8221; active_section=&#8221;1&#8243;][vc_tta_section title=&#8221;Th\u1ecb th\u1ef1c EB5 l\u00e0 g\u00ec?&#8221; tab_id=&#8221;1736245103381-12322a34-0a83&#8243;][vc_column_text css=&#8221;&#8221;]Th\u1ecb th\u1ef1c EB5 cho ph\u00e9p c\u00e1c nh\u00e0 \u0111\u1ea7u t\u01b0 c\u00f3 \u0111\u01b0\u1ee3c th\u1ebb xanh b\u1eb1ng c\u00e1ch \u0111\u1ea7u t\u01b0 v\u00e0o m\u1ed9t doanh nghi\u1ec7p Hoa K\u1ef3 v\u00e0 t\u1ea1o vi\u1ec7c l\u00e0m.[\/vc_column_text][\/vc_tta_section][vc_tta_section title=&#8221;M\u1ed9t ng\u01b0\u1eddi c\u00f3 th\u1ec3\" \/>\n<meta property=\"og:url\" content=\"https:\/\/truonglegal.com\/vi\/faq\/thi-thuc-eb5-l1-faqs\/\" \/>\n<meta property=\"og:site_name\" content=\"Truong Law Firm, PLLC\" \/>\n<meta property=\"article:modified_time\" content=\"2025-05-09T03:20:06+00:00\" \/>\n<meta name=\"twitter:card\" content=\"summary_large_image\" \/>\n<meta name=\"twitter:label1\" content=\"\u01af\u1edbc t\u00ednh th\u1eddi gian \u0111\u1ecdc\" \/>\n\t<meta name=\"twitter:data1\" content=\"1 ph\u00fat\" \/>\n<script type=\"application\/ld+json\" class=\"yoast-schema-graph\">{\"@context\":\"https:\/\/schema.org\",\"@graph\":[{\"@type\":\"WebPage\",\"@id\":\"https:\/\/truonglegal.com\/vi\/faq\/thi-thuc-eb5-l1-faqs\/\",\"url\":\"https:\/\/truonglegal.com\/vi\/faq\/thi-thuc-eb5-l1-faqs\/\",\"name\":\"Th\u1ecb th\u1ef1c \u0110\u1ea7u t\u01b0 EB5 v\u00e0 L1 FAQs - Truong Law Firm, PLLC\",\"isPartOf\":{\"@id\":\"https:\/\/truonglegal.com\/vi\/#website\"},\"datePublished\":\"2025-01-07T11:01:30+00:00\",\"dateModified\":\"2025-05-09T03:20:06+00:00\",\"breadcrumb\":{\"@id\":\"https:\/\/truonglegal.com\/vi\/faq\/thi-thuc-eb5-l1-faqs\/#breadcrumb\"},\"inLanguage\":\"vi\",\"potentialAction\":[{\"@type\":\"ReadAction\",\"target\":[\"https:\/\/truonglegal.com\/vi\/faq\/thi-thuc-eb5-l1-faqs\/\"]}]},{\"@type\":\"BreadcrumbList\",\"@id\":\"https:\/\/truonglegal.com\/vi\/faq\/thi-thuc-eb5-l1-faqs\/#breadcrumb\",\"itemListElement\":[{\"@type\":\"ListItem\",\"position\":1,\"name\":\"Home\",\"item\":\"https:\/\/truonglegal.com\/vi\/\"},{\"@type\":\"ListItem\",\"position\":2,\"name\":\"FAQ\",\"item\":\"https:\/\/truonglegal.com\/vi\/faq\/\"},{\"@type\":\"ListItem\",\"position\":3,\"name\":\"Th\u1ecb th\u1ef1c \u0110\u1ea7u t\u01b0 EB5 v\u00e0 L1 FAQs\"}]},{\"@type\":\"WebSite\",\"@id\":\"https:\/\/truonglegal.com\/vi\/#website\",\"url\":\"https:\/\/truonglegal.com\/vi\/\",\"name\":\"Truong Law Firm, PLLC\",\"description\":\"\",\"potentialAction\":[{\"@type\":\"SearchAction\",\"target\":{\"@type\":\"EntryPoint\",\"urlTemplate\":\"https:\/\/truonglegal.com\/vi\/?s={search_term_string}\"},\"query-input\":{\"@type\":\"PropertyValueSpecification\",\"valueRequired\":true,\"valueName\":\"search_term_string\"}}],\"inLanguage\":\"vi\"}]}<\/script>\n<!-- \/ Yoast SEO Premium plugin. -->","yoast_head_json":{"title":"Th\u1ecb th\u1ef1c \u0110\u1ea7u t\u01b0 EB5 v\u00e0 L1 FAQs - Truong Law Firm, PLLC","robots":{"index":"index","follow":"follow","max-snippet":"max-snippet:-1","max-image-preview":"max-image-preview:large","max-video-preview":"max-video-preview:-1"},"canonical":"https:\/\/truonglegal.com\/vi\/faq\/thi-thuc-eb5-l1-faqs\/","og_locale":"vi_VN","og_type":"article","og_title":"Th\u1ecb th\u1ef1c \u0110\u1ea7u t\u01b0 EB5 v\u00e0 L1 FAQs","og_description":"[vc_row][vc_column offset=&#8221;vc_col-lg-8 vc_col-md-8&#8243;][vc_custom_heading text=&#8221;Th\u1ecb th\u1ef1c \u0110\u1ea7u t\u01b0: EB5 v\u00e0 L1&#8243; font_container=&#8221;tag:h5|text_align:left|color:%23002e5b&#8221; use_theme_fonts=&#8221;yes&#8221; css=&#8221;.vc_custom_1746760681161{border-bottom-width: -20px !important;}&#8221;][vc_tta_accordion shape=&#8221;round&#8221; c_position=&#8221;right&#8221; active_section=&#8221;1&#8243;][vc_tta_section title=&#8221;Th\u1ecb th\u1ef1c EB5 l\u00e0 g\u00ec?&#8221; tab_id=&#8221;1736245103381-12322a34-0a83&#8243;][vc_column_text css=&#8221;&#8221;]Th\u1ecb th\u1ef1c EB5 cho ph\u00e9p c\u00e1c nh\u00e0 \u0111\u1ea7u t\u01b0 c\u00f3 \u0111\u01b0\u1ee3c th\u1ebb xanh b\u1eb1ng c\u00e1ch \u0111\u1ea7u t\u01b0 v\u00e0o m\u1ed9t doanh nghi\u1ec7p Hoa K\u1ef3 v\u00e0 t\u1ea1o vi\u1ec7c l\u00e0m.[\/vc_column_text][\/vc_tta_section][vc_tta_section title=&#8221;M\u1ed9t ng\u01b0\u1eddi c\u00f3 th\u1ec3","og_url":"https:\/\/truonglegal.com\/vi\/faq\/thi-thuc-eb5-l1-faqs\/","og_site_name":"Truong Law Firm, PLLC","article_modified_time":"2025-05-09T03:20:06+00:00","twitter_card":"summary_large_image","twitter_misc":{"\u01af\u1edbc t\u00ednh th\u1eddi gian \u0111\u1ecdc":"1 ph\u00fat"},"schema":{"@context":"https:\/\/schema.org","@graph":[{"@type":"WebPage","@id":"https:\/\/truonglegal.com\/vi\/faq\/thi-thuc-eb5-l1-faqs\/","url":"https:\/\/truonglegal.com\/vi\/faq\/thi-thuc-eb5-l1-faqs\/","name":"Th\u1ecb th\u1ef1c \u0110\u1ea7u t\u01b0 EB5 v\u00e0 L1 FAQs - Truong Law Firm, PLLC","isPartOf":{"@id":"https:\/\/truonglegal.com\/vi\/#website"},"datePublished":"2025-01-07T11:01:30+00:00","dateModified":"2025-05-09T03:20:06+00:00","breadcrumb":{"@id":"https:\/\/truonglegal.com\/vi\/faq\/thi-thuc-eb5-l1-faqs\/#breadcrumb"},"inLanguage":"vi","potentialAction":[{"@type":"ReadAction","target":["https:\/\/truonglegal.com\/vi\/faq\/thi-thuc-eb5-l1-faqs\/"]}]},{"@type":"BreadcrumbList","@id":"https:\/\/truonglegal.com\/vi\/faq\/thi-thuc-eb5-l1-faqs\/#breadcrumb","itemListElement":[{"@type":"ListItem","position":1,"name":"Home","item":"https:\/\/truonglegal.com\/vi\/"},{"@type":"ListItem","position":2,"name":"FAQ","item":"https:\/\/truonglegal.com\/vi\/faq\/"},{"@type":"ListItem","position":3,"name":"Th\u1ecb th\u1ef1c \u0110\u1ea7u t\u01b0 EB5 v\u00e0 L1 FAQs"}]},{"@type":"WebSite","@id":"https:\/\/truonglegal.com\/vi\/#website","url":"https:\/\/truonglegal.com\/vi\/","name":"Truong Law Firm, PLLC","description":"","potentialAction":[{"@type":"SearchAction","target":{"@type":"EntryPoint","urlTemplate":"https:\/\/truonglegal.com\/vi\/?s={search_term_string}"},"query-input":{"@type":"PropertyValueSpecification","valueRequired":true,"valueName":"search_term_string"}}],"inLanguage":"vi"}]}},"_links":{"self":[{"href":"https:\/\/truonglegal.com\/vi\/wp-json\/wp\/v2\/pages\/7339","targetHints":{"allow":["GET"]}}],"collection":[{"href":"https:\/\/truonglegal.com\/vi\/wp-json\/wp\/v2\/pages"}],"about":[{"href":"https:\/\/truonglegal.com\/vi\/wp-json\/wp\/v2\/types\/page"}],"author":[{"embeddable":true,"href":"https:\/\/truonglegal.com\/vi\/wp-json\/wp\/v2\/users\/1"}],"replies":[{"embeddable":true,"href":"https:\/\/truonglegal.com\/vi\/wp-json\/wp\/v2\/comments?post=7339"}],"version-history":[{"count":0,"href":"https:\/\/truonglegal.com\/vi\/wp-json\/wp\/v2\/pages\/7339\/revisions"}],"up":[{"embeddable":true,"href":"https:\/\/truonglegal.com\/vi\/wp-json\/wp\/v2\/pages\/6168"}],"wp:attachment":[{"href":"https:\/\/truonglegal.com\/vi\/wp-json\/wp\/v2\/media?parent=7339"}],"curies":[{"name":"wp","href":"https:\/\/api.w.org\/{rel}","templated":true}]}}