{"id":7343,"date":"2025-01-07T11:06:48","date_gmt":"2025-01-07T11:06:48","guid":{"rendered":"https:\/\/truonglegal.com\/vi\/?page_id=7343"},"modified":"2025-05-09T10:25:56","modified_gmt":"2025-05-09T03:25:56","slug":"bao-lanh-hon-nha-gia-dinh-faqs","status":"publish","type":"page","link":"https:\/\/truonglegal.com\/vi\/faq\/bao-lanh-hon-nha-gia-dinh-faqs\/","title":{"rendered":"B\u1ea3o l\u00e3nh H\u00f4n nh\u00e2n v\u00e0 Gia \u0111\u00ecnh FAQs"},"content":{"rendered":"<div class=\"wpb-content-wrapper\"><p>[vc_row][vc_column offset=&#8221;vc_col-lg-8 vc_col-md-8&#8243;][vc_custom_heading text=&#8221;B\u1ea3o l\u00e3nh H\u00f4n nh\u00e2n v\u00e0 Gia \u0111\u00ecnh<br \/>\n&#8221; font_container=&#8221;tag:h5|text_align:left|color:%23002e5b&#8221; use_theme_fonts=&#8221;yes&#8221; css=&#8221;.vc_custom_1746761058533{border-bottom-width: -20px !important;}&#8221;][vc_tta_accordion shape=&#8221;round&#8221; c_position=&#8221;right&#8221; active_section=&#8221;1&#8243;][vc_tta_section title=&#8221;C\u00f4ng d\u00e2n Hoa K\u1ef3 c\u00f3 th\u1ec3 b\u1ea3o l\u00e3nh v\u1ee3\/ch\u1ed3ng c\u1ee7a h\u1ecd \u0111\u1ec3 c\u00f3 th\u1ebb xanh kh\u00f4ng?&#8221; tab_id=&#8221;1736245103381-12322a34-0a83&#8243;][vc_column_text css=&#8221;&#8221;]C\u00f3, c\u00f4ng d\u00e2n Hoa K\u1ef3 c\u00f3 th\u1ec3 b\u1ea3o l\u00e3nh v\u1ee3\/ch\u1ed3ng c\u1ee7a h\u1ecd \u0111\u1ec3 c\u00f3 th\u1ebb xanh th\u00f4ng qua M\u1eabu I-130.[\/vc_column_text][\/vc_tta_section][vc_tta_section title=&#8221;Th\u01b0\u1eddng tr\u00fa nh\u00e2n c\u00f3 th\u1ec3 b\u1ea3o l\u00e3nh v\u1ee3\/ch\u1ed3ng c\u1ee7a h\u1ecd kh\u00f4ng?&#8221; tab_id=&#8221;1574338209493-2bde497c-9fb4&#8243;][vc_column_text css=&#8221;&#8221;]C\u00f3, th\u01b0\u1eddng tr\u00fa nh\u00e2n c\u00f3 th\u1ec3 b\u1ea3o l\u00e3nh v\u1ee3\/ch\u1ed3ng c\u1ee7a h\u1ecd, nh\u01b0ng quy tr\u00ecnh c\u00f3 th\u1ec3 m\u1ea5t nhi\u1ec1u th\u1eddi gian h\u01a1n so v\u1edbi c\u00f4ng d\u00e2n Hoa K\u1ef3.[\/vc_column_text][\/vc_tta_section][vc_tta_section title=&#8221;Quy tr\u00ecnh th\u1ecb th\u1ef1c h\u00f4n phu\/h\u00f4n th\u00ea l\u00e0 g\u00ec?&#8221; tab_id=&#8221;1574338208492-e38519b2-252c&#8221;][vc_column_text css=&#8221;&#8221;]Quy tr\u00ecnh th\u1ecb th\u1ef1c h\u00f4n phu\/h\u00f4n th\u00ea (K-1) bao g\u1ed3m vi\u1ec7c n\u1ed9p M\u1eabu I-129F, tham d\u1ef1 ph\u1ecfng v\u1ea5n xin th\u1ecb th\u1ef1c v\u00e0 k\u1ebft h\u00f4n trong v\u00f2ng 90 ng\u00e0y k\u1ec3 t\u1eeb ng\u00e0y nh\u1eadp c\u1ea3nh Hoa K\u1ef3.[\/vc_column_text][\/vc_tta_section][vc_tta_section title=&#8221;C\u00f4ng d\u00e2n Hoa K\u1ef3 c\u00f3 th\u1ec3 b\u1ea3o l\u00e3nh cha m\u1eb9, con c\u00e1i v\u00e0 anh ch\u1ecb em c\u1ee7a h\u1ecd nh\u01b0 th\u1ebf n\u00e0o?&#8221; tab_id=&#8221;1574338207987-d1d0ac2b-e38b&#8221;][vc_column_text css=&#8221;&#8221;]C\u00f4ng d\u00e2n Hoa K\u1ef3 c\u00f3 th\u1ec3 b\u1ea3o l\u00e3nh c\u00e1c th\u00e0nh vi\u00ean gia \u0111\u00ecnh tr\u1ef1c h\u1ec7 c\u1ee7a h\u1ecd th\u00f4ng qua M\u1eabu I-130, v\u1edbi th\u1eddi gian x\u1eed l\u00fd v\u00e0 c\u00e1c y\u00eau c\u1ea7u kh\u00e1c nhau.[\/vc_column_text][\/vc_tta_section][\/vc_tta_accordion][\/vc_column][vc_column css=&#8221;.vc_custom_1576238094836{padding-right: 30px !important;padding-left: 30px !important;}&#8221; offset=&#8221;vc_col-lg-4 vc_col-md-4&#8243;][stm_sidebar sidebar=&#8221;7327&#8243;][\/vc_column][\/vc_row]<\/p>\n<\/div>","protected":false},"excerpt":{"rendered":"<p>[vc_row][vc_column offset=&#8221;vc_col-lg-8 vc_col-md-8&#8243;][vc_custom_heading text=&#8221;B\u1ea3o l\u00e3nh H\u00f4n nh\u00e2n v\u00e0 Gia \u0111\u00ecnh &#8221; font_container=&#8221;tag:h5|text_align:left|color:%23002e5b&#8221; use_theme_fonts=&#8221;yes&#8221; css=&#8221;.vc_custom_1746761058533{border-bottom-width: -20px !important;}&#8221;][vc_tta_accordion shape=&#8221;round&#8221; c_position=&#8221;right&#8221; active_section=&#8221;1&#8243;][vc_tta_section title=&#8221;C\u00f4ng d\u00e2n Hoa K\u1ef3 c\u00f3 th\u1ec3 b\u1ea3o l\u00e3nh v\u1ee3\/ch\u1ed3ng c\u1ee7a h\u1ecd \u0111\u1ec3 c\u00f3 th\u1ebb xanh kh\u00f4ng?&#8221; tab_id=&#8221;1736245103381-12322a34-0a83&#8243;][vc_column_text css=&#8221;&#8221;]C\u00f3, c\u00f4ng d\u00e2n Hoa K\u1ef3 c\u00f3 th\u1ec3 b\u1ea3o l\u00e3nh v\u1ee3\/ch\u1ed3ng c\u1ee7a h\u1ecd \u0111\u1ec3 c\u00f3 th\u1ebb xanh th\u00f4ng qua M\u1eabu<\/p>\n","protected":false},"author":1,"featured_media":0,"parent":6168,"menu_order":0,"comment_status":"closed","ping_status":"closed","template":"","meta":{"footnotes":""},"class_list":["post-7343","page","type-page","status-publish","hentry"],"yoast_head":"<!-- This site is optimized with the Yoast SEO Premium plugin v24.2 (Yoast SEO v24.2) - https:\/\/yoast.com\/wordpress\/plugins\/seo\/ -->\n<title>B\u1ea3o l\u00e3nh H\u00f4n nh\u00e2n v\u00e0 Gia \u0111\u00ecnh FAQs - Truong Law Firm, PLLC<\/title>\n<meta name=\"robots\" content=\"index, follow, max-snippet:-1, max-image-preview:large, max-video-preview:-1\" \/>\n<link rel=\"canonical\" href=\"https:\/\/truonglegal.com\/vi\/faq\/bao-lanh-hon-nha-gia-dinh-faqs\/\" \/>\n<meta property=\"og:locale\" content=\"vi_VN\" \/>\n<meta property=\"og:type\" content=\"article\" \/>\n<meta property=\"og:title\" content=\"B\u1ea3o l\u00e3nh H\u00f4n nh\u00e2n v\u00e0 Gia \u0111\u00ecnh FAQs\" \/>\n<meta property=\"og:description\" content=\"[vc_row][vc_column offset=&#8221;vc_col-lg-8 vc_col-md-8&#8243;][vc_custom_heading text=&#8221;B\u1ea3o l\u00e3nh H\u00f4n nh\u00e2n v\u00e0 Gia \u0111\u00ecnh &#8221; font_container=&#8221;tag:h5|text_align:left|color:%23002e5b&#8221; use_theme_fonts=&#8221;yes&#8221; css=&#8221;.vc_custom_1746761058533{border-bottom-width: -20px !important;}&#8221;][vc_tta_accordion shape=&#8221;round&#8221; c_position=&#8221;right&#8221; active_section=&#8221;1&#8243;][vc_tta_section title=&#8221;C\u00f4ng d\u00e2n Hoa K\u1ef3 c\u00f3 th\u1ec3 b\u1ea3o l\u00e3nh v\u1ee3\/ch\u1ed3ng c\u1ee7a h\u1ecd \u0111\u1ec3 c\u00f3 th\u1ebb xanh kh\u00f4ng?&#8221; tab_id=&#8221;1736245103381-12322a34-0a83&#8243;][vc_column_text css=&#8221;&#8221;]C\u00f3, c\u00f4ng d\u00e2n Hoa K\u1ef3 c\u00f3 th\u1ec3 b\u1ea3o l\u00e3nh v\u1ee3\/ch\u1ed3ng c\u1ee7a h\u1ecd \u0111\u1ec3 c\u00f3 th\u1ebb xanh th\u00f4ng qua M\u1eabu\" \/>\n<meta property=\"og:url\" content=\"https:\/\/truonglegal.com\/vi\/faq\/bao-lanh-hon-nha-gia-dinh-faqs\/\" \/>\n<meta property=\"og:site_name\" content=\"Truong Law Firm, PLLC\" \/>\n<meta property=\"article:modified_time\" content=\"2025-05-09T03:25:56+00:00\" \/>\n<meta name=\"twitter:card\" content=\"summary_large_image\" \/>\n<meta name=\"twitter:label1\" content=\"\u01af\u1edbc t\u00ednh th\u1eddi gian \u0111\u1ecdc\" \/>\n\t<meta name=\"twitter:data1\" content=\"1 ph\u00fat\" \/>\n<script type=\"application\/ld+json\" class=\"yoast-schema-graph\">{\"@context\":\"https:\/\/schema.org\",\"@graph\":[{\"@type\":\"WebPage\",\"@id\":\"https:\/\/truonglegal.com\/vi\/faq\/bao-lanh-hon-nha-gia-dinh-faqs\/\",\"url\":\"https:\/\/truonglegal.com\/vi\/faq\/bao-lanh-hon-nha-gia-dinh-faqs\/\",\"name\":\"B\u1ea3o l\u00e3nh H\u00f4n nh\u00e2n v\u00e0 Gia \u0111\u00ecnh FAQs - Truong Law Firm, PLLC\",\"isPartOf\":{\"@id\":\"https:\/\/truonglegal.com\/vi\/#website\"},\"datePublished\":\"2025-01-07T11:06:48+00:00\",\"dateModified\":\"2025-05-09T03:25:56+00:00\",\"breadcrumb\":{\"@id\":\"https:\/\/truonglegal.com\/vi\/faq\/bao-lanh-hon-nha-gia-dinh-faqs\/#breadcrumb\"},\"inLanguage\":\"vi\",\"potentialAction\":[{\"@type\":\"ReadAction\",\"target\":[\"https:\/\/truonglegal.com\/vi\/faq\/bao-lanh-hon-nha-gia-dinh-faqs\/\"]}]},{\"@type\":\"BreadcrumbList\",\"@id\":\"https:\/\/truonglegal.com\/vi\/faq\/bao-lanh-hon-nha-gia-dinh-faqs\/#breadcrumb\",\"itemListElement\":[{\"@type\":\"ListItem\",\"position\":1,\"name\":\"Home\",\"item\":\"https:\/\/truonglegal.com\/vi\/\"},{\"@type\":\"ListItem\",\"position\":2,\"name\":\"FAQ\",\"item\":\"https:\/\/truonglegal.com\/vi\/faq\/\"},{\"@type\":\"ListItem\",\"position\":3,\"name\":\"B\u1ea3o l\u00e3nh H\u00f4n nh\u00e2n v\u00e0 Gia \u0111\u00ecnh FAQs\"}]},{\"@type\":\"WebSite\",\"@id\":\"https:\/\/truonglegal.com\/vi\/#website\",\"url\":\"https:\/\/truonglegal.com\/vi\/\",\"name\":\"Truong Law Firm, PLLC\",\"description\":\"\",\"potentialAction\":[{\"@type\":\"SearchAction\",\"target\":{\"@type\":\"EntryPoint\",\"urlTemplate\":\"https:\/\/truonglegal.com\/vi\/?s={search_term_string}\"},\"query-input\":{\"@type\":\"PropertyValueSpecification\",\"valueRequired\":true,\"valueName\":\"search_term_string\"}}],\"inLanguage\":\"vi\"}]}<\/script>\n<!-- \/ Yoast SEO Premium plugin. -->","yoast_head_json":{"title":"B\u1ea3o l\u00e3nh H\u00f4n nh\u00e2n v\u00e0 Gia \u0111\u00ecnh FAQs - Truong Law Firm, PLLC","robots":{"index":"index","follow":"follow","max-snippet":"max-snippet:-1","max-image-preview":"max-image-preview:large","max-video-preview":"max-video-preview:-1"},"canonical":"https:\/\/truonglegal.com\/vi\/faq\/bao-lanh-hon-nha-gia-dinh-faqs\/","og_locale":"vi_VN","og_type":"article","og_title":"B\u1ea3o l\u00e3nh H\u00f4n nh\u00e2n v\u00e0 Gia \u0111\u00ecnh FAQs","og_description":"[vc_row][vc_column offset=&#8221;vc_col-lg-8 vc_col-md-8&#8243;][vc_custom_heading text=&#8221;B\u1ea3o l\u00e3nh H\u00f4n nh\u00e2n v\u00e0 Gia \u0111\u00ecnh &#8221; font_container=&#8221;tag:h5|text_align:left|color:%23002e5b&#8221; use_theme_fonts=&#8221;yes&#8221; css=&#8221;.vc_custom_1746761058533{border-bottom-width: -20px !important;}&#8221;][vc_tta_accordion shape=&#8221;round&#8221; c_position=&#8221;right&#8221; active_section=&#8221;1&#8243;][vc_tta_section title=&#8221;C\u00f4ng d\u00e2n Hoa K\u1ef3 c\u00f3 th\u1ec3 b\u1ea3o l\u00e3nh v\u1ee3\/ch\u1ed3ng c\u1ee7a h\u1ecd \u0111\u1ec3 c\u00f3 th\u1ebb xanh kh\u00f4ng?&#8221; tab_id=&#8221;1736245103381-12322a34-0a83&#8243;][vc_column_text css=&#8221;&#8221;]C\u00f3, c\u00f4ng d\u00e2n Hoa K\u1ef3 c\u00f3 th\u1ec3 b\u1ea3o l\u00e3nh v\u1ee3\/ch\u1ed3ng c\u1ee7a h\u1ecd \u0111\u1ec3 c\u00f3 th\u1ebb xanh th\u00f4ng qua M\u1eabu","og_url":"https:\/\/truonglegal.com\/vi\/faq\/bao-lanh-hon-nha-gia-dinh-faqs\/","og_site_name":"Truong Law Firm, PLLC","article_modified_time":"2025-05-09T03:25:56+00:00","twitter_card":"summary_large_image","twitter_misc":{"\u01af\u1edbc t\u00ednh th\u1eddi gian \u0111\u1ecdc":"1 ph\u00fat"},"schema":{"@context":"https:\/\/schema.org","@graph":[{"@type":"WebPage","@id":"https:\/\/truonglegal.com\/vi\/faq\/bao-lanh-hon-nha-gia-dinh-faqs\/","url":"https:\/\/truonglegal.com\/vi\/faq\/bao-lanh-hon-nha-gia-dinh-faqs\/","name":"B\u1ea3o l\u00e3nh H\u00f4n nh\u00e2n v\u00e0 Gia \u0111\u00ecnh FAQs - Truong Law Firm, PLLC","isPartOf":{"@id":"https:\/\/truonglegal.com\/vi\/#website"},"datePublished":"2025-01-07T11:06:48+00:00","dateModified":"2025-05-09T03:25:56+00:00","breadcrumb":{"@id":"https:\/\/truonglegal.com\/vi\/faq\/bao-lanh-hon-nha-gia-dinh-faqs\/#breadcrumb"},"inLanguage":"vi","potentialAction":[{"@type":"ReadAction","target":["https:\/\/truonglegal.com\/vi\/faq\/bao-lanh-hon-nha-gia-dinh-faqs\/"]}]},{"@type":"BreadcrumbList","@id":"https:\/\/truonglegal.com\/vi\/faq\/bao-lanh-hon-nha-gia-dinh-faqs\/#breadcrumb","itemListElement":[{"@type":"ListItem","position":1,"name":"Home","item":"https:\/\/truonglegal.com\/vi\/"},{"@type":"ListItem","position":2,"name":"FAQ","item":"https:\/\/truonglegal.com\/vi\/faq\/"},{"@type":"ListItem","position":3,"name":"B\u1ea3o l\u00e3nh H\u00f4n nh\u00e2n v\u00e0 Gia \u0111\u00ecnh FAQs"}]},{"@type":"WebSite","@id":"https:\/\/truonglegal.com\/vi\/#website","url":"https:\/\/truonglegal.com\/vi\/","name":"Truong Law Firm, PLLC","description":"","potentialAction":[{"@type":"SearchAction","target":{"@type":"EntryPoint","urlTemplate":"https:\/\/truonglegal.com\/vi\/?s={search_term_string}"},"query-input":{"@type":"PropertyValueSpecification","valueRequired":true,"valueName":"search_term_string"}}],"inLanguage":"vi"}]}},"_links":{"self":[{"href":"https:\/\/truonglegal.com\/vi\/wp-json\/wp\/v2\/pages\/7343","targetHints":{"allow":["GET"]}}],"collection":[{"href":"https:\/\/truonglegal.com\/vi\/wp-json\/wp\/v2\/pages"}],"about":[{"href":"https:\/\/truonglegal.com\/vi\/wp-json\/wp\/v2\/types\/page"}],"author":[{"embeddable":true,"href":"https:\/\/truonglegal.com\/vi\/wp-json\/wp\/v2\/users\/1"}],"replies":[{"embeddable":true,"href":"https:\/\/truonglegal.com\/vi\/wp-json\/wp\/v2\/comments?post=7343"}],"version-history":[{"count":0,"href":"https:\/\/truonglegal.com\/vi\/wp-json\/wp\/v2\/pages\/7343\/revisions"}],"up":[{"embeddable":true,"href":"https:\/\/truonglegal.com\/vi\/wp-json\/wp\/v2\/pages\/6168"}],"wp:attachment":[{"href":"https:\/\/truonglegal.com\/vi\/wp-json\/wp\/v2\/media?parent=7343"}],"curies":[{"name":"wp","href":"https:\/\/api.w.org\/{rel}","templated":true}]}}