{"id":7345,"date":"2025-01-07T11:08:17","date_gmt":"2025-01-07T11:08:17","guid":{"rendered":"https:\/\/truonglegal.com\/vi\/?page_id=7345"},"modified":"2025-05-09T10:23:01","modified_gmt":"2025-05-09T03:23:01","slug":"don-xin-the-xanh-faqs","status":"publish","type":"page","link":"https:\/\/truonglegal.com\/vi\/faq\/don-xin-the-xanh-faqs\/","title":{"rendered":"\u0110\u01a1n xin Th\u1ebb Xanh FAQs"},"content":{"rendered":"<div class=\"wpb-content-wrapper\"><p>[vc_row][vc_column offset=&#8221;vc_col-lg-8 vc_col-md-8&#8243;][vc_custom_heading text=&#8221;\u0110\u01a1n xin Th\u1ebb Xanh&#8221; font_container=&#8221;tag:h5|text_align:left|color:%23002e5b&#8221; use_theme_fonts=&#8221;yes&#8221; css=&#8221;.vc_custom_1746760914708{border-bottom-width: -20px !important;}&#8221;][vc_tta_accordion shape=&#8221;round&#8221; c_position=&#8221;right&#8221; active_section=&#8221;1&#8243;][vc_tta_section title=&#8221;L\u00e0m th\u1ebf n\u00e0o \u0111\u1ec3 xin th\u1ebb xanh 2 n\u0103m ho\u1eb7c 10 n\u0103m?&#8221; tab_id=&#8221;1736245103381-12322a34-0a83&#8243;][vc_column_text css=&#8221;&#8221;]Th\u1ebb xanh 2 n\u0103m d\u00e0nh cho th\u01b0\u1eddng tr\u00fa nh\u00e2n c\u00f3 \u0111i\u1ec1u ki\u1ec7n, th\u01b0\u1eddng l\u00e0 th\u00f4ng qua h\u00f4n nh\u00e2n, v\u00e0 y\u00eau c\u1ea7u n\u1ed9p M\u1eabu I-751 \u0111\u1ec3 x\u00f3a b\u1ecf c\u00e1c \u0111i\u1ec1u ki\u1ec7n. Th\u1ebb xanh 10 n\u0103m \u0111\u01b0\u1ee3c c\u1ea5p sau khi c\u00e1c \u0111i\u1ec1u ki\u1ec7n \u0111\u01b0\u1ee3c x\u00f3a b\u1ecf ho\u1eb7c th\u00f4ng qua c\u00e1c di\u1ec7n th\u01b0\u1eddng tr\u00fa nh\u00e2n kh\u00e1c.[\/vc_column_text][\/vc_tta_section][vc_tta_section title=&#8221;L\u00e0m th\u1ebf n\u00e0o \u0111\u1ec3 gia h\u1ea1n th\u1ebb xanh?&#8221; tab_id=&#8221;1574338209493-2bde497c-9fb4&#8243;][vc_column_text css=&#8221;&#8221;]N\u1ed9p M\u1eabu I-90 \u0111\u1ec3 gia h\u1ea1n th\u1ebb xanh, th\u01b0\u1eddng l\u00e0 s\u00e1u th\u00e1ng tr\u01b0\u1edbc khi n\u00f3 h\u1ebft h\u1ea1n.[\/vc_column_text][\/vc_tta_section][vc_tta_section title=&#8221;C\u00e1c c\u00e2u h\u1ecfi th\u01b0\u1eddng g\u1eb7p v\u1ec1 \u0111\u01a1n xin th\u1ebb xanh v\u00e0 ph\u1ecfng v\u1ea5n l\u00e0 g\u00ec?&#8221; tab_id=&#8221;1574338208492-e38519b2-252c&#8221;][vc_column_text css=&#8221;&#8221;]C\u00e1c c\u00e2u h\u1ecfi th\u01b0\u1eddng g\u1eb7p bao g\u1ed3m c\u00e1c y\u00eau c\u1ea7u v\u1ec1 gi\u1ea5y t\u1edd, th\u1eddi gian x\u1eed l\u00fd v\u00e0 nh\u1eefng g\u00ec c\u1ea7n chu\u1ea9n b\u1ecb trong cu\u1ed9c ph\u1ecfng v\u1ea5n.[\/vc_column_text][\/vc_tta_section][\/vc_tta_accordion][\/vc_column][vc_column css=&#8221;.vc_custom_1576238094836{padding-right: 30px !important;padding-left: 30px !important;}&#8221; offset=&#8221;vc_col-lg-4 vc_col-md-4&#8243;][stm_sidebar sidebar=&#8221;7327&#8243;][\/vc_column][\/vc_row]<\/p>\n<\/div>","protected":false},"excerpt":{"rendered":"<p>[vc_row][vc_column offset=&#8221;vc_col-lg-8 vc_col-md-8&#8243;][vc_custom_heading text=&#8221;\u0110\u01a1n xin Th\u1ebb Xanh&#8221; font_container=&#8221;tag:h5|text_align:left|color:%23002e5b&#8221; use_theme_fonts=&#8221;yes&#8221; css=&#8221;.vc_custom_1746760914708{border-bottom-width: -20px !important;}&#8221;][vc_tta_accordion shape=&#8221;round&#8221; c_position=&#8221;right&#8221; active_section=&#8221;1&#8243;][vc_tta_section title=&#8221;L\u00e0m th\u1ebf n\u00e0o \u0111\u1ec3 xin th\u1ebb xanh 2 n\u0103m ho\u1eb7c 10 n\u0103m?&#8221; tab_id=&#8221;1736245103381-12322a34-0a83&#8243;][vc_column_text css=&#8221;&#8221;]Th\u1ebb xanh 2 n\u0103m d\u00e0nh cho th\u01b0\u1eddng tr\u00fa nh\u00e2n c\u00f3 \u0111i\u1ec1u ki\u1ec7n, th\u01b0\u1eddng l\u00e0 th\u00f4ng qua h\u00f4n nh\u00e2n, v\u00e0 y\u00eau c\u1ea7u n\u1ed9p M\u1eabu I-751 \u0111\u1ec3 x\u00f3a b\u1ecf<\/p>\n","protected":false},"author":1,"featured_media":0,"parent":6168,"menu_order":0,"comment_status":"closed","ping_status":"closed","template":"","meta":{"footnotes":""},"class_list":["post-7345","page","type-page","status-publish","hentry"],"yoast_head":"<!-- This site is optimized with the Yoast SEO Premium plugin v24.2 (Yoast SEO v24.2) - https:\/\/yoast.com\/wordpress\/plugins\/seo\/ -->\n<title>\u0110\u01a1n xin Th\u1ebb Xanh FAQs - Truong Law Firm, PLLC<\/title>\n<meta name=\"robots\" content=\"index, follow, max-snippet:-1, max-image-preview:large, max-video-preview:-1\" \/>\n<link rel=\"canonical\" href=\"https:\/\/truonglegal.com\/vi\/faq\/don-xin-the-xanh-faqs\/\" \/>\n<meta property=\"og:locale\" content=\"vi_VN\" \/>\n<meta property=\"og:type\" content=\"article\" \/>\n<meta property=\"og:title\" content=\"\u0110\u01a1n xin Th\u1ebb Xanh FAQs\" \/>\n<meta property=\"og:description\" content=\"[vc_row][vc_column offset=&#8221;vc_col-lg-8 vc_col-md-8&#8243;][vc_custom_heading text=&#8221;\u0110\u01a1n xin Th\u1ebb Xanh&#8221; font_container=&#8221;tag:h5|text_align:left|color:%23002e5b&#8221; use_theme_fonts=&#8221;yes&#8221; css=&#8221;.vc_custom_1746760914708{border-bottom-width: -20px !important;}&#8221;][vc_tta_accordion shape=&#8221;round&#8221; c_position=&#8221;right&#8221; active_section=&#8221;1&#8243;][vc_tta_section title=&#8221;L\u00e0m th\u1ebf n\u00e0o \u0111\u1ec3 xin th\u1ebb xanh 2 n\u0103m ho\u1eb7c 10 n\u0103m?&#8221; tab_id=&#8221;1736245103381-12322a34-0a83&#8243;][vc_column_text css=&#8221;&#8221;]Th\u1ebb xanh 2 n\u0103m d\u00e0nh cho th\u01b0\u1eddng tr\u00fa nh\u00e2n c\u00f3 \u0111i\u1ec1u ki\u1ec7n, th\u01b0\u1eddng l\u00e0 th\u00f4ng qua h\u00f4n nh\u00e2n, v\u00e0 y\u00eau c\u1ea7u n\u1ed9p M\u1eabu I-751 \u0111\u1ec3 x\u00f3a b\u1ecf\" \/>\n<meta property=\"og:url\" content=\"https:\/\/truonglegal.com\/vi\/faq\/don-xin-the-xanh-faqs\/\" \/>\n<meta property=\"og:site_name\" content=\"Truong Law Firm, PLLC\" \/>\n<meta property=\"article:modified_time\" content=\"2025-05-09T03:23:01+00:00\" \/>\n<meta name=\"twitter:card\" content=\"summary_large_image\" \/>\n<meta name=\"twitter:label1\" content=\"\u01af\u1edbc t\u00ednh th\u1eddi gian \u0111\u1ecdc\" \/>\n\t<meta name=\"twitter:data1\" content=\"1 ph\u00fat\" \/>\n<script type=\"application\/ld+json\" class=\"yoast-schema-graph\">{\"@context\":\"https:\/\/schema.org\",\"@graph\":[{\"@type\":\"WebPage\",\"@id\":\"https:\/\/truonglegal.com\/vi\/faq\/don-xin-the-xanh-faqs\/\",\"url\":\"https:\/\/truonglegal.com\/vi\/faq\/don-xin-the-xanh-faqs\/\",\"name\":\"\u0110\u01a1n xin Th\u1ebb Xanh FAQs - Truong Law Firm, PLLC\",\"isPartOf\":{\"@id\":\"https:\/\/truonglegal.com\/vi\/#website\"},\"datePublished\":\"2025-01-07T11:08:17+00:00\",\"dateModified\":\"2025-05-09T03:23:01+00:00\",\"breadcrumb\":{\"@id\":\"https:\/\/truonglegal.com\/vi\/faq\/don-xin-the-xanh-faqs\/#breadcrumb\"},\"inLanguage\":\"vi\",\"potentialAction\":[{\"@type\":\"ReadAction\",\"target\":[\"https:\/\/truonglegal.com\/vi\/faq\/don-xin-the-xanh-faqs\/\"]}]},{\"@type\":\"BreadcrumbList\",\"@id\":\"https:\/\/truonglegal.com\/vi\/faq\/don-xin-the-xanh-faqs\/#breadcrumb\",\"itemListElement\":[{\"@type\":\"ListItem\",\"position\":1,\"name\":\"Home\",\"item\":\"https:\/\/truonglegal.com\/vi\/\"},{\"@type\":\"ListItem\",\"position\":2,\"name\":\"FAQ\",\"item\":\"https:\/\/truonglegal.com\/vi\/faq\/\"},{\"@type\":\"ListItem\",\"position\":3,\"name\":\"\u0110\u01a1n xin Th\u1ebb Xanh FAQs\"}]},{\"@type\":\"WebSite\",\"@id\":\"https:\/\/truonglegal.com\/vi\/#website\",\"url\":\"https:\/\/truonglegal.com\/vi\/\",\"name\":\"Truong Law Firm, PLLC\",\"description\":\"\",\"potentialAction\":[{\"@type\":\"SearchAction\",\"target\":{\"@type\":\"EntryPoint\",\"urlTemplate\":\"https:\/\/truonglegal.com\/vi\/?s={search_term_string}\"},\"query-input\":{\"@type\":\"PropertyValueSpecification\",\"valueRequired\":true,\"valueName\":\"search_term_string\"}}],\"inLanguage\":\"vi\"}]}<\/script>\n<!-- \/ Yoast SEO Premium plugin. -->","yoast_head_json":{"title":"\u0110\u01a1n xin Th\u1ebb Xanh FAQs - Truong Law Firm, PLLC","robots":{"index":"index","follow":"follow","max-snippet":"max-snippet:-1","max-image-preview":"max-image-preview:large","max-video-preview":"max-video-preview:-1"},"canonical":"https:\/\/truonglegal.com\/vi\/faq\/don-xin-the-xanh-faqs\/","og_locale":"vi_VN","og_type":"article","og_title":"\u0110\u01a1n xin Th\u1ebb Xanh FAQs","og_description":"[vc_row][vc_column offset=&#8221;vc_col-lg-8 vc_col-md-8&#8243;][vc_custom_heading text=&#8221;\u0110\u01a1n xin Th\u1ebb Xanh&#8221; font_container=&#8221;tag:h5|text_align:left|color:%23002e5b&#8221; use_theme_fonts=&#8221;yes&#8221; css=&#8221;.vc_custom_1746760914708{border-bottom-width: -20px !important;}&#8221;][vc_tta_accordion shape=&#8221;round&#8221; c_position=&#8221;right&#8221; active_section=&#8221;1&#8243;][vc_tta_section title=&#8221;L\u00e0m th\u1ebf n\u00e0o \u0111\u1ec3 xin th\u1ebb xanh 2 n\u0103m ho\u1eb7c 10 n\u0103m?&#8221; tab_id=&#8221;1736245103381-12322a34-0a83&#8243;][vc_column_text css=&#8221;&#8221;]Th\u1ebb xanh 2 n\u0103m d\u00e0nh cho th\u01b0\u1eddng tr\u00fa nh\u00e2n c\u00f3 \u0111i\u1ec1u ki\u1ec7n, th\u01b0\u1eddng l\u00e0 th\u00f4ng qua h\u00f4n nh\u00e2n, v\u00e0 y\u00eau c\u1ea7u n\u1ed9p M\u1eabu I-751 \u0111\u1ec3 x\u00f3a b\u1ecf","og_url":"https:\/\/truonglegal.com\/vi\/faq\/don-xin-the-xanh-faqs\/","og_site_name":"Truong Law Firm, PLLC","article_modified_time":"2025-05-09T03:23:01+00:00","twitter_card":"summary_large_image","twitter_misc":{"\u01af\u1edbc t\u00ednh th\u1eddi gian \u0111\u1ecdc":"1 ph\u00fat"},"schema":{"@context":"https:\/\/schema.org","@graph":[{"@type":"WebPage","@id":"https:\/\/truonglegal.com\/vi\/faq\/don-xin-the-xanh-faqs\/","url":"https:\/\/truonglegal.com\/vi\/faq\/don-xin-the-xanh-faqs\/","name":"\u0110\u01a1n xin Th\u1ebb Xanh FAQs - Truong Law Firm, PLLC","isPartOf":{"@id":"https:\/\/truonglegal.com\/vi\/#website"},"datePublished":"2025-01-07T11:08:17+00:00","dateModified":"2025-05-09T03:23:01+00:00","breadcrumb":{"@id":"https:\/\/truonglegal.com\/vi\/faq\/don-xin-the-xanh-faqs\/#breadcrumb"},"inLanguage":"vi","potentialAction":[{"@type":"ReadAction","target":["https:\/\/truonglegal.com\/vi\/faq\/don-xin-the-xanh-faqs\/"]}]},{"@type":"BreadcrumbList","@id":"https:\/\/truonglegal.com\/vi\/faq\/don-xin-the-xanh-faqs\/#breadcrumb","itemListElement":[{"@type":"ListItem","position":1,"name":"Home","item":"https:\/\/truonglegal.com\/vi\/"},{"@type":"ListItem","position":2,"name":"FAQ","item":"https:\/\/truonglegal.com\/vi\/faq\/"},{"@type":"ListItem","position":3,"name":"\u0110\u01a1n xin Th\u1ebb Xanh FAQs"}]},{"@type":"WebSite","@id":"https:\/\/truonglegal.com\/vi\/#website","url":"https:\/\/truonglegal.com\/vi\/","name":"Truong Law Firm, PLLC","description":"","potentialAction":[{"@type":"SearchAction","target":{"@type":"EntryPoint","urlTemplate":"https:\/\/truonglegal.com\/vi\/?s={search_term_string}"},"query-input":{"@type":"PropertyValueSpecification","valueRequired":true,"valueName":"search_term_string"}}],"inLanguage":"vi"}]}},"_links":{"self":[{"href":"https:\/\/truonglegal.com\/vi\/wp-json\/wp\/v2\/pages\/7345","targetHints":{"allow":["GET"]}}],"collection":[{"href":"https:\/\/truonglegal.com\/vi\/wp-json\/wp\/v2\/pages"}],"about":[{"href":"https:\/\/truonglegal.com\/vi\/wp-json\/wp\/v2\/types\/page"}],"author":[{"embeddable":true,"href":"https:\/\/truonglegal.com\/vi\/wp-json\/wp\/v2\/users\/1"}],"replies":[{"embeddable":true,"href":"https:\/\/truonglegal.com\/vi\/wp-json\/wp\/v2\/comments?post=7345"}],"version-history":[{"count":0,"href":"https:\/\/truonglegal.com\/vi\/wp-json\/wp\/v2\/pages\/7345\/revisions"}],"up":[{"embeddable":true,"href":"https:\/\/truonglegal.com\/vi\/wp-json\/wp\/v2\/pages\/6168"}],"wp:attachment":[{"href":"https:\/\/truonglegal.com\/vi\/wp-json\/wp\/v2\/media?parent=7345"}],"curies":[{"name":"wp","href":"https:\/\/api.w.org\/{rel}","templated":true}]}}