{"id":7347,"date":"2025-01-07T11:13:23","date_gmt":"2025-01-07T11:13:23","guid":{"rendered":"https:\/\/truonglegal.com\/vi\/?page_id=7347"},"modified":"2025-05-09T10:13:21","modified_gmt":"2025-05-09T03:13:21","slug":"chung-nhan-doc-than-faqs","status":"publish","type":"page","link":"https:\/\/truonglegal.com\/vi\/faq\/chung-nhan-doc-than-faqs\/","title":{"rendered":"Ch\u1ee9ng Nh\u1eadn \u0110\u1ed9c Th\u00e2n FAQs"},"content":{"rendered":"<div class=\"wpb-content-wrapper\"><p>[vc_row][vc_column offset=&#8221;vc_col-lg-8 vc_col-md-8&#8243;][vc_custom_heading text=&#8221;D\u1ecbch v\u1ee5 Ch\u1ee9ng th\u1ef1c \u0110\u1ed9c th\u00e2n&#8221; font_container=&#8221;tag:h5|text_align:left|color:%23002e5b&#8221; use_theme_fonts=&#8221;yes&#8221; css=&#8221;.vc_custom_1746759875324{border-bottom-width: -20px !important;}&#8221;][vc_tta_accordion shape=&#8221;round&#8221; c_position=&#8221;right&#8221; active_section=&#8221;1&#8243;][vc_tta_section title=&#8221;Gi\u1ea5y ch\u1ee9ng nh\u1eadn \u0111\u1ed9c th\u00e2n l\u00e0 g\u00ec?&#8221; tab_id=&#8221;1736245103381-12322a34-0a83&#8243;][vc_column_text css=&#8221;&#8221;]Gi\u1ea5y ch\u1ee9ng nh\u1eadn \u0111\u1ed9c th\u00e2n l\u00e0 m\u1ed9t v\u0103n b\u1ea3n ch\u1ee9ng minh r\u1eb1ng m\u1ed9t c\u00e1 nh\u00e2n ch\u01b0a k\u1ebft h\u00f4n, th\u01b0\u1eddng \u0111\u01b0\u1ee3c y\u00eau c\u1ea7u khi k\u1ebft h\u00f4n \u1edf n\u01b0\u1edbc ngo\u00e0i.[\/vc_column_text][\/vc_tta_section][vc_tta_section title=&#8221;Gi\u1ea5y x\u00e1c nh\u1eadn ly h\u00f4n l\u00e0 g\u00ec?&#8221; tab_id=&#8221;1574338209493-2bde497c-9fb4&#8243;][vc_column_text css=&#8221;&#8221;]Gi\u1ea5y x\u00e1c nh\u1eadn ly h\u00f4n l\u00e0 m\u1ed9t v\u0103n b\u1ea3n ph\u00e1p l\u00fd x\u00e1c nh\u1eadn vi\u1ec7c ch\u1ea5m d\u1ee9t h\u00f4n nh\u00e2n.[\/vc_column_text][\/vc_tta_section][vc_tta_section title=&#8221;Vi\u1ec7c kh\u00e1m s\u1ee9c kh\u1ecfe t\u00e2m th\u1ea7n \u1edf Vi\u1ec7t Nam bao g\u1ed3m nh\u1eefng g\u00ec?&#8221; tab_id=&#8221;1574338208492-e38519b2-252c&#8221;][vc_column_text css=&#8221;&#8221;]Vi\u1ec7c kh\u00e1m s\u1ee9c kh\u1ecfe t\u00e2m th\u1ea7n \u1edf Vi\u1ec7t Nam bao g\u1ed3m vi\u1ec7c \u0111\u00e1nh gi\u00e1 b\u1edfi m\u1ed9t chuy\u00ean gia c\u00f3 gi\u1ea5y ph\u00e9p \u0111\u1ec3 \u0111\u00e1p \u1ee9ng c\u00e1c y\u00eau c\u1ea7u v\u1ec1 di tr\u00fa ho\u1eb7c ph\u00e1p l\u00fd kh\u00e1c.[\/vc_column_text][\/vc_tta_section][vc_tta_section title=&#8221;Quy tr\u00ecnh tuy\u00ean th\u1ec7 \u0111\u1ed9c th\u00e2n \u1edf Vi\u1ec7t Nam l\u00e0 g\u00ec?&#8221; tab_id=&#8221;1736248173402-f7740558-de09&#8243;][vc_column_text css=&#8221;&#8221;]Quy tr\u00ecnh tuy\u00ean th\u1ec7 \u0111\u1ed9c th\u00e2n \u1edf Vi\u1ec7t Nam bao g\u1ed3m vi\u1ec7c tuy\u00ean b\u1ed1 t\u00ecnh tr\u1ea1ng \u0111\u1ed9c th\u00e2n tr\u01b0\u1edbc m\u1ed9t vi\u00ean ch\u1ee9c l\u00e3nh s\u1ef1 ho\u1eb7c ch\u00ednh quy\u1ec1n \u0111\u1ecba ph\u01b0\u01a1ng.[\/vc_column_text][\/vc_tta_section][vc_tta_section title=&#8221;Gi\u1ea5y Ch\u1ee9ng Nh\u1eadn T\u00ecnh Tr\u1ea1ng \u0110\u1ed9c Th\u00e2n l\u00e0 g\u00ec?&#8221; tab_id=&#8221;1736248194362-2738815d-cff1&#8243;][vc_column_text css=&#8221;&#8221;]Gi\u1ea5y Ch\u1ee9ng Nh\u1eadn T\u00ecnh Tr\u1ea1ng \u0110\u1ed9c Th\u00e2n l\u00e0 m\u1ed9t v\u0103n b\u1ea3n ch\u00ednh th\u1ee9c x\u00e1c nh\u1eadn r\u1eb1ng m\u1ed9t c\u00f4ng d\u00e2n ho\u1eb7c th\u01b0\u1eddng tr\u00fa nh\u00e2n Hoa K\u1ef3 ch\u01b0a k\u1ebft h\u00f4n. V\u0103n b\u1ea3n n\u00e0y \u0111\u01b0\u1ee3c c\u1ea5p b\u1edfi c\u01a1 quan \u0111\u1ea1i di\u1ec7n ngo\u1ea1i giao Vi\u1ec7t Nam t\u1ea1i Hoa K\u1ef3.[\/vc_column_text][\/vc_tta_section][vc_tta_section title=&#8221;T\u1edd Khai T\u00ecnh Tr\u1ea1ng \u0110\u1ed9c Th\u00e2n l\u00e0 g\u00ec?&#8221; tab_id=&#8221;1736248193981-8c8f16dc-050a&#8221;][vc_column_text css=&#8221;&#8221;]T\u1edd Khai T\u00ecnh Tr\u1ea1ng \u0110\u1ed9c Th\u00e2n l\u00e0 m\u1ed9t l\u1eddi tuy\u00ean th\u1ec7 c\u00f3 tuy\u00ean th\u1ec7 c\u1ee7a m\u1ed9t c\u00f4ng d\u00e2n Hoa K\u1ef3 t\u1ea1i \u0110\u1ea1i s\u1ee9 qu\u00e1n ho\u1eb7c L\u00e3nh s\u1ef1 qu\u00e1n Hoa K\u1ef3 t\u1ea1i Vi\u1ec7t Nam, x\u00e1c nh\u1eadn r\u1eb1ng h\u1ecd ch\u01b0a k\u1ebft h\u00f4n.[\/vc_column_text][\/vc_tta_section][vc_tta_section title=&#8221;Ai c\u1ea7n Gi\u1ea5y Ch\u1ee9ng Nh\u1eadn T\u00ecnh Tr\u1ea1ng \u0110\u1ed9c Th\u00e2n?&#8221; tab_id=&#8221;1736248193609-64d24fce-c129&#8243;][vc_column_text css=&#8221;&#8221;]Gi\u1ea5y Ch\u1ee9ng Nh\u1eadn T\u00ecnh Tr\u1ea1ng \u0110\u1ed9c Th\u00e2n \u0111\u01b0\u1ee3c y\u00eau c\u1ea7u \u0111\u1ed1i v\u1edbi th\u01b0\u1eddng tr\u00fa nh\u00e2n Hoa K\u1ef3 c\u00f3 k\u1ebf ho\u1ea1ch k\u1ebft h\u00f4n t\u1ea1i Vi\u1ec7t Nam. C\u00f4ng d\u00e2n Hoa K\u1ef3 c\u0169ng c\u00f3 th\u1ec3 l\u1ea5y \u0111\u01b0\u1ee3c gi\u1ea5y t\u1edd n\u00e0y nh\u01b0ng th\u01b0\u1eddng ch\u1ecdn T\u1edd Khai T\u00ecnh Tr\u1ea1ng \u0110\u1ed9c Th\u00e2n \u0111\u1ec3 thu\u1eadn ti\u1ec7n h\u01a1n.<\/p>\n<p>T\u1edd Khai T\u00ecnh Tr\u1ea1ng \u0110\u1ed9c Th\u00e2n th\u01b0\u1eddng \u0111\u01b0\u1ee3c s\u1eed d\u1ee5ng b\u1edfi c\u00f4ng d\u00e2n Hoa K\u1ef3 \u0111ang \u1edf Vi\u1ec7t Nam v\u00e0 c\u00f3 k\u1ebf ho\u1ea1ch k\u1ebft h\u00f4n t\u1ea1i \u0111\u00f3.[\/vc_column_text][\/vc_tta_section][vc_tta_section title=&#8221;T\u00f4i c\u00f3 th\u1ec3 l\u1ea5y Gi\u1ea5y Ch\u1ee9ng Nh\u1eadn T\u00ecnh Tr\u1ea1ng \u0110\u1ed9c Th\u00e2n \u1edf \u0111\u00e2u?&#8221; tab_id=&#8221;1736248193223-1e4530ea-5a02&#8243;][vc_column_text css=&#8221;&#8221;]B\u1ea1n c\u00f3 th\u1ec3 l\u1ea5y Gi\u1ea5y Ch\u1ee9ng Nh\u1eadn T\u00ecnh Tr\u1ea1ng \u0110\u1ed9c Th\u00e2n t\u1eeb \u0110\u1ea1i s\u1ee9 qu\u00e1n Vi\u1ec7t Nam t\u1ea1i Washington D.C. ho\u1eb7c c\u00e1c L\u00e3nh s\u1ef1 qu\u00e1n Vi\u1ec7t Nam t\u1ea1i San Francisco, Houston ho\u1eb7c New York.<\/p>\n<p>T\u1edd Khai T\u00ecnh Tr\u1ea1ng \u0110\u1ed9c Th\u00e2n c\u00f3 th\u1ec3 \u0111\u01b0\u1ee3c l\u1ea5y t\u1eeb \u0110\u1ea1i s\u1ee9 qu\u00e1n Hoa K\u1ef3 t\u1ea1i H\u00e0 N\u1ed9i ho\u1eb7c T\u1ed5ng L\u00e3nh s\u1ef1 qu\u00e1n Hoa K\u1ef3 t\u1ea1i Th\u00e0nh ph\u1ed1 H\u1ed3 Ch\u00ed Minh.[\/vc_column_text][\/vc_tta_section][vc_tta_section title=&#8221;C\u00e1c chi ph\u00ed li\u00ean quan \u0111\u1ebfn vi\u1ec7c l\u1ea5y c\u00e1c gi\u1ea5y t\u1edd n\u00e0y l\u00e0 bao nhi\u00eau?&#8221; tab_id=&#8221;1736248189318-8af9be22-3c10&#8243;][vc_column_text css=&#8221;&#8221;]Chi ph\u00ed cho Gi\u1ea5y Ch\u1ee9ng Nh\u1eadn T\u00ecnh Tr\u1ea1ng \u0110\u1ed9c Th\u00e2n th\u01b0\u1eddng cao h\u01a1n do t\u00ednh ph\u1ee9c t\u1ea1p v\u00e0 th\u1eddi gian li\u00ean quan \u0111\u1ebfn quy tr\u00ecnh. T\u1edd Khai T\u00ecnh Tr\u1ea1ng \u0110\u1ed9c Th\u00e2n th\u01b0\u1eddng r\u1ebb h\u01a1n v\u00e0 nhanh h\u01a1n \u0111\u1ec3 l\u1ea5y.[\/vc_column_text][\/vc_tta_section][vc_tta_section title=&#8221;M\u1ea5t bao l\u00e2u \u0111\u1ec3 l\u1ea5y Gi\u1ea5y Ch\u1ee9ng Nh\u1eadn T\u00ecnh Tr\u1ea1ng \u0110\u1ed9c Th\u00e2n?&#8221; tab_id=&#8221;1736248280222-b26ffba9-d752&#8243;][vc_column_text css=&#8221;&#8221;]Quy tr\u00ecnh l\u1ea5y Gi\u1ea5y Ch\u1ee9ng Nh\u1eadn T\u00ecnh Tr\u1ea1ng \u0110\u1ed9c Th\u00e2n c\u00f3 th\u1ec3 m\u1ea5t v\u00e0i tu\u1ea7n, v\u00ec v\u1eady b\u1ea1n n\u00ean b\u1eaft \u0111\u1ea7u \u00edt nh\u1ea5t hai th\u00e1ng tr\u01b0\u1edbc ng\u00e0y d\u1ef1 ki\u1ebfn \u200b\u200bkh\u1edfi h\u00e0nh \u0111\u1ebfn Vi\u1ec7t Nam.<\/p>\n<p>Quy tr\u00ecnh l\u1ea5y T\u1edd Khai T\u00ecnh Tr\u1ea1ng \u0110\u1ed9c Th\u00e2n t\u01b0\u01a1ng \u0111\u1ed1i nhanh ch\u00f3ng, th\u01b0\u1eddng y\u00eau c\u1ea7u m\u1ed9t cu\u1ed9c h\u1eb9n t\u1ea1i \u0110\u1ea1i s\u1ee9 qu\u00e1n ho\u1eb7c L\u00e3nh s\u1ef1 qu\u00e1n Hoa K\u1ef3, n\u00ean \u0111\u01b0\u1ee3c l\u00ean l\u1ecbch tr\u01b0\u1edbc hai tu\u1ea7n.[\/vc_column_text][\/vc_tta_section][vc_tta_section title=&#8221;T\u00f4i c\u00f3 th\u1ec3 l\u1ea5y T\u1edd Khai T\u00ecnh Tr\u1ea1ng \u0110\u1ed9c Th\u00e2n n\u1ebfu t\u00f4i l\u00e0 th\u01b0\u1eddng tr\u00fa nh\u00e2n Hoa K\u1ef3 kh\u00f4ng?&#8221; tab_id=&#8221;1736248279905-2711c8ab-4011&#8243;][vc_column_text css=&#8221;&#8221;]Kh\u00f4ng, th\u01b0\u1eddng tr\u00fa nh\u00e2n Hoa K\u1ef3 b\u1eaft bu\u1ed9c ph\u1ea3i l\u1ea5y Gi\u1ea5y Ch\u1ee9ng Nh\u1eadn T\u00ecnh Tr\u1ea1ng \u0110\u1ed9c Th\u00e2n t\u1eeb c\u01a1 quan \u0111\u1ea1i di\u1ec7n ngo\u1ea1i giao Vi\u1ec7t Nam t\u1ea1i Hoa K\u1ef3.[\/vc_column_text][\/vc_tta_section][vc_tta_section title=&#8221;T\u00f4i c\u00f3 c\u1ea7n mang theo b\u1ea5t k\u1ef3 gi\u1ea5y t\u1edd b\u1ed5 sung n\u00e0o khi n\u1ed9p \u0111\u01a1n xin T\u1edd Khai T\u00ecnh Tr\u1ea1ng \u0110\u1ed9c Th\u00e2n kh\u00f4ng?&#8221; tab_id=&#8221;1736248279628-dc7ecbb2-1a45&#8243;][vc_column_text css=&#8221;&#8221;]N\u1ebfu b\u1ea1n \u0111\u00e3 ly h\u00f4n ho\u1eb7c g\u00f3a b\u1ee5a\/g\u00f3a ch\u1ed3ng, b\u1ea1n ph\u1ea3i mang theo b\u1ea3n \u00e1n ly h\u00f4n ho\u1eb7c gi\u1ea5y ch\u1ee9ng t\u1eed khi n\u1ed9p \u0111\u01a1n xin T\u1edd Khai T\u00ecnh Tr\u1ea1ng \u0110\u1ed9c Th\u00e2n.[\/vc_column_text][\/vc_tta_section][vc_tta_section title=&#8221;T\u00f4i c\u00f3 th\u1ec3 k\u1ebft h\u00f4n \u1edf Hoa K\u1ef3 m\u00e0 kh\u00f4ng c\u1ea7n c\u00e1c gi\u1ea5y t\u1edd n\u00e0y kh\u00f4ng?&#8221; tab_id=&#8221;1736248279345-6a248a25-33ac&#8221;][vc_column_text css=&#8221;&#8221;]C\u00f3, n\u1ebfu b\u1ea1n k\u1ebft h\u00f4n \u1edf Hoa K\u1ef3, b\u1ea1n kh\u00f4ng c\u1ea7n cung c\u1ea5p Gi\u1ea5y Ch\u1ee9ng Nh\u1eadn T\u00ecnh Tr\u1ea1ng \u0110\u1ed9c Th\u00e2n ho\u1eb7c T\u1edd Khai T\u00ecnh Tr\u1ea1ng \u0110\u1ed9c Th\u00e2n t\u1eeb ch\u00ednh quy\u1ec1n Vi\u1ec7t Nam.[\/vc_column_text][\/vc_tta_section][vc_tta_section title=&#8221;T\u00f4i n\u00ean l\u00e0m g\u00ec n\u1ebfu k\u1ebf ho\u1ea1ch c\u1ee7a t\u00f4i thay \u0111\u1ed5i v\u00e0 t\u00f4i c\u1ea7n k\u1ebft h\u00f4n s\u1edbm h\u01a1n?&#8221; tab_id=&#8221;1736248279064-98dfae3c-10de&#8221;][vc_column_text css=&#8221;&#8221;]N\u1ebfu k\u1ebf ho\u1ea1ch c\u1ee7a b\u1ea1n thay \u0111\u1ed5i, \u0111i\u1ec1u quan tr\u1ecdng l\u00e0 ph\u1ea3i th\u00f4ng b\u00e1o cho c\u00e1c c\u01a1 quan c\u00f3 li\u00ean quan c\u00e0ng s\u1edbm c\u00e0ng t\u1ed1t v\u00e0 s\u1eafp x\u1ebfp l\u1ea1i b\u1ea5t k\u1ef3 cu\u1ed9c h\u1eb9n ho\u1eb7c chu\u1ea9n b\u1ecb gi\u1ea5y t\u1edd c\u1ea7n thi\u1ebft n\u00e0o.[\/vc_column_text][\/vc_tta_section][vc_tta_section title=&#8221;S\u1ef1 kh\u00e1c bi\u1ec7t ch\u00ednh gi\u1eefa hai lo\u1ea1i gi\u1ea5y t\u1edd n\u00e0y l\u00e0 g\u00ec?&#8221; tab_id=&#8221;1736248353625-eb37809b-2022&#8243;][vc_column_text css=&#8221;&#8221;]S\u1ef1 kh\u00e1c bi\u1ec7t ch\u00ednh l\u00e0 c\u01a1 quan v\u00e0 \u0111\u1ecba \u0111i\u1ec3m c\u1ea5p. Gi\u1ea5y Ch\u1ee9ng Nh\u1eadn T\u00ecnh Tr\u1ea1ng \u0110\u1ed9c Th\u00e2n \u0111\u01b0\u1ee3c c\u1ea5p b\u1edfi c\u01a1 quan \u0111\u1ea1i di\u1ec7n ngo\u1ea1i giao Vi\u1ec7t Nam t\u1ea1i Hoa K\u1ef3, trong khi T\u1edd Khai T\u00ecnh Tr\u1ea1ng \u0110\u1ed9c Th\u00e2n \u0111\u01b0\u1ee3c c\u1ea5p b\u1edfi \u0110\u1ea1i s\u1ee9 qu\u00e1n ho\u1eb7c L\u00e3nh s\u1ef1 qu\u00e1n Hoa K\u1ef3 t\u1ea1i Vi\u1ec7t Nam.[\/vc_column_text][\/vc_tta_section][vc_tta_section title=&#8221;T\u1ea1i sao c\u00f4ng d\u00e2n Hoa K\u1ef3 n\u00ean l\u1ea5y T\u1edd Khai T\u00ecnh Tr\u1ea1ng \u0110\u1ed9c Th\u00e2n \u1edf Vi\u1ec7t Nam?&#8221; tab_id=&#8221;1736248353134-f5a4c03c-ea6a&#8221;][vc_column_text css=&#8221;&#8221;]\u0110i\u1ec1u n\u00e0y \u0111\u01b0\u1ee3c khuy\u1ebfn ngh\u1ecb v\u00ec quy tr\u00ecnh nhanh h\u01a1n, \u0111\u01a1n gi\u1ea3n h\u01a1n v\u00e0 ti\u1ebft ki\u1ec7m chi ph\u00ed h\u01a1n. V\u00ec c\u00f4ng d\u00e2n Hoa K\u1ef3 c\u1ea7n c\u00f3 m\u1eb7t \u1edf Vi\u1ec7t Nam \u0111\u1ec3 k\u00fd gi\u1ea5y ch\u1ee9ng nh\u1eadn k\u1ebft h\u00f4n, vi\u1ec7c l\u1ea5y t\u1edd khai t\u1ea1i \u0111\u1ecba ph\u01b0\u01a1ng thu\u1eadn ti\u1ec7n h\u01a1n.[\/vc_column_text][\/vc_tta_section][\/vc_tta_accordion][\/vc_column][vc_column css=&#8221;.vc_custom_1576238094836{padding-right: 30px !important;padding-left: 30px !important;}&#8221; offset=&#8221;vc_col-lg-4 vc_col-md-4&#8243;][stm_sidebar sidebar=&#8221;7327&#8243;][\/vc_column][\/vc_row]<\/p>\n<\/div>","protected":false},"excerpt":{"rendered":"<p>[vc_row][vc_column offset=&#8221;vc_col-lg-8 vc_col-md-8&#8243;][vc_custom_heading text=&#8221;D\u1ecbch v\u1ee5 Ch\u1ee9ng th\u1ef1c \u0110\u1ed9c th\u00e2n&#8221; font_container=&#8221;tag:h5|text_align:left|color:%23002e5b&#8221; use_theme_fonts=&#8221;yes&#8221; css=&#8221;.vc_custom_1746759875324{border-bottom-width: -20px !important;}&#8221;][vc_tta_accordion shape=&#8221;round&#8221; c_position=&#8221;right&#8221; active_section=&#8221;1&#8243;][vc_tta_section title=&#8221;Gi\u1ea5y ch\u1ee9ng nh\u1eadn \u0111\u1ed9c th\u00e2n l\u00e0 g\u00ec?&#8221; tab_id=&#8221;1736245103381-12322a34-0a83&#8243;][vc_column_text css=&#8221;&#8221;]Gi\u1ea5y ch\u1ee9ng nh\u1eadn \u0111\u1ed9c th\u00e2n l\u00e0 m\u1ed9t v\u0103n b\u1ea3n ch\u1ee9ng minh r\u1eb1ng m\u1ed9t c\u00e1 nh\u00e2n ch\u01b0a k\u1ebft h\u00f4n, th\u01b0\u1eddng \u0111\u01b0\u1ee3c y\u00eau c\u1ea7u khi k\u1ebft h\u00f4n \u1edf n\u01b0\u1edbc ngo\u00e0i.[\/vc_column_text][\/vc_tta_section][vc_tta_section title=&#8221;Gi\u1ea5y x\u00e1c<\/p>\n","protected":false},"author":1,"featured_media":0,"parent":6168,"menu_order":0,"comment_status":"closed","ping_status":"closed","template":"","meta":{"footnotes":""},"class_list":["post-7347","page","type-page","status-publish","hentry"],"yoast_head":"<!-- This site is optimized with the Yoast SEO Premium plugin v24.2 (Yoast SEO v24.2) - https:\/\/yoast.com\/wordpress\/plugins\/seo\/ -->\n<title>Ch\u1ee9ng Nh\u1eadn \u0110\u1ed9c Th\u00e2n FAQs - Truong Law Firm, PLLC<\/title>\n<meta name=\"robots\" content=\"index, follow, max-snippet:-1, max-image-preview:large, max-video-preview:-1\" \/>\n<link rel=\"canonical\" href=\"https:\/\/truonglegal.com\/vi\/faq\/chung-nhan-doc-than-faqs\/\" \/>\n<meta property=\"og:locale\" content=\"vi_VN\" \/>\n<meta property=\"og:type\" content=\"article\" \/>\n<meta property=\"og:title\" content=\"Ch\u1ee9ng Nh\u1eadn \u0110\u1ed9c Th\u00e2n FAQs\" \/>\n<meta property=\"og:description\" content=\"[vc_row][vc_column offset=&#8221;vc_col-lg-8 vc_col-md-8&#8243;][vc_custom_heading text=&#8221;D\u1ecbch v\u1ee5 Ch\u1ee9ng th\u1ef1c \u0110\u1ed9c th\u00e2n&#8221; font_container=&#8221;tag:h5|text_align:left|color:%23002e5b&#8221; use_theme_fonts=&#8221;yes&#8221; css=&#8221;.vc_custom_1746759875324{border-bottom-width: -20px !important;}&#8221;][vc_tta_accordion shape=&#8221;round&#8221; c_position=&#8221;right&#8221; active_section=&#8221;1&#8243;][vc_tta_section title=&#8221;Gi\u1ea5y ch\u1ee9ng nh\u1eadn \u0111\u1ed9c th\u00e2n l\u00e0 g\u00ec?&#8221; tab_id=&#8221;1736245103381-12322a34-0a83&#8243;][vc_column_text css=&#8221;&#8221;]Gi\u1ea5y ch\u1ee9ng nh\u1eadn \u0111\u1ed9c th\u00e2n l\u00e0 m\u1ed9t v\u0103n b\u1ea3n ch\u1ee9ng minh r\u1eb1ng m\u1ed9t c\u00e1 nh\u00e2n ch\u01b0a k\u1ebft h\u00f4n, th\u01b0\u1eddng \u0111\u01b0\u1ee3c y\u00eau c\u1ea7u khi k\u1ebft h\u00f4n \u1edf n\u01b0\u1edbc ngo\u00e0i.[\/vc_column_text][\/vc_tta_section][vc_tta_section title=&#8221;Gi\u1ea5y x\u00e1c\" \/>\n<meta property=\"og:url\" content=\"https:\/\/truonglegal.com\/vi\/faq\/chung-nhan-doc-than-faqs\/\" \/>\n<meta property=\"og:site_name\" content=\"Truong Law Firm, PLLC\" \/>\n<meta property=\"article:modified_time\" content=\"2025-05-09T03:13:21+00:00\" \/>\n<meta name=\"twitter:card\" content=\"summary_large_image\" \/>\n<meta name=\"twitter:label1\" content=\"\u01af\u1edbc t\u00ednh th\u1eddi gian \u0111\u1ecdc\" \/>\n\t<meta name=\"twitter:data1\" content=\"4 ph\u00fat\" \/>\n<script type=\"application\/ld+json\" class=\"yoast-schema-graph\">{\"@context\":\"https:\/\/schema.org\",\"@graph\":[{\"@type\":\"WebPage\",\"@id\":\"https:\/\/truonglegal.com\/vi\/faq\/chung-nhan-doc-than-faqs\/\",\"url\":\"https:\/\/truonglegal.com\/vi\/faq\/chung-nhan-doc-than-faqs\/\",\"name\":\"Ch\u1ee9ng Nh\u1eadn \u0110\u1ed9c Th\u00e2n FAQs - Truong Law Firm, PLLC\",\"isPartOf\":{\"@id\":\"https:\/\/truonglegal.com\/vi\/#website\"},\"datePublished\":\"2025-01-07T11:13:23+00:00\",\"dateModified\":\"2025-05-09T03:13:21+00:00\",\"breadcrumb\":{\"@id\":\"https:\/\/truonglegal.com\/vi\/faq\/chung-nhan-doc-than-faqs\/#breadcrumb\"},\"inLanguage\":\"vi\",\"potentialAction\":[{\"@type\":\"ReadAction\",\"target\":[\"https:\/\/truonglegal.com\/vi\/faq\/chung-nhan-doc-than-faqs\/\"]}]},{\"@type\":\"BreadcrumbList\",\"@id\":\"https:\/\/truonglegal.com\/vi\/faq\/chung-nhan-doc-than-faqs\/#breadcrumb\",\"itemListElement\":[{\"@type\":\"ListItem\",\"position\":1,\"name\":\"Home\",\"item\":\"https:\/\/truonglegal.com\/vi\/\"},{\"@type\":\"ListItem\",\"position\":2,\"name\":\"FAQ\",\"item\":\"https:\/\/truonglegal.com\/vi\/faq\/\"},{\"@type\":\"ListItem\",\"position\":3,\"name\":\"Ch\u1ee9ng Nh\u1eadn \u0110\u1ed9c Th\u00e2n FAQs\"}]},{\"@type\":\"WebSite\",\"@id\":\"https:\/\/truonglegal.com\/vi\/#website\",\"url\":\"https:\/\/truonglegal.com\/vi\/\",\"name\":\"Truong Law Firm, PLLC\",\"description\":\"\",\"potentialAction\":[{\"@type\":\"SearchAction\",\"target\":{\"@type\":\"EntryPoint\",\"urlTemplate\":\"https:\/\/truonglegal.com\/vi\/?s={search_term_string}\"},\"query-input\":{\"@type\":\"PropertyValueSpecification\",\"valueRequired\":true,\"valueName\":\"search_term_string\"}}],\"inLanguage\":\"vi\"}]}<\/script>\n<!-- \/ Yoast SEO Premium plugin. -->","yoast_head_json":{"title":"Ch\u1ee9ng Nh\u1eadn \u0110\u1ed9c Th\u00e2n FAQs - Truong Law Firm, PLLC","robots":{"index":"index","follow":"follow","max-snippet":"max-snippet:-1","max-image-preview":"max-image-preview:large","max-video-preview":"max-video-preview:-1"},"canonical":"https:\/\/truonglegal.com\/vi\/faq\/chung-nhan-doc-than-faqs\/","og_locale":"vi_VN","og_type":"article","og_title":"Ch\u1ee9ng Nh\u1eadn \u0110\u1ed9c Th\u00e2n FAQs","og_description":"[vc_row][vc_column offset=&#8221;vc_col-lg-8 vc_col-md-8&#8243;][vc_custom_heading text=&#8221;D\u1ecbch v\u1ee5 Ch\u1ee9ng th\u1ef1c \u0110\u1ed9c th\u00e2n&#8221; font_container=&#8221;tag:h5|text_align:left|color:%23002e5b&#8221; use_theme_fonts=&#8221;yes&#8221; css=&#8221;.vc_custom_1746759875324{border-bottom-width: -20px !important;}&#8221;][vc_tta_accordion shape=&#8221;round&#8221; c_position=&#8221;right&#8221; active_section=&#8221;1&#8243;][vc_tta_section title=&#8221;Gi\u1ea5y ch\u1ee9ng nh\u1eadn \u0111\u1ed9c th\u00e2n l\u00e0 g\u00ec?&#8221; tab_id=&#8221;1736245103381-12322a34-0a83&#8243;][vc_column_text css=&#8221;&#8221;]Gi\u1ea5y ch\u1ee9ng nh\u1eadn \u0111\u1ed9c th\u00e2n l\u00e0 m\u1ed9t v\u0103n b\u1ea3n ch\u1ee9ng minh r\u1eb1ng m\u1ed9t c\u00e1 nh\u00e2n ch\u01b0a k\u1ebft h\u00f4n, th\u01b0\u1eddng \u0111\u01b0\u1ee3c y\u00eau c\u1ea7u khi k\u1ebft h\u00f4n \u1edf n\u01b0\u1edbc ngo\u00e0i.[\/vc_column_text][\/vc_tta_section][vc_tta_section title=&#8221;Gi\u1ea5y x\u00e1c","og_url":"https:\/\/truonglegal.com\/vi\/faq\/chung-nhan-doc-than-faqs\/","og_site_name":"Truong Law Firm, PLLC","article_modified_time":"2025-05-09T03:13:21+00:00","twitter_card":"summary_large_image","twitter_misc":{"\u01af\u1edbc t\u00ednh th\u1eddi gian \u0111\u1ecdc":"4 ph\u00fat"},"schema":{"@context":"https:\/\/schema.org","@graph":[{"@type":"WebPage","@id":"https:\/\/truonglegal.com\/vi\/faq\/chung-nhan-doc-than-faqs\/","url":"https:\/\/truonglegal.com\/vi\/faq\/chung-nhan-doc-than-faqs\/","name":"Ch\u1ee9ng Nh\u1eadn \u0110\u1ed9c Th\u00e2n FAQs - Truong Law Firm, PLLC","isPartOf":{"@id":"https:\/\/truonglegal.com\/vi\/#website"},"datePublished":"2025-01-07T11:13:23+00:00","dateModified":"2025-05-09T03:13:21+00:00","breadcrumb":{"@id":"https:\/\/truonglegal.com\/vi\/faq\/chung-nhan-doc-than-faqs\/#breadcrumb"},"inLanguage":"vi","potentialAction":[{"@type":"ReadAction","target":["https:\/\/truonglegal.com\/vi\/faq\/chung-nhan-doc-than-faqs\/"]}]},{"@type":"BreadcrumbList","@id":"https:\/\/truonglegal.com\/vi\/faq\/chung-nhan-doc-than-faqs\/#breadcrumb","itemListElement":[{"@type":"ListItem","position":1,"name":"Home","item":"https:\/\/truonglegal.com\/vi\/"},{"@type":"ListItem","position":2,"name":"FAQ","item":"https:\/\/truonglegal.com\/vi\/faq\/"},{"@type":"ListItem","position":3,"name":"Ch\u1ee9ng Nh\u1eadn \u0110\u1ed9c Th\u00e2n FAQs"}]},{"@type":"WebSite","@id":"https:\/\/truonglegal.com\/vi\/#website","url":"https:\/\/truonglegal.com\/vi\/","name":"Truong Law Firm, PLLC","description":"","potentialAction":[{"@type":"SearchAction","target":{"@type":"EntryPoint","urlTemplate":"https:\/\/truonglegal.com\/vi\/?s={search_term_string}"},"query-input":{"@type":"PropertyValueSpecification","valueRequired":true,"valueName":"search_term_string"}}],"inLanguage":"vi"}]}},"_links":{"self":[{"href":"https:\/\/truonglegal.com\/vi\/wp-json\/wp\/v2\/pages\/7347","targetHints":{"allow":["GET"]}}],"collection":[{"href":"https:\/\/truonglegal.com\/vi\/wp-json\/wp\/v2\/pages"}],"about":[{"href":"https:\/\/truonglegal.com\/vi\/wp-json\/wp\/v2\/types\/page"}],"author":[{"embeddable":true,"href":"https:\/\/truonglegal.com\/vi\/wp-json\/wp\/v2\/users\/1"}],"replies":[{"embeddable":true,"href":"https:\/\/truonglegal.com\/vi\/wp-json\/wp\/v2\/comments?post=7347"}],"version-history":[{"count":0,"href":"https:\/\/truonglegal.com\/vi\/wp-json\/wp\/v2\/pages\/7347\/revisions"}],"up":[{"embeddable":true,"href":"https:\/\/truonglegal.com\/vi\/wp-json\/wp\/v2\/pages\/6168"}],"wp:attachment":[{"href":"https:\/\/truonglegal.com\/vi\/wp-json\/wp\/v2\/media?parent=7347"}],"curies":[{"name":"wp","href":"https:\/\/api.w.org\/{rel}","templated":true}]}}