{"id":7349,"date":"2025-01-07T11:15:36","date_gmt":"2025-01-07T11:15:36","guid":{"rendered":"https:\/\/truonglegal.com\/vi\/?page_id=7349"},"modified":"2025-05-09T10:31:06","modified_gmt":"2025-05-09T03:31:06","slug":"mien-tru-phap-ly-faqs","status":"publish","type":"page","link":"https:\/\/truonglegal.com\/vi\/faq\/mien-tru-phap-ly-faqs\/","title":{"rendered":"Mi\u1ec5n tr\u1eeb v\u00e0 C\u00e1c V\u1ea5n \u0111\u1ec1 Ph\u00e1p l\u00fd FAQs"},"content":{"rendered":"<div class=\"wpb-content-wrapper\"><p>[vc_row][vc_column offset=&#8221;vc_col-lg-8 vc_col-md-8&#8243;][vc_custom_heading text=&#8221;Mi\u1ec5n tr\u1eeb v\u00e0 C\u00e1c V\u1ea5n \u0111\u1ec1 Ph\u00e1p l\u00fd&#8221; font_container=&#8221;tag:h5|text_align:left|color:%23002e5b&#8221; use_theme_fonts=&#8221;yes&#8221; css=&#8221;.vc_custom_1746761394615{border-bottom-width: -20px !important;}&#8221;][vc_tta_accordion shape=&#8221;round&#8221; c_position=&#8221;right&#8221; active_section=&#8221;1&#8243;][vc_tta_section title=&#8221;\u0110\u01a1n xin mi\u1ec5n tr\u1eeb I-601 cho tr\u01b0\u1eddng h\u1ee3p kh\u00f4ng \u0111\u1ee7 \u0111i\u1ec1u ki\u1ec7n nh\u1eadp c\u1ea3nh l\u00e0 g\u00ec?&#8221; tab_id=&#8221;1736245103381-12322a34-0a83&#8243;][vc_column_text css=&#8221;&#8221;]\u0110\u01a1n xin mi\u1ec5n tr\u1eeb I-601 cho ph\u00e9p nh\u1eefng c\u00e1 nh\u00e2n kh\u00f4ng \u0111\u1ee7 \u0111i\u1ec1u ki\u1ec7n nh\u1eadp c\u1ea3nh v\u00e0o Hoa K\u1ef3 xin mi\u1ec5n tr\u1eeb m\u1ed9t s\u1ed1 c\u0103n c\u1ee9 kh\u00f4ng \u0111\u1ee7 \u0111i\u1ec1u ki\u1ec7n b\u1eb1ng c\u00e1ch ch\u1ee9ng minh s\u1ef1 kh\u00f3 kh\u0103n c\u00f9ng c\u1ef1c cho ng\u01b0\u1eddi th\u00e2n l\u00e0 c\u00f4ng d\u00e2n ho\u1eb7c th\u01b0\u1eddng tr\u00fa nh\u00e2n Hoa K\u1ef3.[\/vc_column_text][\/vc_tta_section][vc_tta_section title=&#8221;Nh\u1eefng l\u00fd do ph\u1ed5 bi\u1ebfn n\u00e0o khi\u1ebfn m\u1ed9t ng\u01b0\u1eddi b\u1ecb c\u1ea5m nh\u1eadp c\u1ea3nh v\u00e0 l\u00e0m th\u1ebf n\u00e0o \u0111\u1ec3 xin mi\u1ec5n tr\u1eeb?&#8221; tab_id=&#8221;1574338209493-2bde497c-9fb4&#8243;][vc_column_text css=&#8221;&#8221;]C\u00e1c l\u00fd do ph\u1ed5 bi\u1ebfn bao g\u1ed3m ti\u1ec1n \u00e1n h\u00ecnh s\u1ef1, vi ph\u1ea1m lu\u1eadt di tr\u00fa v\u00e0 c\u00e1c v\u1ea5n \u0111\u1ec1 s\u1ee9c kh\u1ecfe. C\u00f3 th\u1ec3 n\u1ed9p \u0111\u01a1n xin mi\u1ec5n tr\u1eeb b\u1eb1ng c\u00e1c m\u1eabu \u0111\u01a1n nh\u01b0 I-601 ho\u1eb7c I-212.[\/vc_column_text][\/vc_tta_section][\/vc_tta_accordion][\/vc_column][vc_column css=&#8221;.vc_custom_1576238094836{padding-right: 30px !important;padding-left: 30px !important;}&#8221; offset=&#8221;vc_col-lg-4 vc_col-md-4&#8243;][stm_sidebar sidebar=&#8221;7327&#8243;][\/vc_column][\/vc_row]<\/p>\n<\/div>","protected":false},"excerpt":{"rendered":"<p>[vc_row][vc_column offset=&#8221;vc_col-lg-8 vc_col-md-8&#8243;][vc_custom_heading text=&#8221;Mi\u1ec5n tr\u1eeb v\u00e0 C\u00e1c V\u1ea5n \u0111\u1ec1 Ph\u00e1p l\u00fd&#8221; font_container=&#8221;tag:h5|text_align:left|color:%23002e5b&#8221; use_theme_fonts=&#8221;yes&#8221; css=&#8221;.vc_custom_1746761394615{border-bottom-width: -20px !important;}&#8221;][vc_tta_accordion shape=&#8221;round&#8221; c_position=&#8221;right&#8221; active_section=&#8221;1&#8243;][vc_tta_section title=&#8221;\u0110\u01a1n xin mi\u1ec5n tr\u1eeb I-601 cho tr\u01b0\u1eddng h\u1ee3p kh\u00f4ng \u0111\u1ee7 \u0111i\u1ec1u ki\u1ec7n nh\u1eadp c\u1ea3nh l\u00e0 g\u00ec?&#8221; tab_id=&#8221;1736245103381-12322a34-0a83&#8243;][vc_column_text css=&#8221;&#8221;]\u0110\u01a1n xin mi\u1ec5n tr\u1eeb I-601 cho ph\u00e9p nh\u1eefng c\u00e1 nh\u00e2n kh\u00f4ng \u0111\u1ee7 \u0111i\u1ec1u ki\u1ec7n nh\u1eadp c\u1ea3nh v\u00e0o Hoa K\u1ef3<\/p>\n","protected":false},"author":1,"featured_media":0,"parent":6168,"menu_order":0,"comment_status":"closed","ping_status":"closed","template":"","meta":{"footnotes":""},"class_list":["post-7349","page","type-page","status-publish","hentry"],"yoast_head":"<!-- This site is optimized with the Yoast SEO Premium plugin v24.2 (Yoast SEO v24.2) - https:\/\/yoast.com\/wordpress\/plugins\/seo\/ -->\n<title>Mi\u1ec5n tr\u1eeb v\u00e0 C\u00e1c V\u1ea5n \u0111\u1ec1 Ph\u00e1p l\u00fd FAQs - Truong Law Firm, PLLC<\/title>\n<meta name=\"robots\" content=\"index, follow, max-snippet:-1, max-image-preview:large, max-video-preview:-1\" \/>\n<link rel=\"canonical\" href=\"https:\/\/truonglegal.com\/vi\/faq\/mien-tru-phap-ly-faqs\/\" \/>\n<meta property=\"og:locale\" content=\"vi_VN\" \/>\n<meta property=\"og:type\" content=\"article\" \/>\n<meta property=\"og:title\" content=\"Mi\u1ec5n tr\u1eeb v\u00e0 C\u00e1c V\u1ea5n \u0111\u1ec1 Ph\u00e1p l\u00fd FAQs\" \/>\n<meta property=\"og:description\" content=\"[vc_row][vc_column offset=&#8221;vc_col-lg-8 vc_col-md-8&#8243;][vc_custom_heading text=&#8221;Mi\u1ec5n tr\u1eeb v\u00e0 C\u00e1c V\u1ea5n \u0111\u1ec1 Ph\u00e1p l\u00fd&#8221; font_container=&#8221;tag:h5|text_align:left|color:%23002e5b&#8221; use_theme_fonts=&#8221;yes&#8221; css=&#8221;.vc_custom_1746761394615{border-bottom-width: -20px !important;}&#8221;][vc_tta_accordion shape=&#8221;round&#8221; c_position=&#8221;right&#8221; active_section=&#8221;1&#8243;][vc_tta_section title=&#8221;\u0110\u01a1n xin mi\u1ec5n tr\u1eeb I-601 cho tr\u01b0\u1eddng h\u1ee3p kh\u00f4ng \u0111\u1ee7 \u0111i\u1ec1u ki\u1ec7n nh\u1eadp c\u1ea3nh l\u00e0 g\u00ec?&#8221; tab_id=&#8221;1736245103381-12322a34-0a83&#8243;][vc_column_text css=&#8221;&#8221;]\u0110\u01a1n xin mi\u1ec5n tr\u1eeb I-601 cho ph\u00e9p nh\u1eefng c\u00e1 nh\u00e2n kh\u00f4ng \u0111\u1ee7 \u0111i\u1ec1u ki\u1ec7n nh\u1eadp c\u1ea3nh v\u00e0o Hoa K\u1ef3\" \/>\n<meta property=\"og:url\" content=\"https:\/\/truonglegal.com\/vi\/faq\/mien-tru-phap-ly-faqs\/\" \/>\n<meta property=\"og:site_name\" content=\"Truong Law Firm, PLLC\" \/>\n<meta property=\"article:modified_time\" content=\"2025-05-09T03:31:06+00:00\" \/>\n<meta name=\"twitter:card\" content=\"summary_large_image\" \/>\n<meta name=\"twitter:label1\" content=\"\u01af\u1edbc t\u00ednh th\u1eddi gian \u0111\u1ecdc\" \/>\n\t<meta name=\"twitter:data1\" content=\"1 ph\u00fat\" \/>\n<script type=\"application\/ld+json\" class=\"yoast-schema-graph\">{\"@context\":\"https:\/\/schema.org\",\"@graph\":[{\"@type\":\"WebPage\",\"@id\":\"https:\/\/truonglegal.com\/vi\/faq\/mien-tru-phap-ly-faqs\/\",\"url\":\"https:\/\/truonglegal.com\/vi\/faq\/mien-tru-phap-ly-faqs\/\",\"name\":\"Mi\u1ec5n tr\u1eeb v\u00e0 C\u00e1c V\u1ea5n \u0111\u1ec1 Ph\u00e1p l\u00fd FAQs - Truong Law Firm, PLLC\",\"isPartOf\":{\"@id\":\"https:\/\/truonglegal.com\/vi\/#website\"},\"datePublished\":\"2025-01-07T11:15:36+00:00\",\"dateModified\":\"2025-05-09T03:31:06+00:00\",\"breadcrumb\":{\"@id\":\"https:\/\/truonglegal.com\/vi\/faq\/mien-tru-phap-ly-faqs\/#breadcrumb\"},\"inLanguage\":\"vi\",\"potentialAction\":[{\"@type\":\"ReadAction\",\"target\":[\"https:\/\/truonglegal.com\/vi\/faq\/mien-tru-phap-ly-faqs\/\"]}]},{\"@type\":\"BreadcrumbList\",\"@id\":\"https:\/\/truonglegal.com\/vi\/faq\/mien-tru-phap-ly-faqs\/#breadcrumb\",\"itemListElement\":[{\"@type\":\"ListItem\",\"position\":1,\"name\":\"Home\",\"item\":\"https:\/\/truonglegal.com\/vi\/\"},{\"@type\":\"ListItem\",\"position\":2,\"name\":\"FAQ\",\"item\":\"https:\/\/truonglegal.com\/vi\/faq\/\"},{\"@type\":\"ListItem\",\"position\":3,\"name\":\"Mi\u1ec5n tr\u1eeb v\u00e0 C\u00e1c V\u1ea5n \u0111\u1ec1 Ph\u00e1p l\u00fd FAQs\"}]},{\"@type\":\"WebSite\",\"@id\":\"https:\/\/truonglegal.com\/vi\/#website\",\"url\":\"https:\/\/truonglegal.com\/vi\/\",\"name\":\"Truong Law Firm, PLLC\",\"description\":\"\",\"potentialAction\":[{\"@type\":\"SearchAction\",\"target\":{\"@type\":\"EntryPoint\",\"urlTemplate\":\"https:\/\/truonglegal.com\/vi\/?s={search_term_string}\"},\"query-input\":{\"@type\":\"PropertyValueSpecification\",\"valueRequired\":true,\"valueName\":\"search_term_string\"}}],\"inLanguage\":\"vi\"}]}<\/script>\n<!-- \/ Yoast SEO Premium plugin. -->","yoast_head_json":{"title":"Mi\u1ec5n tr\u1eeb v\u00e0 C\u00e1c V\u1ea5n \u0111\u1ec1 Ph\u00e1p l\u00fd FAQs - Truong Law Firm, PLLC","robots":{"index":"index","follow":"follow","max-snippet":"max-snippet:-1","max-image-preview":"max-image-preview:large","max-video-preview":"max-video-preview:-1"},"canonical":"https:\/\/truonglegal.com\/vi\/faq\/mien-tru-phap-ly-faqs\/","og_locale":"vi_VN","og_type":"article","og_title":"Mi\u1ec5n tr\u1eeb v\u00e0 C\u00e1c V\u1ea5n \u0111\u1ec1 Ph\u00e1p l\u00fd FAQs","og_description":"[vc_row][vc_column offset=&#8221;vc_col-lg-8 vc_col-md-8&#8243;][vc_custom_heading text=&#8221;Mi\u1ec5n tr\u1eeb v\u00e0 C\u00e1c V\u1ea5n \u0111\u1ec1 Ph\u00e1p l\u00fd&#8221; font_container=&#8221;tag:h5|text_align:left|color:%23002e5b&#8221; use_theme_fonts=&#8221;yes&#8221; css=&#8221;.vc_custom_1746761394615{border-bottom-width: -20px !important;}&#8221;][vc_tta_accordion shape=&#8221;round&#8221; c_position=&#8221;right&#8221; active_section=&#8221;1&#8243;][vc_tta_section title=&#8221;\u0110\u01a1n xin mi\u1ec5n tr\u1eeb I-601 cho tr\u01b0\u1eddng h\u1ee3p kh\u00f4ng \u0111\u1ee7 \u0111i\u1ec1u ki\u1ec7n nh\u1eadp c\u1ea3nh l\u00e0 g\u00ec?&#8221; tab_id=&#8221;1736245103381-12322a34-0a83&#8243;][vc_column_text css=&#8221;&#8221;]\u0110\u01a1n xin mi\u1ec5n tr\u1eeb I-601 cho ph\u00e9p nh\u1eefng c\u00e1 nh\u00e2n kh\u00f4ng \u0111\u1ee7 \u0111i\u1ec1u ki\u1ec7n nh\u1eadp c\u1ea3nh v\u00e0o Hoa K\u1ef3","og_url":"https:\/\/truonglegal.com\/vi\/faq\/mien-tru-phap-ly-faqs\/","og_site_name":"Truong Law Firm, PLLC","article_modified_time":"2025-05-09T03:31:06+00:00","twitter_card":"summary_large_image","twitter_misc":{"\u01af\u1edbc t\u00ednh th\u1eddi gian \u0111\u1ecdc":"1 ph\u00fat"},"schema":{"@context":"https:\/\/schema.org","@graph":[{"@type":"WebPage","@id":"https:\/\/truonglegal.com\/vi\/faq\/mien-tru-phap-ly-faqs\/","url":"https:\/\/truonglegal.com\/vi\/faq\/mien-tru-phap-ly-faqs\/","name":"Mi\u1ec5n tr\u1eeb v\u00e0 C\u00e1c V\u1ea5n \u0111\u1ec1 Ph\u00e1p l\u00fd FAQs - Truong Law Firm, PLLC","isPartOf":{"@id":"https:\/\/truonglegal.com\/vi\/#website"},"datePublished":"2025-01-07T11:15:36+00:00","dateModified":"2025-05-09T03:31:06+00:00","breadcrumb":{"@id":"https:\/\/truonglegal.com\/vi\/faq\/mien-tru-phap-ly-faqs\/#breadcrumb"},"inLanguage":"vi","potentialAction":[{"@type":"ReadAction","target":["https:\/\/truonglegal.com\/vi\/faq\/mien-tru-phap-ly-faqs\/"]}]},{"@type":"BreadcrumbList","@id":"https:\/\/truonglegal.com\/vi\/faq\/mien-tru-phap-ly-faqs\/#breadcrumb","itemListElement":[{"@type":"ListItem","position":1,"name":"Home","item":"https:\/\/truonglegal.com\/vi\/"},{"@type":"ListItem","position":2,"name":"FAQ","item":"https:\/\/truonglegal.com\/vi\/faq\/"},{"@type":"ListItem","position":3,"name":"Mi\u1ec5n tr\u1eeb v\u00e0 C\u00e1c V\u1ea5n \u0111\u1ec1 Ph\u00e1p l\u00fd FAQs"}]},{"@type":"WebSite","@id":"https:\/\/truonglegal.com\/vi\/#website","url":"https:\/\/truonglegal.com\/vi\/","name":"Truong Law Firm, PLLC","description":"","potentialAction":[{"@type":"SearchAction","target":{"@type":"EntryPoint","urlTemplate":"https:\/\/truonglegal.com\/vi\/?s={search_term_string}"},"query-input":{"@type":"PropertyValueSpecification","valueRequired":true,"valueName":"search_term_string"}}],"inLanguage":"vi"}]}},"_links":{"self":[{"href":"https:\/\/truonglegal.com\/vi\/wp-json\/wp\/v2\/pages\/7349","targetHints":{"allow":["GET"]}}],"collection":[{"href":"https:\/\/truonglegal.com\/vi\/wp-json\/wp\/v2\/pages"}],"about":[{"href":"https:\/\/truonglegal.com\/vi\/wp-json\/wp\/v2\/types\/page"}],"author":[{"embeddable":true,"href":"https:\/\/truonglegal.com\/vi\/wp-json\/wp\/v2\/users\/1"}],"replies":[{"embeddable":true,"href":"https:\/\/truonglegal.com\/vi\/wp-json\/wp\/v2\/comments?post=7349"}],"version-history":[{"count":0,"href":"https:\/\/truonglegal.com\/vi\/wp-json\/wp\/v2\/pages\/7349\/revisions"}],"up":[{"embeddable":true,"href":"https:\/\/truonglegal.com\/vi\/wp-json\/wp\/v2\/pages\/6168"}],"wp:attachment":[{"href":"https:\/\/truonglegal.com\/vi\/wp-json\/wp\/v2\/media?parent=7349"}],"curies":[{"name":"wp","href":"https:\/\/api.w.org\/{rel}","templated":true}]}}