{"id":7351,"date":"2025-01-07T11:16:23","date_gmt":"2025-01-07T11:16:23","guid":{"rendered":"https:\/\/truonglegal.com\/vi\/?page_id=7351"},"modified":"2025-05-09T10:16:01","modified_gmt":"2025-05-09T03:16:01","slug":"quoc-tich-faqs","status":"publish","type":"page","link":"https:\/\/truonglegal.com\/vi\/faq\/quoc-tich-faqs\/","title":{"rendered":"Qu\u1ed1c T\u1ecbch FAQs"},"content":{"rendered":"<div class=\"wpb-content-wrapper\"><p>[vc_row][vc_column offset=&#8221;vc_col-lg-8 vc_col-md-8&#8243;][vc_custom_heading text=&#8221;Qu\u1ed1c t\u1ecbch Faqs&#8221; font_container=&#8221;tag:h5|text_align:left|color:%23002e5b&#8221; use_theme_fonts=&#8221;yes&#8221; css=&#8221;.vc_custom_1746760486249{border-bottom-width: -20px !important;}&#8221;][vc_tta_accordion shape=&#8221;round&#8221; c_position=&#8221;right&#8221; active_section=&#8221;1&#8243;][vc_tta_section title=&#8221;L\u00e0m th\u1ebf n\u00e0o \u0111\u1ec3 xin qu\u1ed1c t\u1ecbch Hoa K\u1ef3?&#8221; tab_id=&#8221;1736245103381-12322a34-0a83&#8243;][vc_column_text css=&#8221;&#8221;]N\u1ed9p M\u1eabu N-400, tham d\u1ef1 bu\u1ed5i h\u1eb9n sinh tr\u1eafc h\u1ecdc, ho\u00e0n th\u00e0nh ph\u1ecfng v\u1ea5n v\u00e0 tuy\u00ean th\u1ec7 trung th\u00e0nh.[\/vc_column_text][\/vc_tta_section][vc_tta_section title=&#8221;Tr\u1ebb em sinh ra \u1edf Vi\u1ec7t Nam c\u00f3 th\u1ec3 c\u00f3 \u0111\u01b0\u1ee3c qu\u1ed1c t\u1ecbch Hoa K\u1ef3 b\u1eb1ng c\u00e1ch n\u00e0o?&#8221; tab_id=&#8221;1574338209493-2bde497c-9fb4&#8243;][vc_column_text css=&#8221;&#8221;]Tr\u1ebb em sinh ra \u1edf n\u01b0\u1edbc ngo\u00e0i c\u00f3 cha m\u1eb9 l\u00e0 c\u00f4ng d\u00e2n Hoa K\u1ef3 c\u00f3 th\u1ec3 c\u00f3 \u0111\u01b0\u1ee3c qu\u1ed1c t\u1ecbch th\u00f4ng qua B\u00e1o c\u00e1o L\u00e3nh s\u1ef1 v\u1ec1 Vi\u1ec7c Sinh \u1edf N\u01b0\u1edbc Ngo\u00e0i (CRBA) ho\u1eb7c th\u00f4ng qua quy tr\u00ecnh nh\u1eadp t\u1ecbch.[\/vc_column_text][\/vc_tta_section][\/vc_tta_accordion][\/vc_column][vc_column css=&#8221;.vc_custom_1576238094836{padding-right: 30px !important;padding-left: 30px !important;}&#8221; offset=&#8221;vc_col-lg-4 vc_col-md-4&#8243;][stm_sidebar sidebar=&#8221;7327&#8243;][\/vc_column][\/vc_row]<\/p>\n<\/div>","protected":false},"excerpt":{"rendered":"<p>[vc_row][vc_column offset=&#8221;vc_col-lg-8 vc_col-md-8&#8243;][vc_custom_heading text=&#8221;Qu\u1ed1c t\u1ecbch Faqs&#8221; font_container=&#8221;tag:h5|text_align:left|color:%23002e5b&#8221; use_theme_fonts=&#8221;yes&#8221; css=&#8221;.vc_custom_1746760486249{border-bottom-width: -20px !important;}&#8221;][vc_tta_accordion shape=&#8221;round&#8221; c_position=&#8221;right&#8221; active_section=&#8221;1&#8243;][vc_tta_section title=&#8221;L\u00e0m th\u1ebf n\u00e0o \u0111\u1ec3 xin qu\u1ed1c t\u1ecbch Hoa K\u1ef3?&#8221; tab_id=&#8221;1736245103381-12322a34-0a83&#8243;][vc_column_text css=&#8221;&#8221;]N\u1ed9p M\u1eabu N-400, tham d\u1ef1 bu\u1ed5i h\u1eb9n sinh tr\u1eafc h\u1ecdc, ho\u00e0n th\u00e0nh ph\u1ecfng v\u1ea5n v\u00e0 tuy\u00ean th\u1ec7 trung th\u00e0nh.[\/vc_column_text][\/vc_tta_section][vc_tta_section title=&#8221;Tr\u1ebb em sinh ra \u1edf Vi\u1ec7t Nam c\u00f3 th\u1ec3 c\u00f3 \u0111\u01b0\u1ee3c qu\u1ed1c<\/p>\n","protected":false},"author":1,"featured_media":0,"parent":6168,"menu_order":0,"comment_status":"closed","ping_status":"closed","template":"","meta":{"footnotes":""},"class_list":["post-7351","page","type-page","status-publish","hentry"],"yoast_head":"<!-- This site is optimized with the Yoast SEO Premium plugin v24.2 (Yoast SEO v24.2) - https:\/\/yoast.com\/wordpress\/plugins\/seo\/ -->\n<title>Qu\u1ed1c T\u1ecbch FAQs - Truong Law Firm, PLLC<\/title>\n<meta name=\"robots\" content=\"index, follow, max-snippet:-1, max-image-preview:large, max-video-preview:-1\" \/>\n<link rel=\"canonical\" href=\"https:\/\/truonglegal.com\/vi\/faq\/quoc-tich-faqs\/\" \/>\n<meta property=\"og:locale\" content=\"vi_VN\" \/>\n<meta property=\"og:type\" content=\"article\" \/>\n<meta property=\"og:title\" content=\"Qu\u1ed1c T\u1ecbch FAQs\" \/>\n<meta property=\"og:description\" content=\"[vc_row][vc_column offset=&#8221;vc_col-lg-8 vc_col-md-8&#8243;][vc_custom_heading text=&#8221;Qu\u1ed1c t\u1ecbch Faqs&#8221; font_container=&#8221;tag:h5|text_align:left|color:%23002e5b&#8221; use_theme_fonts=&#8221;yes&#8221; css=&#8221;.vc_custom_1746760486249{border-bottom-width: -20px !important;}&#8221;][vc_tta_accordion shape=&#8221;round&#8221; c_position=&#8221;right&#8221; active_section=&#8221;1&#8243;][vc_tta_section title=&#8221;L\u00e0m th\u1ebf n\u00e0o \u0111\u1ec3 xin qu\u1ed1c t\u1ecbch Hoa K\u1ef3?&#8221; tab_id=&#8221;1736245103381-12322a34-0a83&#8243;][vc_column_text css=&#8221;&#8221;]N\u1ed9p M\u1eabu N-400, tham d\u1ef1 bu\u1ed5i h\u1eb9n sinh tr\u1eafc h\u1ecdc, ho\u00e0n th\u00e0nh ph\u1ecfng v\u1ea5n v\u00e0 tuy\u00ean th\u1ec7 trung th\u00e0nh.[\/vc_column_text][\/vc_tta_section][vc_tta_section title=&#8221;Tr\u1ebb em sinh ra \u1edf Vi\u1ec7t Nam c\u00f3 th\u1ec3 c\u00f3 \u0111\u01b0\u1ee3c qu\u1ed1c\" \/>\n<meta property=\"og:url\" content=\"https:\/\/truonglegal.com\/vi\/faq\/quoc-tich-faqs\/\" \/>\n<meta property=\"og:site_name\" content=\"Truong Law Firm, PLLC\" \/>\n<meta property=\"article:modified_time\" content=\"2025-05-09T03:16:01+00:00\" \/>\n<meta name=\"twitter:card\" content=\"summary_large_image\" \/>\n<meta name=\"twitter:label1\" content=\"\u01af\u1edbc t\u00ednh th\u1eddi gian \u0111\u1ecdc\" \/>\n\t<meta name=\"twitter:data1\" content=\"1 ph\u00fat\" \/>\n<script type=\"application\/ld+json\" class=\"yoast-schema-graph\">{\"@context\":\"https:\/\/schema.org\",\"@graph\":[{\"@type\":\"WebPage\",\"@id\":\"https:\/\/truonglegal.com\/vi\/faq\/quoc-tich-faqs\/\",\"url\":\"https:\/\/truonglegal.com\/vi\/faq\/quoc-tich-faqs\/\",\"name\":\"Qu\u1ed1c T\u1ecbch FAQs - Truong Law Firm, PLLC\",\"isPartOf\":{\"@id\":\"https:\/\/truonglegal.com\/vi\/#website\"},\"datePublished\":\"2025-01-07T11:16:23+00:00\",\"dateModified\":\"2025-05-09T03:16:01+00:00\",\"breadcrumb\":{\"@id\":\"https:\/\/truonglegal.com\/vi\/faq\/quoc-tich-faqs\/#breadcrumb\"},\"inLanguage\":\"vi\",\"potentialAction\":[{\"@type\":\"ReadAction\",\"target\":[\"https:\/\/truonglegal.com\/vi\/faq\/quoc-tich-faqs\/\"]}]},{\"@type\":\"BreadcrumbList\",\"@id\":\"https:\/\/truonglegal.com\/vi\/faq\/quoc-tich-faqs\/#breadcrumb\",\"itemListElement\":[{\"@type\":\"ListItem\",\"position\":1,\"name\":\"Home\",\"item\":\"https:\/\/truonglegal.com\/vi\/\"},{\"@type\":\"ListItem\",\"position\":2,\"name\":\"FAQ\",\"item\":\"https:\/\/truonglegal.com\/vi\/faq\/\"},{\"@type\":\"ListItem\",\"position\":3,\"name\":\"Qu\u1ed1c T\u1ecbch FAQs\"}]},{\"@type\":\"WebSite\",\"@id\":\"https:\/\/truonglegal.com\/vi\/#website\",\"url\":\"https:\/\/truonglegal.com\/vi\/\",\"name\":\"Truong Law Firm, PLLC\",\"description\":\"\",\"potentialAction\":[{\"@type\":\"SearchAction\",\"target\":{\"@type\":\"EntryPoint\",\"urlTemplate\":\"https:\/\/truonglegal.com\/vi\/?s={search_term_string}\"},\"query-input\":{\"@type\":\"PropertyValueSpecification\",\"valueRequired\":true,\"valueName\":\"search_term_string\"}}],\"inLanguage\":\"vi\"}]}<\/script>\n<!-- \/ Yoast SEO Premium plugin. -->","yoast_head_json":{"title":"Qu\u1ed1c T\u1ecbch FAQs - Truong Law Firm, PLLC","robots":{"index":"index","follow":"follow","max-snippet":"max-snippet:-1","max-image-preview":"max-image-preview:large","max-video-preview":"max-video-preview:-1"},"canonical":"https:\/\/truonglegal.com\/vi\/faq\/quoc-tich-faqs\/","og_locale":"vi_VN","og_type":"article","og_title":"Qu\u1ed1c T\u1ecbch FAQs","og_description":"[vc_row][vc_column offset=&#8221;vc_col-lg-8 vc_col-md-8&#8243;][vc_custom_heading text=&#8221;Qu\u1ed1c t\u1ecbch Faqs&#8221; font_container=&#8221;tag:h5|text_align:left|color:%23002e5b&#8221; use_theme_fonts=&#8221;yes&#8221; css=&#8221;.vc_custom_1746760486249{border-bottom-width: -20px !important;}&#8221;][vc_tta_accordion shape=&#8221;round&#8221; c_position=&#8221;right&#8221; active_section=&#8221;1&#8243;][vc_tta_section title=&#8221;L\u00e0m th\u1ebf n\u00e0o \u0111\u1ec3 xin qu\u1ed1c t\u1ecbch Hoa K\u1ef3?&#8221; tab_id=&#8221;1736245103381-12322a34-0a83&#8243;][vc_column_text css=&#8221;&#8221;]N\u1ed9p M\u1eabu N-400, tham d\u1ef1 bu\u1ed5i h\u1eb9n sinh tr\u1eafc h\u1ecdc, ho\u00e0n th\u00e0nh ph\u1ecfng v\u1ea5n v\u00e0 tuy\u00ean th\u1ec7 trung th\u00e0nh.[\/vc_column_text][\/vc_tta_section][vc_tta_section title=&#8221;Tr\u1ebb em sinh ra \u1edf Vi\u1ec7t Nam c\u00f3 th\u1ec3 c\u00f3 \u0111\u01b0\u1ee3c qu\u1ed1c","og_url":"https:\/\/truonglegal.com\/vi\/faq\/quoc-tich-faqs\/","og_site_name":"Truong Law Firm, PLLC","article_modified_time":"2025-05-09T03:16:01+00:00","twitter_card":"summary_large_image","twitter_misc":{"\u01af\u1edbc t\u00ednh th\u1eddi gian \u0111\u1ecdc":"1 ph\u00fat"},"schema":{"@context":"https:\/\/schema.org","@graph":[{"@type":"WebPage","@id":"https:\/\/truonglegal.com\/vi\/faq\/quoc-tich-faqs\/","url":"https:\/\/truonglegal.com\/vi\/faq\/quoc-tich-faqs\/","name":"Qu\u1ed1c T\u1ecbch FAQs - Truong Law Firm, PLLC","isPartOf":{"@id":"https:\/\/truonglegal.com\/vi\/#website"},"datePublished":"2025-01-07T11:16:23+00:00","dateModified":"2025-05-09T03:16:01+00:00","breadcrumb":{"@id":"https:\/\/truonglegal.com\/vi\/faq\/quoc-tich-faqs\/#breadcrumb"},"inLanguage":"vi","potentialAction":[{"@type":"ReadAction","target":["https:\/\/truonglegal.com\/vi\/faq\/quoc-tich-faqs\/"]}]},{"@type":"BreadcrumbList","@id":"https:\/\/truonglegal.com\/vi\/faq\/quoc-tich-faqs\/#breadcrumb","itemListElement":[{"@type":"ListItem","position":1,"name":"Home","item":"https:\/\/truonglegal.com\/vi\/"},{"@type":"ListItem","position":2,"name":"FAQ","item":"https:\/\/truonglegal.com\/vi\/faq\/"},{"@type":"ListItem","position":3,"name":"Qu\u1ed1c T\u1ecbch FAQs"}]},{"@type":"WebSite","@id":"https:\/\/truonglegal.com\/vi\/#website","url":"https:\/\/truonglegal.com\/vi\/","name":"Truong Law Firm, PLLC","description":"","potentialAction":[{"@type":"SearchAction","target":{"@type":"EntryPoint","urlTemplate":"https:\/\/truonglegal.com\/vi\/?s={search_term_string}"},"query-input":{"@type":"PropertyValueSpecification","valueRequired":true,"valueName":"search_term_string"}}],"inLanguage":"vi"}]}},"_links":{"self":[{"href":"https:\/\/truonglegal.com\/vi\/wp-json\/wp\/v2\/pages\/7351","targetHints":{"allow":["GET"]}}],"collection":[{"href":"https:\/\/truonglegal.com\/vi\/wp-json\/wp\/v2\/pages"}],"about":[{"href":"https:\/\/truonglegal.com\/vi\/wp-json\/wp\/v2\/types\/page"}],"author":[{"embeddable":true,"href":"https:\/\/truonglegal.com\/vi\/wp-json\/wp\/v2\/users\/1"}],"replies":[{"embeddable":true,"href":"https:\/\/truonglegal.com\/vi\/wp-json\/wp\/v2\/comments?post=7351"}],"version-history":[{"count":0,"href":"https:\/\/truonglegal.com\/vi\/wp-json\/wp\/v2\/pages\/7351\/revisions"}],"up":[{"embeddable":true,"href":"https:\/\/truonglegal.com\/vi\/wp-json\/wp\/v2\/pages\/6168"}],"wp:attachment":[{"href":"https:\/\/truonglegal.com\/vi\/wp-json\/wp\/v2\/media?parent=7351"}],"curies":[{"name":"wp","href":"https:\/\/api.w.org\/{rel}","templated":true}]}}