{"id":7626,"date":"2025-01-23T13:46:29","date_gmt":"2025-01-23T06:46:29","guid":{"rendered":"https:\/\/truonglegal.com\/vi\/?page_id=7626"},"modified":"2025-05-27T15:30:06","modified_gmt":"2025-05-27T08:30:06","slug":"dich-vu","status":"publish","type":"page","link":"https:\/\/truonglegal.com\/vi\/dich-vu\/","title":{"rendered":"D\u1ecbch v\u1ee5"},"content":{"rendered":"<div class=\"wpb-content-wrapper\"><p>[vc_row full_width=&#8221;stretch_row&#8221; css=&#8221;.vc_custom_1737275513114{background-color: #ffffff !important;}&#8221;][vc_column][vc_tta_tabs section_title_tag=&#8221;p&#8221; style=&#8221;flat&#8221; color=&#8221;chino&#8221; alignment=&#8221;center&#8221; active_section=&#8221;1&#8243; no_fill_content_area=&#8221;true&#8221; css=&#8221;.vc_custom_1737613716387{border-color: #ffffff !important;}&#8221;][vc_tta_section i_icon_fontawesome=&#8221;fas fa-passport&#8221; add_icon=&#8221;true&#8221; title=&#8221;Di Tr\u00fa&#8221; tab_id=&#8221;1737608269862-41c290f1-2fcf&#8221;][vc_row_inner][vc_column_inner width=&#8221;1\/3&#8243; css=&#8221;.vc_custom_1737610533872{margin-right: 15px !important;border-color: #ffffff !important;}&#8221;][vc_single_image image=&#8221;8781&#8243; img_size=&#8221;full&#8221; onclick=&#8221;custom_link&#8221; css=&#8221;&#8221; el_class=&#8221;item_thumbnail&#8221; link=&#8221;\/vi\/dich-vu\/bao-lanh-hon-phu-hon-the\/&#8221;][vc_column_text css=&#8221;.vc_custom_1746675371385{margin-top: -25px !important;margin-bottom: 20px !important;padding-right: 10px !important;padding-left: 0px !important;}&#8221;]<a class=\"service\" href=\"..\/dich-vu\/bao-lanh-hon-phu-hon-the\/\"><span style=\"color: #902926;\"><strong>B\u1ea3o L\u00e3nh H\u00f4n Phu H\u00f4n Th\u00ea<\/strong><\/span><br \/>\n<\/a>[\/vc_column_text][\/vc_column_inner][vc_column_inner width=&#8221;1\/3&#8243; css=&#8221;.vc_custom_1737610557635{margin-right: 15px !important;}&#8221;][vc_single_image image=&#8221;7473&#8243; img_size=&#8221;full&#8221; onclick=&#8221;custom_link&#8221; css=&#8221;&#8221; link=&#8221;\/vi\/dich-vu\/bao-lanh-vo-chong\/&#8221;][vc_column_text css=&#8221;.vc_custom_1746675352290{margin-top: -25px !important;padding-right: 10px !important;padding-left: 0px !important;}&#8221;]<a class=\"service\" href=\"..\/dich-vu\/bao-lanh-vo-chong\/\"><span style=\"color: #902926;\"><strong>B\u1ea3o L\u00e3nh V\u1ee3 Ch\u1ed3ng<\/strong><\/span><br \/>\n<\/a>[\/vc_column_text][\/vc_column_inner][vc_column_inner width=&#8221;1\/3&#8243; css=&#8221;.vc_custom_1737610566230{margin-right: 15px !important;}&#8221;][vc_single_image image=&#8221;7464&#8243; img_size=&#8221;full&#8221; onclick=&#8221;custom_link&#8221; css=&#8221;.vc_custom_1746534664739{background-color: #f2f4fa !important;}&#8221; link=&#8221;\/vi\/dich-vu\/bao-lanh-than-nhan\/&#8221;][vc_column_text css=&#8221;.vc_custom_1746675343544{margin-top: -25px !important;margin-bottom: 20px !important;padding-right: 10px !important;padding-left: 0px !important;}&#8221;]<a class=\"service\" href=\"..\/dich-vu\/bao-lanh-than-nhan\/\"><span style=\"color: #902926;\"><strong>B\u1ea3o L\u00e3nh Th\u00e2n Nh\u00e2n<\/strong><\/span><\/a>[\/vc_column_text][\/vc_column_inner][\/vc_row_inner][stm_spacing lg_spacing=&#8221;43&#8243; md_spacing=&#8221;43&#8243; sm_spacing=&#8221;8&#8243; xs_spacing=&#8221;3&#8243;][vc_row_inner][vc_column_inner width=&#8221;1\/3&#8243; css=&#8221;.vc_custom_1737610533872{margin-right: 15px !important;border-color: #ffffff !important;}&#8221;][vc_single_image image=&#8221;7467&#8243; img_size=&#8221;full&#8221; onclick=&#8221;custom_link&#8221; css=&#8221;&#8221; link=&#8221;\/vi\/dich-vu\/visa-dau-tu\/&#8221;][vc_column_text css=&#8221;.vc_custom_1746675334889{margin-top: -15px !important;padding-right: 10px !important;padding-left: 10px !important;}&#8221;]<a class=\"service\" href=\"..\/dich-vu\/visa-dau-tu\/\"><span style=\"color: #902926;\"><strong>Visa \u0110\u1ea7u T\u01b0<\/strong><\/span><\/a>[\/vc_column_text][\/vc_column_inner][vc_column_inner width=&#8221;1\/3&#8243; css=&#8221;.vc_custom_1737610557635{margin-right: 15px !important;}&#8221;][vc_single_image image=&#8221;7466&#8243; img_size=&#8221;full&#8221; onclick=&#8221;custom_link&#8221; css=&#8221;&#8221; link=&#8221;\/vi\/dich-vu\/i-601\/&#8221;][vc_column_text css=&#8221;.vc_custom_1746675326160{margin-top: -25px !important;margin-bottom: 20px !important;padding-right: 10px !important;padding-left: 0px !important;}&#8221;]<a class=\"service\" href=\"..\/dich-vu\/i-601\/\"><span style=\"color: #902926;\"><strong>I-601<\/strong><\/span><\/a>[\/vc_column_text][\/vc_column_inner][vc_column_inner width=&#8221;1\/3&#8243; css=&#8221;.vc_custom_1737610566230{margin-right: 15px !important;}&#8221;][vc_single_image image=&#8221;7474&#8243; img_size=&#8221;full&#8221; onclick=&#8221;custom_link&#8221; css=&#8221;&#8221; link=&#8221;\/vi\/dich-vu\/visa-du-hoc\/&#8221;][vc_column_text css=&#8221;.vc_custom_1746675318000{margin-top: -25px !important;margin-bottom: 20px !important;padding-right: 10px !important;padding-left: 0px !important;}&#8221;]<a class=\"service\" href=\"..\/dich-vu\/visa-du-hoc\/\"><span style=\"color: #902926;\"><strong>Visa Du H\u1ecdc<\/strong><\/span><\/a>[\/vc_column_text][\/vc_column_inner][\/vc_row_inner][stm_spacing lg_spacing=&#8221;43&#8243; md_spacing=&#8221;43&#8243; sm_spacing=&#8221;8&#8243; xs_spacing=&#8221;3&#8243;][vc_row_inner][vc_column_inner width=&#8221;1\/3&#8243; css=&#8221;.vc_custom_1737610533872{margin-right: 15px !important;border-color: #ffffff !important;}&#8221;][vc_single_image image=&#8221;7476&#8243; img_size=&#8221;full&#8221; onclick=&#8221;custom_link&#8221; css=&#8221;.vc_custom_1746675166904{background-color: #f2f4fa !important;}&#8221; link=&#8221;\/vi\/dich-vu\/visa-du-lich\/&#8221;][vc_column_text css=&#8221;.vc_custom_1746675294075{margin-top: -25px !important;margin-bottom: 20px !important;padding-right: 10px !important;padding-left: 0px !important;}&#8221;]<a class=\"service\" href=\"..\/dich-vu\/visa-du-lich\/\"><span style=\"color: #902926;\"><strong>Visa Du L\u1ecbch<\/strong><\/span><\/a>[\/vc_column_text][\/vc_column_inner][vc_column_inner width=&#8221;1\/3&#8243; css=&#8221;.vc_custom_1737610557635{margin-right: 15px !important;}&#8221;][vc_single_image image=&#8221;7477&#8243; img_size=&#8221;full&#8221; onclick=&#8221;custom_link&#8221; css=&#8221;&#8221; link=&#8221;\/vi\/dich-vu\/ket-hon-truc-tuyen\/&#8221;][vc_column_text css=&#8221;.vc_custom_1746675307784{margin-top: -25px !important;margin-bottom: 20px !important;padding-right: 10px !important;padding-left: 0px !important;}&#8221;]<a class=\"service\" href=\"..\/dich-vu\/ket-hon-truc-tuyen\/\"><span style=\"color: #902926;\"><strong>K\u1ebft H\u00f4n Tr\u1ef1c Tuy\u1ebfn<\/strong><\/span><\/a>[\/vc_column_text][\/vc_column_inner][vc_column_inner width=&#8221;1\/3&#8243; css=&#8221;.vc_custom_1737610566230{margin-right: 15px !important;}&#8221;][\/vc_column_inner][\/vc_row_inner][stm_spacing lg_spacing=&#8221;43&#8243; md_spacing=&#8221;43&#8243; sm_spacing=&#8221;8&#8243; xs_spacing=&#8221;3&#8243;][\/vc_tta_section][vc_tta_section i_icon_fontawesome=&#8221;fas fa-home&#8221; add_icon=&#8221;true&#8221; title=&#8221;B\u1ea5t \u0110\u1ed9ng S\u1ea3n&#8221; tab_id=&#8221;1737608269869-40c90693-7bea&#8221;][vc_row_inner][vc_column_inner width=&#8221;1\/3&#8243; css=&#8221;.vc_custom_1737610557635{margin-right: 15px !important;}&#8221;][vc_single_image image=&#8221;7475&#8243; img_size=&#8221;full&#8221; onclick=&#8221;custom_link&#8221; css=&#8221;&#8221; link=&#8221;\/vi\/dich-vu\/bao-hiem-nha-dat\/&#8221;][vc_column_text css=&#8221;.vc_custom_1746534840508{margin-top: -25px !important;margin-bottom: 20px !important;padding-right: 10px !important;padding-left: 0px !important;}&#8221;]<a class=\"service\" href=\"..\/vi\/dich-vu\/bao-hiem-nha-dat\/\"><span style=\"color: #902926;\"><strong>B\u1ea3o Hi\u1ec3m Nh\u00e0 \u0110\u1ea5t<\/strong><\/span><\/a>[\/vc_column_text][\/vc_column_inner][vc_column_inner width=&#8221;1\/3&#8243; css=&#8221;.vc_custom_1737610533872{margin-right: 15px !important;border-color: #ffffff !important;}&#8221;][vc_single_image image=&#8221;7463&#8243; img_size=&#8221;full&#8221; onclick=&#8221;custom_link&#8221; css=&#8221;&#8221; el_class=&#8221;item_thumbnail&#8221; link=&#8221;\/vi\/dich-vu\/ky-quy\/&#8221;][vc_column_text css=&#8221;.vc_custom_1746536469870{margin-top: -25px !important;margin-bottom: 20px !important;padding-right: 10px !important;padding-left: 0px !important;}&#8221;]<a class=\"service\" href=\"..\/vi\/dich-vu\/ky-quy\/\"><span style=\"color: #902926;\"><strong>K\u00fd Qu\u1ef9<\/strong><\/span><\/a>[\/vc_column_text][\/vc_column_inner][vc_column_inner width=&#8221;1\/3&#8243; css=&#8221;.vc_custom_1737610566230{margin-right: 15px !important;}&#8221;][vc_single_image image=&#8221;7462&#8243; img_size=&#8221;full&#8221; onclick=&#8221;custom_link&#8221; css=&#8221;&#8221; link=&#8221;\/vi\/dich-vu\/dich-vu-dong-giao-dich\/&#8221;][vc_column_text css=&#8221;.vc_custom_1746536496298{margin-top: -25px !important;margin-bottom: 20px !important;padding-right: 10px !important;padding-left: 0px !important;}&#8221;]<a class=\"service\" href=\"..\/vi\/dich-vu\/dich-vu-dong-giao-dich\/\"><span style=\"color: #902926;\"><strong>D\u1ecbch V\u1ee5 \u0110\u00f3ng Giao D\u1ecbch<\/strong><\/span><\/a>[\/vc_column_text][\/vc_column_inner][\/vc_row_inner][stm_spacing lg_spacing=&#8221;43&#8243; md_spacing=&#8221;43&#8243; sm_spacing=&#8221;8&#8243; xs_spacing=&#8221;3&#8243;][vc_row_inner][vc_column_inner width=&#8221;1\/3&#8243; css=&#8221;.vc_custom_1737610533872{margin-right: 15px !important;border-color: #ffffff !important;}&#8221;][vc_single_image image=&#8221;7469&#8243; img_size=&#8221;full&#8221; onclick=&#8221;custom_link&#8221; css=&#8221;&#8221; link=&#8221;\/vi\/dich-vu\/giai-chap\/&#8221;][vc_column_text css=&#8221;.vc_custom_1746536544946{margin-top: -25px !important;margin-bottom: 20px !important;padding-right: 10px !important;padding-left: 0px !important;}&#8221;]<a class=\"service\" href=\"..\/vi\/dich-vu\/giai-chap\/\"><span style=\"color: #902926;\"><strong>Gi\u1ea3i Ch\u1ea5p<\/strong><\/span><\/a>[\/vc_column_text][\/vc_column_inner][vc_column_inner width=&#8221;1\/3&#8243; css=&#8221;.vc_custom_1737610566230{margin-right: 15px !important;}&#8221;][vc_single_image image=&#8221;7470&#8243; img_size=&#8221;full&#8221; onclick=&#8221;custom_link&#8221; css=&#8221;&#8221; el_class=&#8221;item_thumbnail&#8221; link=&#8221;\/vi\/dich-vu\/quyen-so-huu\/&#8221;][vc_column_text css=&#8221;.vc_custom_1746536579738{margin-top: -25px !important;margin-bottom: 20px !important;padding-right: 10px !important;padding-left: 0px !important;}&#8221;]<a class=\"service\" href=\"..\/vi\/dich-vu\/quyen-so-huu\/\"><span style=\"color: #902926;\"><strong>Quy\u1ec1n S\u1edf H\u1eefu<\/strong><\/span><\/a>[\/vc_column_text][\/vc_column_inner][vc_column_inner width=&#8221;1\/3&#8243; css=&#8221;.vc_custom_1737610557635{margin-right: 15px !important;}&#8221;][vc_single_image image=&#8221;7468&#8243; img_size=&#8221;full&#8221; onclick=&#8221;custom_link&#8221; css=&#8221;&#8221; el_class=&#8221;item_thumbnail&#8221; link=&#8221;\/vi\/dich-vu\/vay-von\/&#8221;][vc_column_text css=&#8221;.vc_custom_1746536625829{margin-top: -25px !important;margin-bottom: 20px !important;padding-right: 10px !important;padding-left: 0px !important;}&#8221;]<a class=\"service\" href=\"..\/vi\/dich-vu\/vay-von\/\"><span style=\"color: #902926;\"><strong>Vay V\u1ed1n<\/strong><\/span><\/a>[\/vc_column_text][\/vc_column_inner][\/vc_row_inner][stm_spacing lg_spacing=&#8221;43&#8243; md_spacing=&#8221;43&#8243; sm_spacing=&#8221;8&#8243; xs_spacing=&#8221;3&#8243;][vc_row_inner][vc_column_inner width=&#8221;1\/3&#8243; css=&#8221;.vc_custom_1737610533872{margin-right: 15px !important;border-color: #ffffff !important;}&#8221;][vc_single_image image=&#8221;7471&#8243; img_size=&#8221;full&#8221; onclick=&#8221;custom_link&#8221; css=&#8221;&#8221; link=&#8221;\/vi\/dich-vu\/dai-dien-mua-ban\/&#8221;][vc_column_text css=&#8221;.vc_custom_1746536658374{margin-top: -25px !important;margin-bottom: 20px !important;padding-right: 10px !important;padding-left: 0px !important;}&#8221;]<a class=\"service\" href=\"..\/vi\/dich-vu\/dai-dien-mua-ban\/\"><span style=\"color: #902926;\"><strong>\u0110\u1ea1i Di\u1ec7n Mua B\u00e1n<\/strong><\/span><\/a>[\/vc_column_text][\/vc_column_inner][vc_column_inner width=&#8221;1\/3&#8243; css=&#8221;.vc_custom_1737610557635{margin-right: 15px !important;}&#8221;][\/vc_column_inner][vc_column_inner width=&#8221;1\/3&#8243; css=&#8221;.vc_custom_1737610566230{margin-right: 15px !important;}&#8221;][\/vc_column_inner][\/vc_row_inner][\/vc_tta_section][\/vc_tta_tabs][stm_spacing lg_spacing=&#8221;43&#8243; md_spacing=&#8221;43&#8243; sm_spacing=&#8221;8&#8243; xs_spacing=&#8221;3&#8243;][stm_spacing lg_spacing=&#8221;43&#8243; md_spacing=&#8221;43&#8243; sm_spacing=&#8221;8&#8243; xs_spacing=&#8221;3&#8243;][\/vc_column][\/vc_row][vc_row full_width=&#8221;stretch_row&#8221; el_class=&#8221;third_bg_color&#8221;][vc_column][vc_cta h2=&#8221;H\u00e3y li\u00ean h\u1ec7 v\u1edbi ch\u00fang t\u00f4i ngay h\u00f4m nay \u0111\u1ec3 t\u00ecm hi\u1ec3u th\u00eam v\u1ec1 c\u00e1ch ch\u00fang t\u00f4i c\u00f3 th\u1ec3 h\u1ed7 tr\u1ee3 b\u1ea1n \u0111\u1ea1t \u0111\u01b0\u1ee3c c\u00e1c m\u1ee5c ti\u00eau ph\u00e1p l\u00fd c\u1ee7a m\u00ecnh.&#8221; h2_font_container=&#8221;tag:h4|font_size:20px|text_align:center|color:%231c1c1c|line_height:28px&#8221; h2_use_theme_fonts=&#8221;yes&#8221; shape=&#8221;square&#8221; style=&#8221;flat&#8221; add_button=&#8221;right&#8221; btn_title=&#8221;Li\u00ean h\u1ec7&#8221; btn_style=&#8221;flat&#8221; btn_color=&#8221;theme_style_2&#8243; btn_size=&#8221;lg&#8221; btn_align=&#8221;right&#8221; btn_i_align=&#8221;right&#8221; btn_i_icon_fontawesome=&#8221;stm-amsterdam-arrow&#8221; css=&#8221;&#8221; use_custom_fonts_h2=&#8221;true&#8221; btn_button_block=&#8221;true&#8221; btn_add_icon=&#8221;true&#8221; btn_link=&#8221;url:%2Fcontact-us%2F|||&#8221; el_class=&#8221;third_bg_color&#8221;][\/vc_cta][\/vc_column][\/vc_row]<\/p>\n<\/div>","protected":false},"excerpt":{"rendered":"<p>[vc_row full_width=&#8221;stretch_row&#8221; css=&#8221;.vc_custom_1737275513114{background-color: #ffffff !important;}&#8221;][vc_column][vc_tta_tabs section_title_tag=&#8221;p&#8221; style=&#8221;flat&#8221; color=&#8221;chino&#8221; alignment=&#8221;center&#8221; active_section=&#8221;1&#8243; no_fill_content_area=&#8221;true&#8221; css=&#8221;.vc_custom_1737613716387{border-color: #ffffff !important;}&#8221;][vc_tta_section i_icon_fontawesome=&#8221;fas fa-passport&#8221; add_icon=&#8221;true&#8221; title=&#8221;Di Tr\u00fa&#8221; tab_id=&#8221;1737608269862-41c290f1-2fcf&#8221;][vc_row_inner][vc_column_inner width=&#8221;1\/3&#8243; css=&#8221;.vc_custom_1737610533872{margin-right: 15px !important;border-color: #ffffff !important;}&#8221;][vc_single_image image=&#8221;8781&#8243; img_size=&#8221;full&#8221; onclick=&#8221;custom_link&#8221; css=&#8221;&#8221; el_class=&#8221;item_thumbnail&#8221; link=&#8221;\/vi\/dich-vu\/bao-lanh-hon-phu-hon-the\/&#8221;][vc_column_text css=&#8221;.vc_custom_1746675371385{margin-top: -25px !important;margin-bottom: 20px !important;padding-right: 10px !important;padding-left: 0px !important;}&#8221;]B\u1ea3o L\u00e3nh H\u00f4n Phu H\u00f4n Th\u00ea [\/vc_column_text][\/vc_column_inner][vc_column_inner width=&#8221;1\/3&#8243; css=&#8221;.vc_custom_1737610557635{margin-right: 15px !important;}&#8221;][vc_single_image image=&#8221;7473&#8243; img_size=&#8221;full&#8221; onclick=&#8221;custom_link&#8221; css=&#8221;&#8221;<\/p>\n","protected":false},"author":1,"featured_media":0,"parent":0,"menu_order":0,"comment_status":"closed","ping_status":"closed","template":"","meta":{"footnotes":""},"class_list":["post-7626","page","type-page","status-publish","hentry"],"yoast_head":"<!-- This site is optimized with the Yoast SEO Premium plugin v24.2 (Yoast SEO v24.2) - https:\/\/yoast.com\/wordpress\/plugins\/seo\/ -->\n<title>D\u1ecbch v\u1ee5 - Truong Law Firm, PLLC<\/title>\n<meta name=\"robots\" content=\"index, follow, max-snippet:-1, max-image-preview:large, max-video-preview:-1\" \/>\n<link rel=\"canonical\" href=\"https:\/\/truonglegal.com\/vi\/dich-vu\/\" \/>\n<meta property=\"og:locale\" content=\"vi_VN\" \/>\n<meta property=\"og:type\" content=\"article\" \/>\n<meta property=\"og:title\" content=\"D\u1ecbch v\u1ee5\" \/>\n<meta property=\"og:description\" content=\"[vc_row full_width=&#8221;stretch_row&#8221; css=&#8221;.vc_custom_1737275513114{background-color: #ffffff !important;}&#8221;][vc_column][vc_tta_tabs section_title_tag=&#8221;p&#8221; style=&#8221;flat&#8221; color=&#8221;chino&#8221; alignment=&#8221;center&#8221; active_section=&#8221;1&#8243; no_fill_content_area=&#8221;true&#8221; css=&#8221;.vc_custom_1737613716387{border-color: #ffffff !important;}&#8221;][vc_tta_section i_icon_fontawesome=&#8221;fas fa-passport&#8221; add_icon=&#8221;true&#8221; title=&#8221;Di Tr\u00fa&#8221; tab_id=&#8221;1737608269862-41c290f1-2fcf&#8221;][vc_row_inner][vc_column_inner width=&#8221;1\/3&#8243; css=&#8221;.vc_custom_1737610533872{margin-right: 15px !important;border-color: #ffffff !important;}&#8221;][vc_single_image image=&#8221;8781&#8243; img_size=&#8221;full&#8221; onclick=&#8221;custom_link&#8221; css=&#8221;&#8221; el_class=&#8221;item_thumbnail&#8221; link=&#8221;\/vi\/dich-vu\/bao-lanh-hon-phu-hon-the\/&#8221;][vc_column_text css=&#8221;.vc_custom_1746675371385{margin-top: -25px !important;margin-bottom: 20px !important;padding-right: 10px !important;padding-left: 0px !important;}&#8221;]B\u1ea3o L\u00e3nh H\u00f4n Phu H\u00f4n Th\u00ea [\/vc_column_text][\/vc_column_inner][vc_column_inner width=&#8221;1\/3&#8243; css=&#8221;.vc_custom_1737610557635{margin-right: 15px !important;}&#8221;][vc_single_image image=&#8221;7473&#8243; img_size=&#8221;full&#8221; onclick=&#8221;custom_link&#8221; css=&#8221;&#8221;\" \/>\n<meta property=\"og:url\" content=\"https:\/\/truonglegal.com\/vi\/dich-vu\/\" \/>\n<meta property=\"og:site_name\" content=\"Truong Law Firm, PLLC\" \/>\n<meta property=\"article:modified_time\" content=\"2025-05-27T08:30:06+00:00\" \/>\n<meta name=\"twitter:card\" content=\"summary_large_image\" \/>\n<meta name=\"twitter:label1\" content=\"\u01af\u1edbc t\u00ednh th\u1eddi gian \u0111\u1ecdc\" \/>\n\t<meta name=\"twitter:data1\" content=\"5 ph\u00fat\" \/>\n<script type=\"application\/ld+json\" class=\"yoast-schema-graph\">{\"@context\":\"https:\/\/schema.org\",\"@graph\":[{\"@type\":\"WebPage\",\"@id\":\"https:\/\/truonglegal.com\/vi\/dich-vu\/\",\"url\":\"https:\/\/truonglegal.com\/vi\/dich-vu\/\",\"name\":\"D\u1ecbch v\u1ee5 - Truong Law Firm, PLLC\",\"isPartOf\":{\"@id\":\"https:\/\/truonglegal.com\/vi\/#website\"},\"datePublished\":\"2025-01-23T06:46:29+00:00\",\"dateModified\":\"2025-05-27T08:30:06+00:00\",\"breadcrumb\":{\"@id\":\"https:\/\/truonglegal.com\/vi\/dich-vu\/#breadcrumb\"},\"inLanguage\":\"vi\",\"potentialAction\":[{\"@type\":\"ReadAction\",\"target\":[\"https:\/\/truonglegal.com\/vi\/dich-vu\/\"]}]},{\"@type\":\"BreadcrumbList\",\"@id\":\"https:\/\/truonglegal.com\/vi\/dich-vu\/#breadcrumb\",\"itemListElement\":[{\"@type\":\"ListItem\",\"position\":1,\"name\":\"Home\",\"item\":\"https:\/\/truonglegal.com\/vi\/\"},{\"@type\":\"ListItem\",\"position\":2,\"name\":\"D\u1ecbch v\u1ee5\"}]},{\"@type\":\"WebSite\",\"@id\":\"https:\/\/truonglegal.com\/vi\/#website\",\"url\":\"https:\/\/truonglegal.com\/vi\/\",\"name\":\"Truong Law Firm, PLLC\",\"description\":\"\",\"potentialAction\":[{\"@type\":\"SearchAction\",\"target\":{\"@type\":\"EntryPoint\",\"urlTemplate\":\"https:\/\/truonglegal.com\/vi\/?s={search_term_string}\"},\"query-input\":{\"@type\":\"PropertyValueSpecification\",\"valueRequired\":true,\"valueName\":\"search_term_string\"}}],\"inLanguage\":\"vi\"}]}<\/script>\n<!-- \/ Yoast SEO Premium plugin. -->","yoast_head_json":{"title":"D\u1ecbch v\u1ee5 - Truong Law Firm, PLLC","robots":{"index":"index","follow":"follow","max-snippet":"max-snippet:-1","max-image-preview":"max-image-preview:large","max-video-preview":"max-video-preview:-1"},"canonical":"https:\/\/truonglegal.com\/vi\/dich-vu\/","og_locale":"vi_VN","og_type":"article","og_title":"D\u1ecbch v\u1ee5","og_description":"[vc_row full_width=&#8221;stretch_row&#8221; css=&#8221;.vc_custom_1737275513114{background-color: #ffffff !important;}&#8221;][vc_column][vc_tta_tabs section_title_tag=&#8221;p&#8221; style=&#8221;flat&#8221; color=&#8221;chino&#8221; alignment=&#8221;center&#8221; active_section=&#8221;1&#8243; no_fill_content_area=&#8221;true&#8221; css=&#8221;.vc_custom_1737613716387{border-color: #ffffff !important;}&#8221;][vc_tta_section i_icon_fontawesome=&#8221;fas fa-passport&#8221; add_icon=&#8221;true&#8221; title=&#8221;Di Tr\u00fa&#8221; tab_id=&#8221;1737608269862-41c290f1-2fcf&#8221;][vc_row_inner][vc_column_inner width=&#8221;1\/3&#8243; css=&#8221;.vc_custom_1737610533872{margin-right: 15px !important;border-color: #ffffff !important;}&#8221;][vc_single_image image=&#8221;8781&#8243; img_size=&#8221;full&#8221; onclick=&#8221;custom_link&#8221; css=&#8221;&#8221; el_class=&#8221;item_thumbnail&#8221; link=&#8221;\/vi\/dich-vu\/bao-lanh-hon-phu-hon-the\/&#8221;][vc_column_text css=&#8221;.vc_custom_1746675371385{margin-top: -25px !important;margin-bottom: 20px !important;padding-right: 10px !important;padding-left: 0px !important;}&#8221;]B\u1ea3o L\u00e3nh H\u00f4n Phu H\u00f4n Th\u00ea [\/vc_column_text][\/vc_column_inner][vc_column_inner width=&#8221;1\/3&#8243; css=&#8221;.vc_custom_1737610557635{margin-right: 15px !important;}&#8221;][vc_single_image image=&#8221;7473&#8243; img_size=&#8221;full&#8221; onclick=&#8221;custom_link&#8221; css=&#8221;&#8221;","og_url":"https:\/\/truonglegal.com\/vi\/dich-vu\/","og_site_name":"Truong Law Firm, PLLC","article_modified_time":"2025-05-27T08:30:06+00:00","twitter_card":"summary_large_image","twitter_misc":{"\u01af\u1edbc t\u00ednh th\u1eddi gian \u0111\u1ecdc":"5 ph\u00fat"},"schema":{"@context":"https:\/\/schema.org","@graph":[{"@type":"WebPage","@id":"https:\/\/truonglegal.com\/vi\/dich-vu\/","url":"https:\/\/truonglegal.com\/vi\/dich-vu\/","name":"D\u1ecbch v\u1ee5 - Truong Law Firm, PLLC","isPartOf":{"@id":"https:\/\/truonglegal.com\/vi\/#website"},"datePublished":"2025-01-23T06:46:29+00:00","dateModified":"2025-05-27T08:30:06+00:00","breadcrumb":{"@id":"https:\/\/truonglegal.com\/vi\/dich-vu\/#breadcrumb"},"inLanguage":"vi","potentialAction":[{"@type":"ReadAction","target":["https:\/\/truonglegal.com\/vi\/dich-vu\/"]}]},{"@type":"BreadcrumbList","@id":"https:\/\/truonglegal.com\/vi\/dich-vu\/#breadcrumb","itemListElement":[{"@type":"ListItem","position":1,"name":"Home","item":"https:\/\/truonglegal.com\/vi\/"},{"@type":"ListItem","position":2,"name":"D\u1ecbch v\u1ee5"}]},{"@type":"WebSite","@id":"https:\/\/truonglegal.com\/vi\/#website","url":"https:\/\/truonglegal.com\/vi\/","name":"Truong Law Firm, PLLC","description":"","potentialAction":[{"@type":"SearchAction","target":{"@type":"EntryPoint","urlTemplate":"https:\/\/truonglegal.com\/vi\/?s={search_term_string}"},"query-input":{"@type":"PropertyValueSpecification","valueRequired":true,"valueName":"search_term_string"}}],"inLanguage":"vi"}]}},"_links":{"self":[{"href":"https:\/\/truonglegal.com\/vi\/wp-json\/wp\/v2\/pages\/7626","targetHints":{"allow":["GET"]}}],"collection":[{"href":"https:\/\/truonglegal.com\/vi\/wp-json\/wp\/v2\/pages"}],"about":[{"href":"https:\/\/truonglegal.com\/vi\/wp-json\/wp\/v2\/types\/page"}],"author":[{"embeddable":true,"href":"https:\/\/truonglegal.com\/vi\/wp-json\/wp\/v2\/users\/1"}],"replies":[{"embeddable":true,"href":"https:\/\/truonglegal.com\/vi\/wp-json\/wp\/v2\/comments?post=7626"}],"version-history":[{"count":2,"href":"https:\/\/truonglegal.com\/vi\/wp-json\/wp\/v2\/pages\/7626\/revisions"}],"predecessor-version":[{"id":8784,"href":"https:\/\/truonglegal.com\/vi\/wp-json\/wp\/v2\/pages\/7626\/revisions\/8784"}],"wp:attachment":[{"href":"https:\/\/truonglegal.com\/vi\/wp-json\/wp\/v2\/media?parent=7626"}],"curies":[{"name":"wp","href":"https:\/\/api.w.org\/{rel}","templated":true}]}}