{"id":7641,"date":"2025-01-23T14:10:49","date_gmt":"2025-01-23T07:10:49","guid":{"rendered":"https:\/\/truonglegal.com\/vi\/?page_id=7641"},"modified":"2025-05-07T15:36:38","modified_gmt":"2025-05-07T08:36:38","slug":"visa-du-hoc","status":"publish","type":"page","link":"https:\/\/truonglegal.com\/vi\/dich-vu\/visa-du-hoc\/","title":{"rendered":"Visa Du H\u1ecdc"},"content":{"rendered":"<div class=\"wpb-content-wrapper\"><p>[vc_row css=&#8221;.vc_custom_1459506798851{margin-bottom: 100px !important;}&#8221;][vc_column offset=&#8221;vc_col-lg-9 vc_col-md-9&#8243;][vc_single_image image=&#8221;7474&#8243; img_size=&#8221;stm-image-1110&#215;550-croped&#8221; css=&#8221;.vc_custom_1737005524103{margin-bottom: 45px !important;}&#8221;][vc_custom_heading source=&#8221;post_title&#8221; use_theme_fonts=&#8221;yes&#8221;][vc_column_text css=&#8221;.vc_custom_1746604775982{margin-bottom: 25px !important;}&#8221;]Danh m\u1ee5c Du h\u1ecdc t\u1eadp trung v\u00e0o vi\u1ec7c xin visa du h\u1ecdc cho nh\u1eefng c\u00e1 nh\u00e2n mong mu\u1ed1n theo \u0111u\u1ed5i c\u01a1 h\u1ed9i gi\u00e1o d\u1ee5c t\u1ea1i Hoa K\u1ef3. Visa F-1 l\u00e0 lo\u1ea1i visa du h\u1ecdc ph\u1ed5 bi\u1ebfn nh\u1ea5t, cho ph\u00e9p c\u00e1 nh\u00e2n \u0111\u0103ng k\u00fd v\u00e0o c\u00e1c ch\u01b0\u01a1ng tr\u00ecnh h\u1ecdc thu\u1eadt t\u1ea1i c\u00e1c c\u01a1 s\u1edf gi\u00e1o d\u1ee5c M\u1ef9. Ngo\u00e0i ra, visa M-1 c\u00f3 s\u1eb5n cho c\u00e1c ch\u01b0\u01a1ng tr\u00ecnh ngh\u1ec1 ho\u1eb7c kh\u00f4ng mang t\u00ednh h\u1ecdc thu\u1eadt. \u0110\u1ed9i ng\u0169 c\u1ee7a ch\u00fang t\u00f4i h\u1ed7 tr\u1ee3 qu\u00e1 tr\u00ecnh n\u1ed9p \u0111\u01a1n, bao g\u1ed3m vi\u1ec7c l\u1ea5y M\u1eabu I-20 c\u1ea7n thi\u1ebft t\u1eeb c\u01a1 s\u1edf gi\u00e1o d\u1ee5c.[\/vc_column_text][vc_column_text css=&#8221;.vc_custom_1746604852039{margin-bottom: 34px !important;}&#8221;]<\/p>\n<blockquote>\n<ul>\n<li><strong>Visa Du h\u1ecdc F-1:<\/strong> H\u1ed7 tr\u1ee3 n\u1ed9p \u0111\u01a1n v\u00e0 h\u01b0\u1edbng d\u1eabn SEVIS.<\/li>\n<li><strong>Visa Trao \u0111\u1ed5i J-1:<\/strong> D\u00e0nh cho c\u00e1c ch\u01b0\u01a1ng tr\u00ecnh trao \u0111\u1ed5i gi\u00e1o d\u1ee5c v\u00e0 v\u0103n h\u00f3a.<\/li>\n<li><strong>Gia h\u1ea1n Visa Du h\u1ecdc:<\/strong> \u0110i\u1ec1u h\u01b0\u1edbng vi\u1ec7c gia h\u1ea1n v\u00e0 duy tr\u00ec t\u00ecnh tr\u1ea1ng.<\/li>\n<\/ul>\n<\/blockquote>\n<p>[\/vc_column_text][vc_custom_heading text=&#8221;Visa Du h\u1ecdc F-1&#8243; font_container=&#8221;tag:h4|text_align:left|color:%23222222&#8243; use_theme_fonts=&#8221;yes&#8221; css=&#8221;.vc_custom_1746604894889{margin-bottom: 27px !important;}&#8221;][vc_column_text css=&#8221;.vc_custom_1746604953118{margin-bottom: 25px !important;padding-top: 5px !important;padding-right: 10px !important;padding-bottom: 5px !important;padding-left: 10px !important;background-color: #fbe2d5 !important;}&#8221;]<em><span style=\"text-decoration: underline;\">T\u1ed5ng quan:<\/span> \u00a0<\/em><br \/>\nN\u1ed9p \u0111\u01a1n xin visa \u0111\u1ec3 h\u1ecdc t\u1eadp t\u1ea1i M\u1ef9.<\/p>\n<p><em><span style=\"text-decoration: underline;\">Y\u00eau c\u1ea7u:<\/span> <\/em><br \/>\nM\u1eabu I-20, b\u1eb1ng ch\u1ee9ng h\u1ed7 tr\u1ee3 t\u00e0i ch\u00ednh, thanh to\u00e1n ph\u00ed SEVIS.<\/p>\n<p><em><span style=\"text-decoration: underline;\">Quy tr\u00ecnh:<\/span><\/em><br \/>\n1. N\u1ed9p \u0111\u01a1n v\u00e0o tr\u01b0\u1eddng \u0111\u01b0\u1ee3c SEVP ph\u00ea duy\u1ec7t.<br \/>\n2. Nh\u1eadn M\u1eabu I-20.<br \/>\n3. Thanh to\u00e1n ph\u00ed SEVIS.<br \/>\n4. Ho\u00e0n th\u00e0nh M\u1eabu DS-160.<br \/>\n5. Tham d\u1ef1 ph\u1ecfng v\u1ea5n visa.[\/vc_column_text][vc_custom_heading text=&#8221;Visa Trao \u0111\u1ed5i J-1&#8243; font_container=&#8221;tag:h4|text_align:left|color:%23222222&#8243; use_theme_fonts=&#8221;yes&#8221; css=&#8221;.vc_custom_1746604979065{margin-bottom: 27px !important;}&#8221;][vc_column_text css=&#8221;.vc_custom_1746605214723{margin-bottom: 25px !important;padding-top: 5px !important;padding-right: 10px !important;padding-bottom: 5px !important;padding-left: 10px !important;background-color: #fbe2d5 !important;}&#8221;]<em><span style=\"text-decoration: underline;\">T\u1ed5ng quan:<\/span> \u00a0<\/em><br \/>\nD\u00e0nh cho c\u00e1c ch\u01b0\u01a1ng tr\u00ecnh trao \u0111\u1ed5i gi\u00e1o d\u1ee5c v\u00e0 v\u0103n h\u00f3a.<\/p>\n<p><em><span style=\"text-decoration: underline;\">Y\u00eau c\u1ea7u: \u00a0<\/span><\/em><br \/>\nM\u1eabu DS-2019, b\u1eb1ng ch\u1ee9ng h\u1ed7 tr\u1ee3 t\u00e0i ch\u00ednh, thanh to\u00e1n ph\u00ed SEVIS.<\/p>\n<p><em><span style=\"text-decoration: underline;\">Quy tr\u00ecnh: \u00a0<\/span><\/em><br \/>\n1. N\u1ed9p \u0111\u01a1n v\u00e0o ch\u01b0\u01a1ng tr\u00ecnh trao \u0111\u1ed5i.<br \/>\n2. Nh\u1eadn M\u1eabu DS-2019.<br \/>\n3. Thanh to\u00e1n ph\u00ed SEVIS.<br \/>\n4. Ho\u00e0n th\u00e0nh M\u1eabu DS-160.<br \/>\n5. Tham d\u1ef1 ph\u1ecfng v\u1ea5n visa.[\/vc_column_text][vc_custom_heading text=&#8221;Gia h\u1ea1n Visa Du h\u1ecdc&#8221; font_container=&#8221;tag:h4|text_align:left|color:%23222222&#8243; use_theme_fonts=&#8221;yes&#8221; css=&#8221;.vc_custom_1746605249326{margin-bottom: 27px !important;}&#8221;][vc_column_text css=&#8221;.vc_custom_1746605305146{margin-bottom: 25px !important;padding-top: 5px !important;padding-right: 10px !important;padding-bottom: 5px !important;padding-left: 10px !important;background-color: #f2ceef !important;}&#8221;]<em><span style=\"text-decoration: underline;\">T\u1ed5ng quan:<\/span><\/em><br \/>\nGia h\u1ea1n th\u1eddi gian l\u01b0u tr\u00fa v\u01b0\u1ee3t qu\u00e1 th\u1eddi h\u1ea1n visa ban \u0111\u1ea7u.<\/p>\n<p><em><span style=\"text-decoration: underline;\">Y\u00eau c\u1ea7u:<\/span><\/em><br \/>\nM\u1eabu I-539, b\u1eb1ng ch\u1ee9ng h\u1ed7 tr\u1ee3 t\u00e0i ch\u00ednh, t\u00e0i li\u1ec7u t\u1eeb tr\u01b0\u1eddng h\u1ecdc.<\/p>\n<p><em><span style=\"text-decoration: underline;\">Quy tr\u00ecnh:<\/span><\/em><br \/>\n1. N\u1ed9p M\u1eabu \u0110\u01a1n I-539.<br \/>\n2. G\u1eedi t\u00e0i li\u1ec7u h\u1ed7 tr\u1ee3.<br \/>\n3. Ch\u1edd quy\u1ebft \u0111\u1ecbnh.[\/vc_column_text][vc_custom_heading text=&#8221;C\u00e1c C\u00e2u h\u1ecfi Th\u01b0\u1eddng g\u1eb7p v\u1ec1 Du h\u1ecdc&#8221; font_container=&#8221;tag:h4|text_align:left|color:%23222222&#8243; use_theme_fonts=&#8221;yes&#8221; css=&#8221;.vc_custom_1746605375344{margin-bottom: 31px !important;}&#8221;][vc_tta_accordion shape=&#8221;square&#8221; c_position=&#8221;right&#8221; active_section=&#8221;1&#8243; css=&#8221;.vc_custom_1456219636222{margin-bottom: 34px !important;}&#8221;][vc_tta_section title=&#8221;Visa F-1 l\u00e0 g\u00ec?&#8221; tab_id=&#8221;1452765420119-d4dfaf69-4fae&#8221;][vc_column_text css=&#8221;&#8221;]Visa F-1 l\u00e0 visa kh\u00f4ng \u0111\u1ecbnh c\u01b0 ph\u1ed5 bi\u1ebfn nh\u1ea5t d\u00e0nh cho sinh vi\u00ean qu\u1ed1c t\u1ebf mu\u1ed1n theo h\u1ecdc c\u00e1c ch\u01b0\u01a1ng tr\u00ecnh h\u1ecdc thu\u1eadt t\u1ea1i c\u00e1c c\u01a1 s\u1edf gi\u00e1o d\u1ee5c \u0111\u01b0\u1ee3c c\u00f4ng nh\u1eadn \u1edf Hoa K\u1ef3, ch\u1eb3ng h\u1ea1n nh\u01b0 tr\u01b0\u1eddng \u0111\u1ea1i h\u1ecdc ho\u1eb7c cao \u0111\u1eb3ng.[\/vc_column_text][\/vc_tta_section][vc_tta_section title=&#8221;Ai \u0111\u1ee7 \u0111i\u1ec1u ki\u1ec7n \u0111\u1ec3 xin visa F-1?&#8221; tab_id=&#8221;1452765443215-63a10c55-a5ef&#8221;][vc_column_text css=&#8221;&#8221;]\u0110\u1ec3 \u0111\u1ee7 \u0111i\u1ec1u ki\u1ec7n xin visa F-1:<br \/>\n&#8211; B\u1ea1n ph\u1ea3i \u0111\u01b0\u1ee3c nh\u1eadn v\u00e0o m\u1ed9t tr\u01b0\u1eddng \u0111\u01b0\u1ee3c ph\u00ea duy\u1ec7t b\u1edfi SEVP (Ch\u01b0\u01a1ng tr\u00ecnh Sinh Vi\u00ean v\u00e0 Kh\u00e1ch Trao \u0110\u1ed5i).<br \/>\n&#8211; B\u1ea1n ph\u1ea3i ch\u1ee9ng minh kh\u1ea3 n\u0103ng t\u00e0i ch\u00ednh \u0111\u1ec3 chi tr\u1ea3 h\u1ecdc ph\u00ed v\u00e0 chi ph\u00ed sinh ho\u1ea1t.<br \/>\n&#8211; B\u1ea1n ph\u1ea3i c\u00f3 \u00fd \u0111\u1ecbnh tr\u1edf v\u1ec1 n\u01b0\u1edbc sau khi ho\u00e0n th\u00e0nh ch\u01b0\u01a1ng tr\u00ecnh h\u1ecdc.[\/vc_column_text][\/vc_tta_section][vc_tta_section title=&#8221;Quy tr\u00ecnh n\u1ed9p \u0111\u01a1n xin visa F-1 l\u00e0 g\u00ec?&#8221; tab_id=&#8221;1452765442453-b921a1fb-6ec8&#8243;][vc_column_text css=&#8221;&#8221;]Quy tr\u00ecnh xin visa F-1 bao g\u1ed3m c\u00e1c b\u01b0\u1edbc sau:<br \/>\n1. N\u1ed9p \u0111\u01a1n v\u00e0 \u0111\u01b0\u1ee3c ch\u1ea5p nh\u1eadn v\u00e0o m\u1ed9t tr\u01b0\u1eddng \u0111\u01b0\u1ee3c SEVP ph\u00ea duy\u1ec7t.<br \/>\n2. Nh\u1eadn M\u1eabu \u0110\u01a1n I-20 t\u1eeb tr\u01b0\u1eddng.<br \/>\n3. Thanh to\u00e1n ph\u00ed SEVIS (I-901).<br \/>\n4. Ho\u00e0n th\u00e0nh M\u1eabu \u0110\u01a1n DS-160 (\u0110\u01a1n xin Visa Kh\u00f4ng \u0110\u1ecbnh c\u01b0 Tr\u1ef1c tuy\u1ebfn).<br \/>\n5. L\u00ean l\u1ecbch v\u00e0 tham d\u1ef1 cu\u1ed9c ph\u1ecfng v\u1ea5n visa t\u1ea1i l\u00e3nh s\u1ef1 qu\u00e1n ho\u1eb7c \u0111\u1ea1i s\u1ee9 qu\u00e1n Hoa K\u1ef3.[\/vc_column_text][\/vc_tta_section][vc_tta_section title=&#8221;M\u1ea5t bao l\u00e2u \u0111\u1ec3 x\u1eed l\u00fd visa F-1?&#8221; tab_id=&#8221;1736235499750-c75ebb7b-ba3c&#8221;][vc_column_text css=&#8221;&#8221;]Th\u1eddi gian x\u1eed l\u00fd visa F-1 th\u01b0\u1eddng dao \u0111\u1ed9ng t\u1eeb v\u00e0i tu\u1ea7n \u0111\u1ebfn v\u00e0i th\u00e1ng, t\u00f9y thu\u1ed9c v\u00e0o th\u1eddi gian x\u1eed l\u00fd t\u1ea1i l\u00e3nh s\u1ef1 qu\u00e1n v\u00e0 kh\u1ed1i l\u01b0\u1ee3ng c\u00f4ng vi\u1ec7c. N\u00ean n\u1ed9p \u0111\u01a1n s\u1edbm \u0111\u1ec3 tr\u00e1nh ch\u1eadm tr\u1ec5.[\/vc_column_text][\/vc_tta_section][vc_tta_section title=&#8221;T\u00f4i c\u00f3 th\u1ec3 l\u00e0m vi\u1ec7c \u1edf M\u1ef9 v\u1edbi visa F-1 kh\u00f4ng?&#8221; tab_id=&#8221;1736235523321-225d6d2f-d94a&#8221;][vc_column_text css=&#8221;&#8221;]Sinh vi\u00ean c\u00f3 visa F-1 c\u00f3 th\u1ec3 l\u00e0m vi\u1ec7c trong khu\u00f4n vi\u00ean tr\u01b0\u1eddng v\u1edbi m\u1ed9t s\u1ed1 gi\u1edbi h\u1ea1n (t\u1ed1i \u0111a 20 gi\u1edd m\u1ed7i tu\u1ea7n trong khi h\u1ecdc). H\u1ecd c\u0169ng c\u00f3 th\u1ec3 xin Th\u1ef1c t\u1eadp Th\u1ef1c t\u1ebf T\u00f9y ch\u1ecdn (OPT) sau khi t\u1ed1t nghi\u1ec7p, cho ph\u00e9p l\u00e0m vi\u1ec7c t\u1ed1i \u0111a 12 th\u00e1ng (ho\u1eb7c l\u00e2u h\u01a1n \u0111\u1ed1i v\u1edbi c\u00e1c ng\u00e0nh STEM).[\/vc_column_text][\/vc_tta_section][vc_tta_section title=&#8221;Visa J-1 l\u00e0 g\u00ec?&#8221; tab_id=&#8221;1736235544692-b7cbe694-bc2b&#8221;][vc_column_text css=&#8221;&#8221;]Visa J-1 l\u00e0 visa kh\u00f4ng \u0111\u1ecbnh c\u01b0 d\u00e0nh cho c\u00e1c ch\u01b0\u01a1ng tr\u00ecnh trao \u0111\u1ed5i gi\u00e1o d\u1ee5c v\u00e0 v\u0103n h\u00f3a, ch\u1eb3ng h\u1ea1n nh\u01b0 th\u1ef1c t\u1eadp sinh, nghi\u00ean c\u1ee9u sinh, ho\u1eb7c gi\u00e1o vi\u00ean. N\u00f3 cho ph\u00e9p c\u00e1c c\u00e1 nh\u00e2n tham gia v\u00e0o c\u00e1c ch\u01b0\u01a1ng tr\u00ecnh trao \u0111\u1ed5i \u0111\u01b0\u1ee3c ph\u00ea duy\u1ec7t t\u1ea1i M\u1ef9.[\/vc_column_text][\/vc_tta_section][vc_tta_section title=&#8221;Ai \u0111\u1ee7 \u0111i\u1ec1u ki\u1ec7n \u0111\u1ec3 xin visa J-1?&#8221; tab_id=&#8221;1736235562442-7828e489-5905&#8243;][vc_column_text css=&#8221;&#8221;]\u0110\u1ec3 \u0111\u1ee7 \u0111i\u1ec1u ki\u1ec7n xin visa J-1:<br \/>\n&#8211; B\u1ea1n ph\u1ea3i tham gia v\u00e0o m\u1ed9t ch\u01b0\u01a1ng tr\u00ecnh trao \u0111\u1ed5i \u0111\u01b0\u1ee3c t\u00e0i tr\u1ee3 b\u1edfi m\u1ed9t t\u1ed5 ch\u1ee9c \u0111\u01b0\u1ee3c USCIS ph\u00ea duy\u1ec7t.<br \/>\n&#8211; B\u1ea1n ph\u1ea3i c\u00f3 \u0111\u1ee7 t\u00e0i ch\u00ednh \u0111\u1ec3 h\u1ed7 tr\u1ee3 b\u1ea3n th\u00e2n trong su\u1ed1t ch\u01b0\u01a1ng tr\u00ecnh.<br \/>\n&#8211; B\u1ea1n ph\u1ea3i c\u00f3 \u00fd \u0111\u1ecbnh tr\u1edf v\u1ec1 n\u01b0\u1edbc sau khi ch\u01b0\u01a1ng tr\u00ecnh k\u1ebft th\u00fac.[\/vc_column_text][\/vc_tta_section][vc_tta_section title=&#8221;T\u00f4i c\u00f3 th\u1ec3 gia h\u1ea1n visa du h\u1ecdc c\u1ee7a m\u00ecnh kh\u00f4ng?&#8221; tab_id=&#8221;1736235582538-a1b4e0f9-268b&#8221;][vc_column_text css=&#8221;&#8221;]C\u00f3, b\u1ea1n c\u00f3 th\u1ec3 gia h\u1ea1n visa du h\u1ecdc (F-1 ho\u1eb7c J-1) n\u1ebfu b\u1ea1n v\u1eabn \u0111ang theo h\u1ecdc ho\u1eb7c tham gia ch\u01b0\u01a1ng tr\u00ecnh trao \u0111\u1ed5i. B\u1ea1n c\u1ea7n n\u1ed9p M\u1eabu I-539 (\u0110\u01a1n Xin Gia h\u1ea1n ho\u1eb7c Thay \u0111\u1ed5i T\u00ecnh tr\u1ea1ng Kh\u00f4ng \u0110\u1ecbnh c\u01b0) v\u00e0 cung c\u1ea5p c\u00e1c t\u00e0i li\u1ec7u h\u1ed7 tr\u1ee3, ch\u1eb3ng h\u1ea1n nh\u01b0 b\u1eb1ng ch\u1ee9ng t\u00e0i ch\u00ednh v\u00e0 t\u00e0i li\u1ec7u t\u1eeb tr\u01b0\u1eddng h\u1ecdc.[\/vc_column_text][\/vc_tta_section][vc_tta_section title=&#8221;Con c\u1ee7a t\u00f4i c\u00f3 th\u1ec3 \u0111i c\u00f9ng t\u00f4i v\u1edbi visa du h\u1ecdc kh\u00f4ng?&#8221; tab_id=&#8221;1736235598897-9f5330fe-292e&#8221;][vc_column_text css=&#8221;&#8221;]C\u00f3, con c\u00e1i d\u01b0\u1edbi 21 tu\u1ed5i v\u00e0 ch\u01b0a k\u1ebft h\u00f4n c\u1ee7a b\u1ea1n c\u00f3 th\u1ec3 \u0111i c\u00f9ng v\u1edbi visa F-2 (cho visa F-1) ho\u1eb7c J-2 (cho visa J-1). Tuy nhi\u00ean, h\u1ecd kh\u00f4ng \u0111\u01b0\u1ee3c ph\u00e9p l\u00e0m vi\u1ec7c t\u1ea1i M\u1ef9.[\/vc_column_text][\/vc_tta_section][vc_tta_section title=&#8221;\u0110i\u1ec1u g\u00ec x\u1ea3y ra n\u1ebfu t\u00f4i \u1edf l\u1ea1i M\u1ef9 sau khi ch\u01b0\u01a1ng tr\u00ecnh h\u1ecdc k\u1ebft th\u00fac?&#8221; tab_id=&#8221;1736235615447-f77fa2fb-812f&#8221;][vc_column_text css=&#8221;&#8221;]N\u1ebfu b\u1ea1n \u1edf l\u1ea1i M\u1ef9 sau khi ch\u01b0\u01a1ng tr\u00ecnh h\u1ecdc ho\u1eb7c th\u1eddi gian gia h\u1ea1n k\u1ebft th\u00fac (th\u01b0\u1eddng l\u00e0 60 ng\u00e0y \u0111\u1ed1i v\u1edbi visa F-1 v\u00e0 30 ng\u00e0y \u0111\u1ed1i v\u1edbi visa J-1), b\u1ea1n s\u1ebd vi ph\u1ea1m t\u00ecnh tr\u1ea1ng visa v\u00e0 c\u00f3 th\u1ec3 b\u1ecb tr\u1ee5c xu\u1ea5t. \u0110i\u1ec1u n\u00e0y c\u0169ng c\u00f3 th\u1ec3 \u1ea3nh h\u01b0\u1edfng \u0111\u1ebfn c\u00e1c \u0111\u01a1n xin visa trong t\u01b0\u01a1ng lai.[\/vc_column_text][\/vc_tta_section][\/vc_tta_accordion][\/vc_column][vc_column offset=&#8221;vc_col-lg-3 vc_col-md-3&#8243;][stm_sidebar sidebar=&#8221;7267&#8243;][\/vc_column][\/vc_row][vc_row full_width=&#8221;stretch_row&#8221; css=&#8221;.vc_custom_1459505959648{margin-bottom: -60px !important;}&#8221; el_class=&#8221;third_bg_color&#8221;][vc_column][vc_cta h2=&#8221;C\u1ea7n H\u1ed7 Tr\u1ee3 Ph\u00e1p L\u00fd? H\u00e3y Li\u00ean H\u1ec7 V\u1edbi V\u0103n ph\u00f2ng Lu\u1eadt s\u01b0 Tr\u01b0\u01a1ng ngay h\u00f4m nay.&#8221; h2_font_container=&#8221;tag:h2|font_size:20px|text_align:left|color:%23902926|line_height:24px&#8221; h2_use_theme_fonts=&#8221;yes&#8221; shape=&#8221;square&#8221; style=&#8221;flat&#8221; add_button=&#8221;right&#8221; btn_title=&#8221;Li\u00ean h\u1ec7 ngay&#8221; btn_style=&#8221;flat&#8221; btn_color=&#8221;theme_style_1&#8243; btn_size=&#8221;lg&#8221; btn_align=&#8221;right&#8221; btn_i_align=&#8221;right&#8221; btn_i_icon_fontawesome=&#8221;stm-amsterdam-arrow&#8221; css=&#8221;.vc_custom_1746606857797{margin-bottom: 0px !important;}&#8221; use_custom_fonts_h2=&#8221;true&#8221; btn_add_icon=&#8221;true&#8221; btn_link=&#8221;url:%23||&#8221; el_class=&#8221;third_bg_color&#8221;][\/vc_cta][\/vc_column][\/vc_row]<\/p>\n<\/div>","protected":false},"excerpt":{"rendered":"<p>[vc_row css=&#8221;.vc_custom_1459506798851{margin-bottom: 100px !important;}&#8221;][vc_column offset=&#8221;vc_col-lg-9 vc_col-md-9&#8243;][vc_single_image image=&#8221;7474&#8243; img_size=&#8221;stm-image-1110&#215;550-croped&#8221; css=&#8221;.vc_custom_1737005524103{margin-bottom: 45px !important;}&#8221;][vc_custom_heading source=&#8221;post_title&#8221; use_theme_fonts=&#8221;yes&#8221;][vc_column_text css=&#8221;.vc_custom_1746604775982{margin-bottom: 25px !important;}&#8221;]Danh m\u1ee5c Du h\u1ecdc t\u1eadp trung v\u00e0o vi\u1ec7c xin visa du h\u1ecdc cho nh\u1eefng c\u00e1 nh\u00e2n mong mu\u1ed1n theo \u0111u\u1ed5i c\u01a1 h\u1ed9i gi\u00e1o d\u1ee5c t\u1ea1i Hoa K\u1ef3. Visa F-1 l\u00e0 lo\u1ea1i visa du h\u1ecdc ph\u1ed5 bi\u1ebfn nh\u1ea5t, cho ph\u00e9p c\u00e1<\/p>\n","protected":false},"author":1,"featured_media":7474,"parent":7626,"menu_order":0,"comment_status":"closed","ping_status":"closed","template":"","meta":{"footnotes":""},"class_list":["post-7641","page","type-page","status-publish","has-post-thumbnail","hentry"],"yoast_head":"<!-- This site is optimized with the Yoast SEO Premium plugin v24.2 (Yoast SEO v24.2) - https:\/\/yoast.com\/wordpress\/plugins\/seo\/ -->\n<title>Visa Du H\u1ecdc - Truong Law Firm, PLLC<\/title>\n<meta name=\"robots\" content=\"index, follow, max-snippet:-1, max-image-preview:large, max-video-preview:-1\" \/>\n<link rel=\"canonical\" href=\"https:\/\/truonglegal.com\/vi\/dich-vu\/visa-du-hoc\/\" \/>\n<meta property=\"og:locale\" content=\"vi_VN\" \/>\n<meta property=\"og:type\" content=\"article\" \/>\n<meta property=\"og:title\" content=\"Visa Du H\u1ecdc\" \/>\n<meta property=\"og:description\" content=\"[vc_row css=&#8221;.vc_custom_1459506798851{margin-bottom: 100px !important;}&#8221;][vc_column offset=&#8221;vc_col-lg-9 vc_col-md-9&#8243;][vc_single_image image=&#8221;7474&#8243; img_size=&#8221;stm-image-1110&#215;550-croped&#8221; css=&#8221;.vc_custom_1737005524103{margin-bottom: 45px !important;}&#8221;][vc_custom_heading source=&#8221;post_title&#8221; use_theme_fonts=&#8221;yes&#8221;][vc_column_text css=&#8221;.vc_custom_1746604775982{margin-bottom: 25px !important;}&#8221;]Danh m\u1ee5c Du h\u1ecdc t\u1eadp trung v\u00e0o vi\u1ec7c xin visa du h\u1ecdc cho nh\u1eefng c\u00e1 nh\u00e2n mong mu\u1ed1n theo \u0111u\u1ed5i c\u01a1 h\u1ed9i gi\u00e1o d\u1ee5c t\u1ea1i Hoa K\u1ef3. Visa F-1 l\u00e0 lo\u1ea1i visa du h\u1ecdc ph\u1ed5 bi\u1ebfn nh\u1ea5t, cho ph\u00e9p c\u00e1\" \/>\n<meta property=\"og:url\" content=\"https:\/\/truonglegal.com\/vi\/dich-vu\/visa-du-hoc\/\" \/>\n<meta property=\"og:site_name\" content=\"Truong Law Firm, PLLC\" \/>\n<meta property=\"article:modified_time\" content=\"2025-05-07T08:36:38+00:00\" \/>\n<meta property=\"og:image\" content=\"https:\/\/truonglegal.com\/vi\/wp-content\/uploads\/2016\/01\/stuy.jpg\" \/>\n\t<meta property=\"og:image:width\" content=\"1110\" \/>\n\t<meta property=\"og:image:height\" content=\"550\" \/>\n\t<meta property=\"og:image:type\" content=\"image\/jpeg\" \/>\n<meta name=\"twitter:card\" content=\"summary_large_image\" \/>\n<meta name=\"twitter:label1\" content=\"\u01af\u1edbc t\u00ednh th\u1eddi gian \u0111\u1ecdc\" \/>\n\t<meta name=\"twitter:data1\" content=\"4 ph\u00fat\" \/>\n<script type=\"application\/ld+json\" class=\"yoast-schema-graph\">{\"@context\":\"https:\/\/schema.org\",\"@graph\":[{\"@type\":\"WebPage\",\"@id\":\"https:\/\/truonglegal.com\/vi\/dich-vu\/visa-du-hoc\/\",\"url\":\"https:\/\/truonglegal.com\/vi\/dich-vu\/visa-du-hoc\/\",\"name\":\"Visa Du H\u1ecdc - Truong Law Firm, PLLC\",\"isPartOf\":{\"@id\":\"https:\/\/truonglegal.com\/vi\/#website\"},\"primaryImageOfPage\":{\"@id\":\"https:\/\/truonglegal.com\/vi\/dich-vu\/visa-du-hoc\/#primaryimage\"},\"image\":{\"@id\":\"https:\/\/truonglegal.com\/vi\/dich-vu\/visa-du-hoc\/#primaryimage\"},\"thumbnailUrl\":\"https:\/\/truonglegal.com\/vi\/wp-content\/uploads\/2016\/01\/stuy.jpg\",\"datePublished\":\"2025-01-23T07:10:49+00:00\",\"dateModified\":\"2025-05-07T08:36:38+00:00\",\"breadcrumb\":{\"@id\":\"https:\/\/truonglegal.com\/vi\/dich-vu\/visa-du-hoc\/#breadcrumb\"},\"inLanguage\":\"vi\",\"potentialAction\":[{\"@type\":\"ReadAction\",\"target\":[\"https:\/\/truonglegal.com\/vi\/dich-vu\/visa-du-hoc\/\"]}]},{\"@type\":\"ImageObject\",\"inLanguage\":\"vi\",\"@id\":\"https:\/\/truonglegal.com\/vi\/dich-vu\/visa-du-hoc\/#primaryimage\",\"url\":\"https:\/\/truonglegal.com\/vi\/wp-content\/uploads\/2016\/01\/stuy.jpg\",\"contentUrl\":\"https:\/\/truonglegal.com\/vi\/wp-content\/uploads\/2016\/01\/stuy.jpg\",\"width\":1110,\"height\":550},{\"@type\":\"BreadcrumbList\",\"@id\":\"https:\/\/truonglegal.com\/vi\/dich-vu\/visa-du-hoc\/#breadcrumb\",\"itemListElement\":[{\"@type\":\"ListItem\",\"position\":1,\"name\":\"Home\",\"item\":\"https:\/\/truonglegal.com\/vi\/\"},{\"@type\":\"ListItem\",\"position\":2,\"name\":\"D\u1ecbch v\u1ee5\",\"item\":\"https:\/\/truonglegal.com\/vi\/dich-vu\/\"},{\"@type\":\"ListItem\",\"position\":3,\"name\":\"Visa Du H\u1ecdc\"}]},{\"@type\":\"WebSite\",\"@id\":\"https:\/\/truonglegal.com\/vi\/#website\",\"url\":\"https:\/\/truonglegal.com\/vi\/\",\"name\":\"Truong Law Firm, PLLC\",\"description\":\"\",\"potentialAction\":[{\"@type\":\"SearchAction\",\"target\":{\"@type\":\"EntryPoint\",\"urlTemplate\":\"https:\/\/truonglegal.com\/vi\/?s={search_term_string}\"},\"query-input\":{\"@type\":\"PropertyValueSpecification\",\"valueRequired\":true,\"valueName\":\"search_term_string\"}}],\"inLanguage\":\"vi\"}]}<\/script>\n<!-- \/ Yoast SEO Premium plugin. -->","yoast_head_json":{"title":"Visa Du H\u1ecdc - Truong Law Firm, PLLC","robots":{"index":"index","follow":"follow","max-snippet":"max-snippet:-1","max-image-preview":"max-image-preview:large","max-video-preview":"max-video-preview:-1"},"canonical":"https:\/\/truonglegal.com\/vi\/dich-vu\/visa-du-hoc\/","og_locale":"vi_VN","og_type":"article","og_title":"Visa Du H\u1ecdc","og_description":"[vc_row css=&#8221;.vc_custom_1459506798851{margin-bottom: 100px !important;}&#8221;][vc_column offset=&#8221;vc_col-lg-9 vc_col-md-9&#8243;][vc_single_image image=&#8221;7474&#8243; img_size=&#8221;stm-image-1110&#215;550-croped&#8221; css=&#8221;.vc_custom_1737005524103{margin-bottom: 45px !important;}&#8221;][vc_custom_heading source=&#8221;post_title&#8221; use_theme_fonts=&#8221;yes&#8221;][vc_column_text css=&#8221;.vc_custom_1746604775982{margin-bottom: 25px !important;}&#8221;]Danh m\u1ee5c Du h\u1ecdc t\u1eadp trung v\u00e0o vi\u1ec7c xin visa du h\u1ecdc cho nh\u1eefng c\u00e1 nh\u00e2n mong mu\u1ed1n theo \u0111u\u1ed5i c\u01a1 h\u1ed9i gi\u00e1o d\u1ee5c t\u1ea1i Hoa K\u1ef3. Visa F-1 l\u00e0 lo\u1ea1i visa du h\u1ecdc ph\u1ed5 bi\u1ebfn nh\u1ea5t, cho ph\u00e9p c\u00e1","og_url":"https:\/\/truonglegal.com\/vi\/dich-vu\/visa-du-hoc\/","og_site_name":"Truong Law Firm, PLLC","article_modified_time":"2025-05-07T08:36:38+00:00","og_image":[{"width":1110,"height":550,"url":"https:\/\/truonglegal.com\/vi\/wp-content\/uploads\/2016\/01\/stuy.jpg","type":"image\/jpeg"}],"twitter_card":"summary_large_image","twitter_misc":{"\u01af\u1edbc t\u00ednh th\u1eddi gian \u0111\u1ecdc":"4 ph\u00fat"},"schema":{"@context":"https:\/\/schema.org","@graph":[{"@type":"WebPage","@id":"https:\/\/truonglegal.com\/vi\/dich-vu\/visa-du-hoc\/","url":"https:\/\/truonglegal.com\/vi\/dich-vu\/visa-du-hoc\/","name":"Visa Du H\u1ecdc - Truong Law Firm, PLLC","isPartOf":{"@id":"https:\/\/truonglegal.com\/vi\/#website"},"primaryImageOfPage":{"@id":"https:\/\/truonglegal.com\/vi\/dich-vu\/visa-du-hoc\/#primaryimage"},"image":{"@id":"https:\/\/truonglegal.com\/vi\/dich-vu\/visa-du-hoc\/#primaryimage"},"thumbnailUrl":"https:\/\/truonglegal.com\/vi\/wp-content\/uploads\/2016\/01\/stuy.jpg","datePublished":"2025-01-23T07:10:49+00:00","dateModified":"2025-05-07T08:36:38+00:00","breadcrumb":{"@id":"https:\/\/truonglegal.com\/vi\/dich-vu\/visa-du-hoc\/#breadcrumb"},"inLanguage":"vi","potentialAction":[{"@type":"ReadAction","target":["https:\/\/truonglegal.com\/vi\/dich-vu\/visa-du-hoc\/"]}]},{"@type":"ImageObject","inLanguage":"vi","@id":"https:\/\/truonglegal.com\/vi\/dich-vu\/visa-du-hoc\/#primaryimage","url":"https:\/\/truonglegal.com\/vi\/wp-content\/uploads\/2016\/01\/stuy.jpg","contentUrl":"https:\/\/truonglegal.com\/vi\/wp-content\/uploads\/2016\/01\/stuy.jpg","width":1110,"height":550},{"@type":"BreadcrumbList","@id":"https:\/\/truonglegal.com\/vi\/dich-vu\/visa-du-hoc\/#breadcrumb","itemListElement":[{"@type":"ListItem","position":1,"name":"Home","item":"https:\/\/truonglegal.com\/vi\/"},{"@type":"ListItem","position":2,"name":"D\u1ecbch v\u1ee5","item":"https:\/\/truonglegal.com\/vi\/dich-vu\/"},{"@type":"ListItem","position":3,"name":"Visa Du H\u1ecdc"}]},{"@type":"WebSite","@id":"https:\/\/truonglegal.com\/vi\/#website","url":"https:\/\/truonglegal.com\/vi\/","name":"Truong Law Firm, PLLC","description":"","potentialAction":[{"@type":"SearchAction","target":{"@type":"EntryPoint","urlTemplate":"https:\/\/truonglegal.com\/vi\/?s={search_term_string}"},"query-input":{"@type":"PropertyValueSpecification","valueRequired":true,"valueName":"search_term_string"}}],"inLanguage":"vi"}]}},"_links":{"self":[{"href":"https:\/\/truonglegal.com\/vi\/wp-json\/wp\/v2\/pages\/7641","targetHints":{"allow":["GET"]}}],"collection":[{"href":"https:\/\/truonglegal.com\/vi\/wp-json\/wp\/v2\/pages"}],"about":[{"href":"https:\/\/truonglegal.com\/vi\/wp-json\/wp\/v2\/types\/page"}],"author":[{"embeddable":true,"href":"https:\/\/truonglegal.com\/vi\/wp-json\/wp\/v2\/users\/1"}],"replies":[{"embeddable":true,"href":"https:\/\/truonglegal.com\/vi\/wp-json\/wp\/v2\/comments?post=7641"}],"version-history":[{"count":0,"href":"https:\/\/truonglegal.com\/vi\/wp-json\/wp\/v2\/pages\/7641\/revisions"}],"up":[{"embeddable":true,"href":"https:\/\/truonglegal.com\/vi\/wp-json\/wp\/v2\/pages\/7626"}],"wp:featuredmedia":[{"embeddable":true,"href":"https:\/\/truonglegal.com\/vi\/wp-json\/wp\/v2\/media\/7474"}],"wp:attachment":[{"href":"https:\/\/truonglegal.com\/vi\/wp-json\/wp\/v2\/media?parent=7641"}],"curies":[{"name":"wp","href":"https:\/\/api.w.org\/{rel}","templated":true}]}}