{"id":7643,"date":"2025-01-23T14:12:57","date_gmt":"2025-01-23T07:12:57","guid":{"rendered":"https:\/\/truonglegal.com\/vi\/?page_id=7643"},"modified":"2025-05-07T09:20:44","modified_gmt":"2025-05-07T02:20:44","slug":"visa-du-lich","status":"publish","type":"page","link":"https:\/\/truonglegal.com\/vi\/dich-vu\/visa-du-lich\/","title":{"rendered":"Visa Du L\u1ecbch"},"content":{"rendered":"<div class=\"wpb-content-wrapper\"><p>[vc_row css=&#8221;.vc_custom_1459506798851{margin-bottom: 100px !important;}&#8221;][vc_column offset=&#8221;vc_col-lg-9 vc_col-md-9&#8243;][vc_single_image image=&#8221;7476&#8243; img_size=&#8221;stm-image-1110&#215;550-croped&#8221; css=&#8221;.vc_custom_1737005225984{margin-bottom: 45px !important;}&#8221;][vc_custom_heading source=&#8221;post_title&#8221; use_theme_fonts=&#8221;yes&#8221;][vc_column_text css=&#8221;.vc_custom_1746580362602{margin-bottom: 25px !important;}&#8221;]Visa du l\u1ecbch, ch\u1ee7 y\u1ebfu l\u00e0 visa B-2, cho ph\u00e9p c\u00e1 nh\u00e2n \u0111\u1ebfn Hoa K\u1ef3 \u0111\u1ec3 gi\u1ea3i tr\u00ed, du l\u1ecbch, ho\u1eb7c \u0111i\u1ec1u tr\u1ecb y t\u1ebf. Lo\u1ea1i visa kh\u00f4ng \u0111\u1ecbnh c\u01b0 n\u00e0y ph\u00f9 h\u1ee3p cho c\u00e1c k\u1ef3 l\u01b0u tr\u00fa ng\u1eafn h\u1ea1n v\u00e0 y\u00eau c\u1ea7u ch\u1ee9ng minh m\u1ed1i li\u00ean h\u1ec7 m\u1ea1nh m\u1ebd v\u1edbi qu\u1ed1c gia c\u1ee7a ng\u01b0\u1eddi n\u1ed9p \u0111\u01a1n c\u0169ng nh\u01b0 \u00fd \u0111\u1ecbnh tr\u1edf v\u1ec1 sau chuy\u1ebfn th\u0103m. Ch\u00fang t\u00f4i h\u01b0\u1edbng d\u1eabn kh\u00e1ch h\u00e0ng qua qu\u00e1 tr\u00ecnh n\u1ed9p \u0111\u01a1n, \u0111\u1ea3m b\u1ea3o cung c\u1ea5p \u0111\u1ea7y \u0111\u1ee7 c\u00e1c t\u00e0i li\u1ec7u c\u1ea7n thi\u1ebft.[\/vc_column_text][vc_column_text css=&#8221;.vc_custom_1746581645932{margin-bottom: 34px !important;}&#8221;]<\/p>\n<blockquote>\n<p>&#8211; <strong>Visa Du L\u1ecbch B-2:<\/strong> H\u1ed7 tr\u1ee3 n\u1ed9p \u0111\u01a1n v\u00e0 chu\u1ea9n b\u1ecb ph\u1ecfng v\u1ea5n.<br \/>\n&#8211; <strong>Gia h\u1ea1n Visa:<\/strong> Gia h\u1ea1n visa khi s\u1eafp h\u1ebft h\u1ea1n ho\u1eb7c \u0111\u00e3 h\u1ebft h\u1ea1n nh\u01b0ng kh\u00f4ng qu\u00e1 12 th\u00e1ng.<br \/>\n&#8211; <strong>T\u00e0i li\u1ec7u v\u00e0 Tu\u00e2n th\u1ee7:<\/strong> \u0110\u1ea3m b\u1ea3o t\u00e0i li\u1ec7u ph\u00f9 h\u1ee3p cho vi\u1ec7c du l\u1ecbch.<\/p>\n<\/blockquote>\n<p>[\/vc_column_text][vc_custom_heading text=&#8221;Visa Du L\u1ecbch B-2&#8243; font_container=&#8221;tag:h4|text_align:left|color:%23222222&#8243; use_theme_fonts=&#8221;yes&#8221; css=&#8221;.vc_custom_1746581796799{margin-bottom: 27px !important;}&#8221;][vc_column_text css=&#8221;.vc_custom_1746583051520{margin-bottom: 25px !important;padding-top: 5px !important;padding-right: 10px !important;padding-bottom: 5px !important;padding-left: 10px !important;background-color: #fbe2d5 !important;}&#8221;]<em><span style=\"text-decoration: underline;\">T\u1ed5ng quan<\/span> <\/em><br \/>\nN\u1ed9p \u0111\u01a1n xin visa \u0111\u1ec3 du l\u1ecbch Hoa K\u1ef3.<\/p>\n<p><em><span style=\"text-decoration: underline;\">Y\u00eau c\u1ea7u<\/span><\/em><br \/>\nM\u1eabu DS-160, b\u1eb1ng ch\u1ee9ng h\u1ed7 tr\u1ee3 t\u00e0i ch\u00ednh, l\u1ecbch tr\u00ecnh du l\u1ecbch.<\/p>\n<p><em><span style=\"text-decoration: underline;\">Quy tr\u00ecnh<\/span><\/em><br \/>\n1. Ho\u00e0n th\u00e0nh M\u1eabu DS-160.<br \/>\n2. Thanh to\u00e1n ph\u00ed visa $185 (c\u00f3 th\u1ec3 thay \u0111\u1ed5i).<br \/>\n3. L\u00ean l\u1ecbch ph\u1ecfng v\u1ea5n.<br \/>\n4. Chu\u1ea9n b\u1ecb t\u00e0i li\u1ec7u.<br \/>\n5. Tham d\u1ef1 ph\u1ecfng v\u1ea5n.[\/vc_column_text][vc_custom_heading text=&#8221;Gia h\u1ea1n Visa&#8221; font_container=&#8221;tag:h4|text_align:left|color:%23222222&#8243; use_theme_fonts=&#8221;yes&#8221; css=&#8221;.vc_custom_1746581899348{margin-bottom: 27px !important;}&#8221;][vc_column_text css=&#8221;.vc_custom_1746583123845{margin-bottom: 25px !important;padding-top: 5px !important;padding-right: 10px !important;padding-bottom: 5px !important;padding-left: 10px !important;background-color: #caedfb !important;}&#8221;]<em><span style=\"text-decoration: underline;\">T\u1ed5ng quan<\/span><\/em><br \/>\nGia h\u1ea1n Visa Gia h\u1ea1n visa khi s\u1eafp h\u1ebft h\u1ea1n ho\u1eb7c \u0111\u00e3 h\u1ebft h\u1ea1n nh\u01b0ng kh\u00f4ng qu\u00e1 12 th\u00e1ng.<\/p>\n<p><em><span style=\"text-decoration: underline;\">Y\u00eau c\u1ea7u:<\/span><\/em><br \/>\nM\u1eabu DS-160, l\u1ecbch tr\u00ecnh du l\u1ecbch.<\/p>\n<p><em><span style=\"text-decoration: underline;\">Quy tr\u00ecnh: \u00a0<\/span><\/em><br \/>\n1. N\u1ed9p M\u1eabu DS-160.<br \/>\n2. G\u1eedi c\u00e1c gi\u1ea5y t\u1edd theo y\u00eau c\u1ea7u.<br \/>\n3. Ch\u1edd quy\u1ebft \u0111\u1ecbnh.[\/vc_column_text][vc_custom_heading text=&#8221;T\u00e0i li\u1ec7u v\u00e0 Tu\u00e2n th\u1ee7&#8221; font_container=&#8221;tag:h4|text_align:left|color:%23222222&#8243; use_theme_fonts=&#8221;yes&#8221; css=&#8221;.vc_custom_1746582005617{margin-bottom: 27px !important;}&#8221;][vc_column_text css=&#8221;.vc_custom_1746583250660{margin-bottom: 25px !important;padding-top: 5px !important;padding-right: 10px !important;padding-bottom: 5px !important;padding-left: 10px !important;background-color: #dae9f8 !important;}&#8221;]<em><span style=\"text-decoration: underline;\">T\u1ed5ng quan \u00a0<\/span><\/em><br \/>\n\u0110\u1ea3m b\u1ea3o t\u00e0i li\u1ec7u ph\u00f9 h\u1ee3p cho vi\u1ec7c du l\u1ecbch.<\/p>\n<p><em><span style=\"text-decoration: underline;\">Y\u00eau c\u1ea7u\u00a0<\/span><\/em><br \/>\nH\u1ed9 chi\u1ebfu h\u1ee3p l\u1ec7, visa, c\u00e1c b\u1eb1ng ch\u1ee9ng li\u00ean quan theo y\u00eau c\u1ea7u.<\/p>\n<p><em><span style=\"text-decoration: underline;\">M\u1eb9o:<\/span><\/em><br \/>\nTu\u00e2n th\u1ee7 c\u00e1c \u0111i\u1ec1u kho\u1ea3n visa, gi\u1eef t\u00e0i li\u1ec7u \u0111\u01b0\u1ee3c s\u1eafp x\u1ebfp g\u1ecdn g\u00e0ng.[\/vc_column_text][vc_custom_heading text=&#8221;C\u00e1c C\u00e2u h\u1ecfi Th\u01b0\u1eddng g\u1eb7p v\u1ec1 Visa Du l\u1ecbch&#8221; font_container=&#8221;tag:h4|text_align:left|color:%23222222&#8243; use_theme_fonts=&#8221;yes&#8221; css=&#8221;.vc_custom_1746582050575{margin-bottom: 31px !important;}&#8221;][vc_tta_accordion shape=&#8221;square&#8221; c_position=&#8221;right&#8221; active_section=&#8221;1&#8243; css=&#8221;.vc_custom_1456219636222{margin-bottom: 34px !important;}&#8221;][vc_tta_section title=&#8221;Visa B-2 l\u00e0 g\u00ec?&#8221; tab_id=&#8221;1452765420119-d4dfaf69-4fae&#8221;][vc_column_text css=&#8221;&#8221;]Visa B-2 l\u00e0 visa kh\u00f4ng \u0111\u1ecbnh c\u01b0 d\u00e0nh cho c\u00e1c c\u00e1 nh\u00e2n mu\u1ed1n \u0111\u1ebfn Hoa K\u1ef3 \u0111\u1ec3 du l\u1ecbch, gi\u1ea3i tr\u00ed, th\u0103m th\u00e2n, ho\u1eb7c \u0111i\u1ec1u tr\u1ecb y t\u1ebf. Visa n\u00e0y cho ph\u00e9p l\u01b0u tr\u00fa ng\u1eafn h\u1ea1n, th\u01b0\u1eddng t\u1ed1i \u0111a 6 th\u00e1ng m\u1ed7i l\u1ea7n nh\u1eadp c\u1ea3nh.[\/vc_column_text][\/vc_tta_section][vc_tta_section title=&#8221;Ai \u0111\u1ee7 \u0111i\u1ec1u ki\u1ec7n \u0111\u1ec3 xin visa B-2? &#8221; tab_id=&#8221;1452765443215-63a10c55-a5ef&#8221;][vc_column_text css=&#8221;&#8221;]\u0110\u1ec3 \u0111\u1ee7 \u0111i\u1ec1u ki\u1ec7n xin visa B-2:<br \/>\n&#8211; B\u1ea1n ph\u1ea3i ch\u1ee9ng minh r\u1eb1ng b\u1ea1n c\u00f3 \u00fd \u0111\u1ecbnh tr\u1edf v\u1ec1 n\u01b0\u1edbc sau khi chuy\u1ebfn \u0111i k\u1ebft th\u00fac (th\u00f4ng qua m\u1ed1i quan h\u1ec7 m\u1ea1nh m\u1ebd v\u1edbi qu\u1ed1c gia \u0111ang sinh s\u1ed1ng, nh\u01b0 c\u00f4ng vi\u1ec7c, gia \u0111\u00ecnh, ho\u1eb7c t\u00e0i s\u1ea3n).<br \/>\n&#8211; B\u1ea1n ph\u1ea3i c\u00f3 \u0111\u1ee7 t\u00e0i ch\u00ednh \u0111\u1ec3 chi tr\u1ea3 cho chuy\u1ebfn \u0111i v\u00e0 th\u1eddi gian l\u01b0u tr\u00fa t\u1ea1i M\u1ef9.<br \/>\n&#8211; B\u1ea1n ph\u1ea3i c\u00f3 l\u00fd do h\u1ee3p l\u1ec7 cho chuy\u1ebfn \u0111i, nh\u01b0 du l\u1ecbch, th\u0103m th\u00e2n, ho\u1eb7c \u0111i\u1ec1u tr\u1ecb y t\u1ebf.[\/vc_column_text][\/vc_tta_section][vc_tta_section title=&#8221;Quy tr\u00ecnh n\u1ed9p \u0111\u01a1n xin visa B-2 l\u00e0 g\u00ec? &#8221; tab_id=&#8221;1452765442453-b921a1fb-6ec8&#8243;][vc_column_text css=&#8221;&#8221;]Quy tr\u00ecnh xin visa B-2 bao g\u1ed3m c\u00e1c b\u01b0\u1edbc sau:<br \/>\n1. Ho\u00e0n th\u00e0nh M\u1eabu DS-160 (\u0110\u01a1n xin Visa Kh\u00f4ng \u0110\u1ecbnh c\u01b0 Tr\u1ef1c tuy\u1ebfn).<br \/>\n2. Thanh to\u00e1n ph\u00ed visa ($185, c\u00f3 th\u1ec3 thay \u0111\u1ed5i).<br \/>\n3. L\u00ean l\u1ecbch ph\u1ecfng v\u1ea5n t\u1ea1i L\u00e3nh S\u1ef1 Qu\u00e1n ho\u1eb7c \u0110\u1ea1i S\u1ee9 Qu\u00e1n Hoa K\u1ef3.<br \/>\n4. Chu\u1ea9n b\u1ecb c\u00e1c t\u00e0i li\u1ec7u h\u1ed7 tr\u1ee3, bao g\u1ed3m h\u1ed9 chi\u1ebfu h\u1ee3p l\u1ec7, b\u1eb1ng ch\u1ee9ng t\u00e0i ch\u00ednh, v\u00e0 l\u1ecbch tr\u00ecnh du l\u1ecbch.<br \/>\n5. Tham d\u1ef1 ph\u1ecfng v\u1ea5n v\u00e0 ch\u1edd quy\u1ebft \u0111\u1ecbnh v\u1ec1 visa.[\/vc_column_text][\/vc_tta_section][vc_tta_section title=&#8221;M\u1ea5t bao l\u00e2u \u0111\u1ec3 x\u1eed l\u00fd visa B-2?&#8221; tab_id=&#8221;1736235499750-c75ebb7b-ba3c&#8221;][vc_column_text css=&#8221;&#8221;]Th\u1eddi gian x\u1eed l\u00fd visa B-2 th\u01b0\u1eddng dao \u0111\u1ed9ng t\u1eeb v\u00e0i ng\u00e0y \u0111\u1ebfn v\u00e0i tu\u1ea7n, t\u00f9y thu\u1ed9c v\u00e0o th\u1eddi gian \u0111\u1eb7t l\u1ecbch ph\u1ecfng v\u1ea5n v\u00e0 kh\u1ed1i l\u01b0\u1ee3ng c\u00f4ng vi\u1ec7c t\u1ea1i l\u00e3nh s\u1ef1 qu\u00e1n. B\u1ea1n n\u00ean n\u1ed9p \u0111\u01a1n \u00edt nh\u1ea5t 1-2 th\u00e1ng tr\u01b0\u1edbc chuy\u1ebfn \u0111i d\u1ef1 ki\u1ebfn.[\/vc_column_text][\/vc_tta_section][vc_tta_section title=&#8221;T\u00f4i c\u00f3 th\u1ec3 l\u01b0u tr\u00fa bao l\u00e2u t\u1ea1i M\u1ef9 v\u1edbi visa B-2?&#8221; tab_id=&#8221;1736235523321-225d6d2f-d94a&#8221;][vc_column_text css=&#8221;&#8221;]Visa B-2 th\u01b0\u1eddng cho ph\u00e9p l\u01b0u tr\u00fa t\u1ed1i \u0111a 6 th\u00e1ng m\u1ed7i l\u1ea7n nh\u1eadp c\u1ea3nh. Tuy nhi\u00ean, th\u1eddi gian l\u01b0u tr\u00fa c\u1ee5 th\u1ec3 s\u1ebd do nh\u00e2n vi\u00ean h\u1ea3i quan t\u1ea1i c\u1eeda kh\u1ea9u quy\u1ebft \u0111\u1ecbnh khi b\u1ea1n nh\u1eadp c\u1ea3nh v\u00e0o M\u1ef9.[\/vc_column_text][\/vc_tta_section][vc_tta_section title=&#8221;T\u00f4i c\u00f3 th\u1ec3 gia h\u1ea1n th\u1eddi gian l\u01b0u tr\u00fa visa B-2 kh\u00f4ng?&#8221; tab_id=&#8221;1736235544692-b7cbe694-bc2b&#8221;][vc_column_text css=&#8221;&#8221;]C\u00f3, b\u1ea1n c\u00f3 th\u1ec3 gia h\u1ea1n th\u1eddi gian l\u01b0u tr\u00fa v\u1edbi visa B-2 b\u1eb1ng c\u00e1ch n\u1ed9p M\u1eabu I-539 (\u0110\u01a1n Xin Gia h\u1ea1n ho\u1eb7c Thay \u0111\u1ed5i T\u00ecnh tr\u1ea1ng Kh\u00f4ng \u0110\u1ecbnh c\u01b0) tr\u01b0\u1edbc khi th\u1eddi gian l\u01b0u tr\u00fa hi\u1ec7n t\u1ea1i h\u1ebft h\u1ea1n. B\u1ea1n c\u1ea7n cung c\u1ea5p l\u00fd do ch\u00ednh \u0111\u00e1ng, ch\u1eb3ng h\u1ea1n nh\u01b0 \u0111i\u1ec1u tr\u1ecb y t\u1ebf k\u00e9o d\u00e0i ho\u1eb7c ho\u00e0n c\u1ea3nh \u0111\u1eb7c bi\u1ec7t.[\/vc_column_text][\/vc_tta_section][vc_tta_section title=&#8221;T\u00f4i c\u00f3 th\u1ec3 l\u00e0m vi\u1ec7c \u1edf M\u1ef9 v\u1edbi visa B-2 kh\u00f4ng?&#8221; tab_id=&#8221;1736235562442-7828e489-5905&#8243;][vc_column_text css=&#8221;&#8221;]Kh\u00f4ng, visa B-2 kh\u00f4ng cho ph\u00e9p b\u1ea1n l\u00e0m vi\u1ec7c t\u1ea1i M\u1ef9. N\u1ebfu b\u1ea1n l\u00e0m vi\u1ec7c m\u00e0 kh\u00f4ng c\u00f3 gi\u1ea5y ph\u00e9p, b\u1ea1n s\u1ebd vi ph\u1ea1m \u0111i\u1ec1u ki\u1ec7n visa v\u00e0 c\u00f3 th\u1ec3 b\u1ecb tr\u1ee5c xu\u1ea5t ho\u1eb7c b\u1ecb c\u1ea5m nh\u1eadp c\u1ea3nh trong t\u01b0\u01a1ng lai.[\/vc_column_text][\/vc_tta_section][vc_tta_section title=&#8221;Con c\u1ee7a t\u00f4i c\u00f3 th\u1ec3 \u0111i c\u00f9ng t\u00f4i v\u1edbi visa B-2 kh\u00f4ng? &#8221; tab_id=&#8221;1736235582538-a1b4e0f9-268b&#8221;][vc_column_text css=&#8221;&#8221;]C\u00f3, con c\u00e1i d\u01b0\u1edbi 21 tu\u1ed5i v\u00e0 ch\u01b0a k\u1ebft h\u00f4n c\u1ee7a b\u1ea1n c\u00f3 th\u1ec3 \u0111i c\u00f9ng v\u1edbi visa B-2 ri\u00eang. B\u1ea1n c\u1ea7n n\u1ed9p \u0111\u01a1n xin visa B-2 cho t\u1eebng th\u00e0nh vi\u00ean gia \u0111\u00ecnh v\u00e0 cung c\u1ea5p c\u00e1c t\u00e0i li\u1ec7u h\u1ed7 tr\u1ee3, ch\u1eb3ng h\u1ea1n nh\u01b0 gi\u1ea5y khai sinh v\u00e0 b\u1eb1ng ch\u1ee9ng t\u00e0i ch\u00ednh.[\/vc_column_text][\/vc_tta_section][vc_tta_section title=&#8221;\u0110i\u1ec1u g\u00ec x\u1ea3y ra n\u1ebfu t\u00f4i \u1edf l\u1ea1i M\u1ef9 sau khi visa B-2 h\u1ebft h\u1ea1n?&#8221; tab_id=&#8221;1736235598897-9f5330fe-292e&#8221;][vc_column_text css=&#8221;&#8221;]N\u1ebfu b\u1ea1n \u1edf l\u1ea1i M\u1ef9 sau khi th\u1eddi gian l\u01b0u tr\u00fa \u0111\u01b0\u1ee3c ph\u00e9p k\u1ebft th\u00fac, b\u1ea1n s\u1ebd vi ph\u1ea1m t\u00ecnh tr\u1ea1ng visa v\u00e0 c\u00f3 th\u1ec3 b\u1ecb tr\u1ee5c xu\u1ea5t. \u0110i\u1ec1u n\u00e0y c\u0169ng c\u00f3 th\u1ec3 \u1ea3nh h\u01b0\u1edfng \u0111\u1ebfn c\u00e1c \u0111\u01a1n xin visa trong t\u01b0\u01a1ng lai, bao g\u1ed3m kh\u1ea3 n\u0103ng b\u1ecb c\u1ea5m nh\u1eadp c\u1ea3nh.[\/vc_column_text][\/vc_tta_section][vc_tta_section title=&#8221;T\u00f4i c\u00f3 th\u1ec3 chuy\u1ec3n \u0111\u1ed5i t\u1eeb visa B-2 sang lo\u1ea1i visa kh\u00e1c kh\u00f4ng?&#8221; tab_id=&#8221;1736235615447-f77fa2fb-812f&#8221;][vc_column_text css=&#8221;&#8221;]C\u00f3, trong m\u1ed9t s\u1ed1 tr\u01b0\u1eddng h\u1ee3p, b\u1ea1n c\u00f3 th\u1ec3 n\u1ed9p \u0111\u01a1n xin thay \u0111\u1ed5i t\u00ecnh tr\u1ea1ng (M\u1eabu I-539) \u0111\u1ec3 chuy\u1ec3n sang lo\u1ea1i visa kh\u00e1c, ch\u1eb3ng h\u1ea1n nh\u01b0 visa F-1 (du h\u1ecdc) ho\u1eb7c visa lao \u0111\u1ed9ng, n\u1ebfu b\u1ea1n \u0111\u00e1p \u1ee9ng c\u00e1c y\u00eau c\u1ea7u. Tuy nhi\u00ean, b\u1ea1n ph\u1ea3i ch\u1ee9ng minh r\u1eb1ng b\u1ea1n kh\u00f4ng c\u00f3 \u00fd \u0111\u1ecbnh nh\u1eadp c\u1ea3nh v\u1edbi m\u1ee5c \u0111\u00edch thay \u0111\u1ed5i t\u00ecnh tr\u1ea1ng ngay t\u1eeb \u0111\u1ea7u.[\/vc_column_text][\/vc_tta_section][\/vc_tta_accordion][\/vc_column][vc_column offset=&#8221;vc_col-lg-3 vc_col-md-3&#8243;][stm_sidebar sidebar=&#8221;7267&#8243;][\/vc_column][\/vc_row][vc_row full_width=&#8221;stretch_row&#8221; css=&#8221;.vc_custom_1459505959648{margin-bottom: -60px !important;}&#8221; el_class=&#8221;third_bg_color&#8221;][vc_column][vc_cta h2=&#8221;C\u1ea7n H\u1ed7 Tr\u1ee3 Ph\u00e1p L\u00fd? H\u00e3y Li\u00ean H\u1ec7 V\u1edbi V\u0103n ph\u00f2ng Lu\u1eadt s\u01b0 Tr\u01b0\u01a1ng ngay h\u00f4m nay.&#8221; h2_font_container=&#8221;tag:h2|font_size:20px|text_align:left|color:%23902926|line_height:24px&#8221; h2_use_theme_fonts=&#8221;yes&#8221; shape=&#8221;square&#8221; style=&#8221;flat&#8221; add_button=&#8221;right&#8221; btn_title=&#8221;Li\u00ean h\u1ec7 ngay&#8221; btn_style=&#8221;flat&#8221; btn_color=&#8221;theme_style_1&#8243; btn_size=&#8221;lg&#8221; btn_align=&#8221;right&#8221; btn_i_align=&#8221;right&#8221; btn_i_icon_fontawesome=&#8221;stm-amsterdam-arrow&#8221; css=&#8221;.vc_custom_1746582976442{margin-bottom: 0px !important;}&#8221; use_custom_fonts_h2=&#8221;true&#8221; btn_add_icon=&#8221;true&#8221; btn_link=&#8221;url:%23||&#8221; el_class=&#8221;third_bg_color&#8221;][\/vc_cta][\/vc_column][\/vc_row]<\/p>\n<\/div>","protected":false},"excerpt":{"rendered":"<p>[vc_row css=&#8221;.vc_custom_1459506798851{margin-bottom: 100px !important;}&#8221;][vc_column offset=&#8221;vc_col-lg-9 vc_col-md-9&#8243;][vc_single_image image=&#8221;7476&#8243; img_size=&#8221;stm-image-1110&#215;550-croped&#8221; css=&#8221;.vc_custom_1737005225984{margin-bottom: 45px !important;}&#8221;][vc_custom_heading source=&#8221;post_title&#8221; use_theme_fonts=&#8221;yes&#8221;][vc_column_text css=&#8221;.vc_custom_1746580362602{margin-bottom: 25px !important;}&#8221;]Visa du l\u1ecbch, ch\u1ee7 y\u1ebfu l\u00e0 visa B-2, cho ph\u00e9p c\u00e1 nh\u00e2n \u0111\u1ebfn Hoa K\u1ef3 \u0111\u1ec3 gi\u1ea3i tr\u00ed, du l\u1ecbch, ho\u1eb7c \u0111i\u1ec1u tr\u1ecb y t\u1ebf. Lo\u1ea1i visa kh\u00f4ng \u0111\u1ecbnh c\u01b0 n\u00e0y ph\u00f9 h\u1ee3p cho c\u00e1c k\u1ef3 l\u01b0u tr\u00fa ng\u1eafn h\u1ea1n<\/p>\n","protected":false},"author":1,"featured_media":7476,"parent":7626,"menu_order":0,"comment_status":"closed","ping_status":"closed","template":"","meta":{"footnotes":""},"class_list":["post-7643","page","type-page","status-publish","has-post-thumbnail","hentry"],"yoast_head":"<!-- This site is optimized with the Yoast SEO Premium plugin v24.2 (Yoast SEO v24.2) - https:\/\/yoast.com\/wordpress\/plugins\/seo\/ -->\n<title>Visa Du L\u1ecbch - Truong Law Firm, PLLC<\/title>\n<meta name=\"robots\" content=\"index, follow, max-snippet:-1, max-image-preview:large, max-video-preview:-1\" \/>\n<link rel=\"canonical\" href=\"https:\/\/truonglegal.com\/vi\/dich-vu\/visa-du-lich\/\" \/>\n<meta property=\"og:locale\" content=\"vi_VN\" \/>\n<meta property=\"og:type\" content=\"article\" \/>\n<meta property=\"og:title\" content=\"Visa Du L\u1ecbch\" \/>\n<meta property=\"og:description\" content=\"[vc_row css=&#8221;.vc_custom_1459506798851{margin-bottom: 100px !important;}&#8221;][vc_column offset=&#8221;vc_col-lg-9 vc_col-md-9&#8243;][vc_single_image image=&#8221;7476&#8243; img_size=&#8221;stm-image-1110&#215;550-croped&#8221; css=&#8221;.vc_custom_1737005225984{margin-bottom: 45px !important;}&#8221;][vc_custom_heading source=&#8221;post_title&#8221; use_theme_fonts=&#8221;yes&#8221;][vc_column_text css=&#8221;.vc_custom_1746580362602{margin-bottom: 25px !important;}&#8221;]Visa du l\u1ecbch, ch\u1ee7 y\u1ebfu l\u00e0 visa B-2, cho ph\u00e9p c\u00e1 nh\u00e2n \u0111\u1ebfn Hoa K\u1ef3 \u0111\u1ec3 gi\u1ea3i tr\u00ed, du l\u1ecbch, ho\u1eb7c \u0111i\u1ec1u tr\u1ecb y t\u1ebf. Lo\u1ea1i visa kh\u00f4ng \u0111\u1ecbnh c\u01b0 n\u00e0y ph\u00f9 h\u1ee3p cho c\u00e1c k\u1ef3 l\u01b0u tr\u00fa ng\u1eafn h\u1ea1n\" \/>\n<meta property=\"og:url\" content=\"https:\/\/truonglegal.com\/vi\/dich-vu\/visa-du-lich\/\" \/>\n<meta property=\"og:site_name\" content=\"Truong Law Firm, PLLC\" \/>\n<meta property=\"article:modified_time\" content=\"2025-05-07T02:20:44+00:00\" \/>\n<meta property=\"og:image\" content=\"https:\/\/truonglegal.com\/vi\/wp-content\/uploads\/2016\/01\/travel.jpg\" \/>\n\t<meta property=\"og:image:width\" content=\"1110\" \/>\n\t<meta property=\"og:image:height\" content=\"550\" \/>\n\t<meta property=\"og:image:type\" content=\"image\/jpeg\" \/>\n<meta name=\"twitter:card\" content=\"summary_large_image\" \/>\n<meta name=\"twitter:label1\" content=\"\u01af\u1edbc t\u00ednh th\u1eddi gian \u0111\u1ecdc\" \/>\n\t<meta name=\"twitter:data1\" content=\"4 ph\u00fat\" \/>\n<script type=\"application\/ld+json\" class=\"yoast-schema-graph\">{\"@context\":\"https:\/\/schema.org\",\"@graph\":[{\"@type\":\"WebPage\",\"@id\":\"https:\/\/truonglegal.com\/vi\/dich-vu\/visa-du-lich\/\",\"url\":\"https:\/\/truonglegal.com\/vi\/dich-vu\/visa-du-lich\/\",\"name\":\"Visa Du L\u1ecbch - Truong Law Firm, PLLC\",\"isPartOf\":{\"@id\":\"https:\/\/truonglegal.com\/vi\/#website\"},\"primaryImageOfPage\":{\"@id\":\"https:\/\/truonglegal.com\/vi\/dich-vu\/visa-du-lich\/#primaryimage\"},\"image\":{\"@id\":\"https:\/\/truonglegal.com\/vi\/dich-vu\/visa-du-lich\/#primaryimage\"},\"thumbnailUrl\":\"https:\/\/truonglegal.com\/vi\/wp-content\/uploads\/2016\/01\/travel.jpg\",\"datePublished\":\"2025-01-23T07:12:57+00:00\",\"dateModified\":\"2025-05-07T02:20:44+00:00\",\"breadcrumb\":{\"@id\":\"https:\/\/truonglegal.com\/vi\/dich-vu\/visa-du-lich\/#breadcrumb\"},\"inLanguage\":\"vi\",\"potentialAction\":[{\"@type\":\"ReadAction\",\"target\":[\"https:\/\/truonglegal.com\/vi\/dich-vu\/visa-du-lich\/\"]}]},{\"@type\":\"ImageObject\",\"inLanguage\":\"vi\",\"@id\":\"https:\/\/truonglegal.com\/vi\/dich-vu\/visa-du-lich\/#primaryimage\",\"url\":\"https:\/\/truonglegal.com\/vi\/wp-content\/uploads\/2016\/01\/travel.jpg\",\"contentUrl\":\"https:\/\/truonglegal.com\/vi\/wp-content\/uploads\/2016\/01\/travel.jpg\",\"width\":1110,\"height\":550},{\"@type\":\"BreadcrumbList\",\"@id\":\"https:\/\/truonglegal.com\/vi\/dich-vu\/visa-du-lich\/#breadcrumb\",\"itemListElement\":[{\"@type\":\"ListItem\",\"position\":1,\"name\":\"Home\",\"item\":\"https:\/\/truonglegal.com\/vi\/\"},{\"@type\":\"ListItem\",\"position\":2,\"name\":\"D\u1ecbch v\u1ee5\",\"item\":\"https:\/\/truonglegal.com\/vi\/dich-vu\/\"},{\"@type\":\"ListItem\",\"position\":3,\"name\":\"Visa Du L\u1ecbch\"}]},{\"@type\":\"WebSite\",\"@id\":\"https:\/\/truonglegal.com\/vi\/#website\",\"url\":\"https:\/\/truonglegal.com\/vi\/\",\"name\":\"Truong Law Firm, PLLC\",\"description\":\"\",\"potentialAction\":[{\"@type\":\"SearchAction\",\"target\":{\"@type\":\"EntryPoint\",\"urlTemplate\":\"https:\/\/truonglegal.com\/vi\/?s={search_term_string}\"},\"query-input\":{\"@type\":\"PropertyValueSpecification\",\"valueRequired\":true,\"valueName\":\"search_term_string\"}}],\"inLanguage\":\"vi\"}]}<\/script>\n<!-- \/ Yoast SEO Premium plugin. -->","yoast_head_json":{"title":"Visa Du L\u1ecbch - Truong Law Firm, PLLC","robots":{"index":"index","follow":"follow","max-snippet":"max-snippet:-1","max-image-preview":"max-image-preview:large","max-video-preview":"max-video-preview:-1"},"canonical":"https:\/\/truonglegal.com\/vi\/dich-vu\/visa-du-lich\/","og_locale":"vi_VN","og_type":"article","og_title":"Visa Du L\u1ecbch","og_description":"[vc_row css=&#8221;.vc_custom_1459506798851{margin-bottom: 100px !important;}&#8221;][vc_column offset=&#8221;vc_col-lg-9 vc_col-md-9&#8243;][vc_single_image image=&#8221;7476&#8243; img_size=&#8221;stm-image-1110&#215;550-croped&#8221; css=&#8221;.vc_custom_1737005225984{margin-bottom: 45px !important;}&#8221;][vc_custom_heading source=&#8221;post_title&#8221; use_theme_fonts=&#8221;yes&#8221;][vc_column_text css=&#8221;.vc_custom_1746580362602{margin-bottom: 25px !important;}&#8221;]Visa du l\u1ecbch, ch\u1ee7 y\u1ebfu l\u00e0 visa B-2, cho ph\u00e9p c\u00e1 nh\u00e2n \u0111\u1ebfn Hoa K\u1ef3 \u0111\u1ec3 gi\u1ea3i tr\u00ed, du l\u1ecbch, ho\u1eb7c \u0111i\u1ec1u tr\u1ecb y t\u1ebf. Lo\u1ea1i visa kh\u00f4ng \u0111\u1ecbnh c\u01b0 n\u00e0y ph\u00f9 h\u1ee3p cho c\u00e1c k\u1ef3 l\u01b0u tr\u00fa ng\u1eafn h\u1ea1n","og_url":"https:\/\/truonglegal.com\/vi\/dich-vu\/visa-du-lich\/","og_site_name":"Truong Law Firm, PLLC","article_modified_time":"2025-05-07T02:20:44+00:00","og_image":[{"width":1110,"height":550,"url":"https:\/\/truonglegal.com\/vi\/wp-content\/uploads\/2016\/01\/travel.jpg","type":"image\/jpeg"}],"twitter_card":"summary_large_image","twitter_misc":{"\u01af\u1edbc t\u00ednh th\u1eddi gian \u0111\u1ecdc":"4 ph\u00fat"},"schema":{"@context":"https:\/\/schema.org","@graph":[{"@type":"WebPage","@id":"https:\/\/truonglegal.com\/vi\/dich-vu\/visa-du-lich\/","url":"https:\/\/truonglegal.com\/vi\/dich-vu\/visa-du-lich\/","name":"Visa Du L\u1ecbch - Truong Law Firm, PLLC","isPartOf":{"@id":"https:\/\/truonglegal.com\/vi\/#website"},"primaryImageOfPage":{"@id":"https:\/\/truonglegal.com\/vi\/dich-vu\/visa-du-lich\/#primaryimage"},"image":{"@id":"https:\/\/truonglegal.com\/vi\/dich-vu\/visa-du-lich\/#primaryimage"},"thumbnailUrl":"https:\/\/truonglegal.com\/vi\/wp-content\/uploads\/2016\/01\/travel.jpg","datePublished":"2025-01-23T07:12:57+00:00","dateModified":"2025-05-07T02:20:44+00:00","breadcrumb":{"@id":"https:\/\/truonglegal.com\/vi\/dich-vu\/visa-du-lich\/#breadcrumb"},"inLanguage":"vi","potentialAction":[{"@type":"ReadAction","target":["https:\/\/truonglegal.com\/vi\/dich-vu\/visa-du-lich\/"]}]},{"@type":"ImageObject","inLanguage":"vi","@id":"https:\/\/truonglegal.com\/vi\/dich-vu\/visa-du-lich\/#primaryimage","url":"https:\/\/truonglegal.com\/vi\/wp-content\/uploads\/2016\/01\/travel.jpg","contentUrl":"https:\/\/truonglegal.com\/vi\/wp-content\/uploads\/2016\/01\/travel.jpg","width":1110,"height":550},{"@type":"BreadcrumbList","@id":"https:\/\/truonglegal.com\/vi\/dich-vu\/visa-du-lich\/#breadcrumb","itemListElement":[{"@type":"ListItem","position":1,"name":"Home","item":"https:\/\/truonglegal.com\/vi\/"},{"@type":"ListItem","position":2,"name":"D\u1ecbch v\u1ee5","item":"https:\/\/truonglegal.com\/vi\/dich-vu\/"},{"@type":"ListItem","position":3,"name":"Visa Du L\u1ecbch"}]},{"@type":"WebSite","@id":"https:\/\/truonglegal.com\/vi\/#website","url":"https:\/\/truonglegal.com\/vi\/","name":"Truong Law Firm, PLLC","description":"","potentialAction":[{"@type":"SearchAction","target":{"@type":"EntryPoint","urlTemplate":"https:\/\/truonglegal.com\/vi\/?s={search_term_string}"},"query-input":{"@type":"PropertyValueSpecification","valueRequired":true,"valueName":"search_term_string"}}],"inLanguage":"vi"}]}},"_links":{"self":[{"href":"https:\/\/truonglegal.com\/vi\/wp-json\/wp\/v2\/pages\/7643","targetHints":{"allow":["GET"]}}],"collection":[{"href":"https:\/\/truonglegal.com\/vi\/wp-json\/wp\/v2\/pages"}],"about":[{"href":"https:\/\/truonglegal.com\/vi\/wp-json\/wp\/v2\/types\/page"}],"author":[{"embeddable":true,"href":"https:\/\/truonglegal.com\/vi\/wp-json\/wp\/v2\/users\/1"}],"replies":[{"embeddable":true,"href":"https:\/\/truonglegal.com\/vi\/wp-json\/wp\/v2\/comments?post=7643"}],"version-history":[{"count":0,"href":"https:\/\/truonglegal.com\/vi\/wp-json\/wp\/v2\/pages\/7643\/revisions"}],"up":[{"embeddable":true,"href":"https:\/\/truonglegal.com\/vi\/wp-json\/wp\/v2\/pages\/7626"}],"wp:featuredmedia":[{"embeddable":true,"href":"https:\/\/truonglegal.com\/vi\/wp-json\/wp\/v2\/media\/7476"}],"wp:attachment":[{"href":"https:\/\/truonglegal.com\/vi\/wp-json\/wp\/v2\/media?parent=7643"}],"curies":[{"name":"wp","href":"https:\/\/api.w.org\/{rel}","templated":true}]}}