{"id":7654,"date":"2025-01-23T14:27:37","date_gmt":"2025-01-23T07:27:37","guid":{"rendered":"https:\/\/truonglegal.com\/vi\/?page_id=7654"},"modified":"2025-05-08T06:03:55","modified_gmt":"2025-05-07T23:03:55","slug":"dai-dien-mua-ban","status":"publish","type":"page","link":"https:\/\/truonglegal.com\/vi\/dich-vu\/dai-dien-mua-ban\/","title":{"rendered":"\u0110\u1ea1i Di\u1ec7n Mua B\u00e1n"},"content":{"rendered":"<div class=\"wpb-content-wrapper\"><p>[vc_row css=&#8221;.vc_custom_1459506798851{margin-bottom: 100px !important;}&#8221;][vc_column offset=&#8221;vc_col-lg-9 vc_col-md-9&#8243;][vc_single_image image=&#8221;7471&#8243; img_size=&#8221;stm-image-1110&#215;550-croped&#8221; css=&#8221;.vc_custom_1737007400498{margin-bottom: 45px !important;}&#8221;][vc_custom_heading source=&#8221;post_title&#8221; use_theme_fonts=&#8221;yes&#8221; css=&#8221;.vc_custom_1746658991229{border-bottom-width: 5px !important;}&#8221;][vc_column_text css=&#8221;.vc_custom_1746659030228{margin-top: 20px !important;margin-bottom: 25px !important;padding-top: 5px !important;padding-right: 10px !important;padding-bottom: 5px !important;padding-left: 10px !important;background-color: #dae9f8 !important;}&#8221;]T\u1ea1i Truong Law Firm, PLLC, ch\u00fang t\u00f4i hi\u1ec3u r\u1eb1ng c\u00e1c giao d\u1ecbch b\u1ea5t \u0111\u1ed9ng s\u1ea3n c\u00f3 th\u1ec3 v\u1eeba th\u00fa v\u1ecb v\u1eeba ph\u1ee9c t\u1ea1p. D\u1ecbch v\u1ee5 \u0111\u1ea1i di\u1ec7n mua\/b\u00e1n c\u1ee7a ch\u00fang t\u00f4i t\u1ea1i Texas \u0111\u01b0\u1ee3c thi\u1ebft k\u1ebf \u0111\u1ec3 cung c\u1ea5p cho b\u1ea1n s\u1ef1 t\u01b0 v\u1ea5n ph\u00e1p l\u00fd chuy\u00ean s\u00e2u, \u0111\u1ea3m b\u1ea3o r\u1eb1ng l\u1ee3i \u00edch c\u1ee7a b\u1ea1n \u0111\u01b0\u1ee3c b\u1ea3o v\u1ec7 trong su\u1ed1t qu\u00e1 tr\u00ecnh mua ho\u1eb7c b\u00e1n b\u1ea5t \u0111\u1ed9ng s\u1ea3n.[\/vc_column_text][vc_custom_heading text=&#8221;Hi\u1ec3u v\u1ec1 \u0110\u1ea1i di\u1ec7n Mua\/B\u00e1n&#8221; font_container=&#8221;tag:h4|text_align:left|color:%23222222&#8243; use_theme_fonts=&#8221;yes&#8221; css=&#8221;.vc_custom_1746658577006{margin-bottom: 27px !important;}&#8221;][vc_column_text css=&#8221;.vc_custom_1746658605610{margin-bottom: 25px !important;padding-top: 5px !important;padding-right: 10px !important;padding-bottom: 5px !important;padding-left: 10px !important;background-color: #bfceff !important;}&#8221;]\u0110\u1ea1i di\u1ec7n mua\/b\u00e1n b\u1ea5t \u0111\u1ed9ng s\u1ea3n bao g\u1ed3m vi\u1ec7c cung c\u1ea5p c\u00e1c d\u1ecbch v\u1ee5 ph\u00e1p l\u00fd chuy\u00ean bi\u1ec7t cho kh\u00e1ch h\u00e0ng tham gia giao d\u1ecbch b\u1ea5t \u0111\u1ed9ng s\u1ea3n. D\u00f9 b\u1ea1n \u0111ang t\u00ecm mua ng\u00f4i nh\u00e0 m\u01a1 \u01b0\u1edbc, b\u00e1n t\u00e0i s\u1ea3n th\u01b0\u01a1ng m\u1ea1i, hay \u0111\u1ea7u t\u01b0 v\u00e0o b\u1ea5t \u0111\u1ed9ng s\u1ea3n, \u0111\u1ed9i ng\u0169 lu\u1eadt s\u01b0 gi\u00e0u kinh nghi\u1ec7m c\u1ee7a ch\u00fang t\u00f4i s\u1eb5n s\u00e0ng h\u1ed7 tr\u1ee3 b\u1ea1n v\u01b0\u1ee3t qua m\u1ecdi ph\u1ee9c t\u1ea1p trong lu\u1eadt b\u1ea5t \u0111\u1ed9ng s\u1ea3n Texas.[\/vc_column_text][vc_custom_heading text=&#8221;C\u00e1c \u0110i\u1ec3m Ch\u00ednh c\u1ee7a \u0110\u1ea1i di\u1ec7n Mua\/B\u00e1n \u1edf Texas&#8221; font_container=&#8221;tag:h4|text_align:left|color:%23222222&#8243; use_theme_fonts=&#8221;yes&#8221; css=&#8221;.vc_custom_1746658630002{margin-bottom: 27px !important;}&#8221;][vc_column_text css=&#8221;.vc_custom_1746658734929{margin-bottom: 25px !important;}&#8221;]<\/p>\n<ul>\n<li><em><span style=\"text-decoration: underline;\">T\u01b0 v\u1ea5n Ph\u00e1p l\u00fd To\u00e0n di\u1ec7n:<\/span><\/em><br \/>\n\u0110\u1ed9i ng\u0169 lu\u1eadt s\u01b0 c\u1ee7a ch\u00fang t\u00f4i cung c\u1ea5p t\u01b0 v\u1ea5n ph\u00e1p l\u00fd c\u00e1 nh\u00e2n h\u00f3a, ph\u00f9 h\u1ee3p v\u1edbi ho\u00e0n c\u1ea3nh c\u1ee5 th\u1ec3 c\u1ee7a b\u1ea1n. Ch\u00fang t\u00f4i gi\u00fap b\u1ea1n hi\u1ec3u c\u00e1c t\u00e1c \u0111\u1ed9ng ph\u00e1p l\u00fd c\u1ee7a c\u00e1c quy\u1ebft \u0111\u1ecbnh mua ho\u1eb7c b\u00e1n b\u1ea5t \u0111\u1ed9ng s\u1ea3n, nh\u1eb1m \u0111\u1ea3m b\u1ea3o b\u1ea1n t\u1ef1 tin v\u00e0 am hi\u1ec3u khi tham gia giao d\u1ecbch.<\/li>\n<li><em><span style=\"text-decoration: underline;\">So\u1ea1n th\u1ea3o v\u00e0 Xem x\u00e9t H\u1ee3p \u0111\u1ed3ng:<\/span><\/em><br \/>\nCh\u00fang t\u00f4i c\u1ea9n th\u1eadn so\u1ea1n th\u1ea3o v\u00e0 xem x\u00e9t t\u1ea5t c\u1ea3 c\u00e1c h\u1ee3p \u0111\u1ed3ng v\u00e0 t\u00e0i li\u1ec7u ph\u00e1p l\u00fd li\u00ean quan \u0111\u1ebfn giao d\u1ecbch c\u1ee7a b\u1ea1n. \u0110i\u1ec1u n\u00e0y bao g\u1ed3m c\u00e1c th\u1ecfa thu\u1eadn mua b\u00e1n, h\u1ee3p \u0111\u1ed3ng b\u00e1n h\u00e0ng, v\u00e0 b\u1ea5t k\u1ef3 t\u00e0i li\u1ec7u c\u1ea7n thi\u1ebft n\u00e0o kh\u00e1c \u0111\u1ec3 \u0111\u1ea3m b\u1ea3o tu\u00e2n th\u1ee7 lu\u1eadt b\u1ea5t \u0111\u1ed9ng s\u1ea3n Texas v\u00e0 b\u1ea3o v\u1ec7 l\u1ee3i \u00edch c\u1ee7a b\u1ea1n.<\/li>\n<li><em><span style=\"text-decoration: underline;\">Ki\u1ec3m tra Quy\u1ec1n s\u1edf h\u1eefu:<br \/>\n<\/span><\/em>Ch\u00fang t\u00f4i th\u1ef1c hi\u1ec7n ki\u1ec3m tra quy\u1ec1n s\u1edf h\u1eefu k\u1ef9 l\u01b0\u1ee1ng \u0111\u1ec3 x\u00e1c \u0111\u1ecbnh b\u1ea5t k\u1ef3 khi\u1ebfm khuy\u1ebft ho\u1eb7c g\u00e1nh n\u1eb7ng ph\u00e1p l\u00fd n\u00e0o c\u00f3 th\u1ec3 \u1ea3nh h\u01b0\u1edfng \u0111\u1ebfn quy\u1ec1n s\u1edf h\u1eefu. Ch\u00fang t\u00f4i ch\u1ee7 \u0111\u1ed9ng gi\u1ea3i quy\u1ebft b\u1ea5t k\u1ef3 v\u1ea5n \u0111\u1ec1 quy\u1ec1n s\u1edf h\u1eefu n\u00e0o, \u0111\u1ea3m b\u1ea3o quy\u1ec1n s\u1edf h\u1eefu r\u00f5 r\u00e0ng v\u00e0 c\u00f3 th\u1ec3 giao d\u1ecbch cho kh\u00e1ch h\u00e0ng.<\/li>\n<li><em><span style=\"text-decoration: underline;\">\u0110\u00e0m ph\u00e1n v\u00e0 Gi\u1ea3i quy\u1ebft Tranh ch\u1ea5p:<br \/>\n<\/span><\/em>\u0110\u00e0m ph\u00e1n hi\u1ec7u qu\u1ea3 l\u00e0 y\u1ebfu t\u1ed1 quan tr\u1ecdng trong c\u00e1c giao d\u1ecbch b\u1ea5t \u0111\u1ed9ng s\u1ea3n. \u0110\u1ed9i ng\u0169 lu\u1eadt s\u01b0 c\u1ee7a ch\u00fang t\u00f4i l\u00e0 nh\u1eefng nh\u00e0 \u0111\u00e0m ph\u00e1n l\u00e0nh ngh\u1ec1, thay m\u1eb7t b\u1ea1n \u0111\u1ec3 \u0111\u1ea1t \u0111\u01b0\u1ee3c c\u00e1c \u0111i\u1ec1u kho\u1ea3n thu\u1eadn l\u1ee3i. Trong tr\u01b0\u1eddng h\u1ee3p x\u1ea3y ra tranh ch\u1ea5p, ch\u00fang t\u00f4i s\u1eb5n s\u00e0ng \u0111\u1ea1i di\u1ec7n b\u1ea1n \u0111\u1ec3 gi\u1ea3i quy\u1ebft nhanh ch\u00f3ng v\u00e0 hi\u1ec7u qu\u1ea3.<\/li>\n<li><em><span style=\"text-decoration: underline;\">Qu\u1ea3n l\u00fd Qu\u00e1 tr\u00ecnh \u0110\u00f3ng Giao d\u1ecbch:<\/span><\/em><br \/>\nQu\u00e1 tr\u00ecnh \u0111\u00f3ng giao d\u1ecbch c\u00f3 th\u1ec3 ph\u1ee9c t\u1ea1p, li\u00ean quan \u0111\u1ebfn nhi\u1ec1u c\u00e2n nh\u1eafc ph\u00e1p l\u00fd v\u00e0 t\u00e0i ch\u00ednh. Ch\u00fang t\u00f4i qu\u1ea3n l\u00fd t\u1ea5t c\u1ea3 c\u00e1c kh\u00eda c\u1ea1nh c\u1ee7a vi\u1ec7c \u0111\u00f3ng giao d\u1ecbch, ph\u1ed1i h\u1ee3p v\u1edbi c\u00e1c b\u00ean kh\u00e1c \u0111\u1ec3 \u0111\u1ea3m b\u1ea3o ho\u00e0n t\u1ea5t giao d\u1ecbch su\u00f4n s\u1ebb v\u00e0 th\u00e0nh c\u00f4ng.<\/li>\n<\/ul>\n<p>[\/vc_column_text][vc_custom_heading text=&#8221;Cam k\u1ebft c\u1ee7a ch\u00fang t\u00f4i v\u1ec1 s\u1ef1 xu\u1ea5t s\u1eafc&#8221; font_container=&#8221;tag:h4|text_align:left|color:%23222222&#8243; use_theme_fonts=&#8221;yes&#8221; css=&#8221;.vc_custom_1746656136907{margin-bottom: 27px !important;}&#8221;][vc_column_text css=&#8221;.vc_custom_1746656161629{margin-bottom: 25px !important;padding-top: 5px !important;padding-right: 10px !important;padding-bottom: 5px !important;padding-left: 10px !important;background-color: #83e28e !important;}&#8221;]T\u1ea1i Fidelity National Title \u2013 Truong Law Firm, PLLC, ch\u00fang t\u00f4i t\u1ef1 h\u00e0o cung c\u1ea5p c\u00e1c d\u1ecbch v\u1ee5 \u0111\u00f3ng giao d\u1ecbch xu\u1ea5t s\u1eafc, \u01b0u ti\u00ean s\u1ef1 minh b\u1ea1ch, hi\u1ec7u qu\u1ea3 v\u00e0 s\u1ef1 h\u00e0i l\u00f2ng c\u1ee7a kh\u00e1ch h\u00e0ng. C\u00e1c chuy\u00ean gia t\u1eadn t\u00e2m c\u1ee7a ch\u00fang t\u00f4i cam k\u1ebft h\u01b0\u1edbng d\u1eabn b\u1ea1n qua qu\u00e1 tr\u00ecnh \u0111\u00f3ng giao d\u1ecbch v\u1edbi chuy\u00ean m\u00f4n v\u00e0 s\u1ef1 ch\u0103m s\u00f3c, \u0111\u1ea3m b\u1ea3o r\u1eb1ng giao d\u1ecbch b\u1ea5t \u0111\u1ed9ng s\u1ea3n c\u1ee7a b\u1ea1n \u0111\u01b0\u1ee3c ho\u00e0n t\u1ea5t m\u00e0 kh\u00f4ng g\u1eb7p r\u1eafc r\u1ed1i.<\/p>\n<p>D\u00f9 b\u1ea1n \u0111ang mua ng\u00f4i nh\u00e0 \u0111\u1ea7u ti\u00ean, t\u00e1i c\u1ea5p v\u1ed1n, hay tham gia v\u00e0o m\u1ed9t giao d\u1ecbch th\u01b0\u01a1ng m\u1ea1i, h\u00e3y tin t\u01b0\u1edfng Fidelity National Title \u2013 Truong Law Firm, PLLC \u0111\u1ec3 x\u1eed l\u00fd nhu c\u1ea7u \u0111\u00f3ng giao d\u1ecbch c\u1ee7a b\u1ea1n v\u1edbi s\u1ef1 ch\u00ednh x\u00e1c v\u00e0 chuy\u00ean nghi\u1ec7p.[\/vc_column_text][vc_row_inner css=&#8221;.vc_custom_1456219515168{margin-bottom: 27px !important;}&#8221;][vc_column_inner][vc_custom_heading text=&#8221;T\u1ea1i sao ch\u1ecdn ch\u00fang t\u00f4i?&#8221; font_container=&#8221;tag:h4|text_align:left|color:%23222222&#8243; use_theme_fonts=&#8221;yes&#8221; css=&#8221;.vc_custom_1746656182580{margin-bottom: 23px !important;}&#8221;][vc_single_image image=&#8221;7219&#8243; img_size=&#8221;full&#8221; css=&#8221;&#8221;][vc_column_text css=&#8221;&#8221;]<em><span style=\"text-decoration: underline;\">Chuy\u00ean m\u00f4n:<\/span><\/em> \u0110\u1ed9i ng\u0169 c\u1ee7a ch\u00fang t\u00f4i chuy\u00ean v\u1ec1 c\u00e1c v\u1ea5n \u0111\u1ec1 di tr\u00fa LGBTQ+, \u0111\u1ea3m b\u1ea3o b\u1ea1n nh\u1eadn \u0111\u01b0\u1ee3c s\u1ef1 h\u1ed7 tr\u1ee3 ki\u1ebfn th\u1ee9c chuy\u00ean s\u00e2u.<br \/>\n<em><span style=\"text-decoration: underline;\">T\u1eadn t\u00e2m:<\/span><\/em> Ch\u00fang t\u00f4i cam k\u1ebft b\u00ecnh \u0111\u1eb3ng v\u00e0 t\u00f4n tr\u1ecdng t\u1ea5t c\u1ea3 c\u00e1c c\u1eb7p \u0111\u00f4i, cung c\u1ea5p d\u1ecbch v\u1ee5 c\u00e1 nh\u00e2n h\u00f3a ph\u00f9 h\u1ee3p v\u1edbi nhu c\u1ea7u c\u1ee7a b\u1ea1n.<br \/>\n<em><span style=\"text-decoration: underline;\">Th\u00e0nh c\u00f4ng:<\/span><\/em> V\u00f4 s\u1ed1 c\u1eb7p \u0111\u00f4i LGBTQ+ \u0111\u00e3 th\u00e0nh c\u00f4ng trong vi\u1ec7c b\u1ea3o l\u00e3nh b\u1ea1n \u0111\u1eddi c\u1ee7a h\u1ecd v\u1edbi s\u1ef1 gi\u00fap \u0111\u1ee1 c\u1ee7a ch\u00fang t\u00f4i.[\/vc_column_text][\/vc_column_inner][\/vc_row_inner][vc_custom_heading text=&#8221;D\u1ecbch V\u1ee5&#8221; font_container=&#8221;tag:h4|text_align:left|color:%23222222&#8243; use_theme_fonts=&#8221;yes&#8221; css=&#8221;.vc_custom_1746656214880{margin-bottom: 27px !important;}&#8221;][vc_row_inner][vc_column_inner width=&#8221;1\/2&#8243;][stm_icon_box hide_title_line=&#8221;hide_title_line&#8221; icon=&#8221;stm-airplane&#8221; style=&#8221;icon_left&#8221; icon_size=&#8221;22&#8243; icon_color=&#8221;custom&#8221; icon_width=&#8221;70&#8243; title=&#8221;T\u01b0 V\u1ea5n&#8221; title_font_size=&#8221;22&#8243; title_line_height=&#8221;46&#8243; icon_color_custom=&#8221;#ffffff&#8221; css=&#8221;.vc_custom_1746656237486{margin-bottom: 24px !important;}&#8221;]B\u1eaft \u0111\u1ea7u v\u1edbi bu\u1ed5i t\u01b0 v\u1ea5n c\u00e1 nh\u00e2n h\u00f3a \u0111\u1ec3 hi\u1ec3u r\u00f5 c\u00e1c l\u1ef1a ch\u1ecdn v\u00e0 y\u00eau c\u1ea7u c\u1ee7a b\u1ea1n.[\/stm_icon_box][\/vc_column_inner][vc_column_inner width=&#8221;1\/2&#8243;][stm_icon_box hide_title_line=&#8221;hide_title_line&#8221; icon=&#8221;fas fa-sort-amount-up&#8221; style=&#8221;icon_left&#8221; icon_size=&#8221;22&#8243; icon_color=&#8221;custom&#8221; icon_width=&#8221;70&#8243; title=&#8221;H\u1ed3 s\u01a1&#8221; title_font_size=&#8221;22&#8243; title_line_height=&#8221;46&#8243; icon_color_custom=&#8221;#ffffff&#8221; css=&#8221;.vc_custom_1746656260853{margin-bottom: 24px !important;}&#8221;]Ch\u00fang t\u00f4i h\u1ed7 tr\u1ee3 thu th\u1eadp v\u00e0 chu\u1ea9n b\u1ecb t\u1ea5t c\u1ea3 c\u00e1c t\u00e0i li\u1ec7u c\u1ea7n thi\u1ebft cho vi\u1ec7c b\u1ea3o l\u00e3nh.[\/stm_icon_box][\/vc_column_inner][\/vc_row_inner][vc_row_inner][vc_column_inner width=&#8221;1\/2&#8243;][stm_icon_box hide_title_line=&#8221;hide_title_line&#8221; icon=&#8221;fas fa-university&#8221; style=&#8221;icon_left&#8221; icon_size=&#8221;22&#8243; icon_color=&#8221;custom&#8221; icon_width=&#8221;70&#8243; title=&#8221;H\u1ed7 Tr\u1ee3 N\u1ed9p \u0110\u01a1n&#8221; title_font_size=&#8221;22&#8243; title_line_height=&#8221;46&#8243; icon_color_custom=&#8221;#ffffff&#8221; css=&#8221;.vc_custom_1746656294017{margin-bottom: 24px !important;}&#8221;]T\u1eeb vi\u1ec7c ho\u00e0n th\u00e0nh m\u1eabu \u0111\u01a1n \u0111\u1ebfn n\u1ed9p h\u1ed3 s\u01a1, ch\u00fang t\u00f4i h\u01b0\u1edbng d\u1eabn b\u1ea1n t\u1eebng b\u01b0\u1edbc.[\/stm_icon_box][\/vc_column_inner][vc_column_inner width=&#8221;1\/2&#8243;][stm_icon_box hide_title_line=&#8221;hide_title_line&#8221; icon=&#8221;fas fa-donate&#8221; style=&#8221;icon_left&#8221; icon_size=&#8221;22&#8243; icon_color=&#8221;custom&#8221; icon_width=&#8221;70&#8243; title=&#8221;T\u01b0 V\u1ea5n Ph\u00e1p L\u00fd&#8221; title_font_size=&#8221;22&#8243; title_line_height=&#8221;46&#8243; icon_color_custom=&#8221;#ffffff&#8221; css=&#8221;.vc_custom_1746656276680{margin-bottom: 24px !important;}&#8221;]\u0110\u1ea3m b\u1ea3o tu\u00e2n th\u1ee7 c\u00e1c lu\u1eadt v\u00e0 quy \u0111\u1ecbnh hi\u1ec7n h\u00e0nh v\u1ec1 nh\u1eadp c\u01b0.[\/stm_icon_box][\/vc_column_inner][\/vc_row_inner][vc_custom_heading text=&#8221;Kh\u00e1ch h\u00e0ng ph\u1ea3n h\u1ed3i&#8221; font_container=&#8221;tag:h4|text_align:left|color:%23222222&#8243; use_theme_fonts=&#8221;yes&#8221; css=&#8221;.vc_custom_1746656303429{margin-bottom: 27px !important;}&#8221;][stm_testimonials count=&#8221;2&#8243; per_row=&#8221;2&#8243; category=&#8221;base&#8221;][\/vc_column][vc_column offset=&#8221;vc_col-lg-3 vc_col-md-3&#8243;][stm_sidebar sidebar=&#8221;7267&#8243;][\/vc_column][\/vc_row][vc_row full_width=&#8221;stretch_row&#8221; css=&#8221;.vc_custom_1459505959648{margin-bottom: -60px !important;}&#8221; el_class=&#8221;third_bg_color&#8221;][vc_column][vc_cta h2=&#8221;C\u1ea7n H\u1ed7 Tr\u1ee3 Ph\u00e1p L\u00fd? H\u00e3y Li\u00ean H\u1ec7 V\u1edbi V\u0103n ph\u00f2ng Lu\u1eadt s\u01b0 Tr\u01b0\u01a1ng ngay h\u00f4m nay.&#8221; h2_font_container=&#8221;tag:h2|font_size:20px|text_align:left|color:%23902926|line_height:24px&#8221; h2_use_theme_fonts=&#8221;yes&#8221; shape=&#8221;square&#8221; style=&#8221;flat&#8221; add_button=&#8221;right&#8221; btn_title=&#8221;Li\u00ean h\u1ec7 ngay&#8221; btn_style=&#8221;flat&#8221; btn_color=&#8221;theme_style_1&#8243; btn_size=&#8221;lg&#8221; btn_align=&#8221;right&#8221; btn_i_align=&#8221;right&#8221; btn_i_icon_fontawesome=&#8221;stm-amsterdam-arrow&#8221; css=&#8221;.vc_custom_1746656319361{margin-bottom: 0px !important;}&#8221; use_custom_fonts_h2=&#8221;true&#8221; btn_add_icon=&#8221;true&#8221; btn_link=&#8221;url:%23||&#8221; el_class=&#8221;third_bg_color&#8221;][\/vc_cta][\/vc_column][\/vc_row]<\/p>\n<\/div>","protected":false},"excerpt":{"rendered":"<p>[vc_row css=&#8221;.vc_custom_1459506798851{margin-bottom: 100px !important;}&#8221;][vc_column offset=&#8221;vc_col-lg-9 vc_col-md-9&#8243;][vc_single_image image=&#8221;7471&#8243; img_size=&#8221;stm-image-1110&#215;550-croped&#8221; css=&#8221;.vc_custom_1737007400498{margin-bottom: 45px !important;}&#8221;][vc_custom_heading source=&#8221;post_title&#8221; use_theme_fonts=&#8221;yes&#8221; css=&#8221;.vc_custom_1746658991229{border-bottom-width: 5px !important;}&#8221;][vc_column_text css=&#8221;.vc_custom_1746659030228{margin-top: 20px !important;margin-bottom: 25px !important;padding-top: 5px !important;padding-right: 10px !important;padding-bottom: 5px !important;padding-left: 10px !important;background-color: #dae9f8 !important;}&#8221;]T\u1ea1i Truong Law Firm, PLLC, ch\u00fang t\u00f4i hi\u1ec3u r\u1eb1ng c\u00e1c giao d\u1ecbch b\u1ea5t \u0111\u1ed9ng s\u1ea3n c\u00f3 th\u1ec3 v\u1eeba th\u00fa v\u1ecb v\u1eeba ph\u1ee9c t\u1ea1p. D\u1ecbch v\u1ee5<\/p>\n","protected":false},"author":1,"featured_media":7471,"parent":7626,"menu_order":0,"comment_status":"closed","ping_status":"closed","template":"","meta":{"footnotes":""},"class_list":["post-7654","page","type-page","status-publish","has-post-thumbnail","hentry"],"yoast_head":"<!-- This site is optimized with the Yoast SEO Premium plugin v24.2 (Yoast SEO v24.2) - https:\/\/yoast.com\/wordpress\/plugins\/seo\/ -->\n<title>\u0110\u1ea1i Di\u1ec7n Mua B\u00e1n - Truong Law Firm, PLLC<\/title>\n<meta name=\"robots\" content=\"index, follow, max-snippet:-1, max-image-preview:large, max-video-preview:-1\" \/>\n<link rel=\"canonical\" href=\"https:\/\/truonglegal.com\/vi\/dich-vu\/dai-dien-mua-ban\/\" \/>\n<meta property=\"og:locale\" content=\"vi_VN\" \/>\n<meta property=\"og:type\" content=\"article\" \/>\n<meta property=\"og:title\" content=\"\u0110\u1ea1i Di\u1ec7n Mua B\u00e1n\" \/>\n<meta property=\"og:description\" content=\"[vc_row css=&#8221;.vc_custom_1459506798851{margin-bottom: 100px !important;}&#8221;][vc_column offset=&#8221;vc_col-lg-9 vc_col-md-9&#8243;][vc_single_image image=&#8221;7471&#8243; img_size=&#8221;stm-image-1110&#215;550-croped&#8221; css=&#8221;.vc_custom_1737007400498{margin-bottom: 45px !important;}&#8221;][vc_custom_heading source=&#8221;post_title&#8221; use_theme_fonts=&#8221;yes&#8221; css=&#8221;.vc_custom_1746658991229{border-bottom-width: 5px !important;}&#8221;][vc_column_text css=&#8221;.vc_custom_1746659030228{margin-top: 20px !important;margin-bottom: 25px !important;padding-top: 5px !important;padding-right: 10px !important;padding-bottom: 5px !important;padding-left: 10px !important;background-color: #dae9f8 !important;}&#8221;]T\u1ea1i Truong Law Firm, PLLC, ch\u00fang t\u00f4i hi\u1ec3u r\u1eb1ng c\u00e1c giao d\u1ecbch b\u1ea5t \u0111\u1ed9ng s\u1ea3n c\u00f3 th\u1ec3 v\u1eeba th\u00fa v\u1ecb v\u1eeba ph\u1ee9c t\u1ea1p. D\u1ecbch v\u1ee5\" \/>\n<meta property=\"og:url\" content=\"https:\/\/truonglegal.com\/vi\/dich-vu\/dai-dien-mua-ban\/\" \/>\n<meta property=\"og:site_name\" content=\"Truong Law Firm, PLLC\" \/>\n<meta property=\"article:modified_time\" content=\"2025-05-07T23:03:55+00:00\" \/>\n<meta property=\"og:image\" content=\"https:\/\/truonglegal.com\/vi\/wp-content\/uploads\/2016\/01\/sale-1.jpg\" \/>\n\t<meta property=\"og:image:width\" content=\"1110\" \/>\n\t<meta property=\"og:image:height\" content=\"550\" \/>\n\t<meta property=\"og:image:type\" content=\"image\/jpeg\" \/>\n<meta name=\"twitter:card\" content=\"summary_large_image\" \/>\n<meta name=\"twitter:label1\" content=\"\u01af\u1edbc t\u00ednh th\u1eddi gian \u0111\u1ecdc\" \/>\n\t<meta name=\"twitter:data1\" content=\"6 ph\u00fat\" \/>\n<script type=\"application\/ld+json\" class=\"yoast-schema-graph\">{\"@context\":\"https:\/\/schema.org\",\"@graph\":[{\"@type\":\"WebPage\",\"@id\":\"https:\/\/truonglegal.com\/vi\/dich-vu\/dai-dien-mua-ban\/\",\"url\":\"https:\/\/truonglegal.com\/vi\/dich-vu\/dai-dien-mua-ban\/\",\"name\":\"\u0110\u1ea1i Di\u1ec7n Mua B\u00e1n - Truong Law Firm, PLLC\",\"isPartOf\":{\"@id\":\"https:\/\/truonglegal.com\/vi\/#website\"},\"primaryImageOfPage\":{\"@id\":\"https:\/\/truonglegal.com\/vi\/dich-vu\/dai-dien-mua-ban\/#primaryimage\"},\"image\":{\"@id\":\"https:\/\/truonglegal.com\/vi\/dich-vu\/dai-dien-mua-ban\/#primaryimage\"},\"thumbnailUrl\":\"https:\/\/truonglegal.com\/vi\/wp-content\/uploads\/2016\/01\/sale-1.jpg\",\"datePublished\":\"2025-01-23T07:27:37+00:00\",\"dateModified\":\"2025-05-07T23:03:55+00:00\",\"breadcrumb\":{\"@id\":\"https:\/\/truonglegal.com\/vi\/dich-vu\/dai-dien-mua-ban\/#breadcrumb\"},\"inLanguage\":\"vi\",\"potentialAction\":[{\"@type\":\"ReadAction\",\"target\":[\"https:\/\/truonglegal.com\/vi\/dich-vu\/dai-dien-mua-ban\/\"]}]},{\"@type\":\"ImageObject\",\"inLanguage\":\"vi\",\"@id\":\"https:\/\/truonglegal.com\/vi\/dich-vu\/dai-dien-mua-ban\/#primaryimage\",\"url\":\"https:\/\/truonglegal.com\/vi\/wp-content\/uploads\/2016\/01\/sale-1.jpg\",\"contentUrl\":\"https:\/\/truonglegal.com\/vi\/wp-content\/uploads\/2016\/01\/sale-1.jpg\",\"width\":1110,\"height\":550},{\"@type\":\"BreadcrumbList\",\"@id\":\"https:\/\/truonglegal.com\/vi\/dich-vu\/dai-dien-mua-ban\/#breadcrumb\",\"itemListElement\":[{\"@type\":\"ListItem\",\"position\":1,\"name\":\"Home\",\"item\":\"https:\/\/truonglegal.com\/vi\/\"},{\"@type\":\"ListItem\",\"position\":2,\"name\":\"D\u1ecbch v\u1ee5\",\"item\":\"https:\/\/truonglegal.com\/vi\/dich-vu\/\"},{\"@type\":\"ListItem\",\"position\":3,\"name\":\"\u0110\u1ea1i Di\u1ec7n Mua B\u00e1n\"}]},{\"@type\":\"WebSite\",\"@id\":\"https:\/\/truonglegal.com\/vi\/#website\",\"url\":\"https:\/\/truonglegal.com\/vi\/\",\"name\":\"Truong Law Firm, PLLC\",\"description\":\"\",\"potentialAction\":[{\"@type\":\"SearchAction\",\"target\":{\"@type\":\"EntryPoint\",\"urlTemplate\":\"https:\/\/truonglegal.com\/vi\/?s={search_term_string}\"},\"query-input\":{\"@type\":\"PropertyValueSpecification\",\"valueRequired\":true,\"valueName\":\"search_term_string\"}}],\"inLanguage\":\"vi\"}]}<\/script>\n<!-- \/ Yoast SEO Premium plugin. -->","yoast_head_json":{"title":"\u0110\u1ea1i Di\u1ec7n Mua B\u00e1n - Truong Law Firm, PLLC","robots":{"index":"index","follow":"follow","max-snippet":"max-snippet:-1","max-image-preview":"max-image-preview:large","max-video-preview":"max-video-preview:-1"},"canonical":"https:\/\/truonglegal.com\/vi\/dich-vu\/dai-dien-mua-ban\/","og_locale":"vi_VN","og_type":"article","og_title":"\u0110\u1ea1i Di\u1ec7n Mua B\u00e1n","og_description":"[vc_row css=&#8221;.vc_custom_1459506798851{margin-bottom: 100px !important;}&#8221;][vc_column offset=&#8221;vc_col-lg-9 vc_col-md-9&#8243;][vc_single_image image=&#8221;7471&#8243; img_size=&#8221;stm-image-1110&#215;550-croped&#8221; css=&#8221;.vc_custom_1737007400498{margin-bottom: 45px !important;}&#8221;][vc_custom_heading source=&#8221;post_title&#8221; use_theme_fonts=&#8221;yes&#8221; css=&#8221;.vc_custom_1746658991229{border-bottom-width: 5px !important;}&#8221;][vc_column_text css=&#8221;.vc_custom_1746659030228{margin-top: 20px !important;margin-bottom: 25px !important;padding-top: 5px !important;padding-right: 10px !important;padding-bottom: 5px !important;padding-left: 10px !important;background-color: #dae9f8 !important;}&#8221;]T\u1ea1i Truong Law Firm, PLLC, ch\u00fang t\u00f4i hi\u1ec3u r\u1eb1ng c\u00e1c giao d\u1ecbch b\u1ea5t \u0111\u1ed9ng s\u1ea3n c\u00f3 th\u1ec3 v\u1eeba th\u00fa v\u1ecb v\u1eeba ph\u1ee9c t\u1ea1p. D\u1ecbch v\u1ee5","og_url":"https:\/\/truonglegal.com\/vi\/dich-vu\/dai-dien-mua-ban\/","og_site_name":"Truong Law Firm, PLLC","article_modified_time":"2025-05-07T23:03:55+00:00","og_image":[{"width":1110,"height":550,"url":"https:\/\/truonglegal.com\/vi\/wp-content\/uploads\/2016\/01\/sale-1.jpg","type":"image\/jpeg"}],"twitter_card":"summary_large_image","twitter_misc":{"\u01af\u1edbc t\u00ednh th\u1eddi gian \u0111\u1ecdc":"6 ph\u00fat"},"schema":{"@context":"https:\/\/schema.org","@graph":[{"@type":"WebPage","@id":"https:\/\/truonglegal.com\/vi\/dich-vu\/dai-dien-mua-ban\/","url":"https:\/\/truonglegal.com\/vi\/dich-vu\/dai-dien-mua-ban\/","name":"\u0110\u1ea1i Di\u1ec7n Mua B\u00e1n - Truong Law Firm, PLLC","isPartOf":{"@id":"https:\/\/truonglegal.com\/vi\/#website"},"primaryImageOfPage":{"@id":"https:\/\/truonglegal.com\/vi\/dich-vu\/dai-dien-mua-ban\/#primaryimage"},"image":{"@id":"https:\/\/truonglegal.com\/vi\/dich-vu\/dai-dien-mua-ban\/#primaryimage"},"thumbnailUrl":"https:\/\/truonglegal.com\/vi\/wp-content\/uploads\/2016\/01\/sale-1.jpg","datePublished":"2025-01-23T07:27:37+00:00","dateModified":"2025-05-07T23:03:55+00:00","breadcrumb":{"@id":"https:\/\/truonglegal.com\/vi\/dich-vu\/dai-dien-mua-ban\/#breadcrumb"},"inLanguage":"vi","potentialAction":[{"@type":"ReadAction","target":["https:\/\/truonglegal.com\/vi\/dich-vu\/dai-dien-mua-ban\/"]}]},{"@type":"ImageObject","inLanguage":"vi","@id":"https:\/\/truonglegal.com\/vi\/dich-vu\/dai-dien-mua-ban\/#primaryimage","url":"https:\/\/truonglegal.com\/vi\/wp-content\/uploads\/2016\/01\/sale-1.jpg","contentUrl":"https:\/\/truonglegal.com\/vi\/wp-content\/uploads\/2016\/01\/sale-1.jpg","width":1110,"height":550},{"@type":"BreadcrumbList","@id":"https:\/\/truonglegal.com\/vi\/dich-vu\/dai-dien-mua-ban\/#breadcrumb","itemListElement":[{"@type":"ListItem","position":1,"name":"Home","item":"https:\/\/truonglegal.com\/vi\/"},{"@type":"ListItem","position":2,"name":"D\u1ecbch v\u1ee5","item":"https:\/\/truonglegal.com\/vi\/dich-vu\/"},{"@type":"ListItem","position":3,"name":"\u0110\u1ea1i Di\u1ec7n Mua B\u00e1n"}]},{"@type":"WebSite","@id":"https:\/\/truonglegal.com\/vi\/#website","url":"https:\/\/truonglegal.com\/vi\/","name":"Truong Law Firm, PLLC","description":"","potentialAction":[{"@type":"SearchAction","target":{"@type":"EntryPoint","urlTemplate":"https:\/\/truonglegal.com\/vi\/?s={search_term_string}"},"query-input":{"@type":"PropertyValueSpecification","valueRequired":true,"valueName":"search_term_string"}}],"inLanguage":"vi"}]}},"_links":{"self":[{"href":"https:\/\/truonglegal.com\/vi\/wp-json\/wp\/v2\/pages\/7654","targetHints":{"allow":["GET"]}}],"collection":[{"href":"https:\/\/truonglegal.com\/vi\/wp-json\/wp\/v2\/pages"}],"about":[{"href":"https:\/\/truonglegal.com\/vi\/wp-json\/wp\/v2\/types\/page"}],"author":[{"embeddable":true,"href":"https:\/\/truonglegal.com\/vi\/wp-json\/wp\/v2\/users\/1"}],"replies":[{"embeddable":true,"href":"https:\/\/truonglegal.com\/vi\/wp-json\/wp\/v2\/comments?post=7654"}],"version-history":[{"count":0,"href":"https:\/\/truonglegal.com\/vi\/wp-json\/wp\/v2\/pages\/7654\/revisions"}],"up":[{"embeddable":true,"href":"https:\/\/truonglegal.com\/vi\/wp-json\/wp\/v2\/pages\/7626"}],"wp:featuredmedia":[{"embeddable":true,"href":"https:\/\/truonglegal.com\/vi\/wp-json\/wp\/v2\/media\/7471"}],"wp:attachment":[{"href":"https:\/\/truonglegal.com\/vi\/wp-json\/wp\/v2\/media?parent=7654"}],"curies":[{"name":"wp","href":"https:\/\/api.w.org\/{rel}","templated":true}]}}