{"id":7662,"date":"2025-01-23T14:32:22","date_gmt":"2025-01-23T07:32:22","guid":{"rendered":"https:\/\/truonglegal.com\/vi\/?page_id=7662"},"modified":"2025-05-08T06:02:07","modified_gmt":"2025-05-07T23:02:07","slug":"bao-hiem-nha-dat","status":"publish","type":"page","link":"https:\/\/truonglegal.com\/vi\/dich-vu\/bao-hiem-nha-dat\/","title":{"rendered":"B\u1ea3o Hi\u1ec3m Nh\u00e0 \u0110\u1ea5t"},"content":{"rendered":"<div class=\"wpb-content-wrapper\"><p>[vc_row css=&#8221;.vc_custom_1459506798851{margin-bottom: 100px !important;}&#8221;][vc_column offset=&#8221;vc_col-lg-9 vc_col-md-9&#8243;][vc_single_image image=&#8221;7475&#8243; img_size=&#8221;stm-image-1110&#215;550-croped&#8221; css=&#8221;.vc_custom_1737006689399{margin-bottom: 45px !important;}&#8221;][vc_custom_heading text=&#8221;B\u1ea3o Hi\u1ec3m Quy\u1ec1n S\u1edf H\u1eefu Nh\u00e0 \u0110\u1ea5t t\u1ea1i Texas&#8221; use_theme_fonts=&#8221;yes&#8221; css=&#8221;&#8221; subtitle=&#8221;B\u1ea3o V\u1ec7 Kho\u1ea3n \u0110\u1ea7u T\u01b0 B\u1ea5t \u0110\u1ed9ng S\u1ea3n c\u1ee7a B\u1ea1n&#8221;][vc_column_text css=&#8221;.vc_custom_1746654377503{margin-bottom: 25px !important;}&#8221;]T\u1ea1i Fidelity National Title \u2013 Truong Law Firm, PLLC, ch\u00fang t\u00f4i hi\u1ec3u r\u1eb1ng vi\u1ec7c mua b\u1ea5t \u0111\u1ed9ng s\u1ea3n l\u00e0 m\u1ed9t kho\u1ea3n \u0111\u1ea7u t\u01b0 quan tr\u1ecdng, v\u00e0 vi\u1ec7c b\u1ea3o v\u1ec7 kho\u1ea3n \u0111\u1ea7u t\u01b0 \u0111\u00f3 l\u00e0 \u0111i\u1ec1u t\u1ed1i c\u1ea7n thi\u1ebft. D\u1ecbch v\u1ee5 b\u1ea3o hi\u1ec3m quy\u1ec1n s\u1edf h\u1eefu c\u1ee7a ch\u00fang t\u00f4i t\u1ea1i Texas \u0111\u01b0\u1ee3c thi\u1ebft k\u1ebf \u0111\u1ec3 mang l\u1ea1i s\u1ef1 an t\u00e2m b\u1eb1ng c\u00e1ch b\u1ea3o v\u1ec7 quy\u1ec1n s\u1edf h\u1eefu t\u00e0i s\u1ea3n c\u1ee7a b\u1ea1n v\u00e0 \u0111\u1ea3m b\u1ea3o qu\u00e1 tr\u00ecnh giao d\u1ecbch di\u1ec5n ra su\u00f4n s\u1ebb.[\/vc_column_text][vc_custom_heading text=&#8221;Hi\u1ec3u v\u1ec1 B\u1ea3o hi\u1ec3m Quy\u1ec1n s\u1edf h\u1eefu nh\u00e0 \u0111\u1ea5t&#8221; font_container=&#8221;tag:h4|text_align:left|color:%23222222&#8243; use_theme_fonts=&#8221;yes&#8221; css=&#8221;.vc_custom_1746654391776{margin-bottom: 27px !important;}&#8221;][vc_column_text css=&#8221;.vc_custom_1746654439730{margin-bottom: 25px !important;padding-top: 5px !important;padding-right: 10px !important;padding-bottom: 5px !important;padding-left: 10px !important;background-color: #adadad !important;}&#8221;]B\u1ea3o hi\u1ec3m quy\u1ec1n s\u1edf h\u1eefu nh\u1ea3 \u0111\u1ea5t l\u00e0 m\u1ed9t lo\u1ea1i b\u1ea3o hi\u1ec3m \u0111\u1eb7c bi\u1ec7t, b\u1ea3o v\u1ec7 ch\u1ee7 s\u1edf h\u1eefu t\u00e0i s\u1ea3n v\u00e0 ng\u01b0\u1eddi cho vay kh\u1ecfi c\u00e1c r\u1ee7i ro ti\u1ec1m \u1ea9n v\u00e0 khi\u1ebfm khuy\u1ebft trong quy\u1ec1n s\u1edf h\u1eefu c\u00f3 th\u1ec3 ph\u00e1t sinh sau khi mua b\u1ea5t \u0111\u1ed9ng s\u1ea3n. Kh\u00f4ng gi\u1ed1ng nh\u01b0 c\u00e1c lo\u1ea1i b\u1ea3o hi\u1ec3m kh\u00e1c b\u1ea3o v\u1ec7 kh\u1ecfi c\u00e1c s\u1ef1 ki\u1ec7n trong t\u01b0\u01a1ng lai, b\u1ea3o hi\u1ec3m quy\u1ec1n s\u1edf h\u1eefu b\u1ea3o v\u1ec7 kh\u1ecfi c\u00e1c khi\u1ebfu n\u1ea1i li\u00ean quan \u0111\u1ebfn c\u00e1c s\u1ef1 ki\u1ec7n trong qu\u00e1 kh\u1ee9 c\u00f3 th\u1ec3 \u1ea3nh h\u01b0\u1edfng \u0111\u1ebfn quy\u1ec1n s\u1edf h\u1eefu t\u00e0i s\u1ea3n.[\/vc_column_text][vc_custom_heading text=&#8221;C\u00e1c \u0110i\u1ec3m Ch\u00ednh c\u1ee7a B\u1ea3o hi\u1ec3m Quy\u1ec1n s\u1edf h\u1eefu nh\u00e0 \u0111\u1ea5t \u1edf Texas&#8221; font_container=&#8221;tag:h4|text_align:left|color:%23222222&#8243; use_theme_fonts=&#8221;yes&#8221; css=&#8221;.vc_custom_1746654457621{margin-bottom: 27px !important;}&#8221;][vc_column_text css=&#8221;.vc_custom_1746658924199{margin-bottom: 25px !important;}&#8221;]<\/p>\n<ul>\n<li><em><span style=\"text-decoration: underline;\">T\u00ecm ki\u1ebfm Quy\u1ec1n s\u1edf h\u1eefu To\u00e0n di\u1ec7n:<br \/>\n<\/span><\/em>Tr\u01b0\u1edbc khi c\u1ea5p ch\u00ednh s\u00e1ch b\u1ea3o hi\u1ec3m quy\u1ec1n s\u1edf h\u1eefu, ch\u00fang t\u00f4i ti\u1ebfn h\u00e0nh ki\u1ec3m tra k\u1ef9 l\u01b0\u1ee1ng quy\u1ec1n s\u1edf h\u1eefu k\u1ef9 l\u01b0\u1ee1ng \u0111\u1ec3 ph\u00e1t hi\u1ec7n b\u1ea5t k\u1ef3 v\u1ea5n \u0111\u1ec1 hi\u1ec7n c\u00f3 ch\u1eb3ng h\u1ea1n nh\u01b0 quy\u1ec1n c\u1ea7m gi\u1eef, g\u00e1nh n\u1eb7ng ph\u00e1p l\u00fd, ho\u1eb7c l\u1ed7i trong h\u1ed3 s\u01a1 c\u00f4ng c\u1ed9ng.\u00a0 Qu\u00e1 tr\u00ecnh n\u00e0y nh\u1eb1m \u0111\u1ea3m b\u1ea3o quy\u1ec1n s\u1edf h\u1eefu r\u00f5 r\u00e0ng v\u00e0 c\u00f3 th\u1ec3 \u0111\u01b0\u1ee3c chuy\u1ec3n giao h\u1ee3p ph\u00e1p cho ch\u1ee7 s\u1edf h\u1eefu m\u1edbi.<\/li>\n<li><em><span style=\"text-decoration: underline;\">B\u1ea3o v\u1ec7 kh\u1ecfi C\u00e1c Khi\u1ebfm khuy\u1ebft Quy\u1ec1n s\u1edf h\u1eefu:<br \/>\n<\/span><\/em>B\u1ea3o hi\u1ec3m quy\u1ec1n s\u1edf h\u1eefu cung c\u1ea5p s\u1ef1 b\u1ea3o v\u1ec7 tr\u01b0\u1edbc nhi\u1ec1u lo\u1ea1i khi\u1ebfm khuy\u1ebft quy\u1ec1n s\u1edf h\u1eefu, bao g\u1ed3m ng\u01b0\u1eddi th\u1eeba k\u1ebf kh\u00f4ng \u0111\u01b0\u1ee3c ti\u1ebft l\u1ed9, gi\u1ea3 m\u1ea1o, gian l\u1eadn, v\u00e0 l\u1ed7i h\u00e0nh ch\u00ednh. N\u00f3 b\u1ea3o v\u1ec7 ng\u01b0\u1eddi \u0111\u01b0\u1ee3c b\u1ea3o hi\u1ec3m kh\u1ecfi t\u1ed5n th\u1ea5t t\u00e0i ch\u00ednh v\u00e0 chi ph\u00ed ph\u00e1p l\u00fd li\u00ean quan \u0111\u1ebfn vi\u1ec7c b\u1ea3o v\u1ec7 quy\u1ec1n s\u1edf h\u1eefu tr\u01b0\u1edbc c\u00e1c khi\u1ebfu n\u1ea1i \u0111\u01b0\u1ee3c b\u1ea3o hi\u1ec3m.<\/li>\n<li><em><span style=\"text-decoration: underline;\">Ch\u00ednh s\u00e1ch c\u1ee7a Ch\u1ee7 s\u1edf h\u1eefu v\u00e0 Ng\u01b0\u1eddi cho vay:<br \/>\n<\/span><\/em>\u1ede Texas, hai lo\u1ea1i ch\u00ednh s\u00e1ch b\u1ea3o hi\u1ec3m quy\u1ec1n s\u1edf h\u1eefu th\u01b0\u1eddng \u0111\u01b0\u1ee3c ph\u00e1t h\u00e0nh: Ch\u00ednh s\u00e1ch c\u1ee7a Ch\u1ee7 s\u1edf h\u1eefu v\u00e0 Ch\u00ednh s\u00e1ch c\u1ee7a Ng\u01b0\u1eddi cho vay. Ch\u00ednh s\u00e1ch c\u1ee7a Ch\u1ee7 s\u1edf h\u1eefu b\u1ea3o v\u1ec7 l\u1ee3i \u00edch c\u1ee7a ng\u01b0\u1eddi mua trong t\u00e0i s\u1ea3n, trong khi Ch\u00ednh s\u00e1ch c\u1ee7a Ng\u01b0\u1eddi cho vay b\u1ea3o v\u1ec7 kho\u1ea3n \u0111\u1ea7u t\u01b0 c\u1ee7a ng\u01b0\u1eddi cho vay b\u1eb1ng c\u00e1ch \u0111\u1ea3m b\u1ea3o \u01b0u ti\u00ean c\u1ee7a quy\u1ec1n c\u1ea7m c\u1ed1 th\u1ebf ch\u1ea5p c\u1ee7a h\u1ecd.<\/li>\n<li><em><span style=\"text-decoration: underline;\">Ph\u00ed B\u1ea3o hi\u1ec3m M\u1ed9t l\u1ea7n:<br \/>\n<\/span><\/em>B\u1ea3o hi\u1ec3m quy\u1ec1n s\u1edf h\u1eefu y\u00eau c\u1ea7u thanh to\u00e1n ph\u00ed b\u1ea3o hi\u1ec3m m\u1ed9t l\u1ea7n t\u1ea1i th\u1eddi \u0111i\u1ec3m \u0111\u00f3ng giao d\u1ecbch, cung c\u1ea5p s\u1ef1 b\u1ea3o v\u1ec7 trong su\u1ed1t th\u1eddi gian ng\u01b0\u1eddi \u0111\u01b0\u1ee3c b\u1ea3o hi\u1ec3m ho\u1eb7c ng\u01b0\u1eddi th\u1eeba k\u1ebf c\u1ee7a h\u1ecd c\u00f3 quy\u1ec1n l\u1ee3i trong t\u00e0i s\u1ea3n. \u0110i\u1ec1u n\u00e0y l\u00e0m cho n\u00f3 tr\u1edf th\u00e0nh m\u1ed9t kho\u1ea3n \u0111\u1ea7u t\u01b0 h\u1ee3p l\u00fd v\u00e0 c\u00f3 gi\u00e1 tr\u1ecb \u0111\u1ec3 b\u1ea3o v\u1ec7 quy\u1ec1n s\u1edf h\u1eefu t\u00e0i s\u1ea3n.<\/li>\n<li><em><span style=\"text-decoration: underline;\">S\u1ef1 An t\u00e2m:<br \/>\n<\/span><\/em>V\u1edbi b\u1ea3o hi\u1ec3m quy\u1ec1n s\u1edf h\u1eefu, ch\u1ee7 s\u1edf h\u1eefu t\u00e0i s\u1ea3n v\u00e0 ng\u01b0\u1eddi cho vay c\u00f3 th\u1ec3 y\u00ean t\u00e2m ti\u1ebfn h\u00e0nh giao d\u1ecbch, bi\u1ebft r\u1eb1ng h\u1ecd \u0111\u01b0\u1ee3c b\u1ea3o v\u1ec7 kh\u1ecfi c\u00e1c khi\u1ebfu n\u1ea1i kh\u00f4ng l\u01b0\u1eddng tr\u01b0\u1edbc c\u00f3 th\u1ec3 \u0111e d\u1ecda quy\u1ec1n s\u1edf h\u1eefu ho\u1eb7c kho\u1ea3n \u0111\u1ea7u t\u01b0 c\u1ee7a h\u1ecd.<\/li>\n<\/ul>\n<p>[\/vc_column_text][vc_custom_heading text=&#8221;Cam k\u1ebft c\u1ee7a Ch\u00fang t\u00f4i v\u1ec1 S\u1ef1 Xu\u1ea5t s\u1eafc&#8221; font_container=&#8221;tag:h4|text_align:left|color:%23222222&#8243; use_theme_fonts=&#8221;yes&#8221; css=&#8221;.vc_custom_1746654560434{margin-bottom: 27px !important;}&#8221;][vc_column_text css=&#8221;.vc_custom_1746654593257{margin-bottom: 25px !important;padding-top: 5px !important;padding-right: 10px !important;padding-bottom: 5px !important;padding-left: 10px !important;background-color: #caedfb !important;}&#8221;]T\u1ea1i Fidelity National Title \u2013 Truong Law Firm, PLLC, ch\u00fang t\u00f4i cam k\u1ebft cung c\u1ea5p c\u00e1c d\u1ecbch v\u1ee5 b\u1ea3o hi\u1ec3m quy\u1ec1n s\u1edf h\u1eefu xu\u1ea5t s\u1eafc, \u01b0u ti\u00ean \u0111\u1ed9 ch\u00ednh x\u00e1c, minh b\u1ea1ch, v\u00e0 s\u1ef1 h\u00e0i l\u00f2ng c\u1ee7a kh\u00e1ch h\u00e0ng. \u0110\u1ed9i ng\u0169 gi\u00e0u kinh nghi\u1ec7m c\u1ee7a ch\u00fang t\u00f4i lu\u00f4n t\u1eadn t\u00e2m h\u01b0\u1edbng d\u1eabn b\u1ea1n qua qu\u00e1 tr\u00ecnh b\u1ea3o hi\u1ec3m quy\u1ec1n s\u1edf h\u1eefu, \u0111\u1ea3m b\u1ea3o r\u1eb1ng giao d\u1ecbch b\u1ea5t \u0111\u1ed9ng s\u1ea3n c\u1ee7a b\u1ea1n \u0111\u01b0\u1ee3c an to\u00e0n v\u00e0 kh\u00f4ng ph\u1ea3i lo l\u1eafng.<\/p>\n<p>D\u00f9 b\u1ea1n \u0111ang mua m\u1ed9t ng\u00f4i nh\u00e0 m\u1edbi, t\u00e1i c\u1ea5p v\u1ed1n, hay \u0111\u1ea7u t\u01b0 v\u00e0o b\u1ea5t \u0111\u1ed9ng s\u1ea3n th\u01b0\u01a1ng m\u1ea1i, h\u00e3y tin t\u01b0\u1edfng Fidelity National Title \u2013 Truong Law Firm, PLLC \u0111\u1ec3 cung c\u1ea5p s\u1ef1 b\u1ea3o v\u1ec7 v\u00e0 \u0111\u1ea3m b\u1ea3o m\u00e0 b\u1ea1n c\u1ea7n.[\/vc_column_text][vc_row_inner css=&#8221;.vc_custom_1456219515168{margin-bottom: 27px !important;}&#8221;][vc_column_inner][vc_custom_heading text=&#8221;T\u1ea1i sao Ch\u1ecdn Ch\u00fang t\u00f4i?&#8221; font_container=&#8221;tag:h4|text_align:left|color:%23222222&#8243; use_theme_fonts=&#8221;yes&#8221; css=&#8221;.vc_custom_1746654612859{margin-bottom: 23px !important;}&#8221;][vc_single_image image=&#8221;7219&#8243; img_size=&#8221;full&#8221; css=&#8221;&#8221;][vc_column_text css=&#8221;&#8221;]<em><span style=\"text-decoration: underline;\">Chuy\u00ean m\u00f4n:<\/span><\/em> \u0110\u1ed9i ng\u0169 c\u1ee7a ch\u00fang t\u00f4i chuy\u00ean v\u1ec1 c\u00e1c v\u1ea5n \u0111\u1ec1 di tr\u00fa LGBTQ+, \u0111\u1ea3m b\u1ea3o b\u1ea1n nh\u1eadn \u0111\u01b0\u1ee3c s\u1ef1 h\u1ed7 tr\u1ee3 ki\u1ebfn th\u1ee9c chuy\u00ean s\u00e2u.<br \/>\n<em><span style=\"text-decoration: underline;\">T\u1eadn t\u00e2m:<\/span><\/em> Ch\u00fang t\u00f4i cam k\u1ebft b\u00ecnh \u0111\u1eb3ng v\u00e0 t\u00f4n tr\u1ecdng t\u1ea5t c\u1ea3 c\u00e1c c\u1eb7p \u0111\u00f4i, cung c\u1ea5p d\u1ecbch v\u1ee5 c\u00e1 nh\u00e2n h\u00f3a ph\u00f9 h\u1ee3p v\u1edbi nhu c\u1ea7u c\u1ee7a b\u1ea1n.<br \/>\n<em><span style=\"text-decoration: underline;\">Th\u00e0nh c\u00f4ng:<\/span><\/em> V\u00f4 s\u1ed1 c\u1eb7p \u0111\u00f4i LGBTQ+ \u0111\u00e3 th\u00e0nh c\u00f4ng trong vi\u1ec7c b\u1ea3o l\u00e3nh b\u1ea1n \u0111\u1eddi c\u1ee7a h\u1ecd v\u1edbi s\u1ef1 gi\u00fap \u0111\u1ee1 c\u1ee7a ch\u00fang t\u00f4i.[\/vc_column_text][\/vc_column_inner][\/vc_row_inner][vc_custom_heading text=&#8221;D\u1ecbch V\u1ee5&#8221; font_container=&#8221;tag:h4|text_align:left|color:%23222222&#8243; use_theme_fonts=&#8221;yes&#8221; css=&#8221;.vc_custom_1746654751425{margin-bottom: 27px !important;}&#8221;][vc_row_inner][vc_column_inner width=&#8221;1\/2&#8243;][stm_icon_box hide_title_line=&#8221;hide_title_line&#8221; icon=&#8221;stm-airplane&#8221; style=&#8221;icon_left&#8221; icon_size=&#8221;22&#8243; icon_color=&#8221;custom&#8221; icon_width=&#8221;70&#8243; title=&#8221;T\u01b0 V\u1ea5n&#8221; title_font_size=&#8221;22&#8243; title_line_height=&#8221;46&#8243; icon_color_custom=&#8221;#ffffff&#8221; css=&#8221;.vc_custom_1746654690992{margin-bottom: 24px !important;}&#8221;]B\u1eaft \u0111\u1ea7u v\u1edbi bu\u1ed5i t\u01b0 v\u1ea5n c\u00e1 nh\u00e2n h\u00f3a \u0111\u1ec3 hi\u1ec3u r\u00f5 c\u00e1c l\u1ef1a ch\u1ecdn v\u00e0 y\u00eau c\u1ea7u c\u1ee7a b\u1ea1n.[\/stm_icon_box][\/vc_column_inner][vc_column_inner width=&#8221;1\/2&#8243;][stm_icon_box hide_title_line=&#8221;hide_title_line&#8221; icon=&#8221;fas fa-sort-amount-up&#8221; style=&#8221;icon_left&#8221; icon_size=&#8221;22&#8243; icon_color=&#8221;custom&#8221; icon_width=&#8221;70&#8243; title=&#8221;H\u1ed3 s\u01a1&#8221; title_font_size=&#8221;22&#8243; title_line_height=&#8221;46&#8243; icon_color_custom=&#8221;#ffffff&#8221; css=&#8221;.vc_custom_1746654710164{margin-bottom: 24px !important;}&#8221;]Ch\u00fang t\u00f4i h\u1ed7 tr\u1ee3 thu th\u1eadp v\u00e0 chu\u1ea9n b\u1ecb t\u1ea5t c\u1ea3 c\u00e1c t\u00e0i li\u1ec7u c\u1ea7n thi\u1ebft cho vi\u1ec7c b\u1ea3o l\u00e3nh.[\/stm_icon_box][\/vc_column_inner][\/vc_row_inner][vc_row_inner][vc_column_inner width=&#8221;1\/2&#8243;][stm_icon_box hide_title_line=&#8221;hide_title_line&#8221; icon=&#8221;fas fa-university&#8221; style=&#8221;icon_left&#8221; icon_size=&#8221;22&#8243; icon_color=&#8221;custom&#8221; icon_width=&#8221;70&#8243; title=&#8221;H\u1ed7 Tr\u1ee3 N\u1ed9p \u0110\u01a1n&#8221; title_font_size=&#8221;22&#8243; title_line_height=&#8221;46&#8243; icon_color_custom=&#8221;#ffffff&#8221; css=&#8221;.vc_custom_1746654728786{margin-bottom: 24px !important;}&#8221;]T\u1eeb vi\u1ec7c ho\u00e0n th\u00e0nh m\u1eabu \u0111\u01a1n \u0111\u1ebfn n\u1ed9p h\u1ed3 s\u01a1, ch\u00fang t\u00f4i h\u01b0\u1edbng d\u1eabn b\u1ea1n t\u1eebng b\u01b0\u1edbc.[\/stm_icon_box][\/vc_column_inner][vc_column_inner width=&#8221;1\/2&#8243;][stm_icon_box hide_title_line=&#8221;hide_title_line&#8221; icon=&#8221;fas fa-donate&#8221; style=&#8221;icon_left&#8221; icon_size=&#8221;22&#8243; icon_color=&#8221;custom&#8221; icon_width=&#8221;70&#8243; title=&#8221;T\u01b0 V\u1ea5n Ph\u00e1p L\u00fd&#8221; title_font_size=&#8221;22&#8243; title_line_height=&#8221;46&#8243; icon_color_custom=&#8221;#ffffff&#8221; css=&#8221;.vc_custom_1746654743792{margin-bottom: 24px !important;}&#8221;]\u0110\u1ea3m b\u1ea3o tu\u00e2n th\u1ee7 c\u00e1c lu\u1eadt v\u00e0 quy \u0111\u1ecbnh hi\u1ec7n h\u00e0nh v\u1ec1 nh\u1eadp c\u01b0.[\/stm_icon_box][\/vc_column_inner][\/vc_row_inner][vc_custom_heading text=&#8221;Kh\u00e1ch h\u00e0ng ph\u1ea3n h\u1ed3i&#8221; font_container=&#8221;tag:h4|text_align:left|color:%23222222&#8243; use_theme_fonts=&#8221;yes&#8221; css=&#8221;.vc_custom_1746654759849{margin-bottom: 27px !important;}&#8221;][stm_testimonials count=&#8221;2&#8243; per_row=&#8221;2&#8243; category=&#8221;base&#8221;][\/vc_column][vc_column offset=&#8221;vc_col-lg-3 vc_col-md-3&#8243;][stm_sidebar sidebar=&#8221;7267&#8243;][\/vc_column][\/vc_row][vc_row full_width=&#8221;stretch_row&#8221; css=&#8221;.vc_custom_1459505959648{margin-bottom: -60px !important;}&#8221; el_class=&#8221;third_bg_color&#8221;][vc_column][vc_cta h2=&#8221;C\u1ea7n H\u1ed7 Tr\u1ee3 Ph\u00e1p L\u00fd? H\u00e3y Li\u00ean H\u1ec7 V\u1edbi V\u0103n ph\u00f2ng Lu\u1eadt s\u01b0 Tr\u01b0\u01a1ng ngay h\u00f4m nay.&#8221; h2_font_container=&#8221;tag:h2|font_size:20px|text_align:left|color:%23902926|line_height:24px&#8221; h2_use_theme_fonts=&#8221;yes&#8221; shape=&#8221;square&#8221; style=&#8221;flat&#8221; add_button=&#8221;right&#8221; btn_title=&#8221;Li\u00ean h\u1ec7 ngay&#8221; btn_style=&#8221;flat&#8221; btn_color=&#8221;theme_style_1&#8243; btn_size=&#8221;lg&#8221; btn_align=&#8221;right&#8221; btn_i_align=&#8221;right&#8221; btn_i_icon_fontawesome=&#8221;stm-amsterdam-arrow&#8221; css=&#8221;.vc_custom_1746654778167{margin-bottom: 0px !important;}&#8221; use_custom_fonts_h2=&#8221;true&#8221; btn_add_icon=&#8221;true&#8221; btn_link=&#8221;url:%23||&#8221; el_class=&#8221;third_bg_color&#8221;][\/vc_cta][\/vc_column][\/vc_row]<\/p>\n<\/div>","protected":false},"excerpt":{"rendered":"<p>[vc_row css=&#8221;.vc_custom_1459506798851{margin-bottom: 100px !important;}&#8221;][vc_column offset=&#8221;vc_col-lg-9 vc_col-md-9&#8243;][vc_single_image image=&#8221;7475&#8243; img_size=&#8221;stm-image-1110&#215;550-croped&#8221; css=&#8221;.vc_custom_1737006689399{margin-bottom: 45px !important;}&#8221;][vc_custom_heading text=&#8221;B\u1ea3o Hi\u1ec3m Quy\u1ec1n S\u1edf H\u1eefu Nh\u00e0 \u0110\u1ea5t t\u1ea1i Texas&#8221; use_theme_fonts=&#8221;yes&#8221; css=&#8221;&#8221; subtitle=&#8221;B\u1ea3o V\u1ec7 Kho\u1ea3n \u0110\u1ea7u T\u01b0 B\u1ea5t \u0110\u1ed9ng S\u1ea3n c\u1ee7a B\u1ea1n&#8221;][vc_column_text css=&#8221;.vc_custom_1746654377503{margin-bottom: 25px !important;}&#8221;]T\u1ea1i Fidelity National Title \u2013 Truong Law Firm, PLLC, ch\u00fang t\u00f4i hi\u1ec3u r\u1eb1ng vi\u1ec7c mua b\u1ea5t \u0111\u1ed9ng s\u1ea3n l\u00e0 m\u1ed9t kho\u1ea3n<\/p>\n","protected":false},"author":1,"featured_media":7475,"parent":7626,"menu_order":0,"comment_status":"closed","ping_status":"closed","template":"","meta":{"footnotes":""},"class_list":["post-7662","page","type-page","status-publish","has-post-thumbnail","hentry"],"yoast_head":"<!-- This site is optimized with the Yoast SEO Premium plugin v24.2 (Yoast SEO v24.2) - https:\/\/yoast.com\/wordpress\/plugins\/seo\/ -->\n<title>B\u1ea3o Hi\u1ec3m Nh\u00e0 \u0110\u1ea5t - Truong Law Firm, PLLC<\/title>\n<meta name=\"robots\" content=\"index, follow, max-snippet:-1, max-image-preview:large, max-video-preview:-1\" \/>\n<link rel=\"canonical\" href=\"https:\/\/truonglegal.com\/vi\/dich-vu\/bao-hiem-nha-dat\/\" \/>\n<meta property=\"og:locale\" content=\"vi_VN\" \/>\n<meta property=\"og:type\" content=\"article\" \/>\n<meta property=\"og:title\" content=\"B\u1ea3o Hi\u1ec3m Nh\u00e0 \u0110\u1ea5t\" \/>\n<meta property=\"og:description\" content=\"[vc_row css=&#8221;.vc_custom_1459506798851{margin-bottom: 100px !important;}&#8221;][vc_column offset=&#8221;vc_col-lg-9 vc_col-md-9&#8243;][vc_single_image image=&#8221;7475&#8243; img_size=&#8221;stm-image-1110&#215;550-croped&#8221; css=&#8221;.vc_custom_1737006689399{margin-bottom: 45px !important;}&#8221;][vc_custom_heading text=&#8221;B\u1ea3o Hi\u1ec3m Quy\u1ec1n S\u1edf H\u1eefu Nh\u00e0 \u0110\u1ea5t t\u1ea1i Texas&#8221; use_theme_fonts=&#8221;yes&#8221; css=&#8221;&#8221; subtitle=&#8221;B\u1ea3o V\u1ec7 Kho\u1ea3n \u0110\u1ea7u T\u01b0 B\u1ea5t \u0110\u1ed9ng S\u1ea3n c\u1ee7a B\u1ea1n&#8221;][vc_column_text css=&#8221;.vc_custom_1746654377503{margin-bottom: 25px !important;}&#8221;]T\u1ea1i Fidelity National Title \u2013 Truong Law Firm, PLLC, ch\u00fang t\u00f4i hi\u1ec3u r\u1eb1ng vi\u1ec7c mua b\u1ea5t \u0111\u1ed9ng s\u1ea3n l\u00e0 m\u1ed9t kho\u1ea3n\" \/>\n<meta property=\"og:url\" content=\"https:\/\/truonglegal.com\/vi\/dich-vu\/bao-hiem-nha-dat\/\" \/>\n<meta property=\"og:site_name\" content=\"Truong Law Firm, PLLC\" \/>\n<meta property=\"article:modified_time\" content=\"2025-05-07T23:02:07+00:00\" \/>\n<meta property=\"og:image\" content=\"https:\/\/truonglegal.com\/vi\/wp-content\/uploads\/2016\/01\/title.jpg\" \/>\n\t<meta property=\"og:image:width\" content=\"1110\" \/>\n\t<meta property=\"og:image:height\" content=\"550\" \/>\n\t<meta property=\"og:image:type\" content=\"image\/jpeg\" \/>\n<meta name=\"twitter:card\" content=\"summary_large_image\" \/>\n<meta name=\"twitter:label1\" content=\"\u01af\u1edbc t\u00ednh th\u1eddi gian \u0111\u1ecdc\" \/>\n\t<meta name=\"twitter:data1\" content=\"6 ph\u00fat\" \/>\n<script type=\"application\/ld+json\" class=\"yoast-schema-graph\">{\"@context\":\"https:\/\/schema.org\",\"@graph\":[{\"@type\":\"WebPage\",\"@id\":\"https:\/\/truonglegal.com\/vi\/dich-vu\/bao-hiem-nha-dat\/\",\"url\":\"https:\/\/truonglegal.com\/vi\/dich-vu\/bao-hiem-nha-dat\/\",\"name\":\"B\u1ea3o Hi\u1ec3m Nh\u00e0 \u0110\u1ea5t - Truong Law Firm, PLLC\",\"isPartOf\":{\"@id\":\"https:\/\/truonglegal.com\/vi\/#website\"},\"primaryImageOfPage\":{\"@id\":\"https:\/\/truonglegal.com\/vi\/dich-vu\/bao-hiem-nha-dat\/#primaryimage\"},\"image\":{\"@id\":\"https:\/\/truonglegal.com\/vi\/dich-vu\/bao-hiem-nha-dat\/#primaryimage\"},\"thumbnailUrl\":\"https:\/\/truonglegal.com\/vi\/wp-content\/uploads\/2016\/01\/title.jpg\",\"datePublished\":\"2025-01-23T07:32:22+00:00\",\"dateModified\":\"2025-05-07T23:02:07+00:00\",\"breadcrumb\":{\"@id\":\"https:\/\/truonglegal.com\/vi\/dich-vu\/bao-hiem-nha-dat\/#breadcrumb\"},\"inLanguage\":\"vi\",\"potentialAction\":[{\"@type\":\"ReadAction\",\"target\":[\"https:\/\/truonglegal.com\/vi\/dich-vu\/bao-hiem-nha-dat\/\"]}]},{\"@type\":\"ImageObject\",\"inLanguage\":\"vi\",\"@id\":\"https:\/\/truonglegal.com\/vi\/dich-vu\/bao-hiem-nha-dat\/#primaryimage\",\"url\":\"https:\/\/truonglegal.com\/vi\/wp-content\/uploads\/2016\/01\/title.jpg\",\"contentUrl\":\"https:\/\/truonglegal.com\/vi\/wp-content\/uploads\/2016\/01\/title.jpg\",\"width\":1110,\"height\":550},{\"@type\":\"BreadcrumbList\",\"@id\":\"https:\/\/truonglegal.com\/vi\/dich-vu\/bao-hiem-nha-dat\/#breadcrumb\",\"itemListElement\":[{\"@type\":\"ListItem\",\"position\":1,\"name\":\"Home\",\"item\":\"https:\/\/truonglegal.com\/vi\/\"},{\"@type\":\"ListItem\",\"position\":2,\"name\":\"D\u1ecbch v\u1ee5\",\"item\":\"https:\/\/truonglegal.com\/vi\/dich-vu\/\"},{\"@type\":\"ListItem\",\"position\":3,\"name\":\"B\u1ea3o Hi\u1ec3m Nh\u00e0 \u0110\u1ea5t\"}]},{\"@type\":\"WebSite\",\"@id\":\"https:\/\/truonglegal.com\/vi\/#website\",\"url\":\"https:\/\/truonglegal.com\/vi\/\",\"name\":\"Truong Law Firm, PLLC\",\"description\":\"\",\"potentialAction\":[{\"@type\":\"SearchAction\",\"target\":{\"@type\":\"EntryPoint\",\"urlTemplate\":\"https:\/\/truonglegal.com\/vi\/?s={search_term_string}\"},\"query-input\":{\"@type\":\"PropertyValueSpecification\",\"valueRequired\":true,\"valueName\":\"search_term_string\"}}],\"inLanguage\":\"vi\"}]}<\/script>\n<!-- \/ Yoast SEO Premium plugin. -->","yoast_head_json":{"title":"B\u1ea3o Hi\u1ec3m Nh\u00e0 \u0110\u1ea5t - Truong Law Firm, PLLC","robots":{"index":"index","follow":"follow","max-snippet":"max-snippet:-1","max-image-preview":"max-image-preview:large","max-video-preview":"max-video-preview:-1"},"canonical":"https:\/\/truonglegal.com\/vi\/dich-vu\/bao-hiem-nha-dat\/","og_locale":"vi_VN","og_type":"article","og_title":"B\u1ea3o Hi\u1ec3m Nh\u00e0 \u0110\u1ea5t","og_description":"[vc_row css=&#8221;.vc_custom_1459506798851{margin-bottom: 100px !important;}&#8221;][vc_column offset=&#8221;vc_col-lg-9 vc_col-md-9&#8243;][vc_single_image image=&#8221;7475&#8243; img_size=&#8221;stm-image-1110&#215;550-croped&#8221; css=&#8221;.vc_custom_1737006689399{margin-bottom: 45px !important;}&#8221;][vc_custom_heading text=&#8221;B\u1ea3o Hi\u1ec3m Quy\u1ec1n S\u1edf H\u1eefu Nh\u00e0 \u0110\u1ea5t t\u1ea1i Texas&#8221; use_theme_fonts=&#8221;yes&#8221; css=&#8221;&#8221; subtitle=&#8221;B\u1ea3o V\u1ec7 Kho\u1ea3n \u0110\u1ea7u T\u01b0 B\u1ea5t \u0110\u1ed9ng S\u1ea3n c\u1ee7a B\u1ea1n&#8221;][vc_column_text css=&#8221;.vc_custom_1746654377503{margin-bottom: 25px !important;}&#8221;]T\u1ea1i Fidelity National Title \u2013 Truong Law Firm, PLLC, ch\u00fang t\u00f4i hi\u1ec3u r\u1eb1ng vi\u1ec7c mua b\u1ea5t \u0111\u1ed9ng s\u1ea3n l\u00e0 m\u1ed9t kho\u1ea3n","og_url":"https:\/\/truonglegal.com\/vi\/dich-vu\/bao-hiem-nha-dat\/","og_site_name":"Truong Law Firm, PLLC","article_modified_time":"2025-05-07T23:02:07+00:00","og_image":[{"width":1110,"height":550,"url":"https:\/\/truonglegal.com\/vi\/wp-content\/uploads\/2016\/01\/title.jpg","type":"image\/jpeg"}],"twitter_card":"summary_large_image","twitter_misc":{"\u01af\u1edbc t\u00ednh th\u1eddi gian \u0111\u1ecdc":"6 ph\u00fat"},"schema":{"@context":"https:\/\/schema.org","@graph":[{"@type":"WebPage","@id":"https:\/\/truonglegal.com\/vi\/dich-vu\/bao-hiem-nha-dat\/","url":"https:\/\/truonglegal.com\/vi\/dich-vu\/bao-hiem-nha-dat\/","name":"B\u1ea3o Hi\u1ec3m Nh\u00e0 \u0110\u1ea5t - Truong Law Firm, PLLC","isPartOf":{"@id":"https:\/\/truonglegal.com\/vi\/#website"},"primaryImageOfPage":{"@id":"https:\/\/truonglegal.com\/vi\/dich-vu\/bao-hiem-nha-dat\/#primaryimage"},"image":{"@id":"https:\/\/truonglegal.com\/vi\/dich-vu\/bao-hiem-nha-dat\/#primaryimage"},"thumbnailUrl":"https:\/\/truonglegal.com\/vi\/wp-content\/uploads\/2016\/01\/title.jpg","datePublished":"2025-01-23T07:32:22+00:00","dateModified":"2025-05-07T23:02:07+00:00","breadcrumb":{"@id":"https:\/\/truonglegal.com\/vi\/dich-vu\/bao-hiem-nha-dat\/#breadcrumb"},"inLanguage":"vi","potentialAction":[{"@type":"ReadAction","target":["https:\/\/truonglegal.com\/vi\/dich-vu\/bao-hiem-nha-dat\/"]}]},{"@type":"ImageObject","inLanguage":"vi","@id":"https:\/\/truonglegal.com\/vi\/dich-vu\/bao-hiem-nha-dat\/#primaryimage","url":"https:\/\/truonglegal.com\/vi\/wp-content\/uploads\/2016\/01\/title.jpg","contentUrl":"https:\/\/truonglegal.com\/vi\/wp-content\/uploads\/2016\/01\/title.jpg","width":1110,"height":550},{"@type":"BreadcrumbList","@id":"https:\/\/truonglegal.com\/vi\/dich-vu\/bao-hiem-nha-dat\/#breadcrumb","itemListElement":[{"@type":"ListItem","position":1,"name":"Home","item":"https:\/\/truonglegal.com\/vi\/"},{"@type":"ListItem","position":2,"name":"D\u1ecbch v\u1ee5","item":"https:\/\/truonglegal.com\/vi\/dich-vu\/"},{"@type":"ListItem","position":3,"name":"B\u1ea3o Hi\u1ec3m Nh\u00e0 \u0110\u1ea5t"}]},{"@type":"WebSite","@id":"https:\/\/truonglegal.com\/vi\/#website","url":"https:\/\/truonglegal.com\/vi\/","name":"Truong Law Firm, PLLC","description":"","potentialAction":[{"@type":"SearchAction","target":{"@type":"EntryPoint","urlTemplate":"https:\/\/truonglegal.com\/vi\/?s={search_term_string}"},"query-input":{"@type":"PropertyValueSpecification","valueRequired":true,"valueName":"search_term_string"}}],"inLanguage":"vi"}]}},"_links":{"self":[{"href":"https:\/\/truonglegal.com\/vi\/wp-json\/wp\/v2\/pages\/7662","targetHints":{"allow":["GET"]}}],"collection":[{"href":"https:\/\/truonglegal.com\/vi\/wp-json\/wp\/v2\/pages"}],"about":[{"href":"https:\/\/truonglegal.com\/vi\/wp-json\/wp\/v2\/types\/page"}],"author":[{"embeddable":true,"href":"https:\/\/truonglegal.com\/vi\/wp-json\/wp\/v2\/users\/1"}],"replies":[{"embeddable":true,"href":"https:\/\/truonglegal.com\/vi\/wp-json\/wp\/v2\/comments?post=7662"}],"version-history":[{"count":0,"href":"https:\/\/truonglegal.com\/vi\/wp-json\/wp\/v2\/pages\/7662\/revisions"}],"up":[{"embeddable":true,"href":"https:\/\/truonglegal.com\/vi\/wp-json\/wp\/v2\/pages\/7626"}],"wp:featuredmedia":[{"embeddable":true,"href":"https:\/\/truonglegal.com\/vi\/wp-json\/wp\/v2\/media\/7475"}],"wp:attachment":[{"href":"https:\/\/truonglegal.com\/vi\/wp-json\/wp\/v2\/media?parent=7662"}],"curies":[{"name":"wp","href":"https:\/\/api.w.org\/{rel}","templated":true}]}}