{"id":7758,"date":"2025-02-07T10:17:55","date_gmt":"2025-02-07T03:17:55","guid":{"rendered":"https:\/\/truonglegal.com\/vi\/?page_id=7758"},"modified":"2025-10-06T12:09:01","modified_gmt":"2025-10-06T05:09:01","slug":"nha-sang-lap","status":"publish","type":"page","link":"https:\/\/truonglegal.com\/vi\/nha-sang-lap\/","title":{"rendered":"Nh\u00e0 S\u00e1ng L\u1eadp"},"content":{"rendered":"<div class=\"wpb-content-wrapper\"><p>[vc_row css=&#8221;.vc_custom_1459506656739{margin-bottom: 100px !important;}&#8221;][vc_column offset=&#8221;vc_col-lg-9 vc_col-md-9&#8243;][vc_custom_heading text=&#8221;John Q. Truong&#8221; use_theme_fonts=&#8221;yes&#8221; css=&#8221;&#8221; subtitle=&#8221;Founder &amp; CEO&#8221;][vc_row_inner css=&#8221;.vc_custom_1453120532096{margin-bottom: 37px !important;}&#8221;][vc_column_inner width=&#8221;2\/3&#8243; offset=&#8221;vc_col-lg-6 vc_col-md-6&#8243;][vc_single_image image=&#8221;9078&#8243; img_size=&#8221;642&#215;659&#8243; css=&#8221;.vc_custom_1759727335043{padding-right: 25px !important;}&#8221;][\/vc_column_inner][vc_column_inner width=&#8221;1\/3&#8243; offset=&#8221;vc_col-lg-6 vc_col-md-6&#8243;][stm_spacing lg_spacing=&#8221;0&#8243; md_spacing=&#8221;0&#8243; sm_spacing=&#8221;0&#8243; xs_spacing=&#8221;30&#8243;][vc_custom_heading text=&#8221;L\u0129nh v\u1ef1c chuy\u00ean m\u00f4n:&#8221; font_container=&#8221;tag:h6|text_align:left|color:%23222222&#8243; use_theme_fonts=&#8221;yes&#8221; css=&#8221;.vc_custom_1746680822074{margin-bottom: 18px !important;}&#8221; el_class=&#8221;no_stripe remove_padding&#8221;][vc_column_text css=&#8221;&#8221;]<\/p>\n<ul class=\"small_margin\" style=\"font-size: 13px; line-height: 18px;\">\n<li>Family-based petitions<\/li>\n<li>Investor visas (e.g., E-2, L-1, EB-5)<\/li>\n<li>Green cards and naturalization<\/li>\n<li>601 waivers<\/li>\n<li>Legal strategies for international investors and business expansion<\/li>\n<li>Real Estate &amp; Title Services<\/li>\n<li>Fee Attorney at Fidelity National Title<\/li>\n<li>Managed numerous residential and commercial closings<\/li>\n<li>Expertise in guiding clients through the entire closing process<\/li>\n<\/ul>\n<p>[\/vc_column_text][\/vc_column_inner][\/vc_row_inner][vc_column_text css=&#8221;.vc_custom_1746680785821{margin-bottom: 25px !important;}&#8221;]T\u00f4i c\u00f3 b\u1eb1ng C\u1eed nh\u00e2n Lu\u1eadt (Juris Doctor) t\u1eeb Tr\u01b0\u1eddng Lu\u1eadt Thurgood Marshall v\u00e0 c\u00f3 h\u01a1n 10 n\u0103m kinh nghi\u1ec7m trong l\u0129nh v\u1ef1c lu\u1eadt di tr\u00fa v\u00e0 lu\u1eadt b\u1ea5t \u0111\u1ed9ng s\u1ea3n Hoa K\u1ef3. T\u00f4i \u0111\u01b0\u1ee3c c\u1ea5p ph\u00e9p h\u00e0nh ngh\u1ec1 lu\u1eadt t\u1ea1i bang Texas v\u00e0 t\u1ef1 h\u00e0o \u0111\u1ea1i di\u1ec7n cho kh\u00e1ch h\u00e0ng tr\u00ean kh\u1eafp Hoa K\u1ef3 v\u00e0 to\u00e0n c\u1ea7u.<\/p>\n<p>V\u1edbi vai tr\u00f2 l\u00e0 Lu\u1eadt s\u01b0 \u0110i\u1ec1u h\u00e0nh t\u1ea1i C\u00f4ng ty Lu\u1eadt Truong, PLLC, t\u00f4i t\u1eadn t\u00e2m cung c\u1ea5p c\u00e1c gi\u1ea3i ph\u00e1p ph\u00e1p l\u00fd mang t\u00ednh chi\u1ebfn l\u01b0\u1ee3c v\u00e0 hi\u1ec7u qu\u1ea3 v\u1ec1 chi ph\u00ed, gi\u00fap kh\u00e1ch h\u00e0ng v\u00e0 c\u00e1c nh\u00e0 \u0111\u1ea7u t\u01b0 qu\u1ed1c t\u1ebf \u0111\u1ea1t \u0111\u01b0\u1ee3c m\u1ee5c ti\u00eau c\u1ee7a h\u1ecd m\u1ed9t c\u00e1ch hi\u1ec7u qu\u1ea3.<\/p>\n<p>T\u00f4i h\u1ee3p t\u00e1c ch\u1eb7t ch\u1ebd v\u1edbi c\u00e1c nh\u00e0 \u0111\u1ea7u t\u01b0 qu\u1ed1c t\u1ebf, doanh nh\u00e2n v\u00e0 kh\u00e1ch h\u00e0ng doanh nghi\u1ec7p \u0111\u1ec3 gi\u1ea3i quy\u1ebft c\u00e1c y\u00eau c\u1ea7u v\u1ec1 th\u1ecb th\u1ef1c, m\u1edf r\u1ed9ng kinh doanh v\u00e0 c\u00e1c chi\u1ebfn l\u01b0\u1ee3c \u0111\u1ea7u t\u01b0 ph\u00f9 h\u1ee3p v\u1edbi lu\u1eadt di tr\u00fa Hoa K\u1ef3. Cho d\u00f9 b\u1ea1n l\u00e0 c\u00e1 nh\u00e2n \u0111ang t\u00ecm ki\u1ebfm th\u01b0\u1eddng tr\u00fa nh\u00e2n hay m\u1ed9t doanh nghi\u1ec7p \u0111ang mu\u1ed1n m\u1edf r\u1ed9ng t\u1ea1i Hoa K\u1ef3, t\u00f4i cam k\u1ebft cung c\u1ea5p h\u01b0\u1edbng d\u1eabn r\u00f5 r\u00e0ng v\u00e0 c\u00e1c gi\u1ea3i ph\u00e1p ph\u00f9 h\u1ee3p.<\/p>\n<p>Ngo\u00e0i vi\u1ec7c l\u00e3nh \u0111\u1ea1o C\u00f4ng ty Lu\u1eadt Truong, PLLC, t\u00f4i c\u00f2n l\u00e0 Lu\u1eadt s\u01b0 Ph\u00ed (Fee Attorney) t\u1ea1i Fidelity National Title, n\u01a1i t\u00f4i \u0111\u00e3 qu\u1ea3n l\u00fd th\u00e0nh c\u00f4ng nhi\u1ec1u giao d\u1ecbch mua b\u00e1n nh\u00e0 \u1edf v\u00e0 th\u01b0\u01a1ng m\u1ea1i trong su\u1ed1t s\u1ef1 nghi\u1ec7p c\u1ee7a m\u00ecnh. T\u00f4i h\u01b0\u1edbng d\u1eabn kh\u00e1ch h\u00e0ng qua t\u1eebng giai \u0111o\u1ea1n c\u1ee7a quy tr\u00ecnh ho\u00e0n t\u1ea5t giao d\u1ecbch, \u0111\u1ea3m b\u1ea3o c\u00e1c giao d\u1ecbch \u0111\u01b0\u1ee3c x\u1eed l\u00fd m\u1ed9t c\u00e1ch ch\u00ednh x\u00e1c, k\u1ecbp th\u1eddi v\u00e0 chuy\u00ean nghi\u1ec7p. B\u1eb1ng c\u00e1ch h\u1ee3p t\u00e1c ch\u1eb7t ch\u1ebd v\u1edbi ng\u01b0\u1eddi mua, ng\u01b0\u1eddi b\u00e1n, \u0111\u1ea1i l\u00fd b\u1ea5t \u0111\u1ed9ng s\u1ea3n v\u00e0 ng\u01b0\u1eddi cho vay, t\u00f4i \u0111\u1ea3m b\u1ea3o m\u1ecdi giao d\u1ecbch di\u1ec5n ra su\u00f4n s\u1ebb.<\/p>\n<p>Kinh nghi\u1ec7m tr\u01b0\u1edbc \u0111\u00e2y c\u1ee7a t\u00f4i bao g\u1ed3m l\u00e0m vi\u1ec7c t\u1ea1i Ernst &amp; Young, m\u1ed9t trong nh\u1eefng c\u00f4ng ty ki\u1ec3m to\u00e1n chuy\u00ean nghi\u1ec7p h\u00e0ng \u0111\u1ea7u th\u1ebf gi\u1edbi, n\u01a1i t\u00f4i h\u1ed7 tr\u1ee3 b\u00e1o c\u00e1o t\u00e0i ch\u00ednh cho c\u00e1c t\u1eadp \u0111o\u00e0n \u0111a qu\u1ed1c gia ni\u00eam y\u1ebft c\u00f4ng khai. T\u00f4i c\u0169ng t\u1ef1 h\u00e0o ph\u1ee5c v\u1ee5 trong Qu\u00e2n \u0111\u1ed9i Hoa K\u1ef3, n\u01a1i t\u00f4i vinh d\u1ef1 nh\u1eadn \u0111\u01b0\u1ee3c Huy ch\u01b0\u01a1ng Th\u00e0nh t\u00edch Qu\u00e2n \u0111\u1ed9i (Army Achievement Medal) v\u00ec s\u1ef1 t\u1eadn t\u00e2m v\u00e0 ph\u1ee5c v\u1ee5 c\u1ee7a m\u00ecnh.<\/p>\n<p>Ngo\u00e0i c\u00e1c vai tr\u00f2 chuy\u00ean m\u00f4n, t\u00f4i c\u00f2n h\u1ebft l\u00f2ng c\u1ed1ng hi\u1ebfn cho c\u1ed9ng \u0111\u1ed3ng. T\u00f4i t\u00edch c\u1ef1c tham gia v\u00e0o c\u00e1c ho\u1ea1t \u0111\u1ed9ng ph\u00e1p l\u00fd t\u00ecnh nguy\u1ec7n (pro bono), cung c\u1ea5p h\u1ed7 tr\u1ee3 cho nh\u1eefng c\u00e1 nh\u00e2n c\u00f3 ho\u00e0n c\u1ea3nh kh\u00f3 kh\u0103n th\u00f4ng qua c\u00e1c trung t\u00e2m x\u00e3 h\u1ed9i \u1edf Texas. C\u00f4ng vi\u1ec7c n\u00e0y ph\u1ea3n \u00e1nh ni\u1ec1m tin c\u1ee7a t\u00f4i r\u1eb1ng m\u1ecdi ng\u01b0\u1eddi \u0111\u1ec1u x\u1ee9ng \u0111\u00e1ng \u0111\u01b0\u1ee3c ti\u1ebfp c\u1eadn v\u1edbi s\u1ef1 h\u1ed7 tr\u1ee3 ph\u00e1p l\u00fd ch\u1ea5t l\u01b0\u1ee3ng, b\u1ea5t k\u1ec3 ho\u00e0n c\u1ea3nh c\u1ee7a h\u1ecd.<\/p>\n<p>N\u1ebfu b\u1ea1n c\u1ea7n h\u01b0\u1edbng d\u1eabn v\u1ec1 lu\u1eadt di tr\u00fa Hoa K\u1ef3, c\u00e1c giao d\u1ecbch b\u1ea5t \u0111\u1ed9ng s\u1ea3n ho\u1eb7c d\u1ecbch v\u1ee5 ho\u00e0n t\u1ea5t giao d\u1ecbch, vui l\u00f2ng li\u00ean h\u1ec7 v\u1edbi C\u00f4ng ty Lu\u1eadt Truong, PLLC \u0111\u1ec3 \u0111\u01b0\u1ee3c t\u01b0 v\u1ea5n. \u0110\u1ed9i ng\u0169 c\u1ee7a t\u00f4i v\u00e0 t\u00f4i t\u1eadn t\u00e2m cung c\u1ea5p s\u1ef1 h\u1ed7 tr\u1ee3 c\u00e1 nh\u00e2n h\u00f3a v\u00e0 c\u00e1c gi\u1ea3i ph\u00e1p ph\u00e1p l\u00fd hi\u1ec7u qu\u1ea3 ph\u00f9 h\u1ee3p v\u1edbi nhu c\u1ea7u c\u1ee7a b\u1ea1n.<\/p>\n<p>C\u1ea3m \u01a1n b\u1ea1n \u0111\u00e3 tin t\u01b0\u1edfng C\u00f4ng ty Lu\u1eadt Truong, PLLC l\u00e0 \u0111\u1ed1i t\u00e1c ph\u00e1p l\u00fd \u0111\u00e1ng tin c\u1eady c\u1ee7a b\u1ea1n. Ch\u00fang t\u00f4i mong mu\u1ed1n \u0111\u01b0\u1ee3c h\u1ee3p t\u00e1c v\u1edbi b\u1ea1n v\u00e0 gi\u00fap b\u1ea1n \u0111\u1ea1t \u0111\u01b0\u1ee3c m\u1ee5c ti\u00eau c\u1ee7a m\u00ecnh.<\/p>\n<p style=\"text-align: right;\">Tr\u00e2n tr\u1ecdng,<\/p>\n<p style=\"text-align: right;\"><strong>John Q. Truong <\/strong><br \/>\n<em>Ng\u01b0\u1eddi s\u00e1ng l\u1eadp v\u00e0 Lu\u1eadt s\u01b0 \u0110i\u1ec1u h\u00e0nh<br \/>\nTruong Law Firm, PLLC<\/em>[\/vc_column_text][\/vc_column][vc_column offset=&#8221;vc_col-lg-3 vc_col-md-3&#8243;][stm_sidebar sidebar=&#8221;311&#8243;][\/vc_column][\/vc_row][vc_row full_width=&#8221;stretch_row&#8221; css=&#8221;.vc_custom_1459505959648{margin-bottom: -60px !important;}&#8221; el_class=&#8221;third_bg_color&#8221;][vc_column][vc_cta h2=&#8221;C\u1ea7n H\u1ed7 Tr\u1ee3 Ph\u00e1p L\u00fd? Li\u00ean H\u1ec7 V\u1edbi V\u0103n Ph\u00f2ng Lu\u1eadt S\u01b0 Tr\u01b0\u01a1ng Ngay H\u00f4m Nay.&#8221; h2_font_container=&#8221;tag:h2|font_size:20px|text_align:left|color:%23902926|line_height:24px&#8221; h2_use_theme_fonts=&#8221;yes&#8221; shape=&#8221;square&#8221; style=&#8221;flat&#8221; add_button=&#8221;right&#8221; btn_title=&#8221;Li\u00ean h\u1ec7 ngay&#8221; btn_style=&#8221;flat&#8221; btn_color=&#8221;theme_style_1&#8243; btn_size=&#8221;lg&#8221; btn_align=&#8221;right&#8221; btn_i_align=&#8221;right&#8221; btn_i_icon_fontawesome=&#8221;stm-amsterdam-arrow&#8221; css=&#8221;.vc_custom_1746531462293{margin-bottom: 0px !important;}&#8221; use_custom_fonts_h2=&#8221;true&#8221; btn_add_icon=&#8221;true&#8221; btn_link=&#8221;url:https%3A%2F%2Ftruonglegal.com%2Fvi%2Fcontact%2F|title:Founder&#8221; el_class=&#8221;third_bg_color&#8221;][\/vc_cta][\/vc_column][\/vc_row]<\/p>\n<\/div>","protected":false},"excerpt":{"rendered":"<p>[vc_row css=&#8221;.vc_custom_1459506656739{margin-bottom: 100px !important;}&#8221;][vc_column offset=&#8221;vc_col-lg-9 vc_col-md-9&#8243;][vc_custom_heading text=&#8221;John Q. Truong&#8221; use_theme_fonts=&#8221;yes&#8221; css=&#8221;&#8221; subtitle=&#8221;Founder &amp; CEO&#8221;][vc_row_inner css=&#8221;.vc_custom_1453120532096{margin-bottom: 37px !important;}&#8221;][vc_column_inner width=&#8221;2\/3&#8243; offset=&#8221;vc_col-lg-6 vc_col-md-6&#8243;][vc_single_image image=&#8221;9078&#8243; img_size=&#8221;642&#215;659&#8243; css=&#8221;.vc_custom_1759727335043{padding-right: 25px !important;}&#8221;][\/vc_column_inner][vc_column_inner width=&#8221;1\/3&#8243; offset=&#8221;vc_col-lg-6 vc_col-md-6&#8243;][stm_spacing lg_spacing=&#8221;0&#8243; md_spacing=&#8221;0&#8243; sm_spacing=&#8221;0&#8243; xs_spacing=&#8221;30&#8243;][vc_custom_heading text=&#8221;L\u0129nh v\u1ef1c chuy\u00ean m\u00f4n:&#8221; font_container=&#8221;tag:h6|text_align:left|color:%23222222&#8243; use_theme_fonts=&#8221;yes&#8221; css=&#8221;.vc_custom_1746680822074{margin-bottom: 18px !important;}&#8221; el_class=&#8221;no_stripe remove_padding&#8221;][vc_column_text css=&#8221;&#8221;] Family-based petitions Investor visas (e.g., E-2, L-1, EB-5) Green cards and<\/p>\n","protected":false},"author":1,"featured_media":7213,"parent":0,"menu_order":0,"comment_status":"closed","ping_status":"closed","template":"","meta":{"footnotes":""},"class_list":["post-7758","page","type-page","status-publish","has-post-thumbnail","hentry"],"yoast_head":"<!-- This site is optimized with the Yoast SEO Premium plugin v24.2 (Yoast SEO v24.2) - https:\/\/yoast.com\/wordpress\/plugins\/seo\/ -->\n<title>Nh\u00e0 S\u00e1ng L\u1eadp - Truong Law Firm, PLLC<\/title>\n<meta name=\"robots\" content=\"index, follow, max-snippet:-1, max-image-preview:large, max-video-preview:-1\" \/>\n<link rel=\"canonical\" href=\"https:\/\/truonglegal.com\/vi\/nha-sang-lap\/\" \/>\n<meta property=\"og:locale\" content=\"vi_VN\" \/>\n<meta property=\"og:type\" content=\"article\" \/>\n<meta property=\"og:title\" content=\"Nh\u00e0 S\u00e1ng L\u1eadp\" \/>\n<meta property=\"og:description\" content=\"[vc_row css=&#8221;.vc_custom_1459506656739{margin-bottom: 100px !important;}&#8221;][vc_column offset=&#8221;vc_col-lg-9 vc_col-md-9&#8243;][vc_custom_heading text=&#8221;John Q. Truong&#8221; use_theme_fonts=&#8221;yes&#8221; css=&#8221;&#8221; subtitle=&#8221;Founder &amp; CEO&#8221;][vc_row_inner css=&#8221;.vc_custom_1453120532096{margin-bottom: 37px !important;}&#8221;][vc_column_inner width=&#8221;2\/3&#8243; offset=&#8221;vc_col-lg-6 vc_col-md-6&#8243;][vc_single_image image=&#8221;9078&#8243; img_size=&#8221;642&#215;659&#8243; css=&#8221;.vc_custom_1759727335043{padding-right: 25px !important;}&#8221;][\/vc_column_inner][vc_column_inner width=&#8221;1\/3&#8243; offset=&#8221;vc_col-lg-6 vc_col-md-6&#8243;][stm_spacing lg_spacing=&#8221;0&#8243; md_spacing=&#8221;0&#8243; sm_spacing=&#8221;0&#8243; xs_spacing=&#8221;30&#8243;][vc_custom_heading text=&#8221;L\u0129nh v\u1ef1c chuy\u00ean m\u00f4n:&#8221; font_container=&#8221;tag:h6|text_align:left|color:%23222222&#8243; use_theme_fonts=&#8221;yes&#8221; css=&#8221;.vc_custom_1746680822074{margin-bottom: 18px !important;}&#8221; el_class=&#8221;no_stripe remove_padding&#8221;][vc_column_text css=&#8221;&#8221;] Family-based petitions Investor visas (e.g., E-2, L-1, EB-5) Green cards and\" \/>\n<meta property=\"og:url\" content=\"https:\/\/truonglegal.com\/vi\/nha-sang-lap\/\" \/>\n<meta property=\"og:site_name\" content=\"Truong Law Firm, PLLC\" \/>\n<meta property=\"article:modified_time\" content=\"2025-10-06T05:09:01+00:00\" \/>\n<meta property=\"og:image\" content=\"https:\/\/truonglegal.com\/vi\/wp-content\/uploads\/2025\/01\/Avatar_profile-04.jpg\" \/>\n\t<meta property=\"og:image:width\" content=\"480\" \/>\n\t<meta property=\"og:image:height\" content=\"480\" \/>\n\t<meta property=\"og:image:type\" content=\"image\/jpeg\" \/>\n<meta name=\"twitter:card\" content=\"summary_large_image\" \/>\n<meta name=\"twitter:label1\" content=\"\u01af\u1edbc t\u00ednh th\u1eddi gian \u0111\u1ecdc\" \/>\n\t<meta name=\"twitter:data1\" content=\"3 ph\u00fat\" \/>\n<script type=\"application\/ld+json\" class=\"yoast-schema-graph\">{\"@context\":\"https:\/\/schema.org\",\"@graph\":[{\"@type\":\"WebPage\",\"@id\":\"https:\/\/truonglegal.com\/vi\/nha-sang-lap\/\",\"url\":\"https:\/\/truonglegal.com\/vi\/nha-sang-lap\/\",\"name\":\"Nh\u00e0 S\u00e1ng L\u1eadp - Truong Law Firm, PLLC\",\"isPartOf\":{\"@id\":\"https:\/\/truonglegal.com\/vi\/#website\"},\"primaryImageOfPage\":{\"@id\":\"https:\/\/truonglegal.com\/vi\/nha-sang-lap\/#primaryimage\"},\"image\":{\"@id\":\"https:\/\/truonglegal.com\/vi\/nha-sang-lap\/#primaryimage\"},\"thumbnailUrl\":\"https:\/\/truonglegal.com\/vi\/wp-content\/uploads\/2025\/01\/Avatar_profile-04.jpg\",\"datePublished\":\"2025-02-07T03:17:55+00:00\",\"dateModified\":\"2025-10-06T05:09:01+00:00\",\"breadcrumb\":{\"@id\":\"https:\/\/truonglegal.com\/vi\/nha-sang-lap\/#breadcrumb\"},\"inLanguage\":\"vi\",\"potentialAction\":[{\"@type\":\"ReadAction\",\"target\":[\"https:\/\/truonglegal.com\/vi\/nha-sang-lap\/\"]}]},{\"@type\":\"ImageObject\",\"inLanguage\":\"vi\",\"@id\":\"https:\/\/truonglegal.com\/vi\/nha-sang-lap\/#primaryimage\",\"url\":\"https:\/\/truonglegal.com\/vi\/wp-content\/uploads\/2025\/01\/Avatar_profile-04.jpg\",\"contentUrl\":\"https:\/\/truonglegal.com\/vi\/wp-content\/uploads\/2025\/01\/Avatar_profile-04.jpg\",\"width\":480,\"height\":480},{\"@type\":\"BreadcrumbList\",\"@id\":\"https:\/\/truonglegal.com\/vi\/nha-sang-lap\/#breadcrumb\",\"itemListElement\":[{\"@type\":\"ListItem\",\"position\":1,\"name\":\"Home\",\"item\":\"https:\/\/truonglegal.com\/vi\/\"},{\"@type\":\"ListItem\",\"position\":2,\"name\":\"Nh\u00e0 S\u00e1ng L\u1eadp\"}]},{\"@type\":\"WebSite\",\"@id\":\"https:\/\/truonglegal.com\/vi\/#website\",\"url\":\"https:\/\/truonglegal.com\/vi\/\",\"name\":\"Truong Law Firm, PLLC\",\"description\":\"\",\"potentialAction\":[{\"@type\":\"SearchAction\",\"target\":{\"@type\":\"EntryPoint\",\"urlTemplate\":\"https:\/\/truonglegal.com\/vi\/?s={search_term_string}\"},\"query-input\":{\"@type\":\"PropertyValueSpecification\",\"valueRequired\":true,\"valueName\":\"search_term_string\"}}],\"inLanguage\":\"vi\"}]}<\/script>\n<!-- \/ Yoast SEO Premium plugin. -->","yoast_head_json":{"title":"Nh\u00e0 S\u00e1ng L\u1eadp - Truong Law Firm, PLLC","robots":{"index":"index","follow":"follow","max-snippet":"max-snippet:-1","max-image-preview":"max-image-preview:large","max-video-preview":"max-video-preview:-1"},"canonical":"https:\/\/truonglegal.com\/vi\/nha-sang-lap\/","og_locale":"vi_VN","og_type":"article","og_title":"Nh\u00e0 S\u00e1ng L\u1eadp","og_description":"[vc_row css=&#8221;.vc_custom_1459506656739{margin-bottom: 100px !important;}&#8221;][vc_column offset=&#8221;vc_col-lg-9 vc_col-md-9&#8243;][vc_custom_heading text=&#8221;John Q. Truong&#8221; use_theme_fonts=&#8221;yes&#8221; css=&#8221;&#8221; subtitle=&#8221;Founder &amp; CEO&#8221;][vc_row_inner css=&#8221;.vc_custom_1453120532096{margin-bottom: 37px !important;}&#8221;][vc_column_inner width=&#8221;2\/3&#8243; offset=&#8221;vc_col-lg-6 vc_col-md-6&#8243;][vc_single_image image=&#8221;9078&#8243; img_size=&#8221;642&#215;659&#8243; css=&#8221;.vc_custom_1759727335043{padding-right: 25px !important;}&#8221;][\/vc_column_inner][vc_column_inner width=&#8221;1\/3&#8243; offset=&#8221;vc_col-lg-6 vc_col-md-6&#8243;][stm_spacing lg_spacing=&#8221;0&#8243; md_spacing=&#8221;0&#8243; sm_spacing=&#8221;0&#8243; xs_spacing=&#8221;30&#8243;][vc_custom_heading text=&#8221;L\u0129nh v\u1ef1c chuy\u00ean m\u00f4n:&#8221; font_container=&#8221;tag:h6|text_align:left|color:%23222222&#8243; use_theme_fonts=&#8221;yes&#8221; css=&#8221;.vc_custom_1746680822074{margin-bottom: 18px !important;}&#8221; el_class=&#8221;no_stripe remove_padding&#8221;][vc_column_text css=&#8221;&#8221;] Family-based petitions Investor visas (e.g., E-2, L-1, EB-5) Green cards and","og_url":"https:\/\/truonglegal.com\/vi\/nha-sang-lap\/","og_site_name":"Truong Law Firm, PLLC","article_modified_time":"2025-10-06T05:09:01+00:00","og_image":[{"width":480,"height":480,"url":"https:\/\/truonglegal.com\/vi\/wp-content\/uploads\/2025\/01\/Avatar_profile-04.jpg","type":"image\/jpeg"}],"twitter_card":"summary_large_image","twitter_misc":{"\u01af\u1edbc t\u00ednh th\u1eddi gian \u0111\u1ecdc":"3 ph\u00fat"},"schema":{"@context":"https:\/\/schema.org","@graph":[{"@type":"WebPage","@id":"https:\/\/truonglegal.com\/vi\/nha-sang-lap\/","url":"https:\/\/truonglegal.com\/vi\/nha-sang-lap\/","name":"Nh\u00e0 S\u00e1ng L\u1eadp - Truong Law Firm, PLLC","isPartOf":{"@id":"https:\/\/truonglegal.com\/vi\/#website"},"primaryImageOfPage":{"@id":"https:\/\/truonglegal.com\/vi\/nha-sang-lap\/#primaryimage"},"image":{"@id":"https:\/\/truonglegal.com\/vi\/nha-sang-lap\/#primaryimage"},"thumbnailUrl":"https:\/\/truonglegal.com\/vi\/wp-content\/uploads\/2025\/01\/Avatar_profile-04.jpg","datePublished":"2025-02-07T03:17:55+00:00","dateModified":"2025-10-06T05:09:01+00:00","breadcrumb":{"@id":"https:\/\/truonglegal.com\/vi\/nha-sang-lap\/#breadcrumb"},"inLanguage":"vi","potentialAction":[{"@type":"ReadAction","target":["https:\/\/truonglegal.com\/vi\/nha-sang-lap\/"]}]},{"@type":"ImageObject","inLanguage":"vi","@id":"https:\/\/truonglegal.com\/vi\/nha-sang-lap\/#primaryimage","url":"https:\/\/truonglegal.com\/vi\/wp-content\/uploads\/2025\/01\/Avatar_profile-04.jpg","contentUrl":"https:\/\/truonglegal.com\/vi\/wp-content\/uploads\/2025\/01\/Avatar_profile-04.jpg","width":480,"height":480},{"@type":"BreadcrumbList","@id":"https:\/\/truonglegal.com\/vi\/nha-sang-lap\/#breadcrumb","itemListElement":[{"@type":"ListItem","position":1,"name":"Home","item":"https:\/\/truonglegal.com\/vi\/"},{"@type":"ListItem","position":2,"name":"Nh\u00e0 S\u00e1ng L\u1eadp"}]},{"@type":"WebSite","@id":"https:\/\/truonglegal.com\/vi\/#website","url":"https:\/\/truonglegal.com\/vi\/","name":"Truong Law Firm, PLLC","description":"","potentialAction":[{"@type":"SearchAction","target":{"@type":"EntryPoint","urlTemplate":"https:\/\/truonglegal.com\/vi\/?s={search_term_string}"},"query-input":{"@type":"PropertyValueSpecification","valueRequired":true,"valueName":"search_term_string"}}],"inLanguage":"vi"}]}},"_links":{"self":[{"href":"https:\/\/truonglegal.com\/vi\/wp-json\/wp\/v2\/pages\/7758","targetHints":{"allow":["GET"]}}],"collection":[{"href":"https:\/\/truonglegal.com\/vi\/wp-json\/wp\/v2\/pages"}],"about":[{"href":"https:\/\/truonglegal.com\/vi\/wp-json\/wp\/v2\/types\/page"}],"author":[{"embeddable":true,"href":"https:\/\/truonglegal.com\/vi\/wp-json\/wp\/v2\/users\/1"}],"replies":[{"embeddable":true,"href":"https:\/\/truonglegal.com\/vi\/wp-json\/wp\/v2\/comments?post=7758"}],"version-history":[{"count":3,"href":"https:\/\/truonglegal.com\/vi\/wp-json\/wp\/v2\/pages\/7758\/revisions"}],"predecessor-version":[{"id":9080,"href":"https:\/\/truonglegal.com\/vi\/wp-json\/wp\/v2\/pages\/7758\/revisions\/9080"}],"wp:featuredmedia":[{"embeddable":true,"href":"https:\/\/truonglegal.com\/vi\/wp-json\/wp\/v2\/media\/7213"}],"wp:attachment":[{"href":"https:\/\/truonglegal.com\/vi\/wp-json\/wp\/v2\/media?parent=7758"}],"curies":[{"name":"wp","href":"https:\/\/api.w.org\/{rel}","templated":true}]}}